{"id":3010,"date":"2025-10-18T22:10:11","date_gmt":"2025-10-18T22:10:11","guid":{"rendered":"https:\/\/wavexia.com\/product\/bath-body-works-in-the-stars-fine-fragrance-mist-236ml\/"},"modified":"2026-03-10T07:30:52","modified_gmt":"2026-03-10T07:30:52","slug":"bath-body-works-in-the-stars-fine-fragrance-mist-236ml","status":"publish","type":"product","link":"https:\/\/wavexia.com\/?product=bath-body-works-in-the-stars-fine-fragrance-mist-236ml","title":{"rendered":"Bath &#038; BODY WORKS in the stars Fine Fragrance Mist 236ml"},"content":{"rendered":"<h2>Description<\/h2>\n<p>Ce que \u00e7a sent : une belle nuit p\u00e9tillante avec la personne que vous aimez.<\/p>\n<p>Notes parfum\u00e9es : bouleau blanc, rose velout\u00e9e et une goutte de nectar de fraise<\/p>\n","protected":false},"excerpt":{"rendered":"<p>Description Ce que \u00e7a sent : une belle nuit p\u00e9tillante avec la personne que vous aimez. Notes parfum\u00e9es : bouleau blanc, rose velout\u00e9e et une goutte de nectar de fraise<\/p>\n","protected":false},"featured_media":3009,"comment_status":"open","ping_status":"closed","template":"","meta":{"content-type":"","_uag_custom_page_level_css":""},"pwb-brand":[],"product_brand":[],"product_cat":[369,329],"product_tag":[],"class_list":{"0":"post-3010","1":"product","2":"type-product","3":"status-publish","4":"has-post-thumbnail","6":"product_cat-bath-body-works","7":"product_cat-produits-americains","9":"first","10":"instock","11":"sale","12":"shipping-taxable","13":"purchasable","14":"product-type-simple"},"aioseo_notices":[],"uagb_featured_image_src":{"full":["https:\/\/wavexia.com\/wp-content\/uploads\/2025\/10\/028006545.webp",742,1000,false],"thumbnail":["https:\/\/wavexia.com\/wp-content\/uploads\/2025\/10\/028006545-150x150.webp",150,150,true],"medium":["https:\/\/wavexia.com\/wp-content\/uploads\/2025\/10\/028006545-223x300.webp",223,300,true],"medium_large":["https:\/\/wavexia.com\/wp-content\/uploads\/2025\/10\/028006545.webp",742,1000,false],"large":["https:\/\/wavexia.com\/wp-content\/uploads\/2025\/10\/028006545.webp",742,1000,false],"1536x1536":["https:\/\/wavexia.com\/wp-content\/uploads\/2025\/10\/028006545.webp",742,1000,false],"2048x2048":["https:\/\/wavexia.com\/wp-content\/uploads\/2025\/10\/028006545.webp",742,1000,false],"woocommerce_archive_thumbnail":["https:\/\/wavexia.com\/wp-content\/uploads\/2025\/10\/028006545-300x404.webp",300,404,true],"woocommerce_thumbnail":["https:\/\/wavexia.com\/wp-content\/uploads\/2025\/10\/028006545-300x300.webp",300,300,true],"woocommerce_single":["https:\/\/wavexia.com\/wp-content\/uploads\/2025\/10\/028006545-600x809.webp",600,809,true],"woocommerce_gallery_thumbnail":["https:\/\/wavexia.com\/wp-content\/uploads\/2025\/10\/028006545-100x100.webp",100,100,true]},"uagb_author_info":{"display_name":"zineddine.ayoub98@gmail.com","author_link":"https:\/\/wavexia.com\/?author=0"},"uagb_comment_info":0,"uagb_excerpt":"Description Ce que \u00e7a sent : une belle nuit p\u00e9tillante avec la personne que vous aimez. Notes parfum\u00e9es : bouleau blanc, rose velout\u00e9e et une goutte de nectar de fraise","brands":[],"_links":{"self":[{"href":"https:\/\/wavexia.com\/index.php?rest_route=\/wp\/v2\/product\/3010","targetHints":{"allow":["GET"]}}],"collection":[{"href":"https:\/\/wavexia.com\/index.php?rest_route=\/wp\/v2\/product"}],"about":[{"href":"https:\/\/wavexia.com\/index.php?rest_route=\/wp\/v2\/types\/product"}],"replies":[{"embeddable":true,"href":"https:\/\/wavexia.com\/index.php?rest_route=%2Fwp%2Fv2%2Fcomments&post=3010"}],"wp:featuredmedia":[{"embeddable":true,"href":"https:\/\/wavexia.com\/index.php?rest_route=\/wp\/v2\/media\/3009"}],"wp:attachment":[{"href":"https:\/\/wavexia.com\/index.php?rest_route=%2Fwp%2Fv2%2Fmedia&parent=3010"}],"wp:term":[{"taxonomy":"pwb-brand","embeddable":true,"href":"https:\/\/wavexia.com\/index.php?rest_route=%2Fwp%2Fv2%2Fpwb-brand&post=3010"},{"taxonomy":"product_brand","embeddable":true,"href":"https:\/\/wavexia.com\/index.php?rest_route=%2Fwp%2Fv2%2Fproduct_brand&post=3010"},{"taxonomy":"product_cat","embeddable":true,"href":"https:\/\/wavexia.com\/index.php?rest_route=%2Fwp%2Fv2%2Fproduct_cat&post=3010"},{"taxonomy":"product_tag","embeddable":true,"href":"https:\/\/wavexia.com\/index.php?rest_route=%2Fwp%2Fv2%2Fproduct_tag&post=3010"}],"curies":[{"name":"wp","href":"https:\/\/api.w.org\/{rel}","templated":true}]}}