{"id":3008,"date":"2025-10-18T22:10:10","date_gmt":"2025-10-18T22:10:10","guid":{"rendered":"https:\/\/wavexia.com\/product\/bath-body-works-floral-fantasy-fine-fragrance-mist-236ml\/"},"modified":"2026-03-10T07:30:52","modified_gmt":"2026-03-10T07:30:52","slug":"bath-body-works-floral-fantasy-fine-fragrance-mist-236ml","status":"publish","type":"product","link":"https:\/\/wavexia.com\/?product=bath-body-works-floral-fantasy-fine-fragrance-mist-236ml","title":{"rendered":"Bath &#038; BODY WORKS FLORAL FANTASY Fine Fragrance Mist 236ml"},"content":{"rendered":"<h2>Description<\/h2>\n<p class=\"\" data-start=\"198\" data-end=\"287\"><strong data-start=\"198\" data-end=\"287\">Parfum floral frais et l\u00e9ger | Fragrance d\u00e9licate et r\u00eaveuse | Format g\u00e9n\u00e9reux 236 ml<\/strong><\/p>\n<p class=\"\" data-start=\"289\" data-end=\"628\">Embarquez pour un voyage sensoriel dans un&nbsp;<strong data-start=\"332\" data-end=\"351\">jardin enchant\u00e9<\/strong>&nbsp;avec la&nbsp;<strong data-start=\"360\" data-end=\"398\">brume parfum\u00e9e fine Floral Fantasy<\/strong>&nbsp;de&nbsp;<strong data-start=\"402\" data-end=\"423\">Bath &amp; Body Works<\/strong>. Pr\u00e9sent\u00e9e dans un flacon de&nbsp;<strong data-start=\"453\" data-end=\"463\">236 ml<\/strong>, cette brume vous enveloppe de&nbsp;<strong data-start=\"495\" data-end=\"543\">notes florales a\u00e9riennes et rafra\u00eechissantes<\/strong>, parfaites pour celles qui recherchent une fragrance&nbsp;<strong data-start=\"597\" data-end=\"627\">douce, florale et f\u00e9minine<\/strong>.<\/p>\n<p class=\"\" data-start=\"630\" data-end=\"1135\"><em data-start=\"630\" data-end=\"646\">Floral Fantasy<\/em>&nbsp;s\u2019ouvre sur des&nbsp;<strong data-start=\"663\" data-end=\"702\">notes \u00e9clatantes de fleurs blanches<\/strong>&nbsp;et de&nbsp;<strong data-start=\"709\" data-end=\"728\">p\u00e9tales de rose<\/strong>, fusionnant avec des&nbsp;<strong data-start=\"750\" data-end=\"782\">nuances fra\u00eeches de violette<\/strong>&nbsp;et de&nbsp;<strong data-start=\"789\" data-end=\"799\">jasmin<\/strong>. Le parfum se termine sur des bases d\u00e9licates de&nbsp;<strong data-start=\"849\" data-end=\"857\">musc<\/strong>&nbsp;et de&nbsp;<strong data-start=\"864\" data-end=\"877\">bois doux<\/strong>, cr\u00e9ant une&nbsp;<strong data-start=\"890\" data-end=\"930\">sensation l\u00e9g\u00e8re, propre et \u00e9l\u00e9gante<\/strong>&nbsp;qui dure toute la journ\u00e9e. Ce parfum est l\u2019expression parfaite de la&nbsp;<strong data-start=\"1000\" data-end=\"1021\">fra\u00eecheur florale<\/strong>&nbsp;et de la&nbsp;<strong data-start=\"1031\" data-end=\"1040\">gr\u00e2ce<\/strong>, id\u00e9al pour les journ\u00e9es printani\u00e8res ou pour apporter un souffle de&nbsp;<strong data-start=\"1110\" data-end=\"1134\">d\u00e9tente et de beaut\u00e9<\/strong>.<\/p>\n<p class=\"\" data-start=\"1137\" data-end=\"1427\">Sa&nbsp;<strong data-start=\"1140\" data-end=\"1169\">formule hydratante l\u00e9g\u00e8re<\/strong>, enrichie en&nbsp;<strong data-start=\"1183\" data-end=\"1205\">aloe vera apaisant<\/strong>, hydrate et adoucit la peau tout en d\u00e9posant un&nbsp;<strong data-start=\"1254\" data-end=\"1289\">parfum agr\u00e9able et longue dur\u00e9e<\/strong>. Sans parab\u00e8nes ni phtalates, cette brume convient \u00e0 tous les types de peau, offrant une&nbsp;<strong data-start=\"1379\" data-end=\"1426\">exp\u00e9rience sensorielle d\u00e9licate et raffin\u00e9e<\/strong>.<\/p>\n","protected":false},"excerpt":{"rendered":"<p>Description Parfum floral frais et l\u00e9ger | Fragrance d\u00e9licate et r\u00eaveuse | Format g\u00e9n\u00e9reux 236 ml Embarquez pour un voyage sensoriel dans un&nbsp;jardin enchant\u00e9&nbsp;avec la&nbsp;brume parfum\u00e9e fine Floral Fantasy&nbsp;de&nbsp;Bath &amp; Body Works. Pr\u00e9sent\u00e9e dans un flacon de&nbsp;236 ml, cette brume vous enveloppe de&nbsp;notes florales a\u00e9riennes et rafra\u00eechissantes, parfaites pour celles qui recherchent une fragrance&nbsp;douce, florale [&hellip;]<\/p>\n","protected":false},"featured_media":3007,"comment_status":"open","ping_status":"closed","template":"","meta":{"content-type":"","_uag_custom_page_level_css":""},"pwb-brand":[],"product_brand":[],"product_cat":[369,329],"product_tag":[],"class_list":{"0":"post-3008","1":"product","2":"type-product","3":"status-publish","4":"has-post-thumbnail","6":"product_cat-bath-body-works","7":"product_cat-produits-americains","9":"first","10":"instock","11":"sale","12":"shipping-taxable","13":"purchasable","14":"product-type-simple"},"aioseo_notices":[],"uagb_featured_image_src":{"full":["https:\/\/wavexia.com\/wp-content\/uploads\/2025\/10\/bath-body-works-floral-fantasy-brume-parfumee-236ml.jpeg-88696.webp",1024,1024,false],"thumbnail":["https:\/\/wavexia.com\/wp-content\/uploads\/2025\/10\/bath-body-works-floral-fantasy-brume-parfumee-236ml.jpeg-88696-150x150.webp",150,150,true],"medium":["https:\/\/wavexia.com\/wp-content\/uploads\/2025\/10\/bath-body-works-floral-fantasy-brume-parfumee-236ml.jpeg-88696-300x300.webp",300,300,true],"medium_large":["https:\/\/wavexia.com\/wp-content\/uploads\/2025\/10\/bath-body-works-floral-fantasy-brume-parfumee-236ml.jpeg-88696-768x768.webp",768,768,true],"large":["https:\/\/wavexia.com\/wp-content\/uploads\/2025\/10\/bath-body-works-floral-fantasy-brume-parfumee-236ml.jpeg-88696.webp",1024,1024,false],"1536x1536":["https:\/\/wavexia.com\/wp-content\/uploads\/2025\/10\/bath-body-works-floral-fantasy-brume-parfumee-236ml.jpeg-88696.webp",1024,1024,false],"2048x2048":["https:\/\/wavexia.com\/wp-content\/uploads\/2025\/10\/bath-body-works-floral-fantasy-brume-parfumee-236ml.jpeg-88696.webp",1024,1024,false],"woocommerce_archive_thumbnail":["https:\/\/wavexia.com\/wp-content\/uploads\/2025\/10\/bath-body-works-floral-fantasy-brume-parfumee-236ml.jpeg-88696-300x300.webp",300,300,true],"woocommerce_thumbnail":["https:\/\/wavexia.com\/wp-content\/uploads\/2025\/10\/bath-body-works-floral-fantasy-brume-parfumee-236ml.jpeg-88696-300x300.webp",300,300,true],"woocommerce_single":["https:\/\/wavexia.com\/wp-content\/uploads\/2025\/10\/bath-body-works-floral-fantasy-brume-parfumee-236ml.jpeg-88696-600x600.webp",600,600,true],"woocommerce_gallery_thumbnail":["https:\/\/wavexia.com\/wp-content\/uploads\/2025\/10\/bath-body-works-floral-fantasy-brume-parfumee-236ml.jpeg-88696-100x100.webp",100,100,true]},"uagb_author_info":{"display_name":"zineddine.ayoub98@gmail.com","author_link":"https:\/\/wavexia.com\/?author=0"},"uagb_comment_info":0,"uagb_excerpt":"Description Parfum floral frais et l\u00e9ger | Fragrance d\u00e9licate et r\u00eaveuse | Format g\u00e9n\u00e9reux 236 ml Embarquez pour un voyage sensoriel dans un&nbsp;jardin enchant\u00e9&nbsp;avec la&nbsp;brume parfum\u00e9e fine Floral Fantasy&nbsp;de&nbsp;Bath &amp; Body Works. Pr\u00e9sent\u00e9e dans un flacon de&nbsp;236 ml, cette brume vous enveloppe de&nbsp;notes florales a\u00e9riennes et rafra\u00eechissantes, parfaites pour celles qui recherchent une fragrance&nbsp;douce, florale&hellip;","brands":[],"_links":{"self":[{"href":"https:\/\/wavexia.com\/index.php?rest_route=\/wp\/v2\/product\/3008","targetHints":{"allow":["GET"]}}],"collection":[{"href":"https:\/\/wavexia.com\/index.php?rest_route=\/wp\/v2\/product"}],"about":[{"href":"https:\/\/wavexia.com\/index.php?rest_route=\/wp\/v2\/types\/product"}],"replies":[{"embeddable":true,"href":"https:\/\/wavexia.com\/index.php?rest_route=%2Fwp%2Fv2%2Fcomments&post=3008"}],"wp:featuredmedia":[{"embeddable":true,"href":"https:\/\/wavexia.com\/index.php?rest_route=\/wp\/v2\/media\/3007"}],"wp:attachment":[{"href":"https:\/\/wavexia.com\/index.php?rest_route=%2Fwp%2Fv2%2Fmedia&parent=3008"}],"wp:term":[{"taxonomy":"pwb-brand","embeddable":true,"href":"https:\/\/wavexia.com\/index.php?rest_route=%2Fwp%2Fv2%2Fpwb-brand&post=3008"},{"taxonomy":"product_brand","embeddable":true,"href":"https:\/\/wavexia.com\/index.php?rest_route=%2Fwp%2Fv2%2Fproduct_brand&post=3008"},{"taxonomy":"product_cat","embeddable":true,"href":"https:\/\/wavexia.com\/index.php?rest_route=%2Fwp%2Fv2%2Fproduct_cat&post=3008"},{"taxonomy":"product_tag","embeddable":true,"href":"https:\/\/wavexia.com\/index.php?rest_route=%2Fwp%2Fv2%2Fproduct_tag&post=3008"}],"curies":[{"name":"wp","href":"https:\/\/api.w.org\/{rel}","templated":true}]}}