{"id":3006,"date":"2025-10-18T22:10:09","date_gmt":"2025-10-18T22:10:09","guid":{"rendered":"https:\/\/wavexia.com\/product\/bath-body-works-cherry-blossom-fine-fragrance-mist-236ml\/"},"modified":"2026-03-10T07:30:52","modified_gmt":"2026-03-10T07:30:52","slug":"bath-body-works-cherry-blossom-fine-fragrance-mist-236ml","status":"publish","type":"product","link":"https:\/\/wavexia.com\/?product=bath-body-works-cherry-blossom-fine-fragrance-mist-236ml","title":{"rendered":"Bath &#038; BODY WORKS Cherry Blossom Fine Fragrance Mist 236ml"},"content":{"rendered":"<h2>Description<\/h2>\n<p><b>Cherry Blossom<\/b>&nbsp;de&nbsp;<b>Bath &amp; Body Works<\/b>&nbsp;est un parfum Floral pour femme<\/p>\n<p>Cela sent comme une c\u00e9l\u00e9bration fruit\u00e9e du temps plus chaud. Notes de parfum : past\u00e8que ros\u00e9e, prune rouge, fleur de cerisier, freesia transparent et douceur. Parfume votre peau avec une brume super superposable.<\/p>\n","protected":false},"excerpt":{"rendered":"<p>Description Cherry Blossom&nbsp;de&nbsp;Bath &amp; Body Works&nbsp;est un parfum Floral pour femme Cela sent comme une c\u00e9l\u00e9bration fruit\u00e9e du temps plus chaud. Notes de parfum : past\u00e8que ros\u00e9e, prune rouge, fleur de cerisier, freesia transparent et douceur. Parfume votre peau avec une brume super superposable.<\/p>\n","protected":false},"featured_media":3005,"comment_status":"open","ping_status":"closed","template":"","meta":{"content-type":"","_uag_custom_page_level_css":""},"pwb-brand":[],"product_brand":[],"product_cat":[369,329],"product_tag":[],"class_list":{"0":"post-3006","1":"product","2":"type-product","3":"status-publish","4":"has-post-thumbnail","6":"product_cat-bath-body-works","7":"product_cat-produits-americains","9":"first","10":"instock","11":"sale","12":"shipping-taxable","13":"purchasable","14":"product-type-simple"},"aioseo_notices":[],"uagb_featured_image_src":{"full":["https:\/\/wavexia.com\/wp-content\/uploads\/2025\/10\/o.94696-scaled-1.jpg",1600,2156,false],"thumbnail":["https:\/\/wavexia.com\/wp-content\/uploads\/2025\/10\/o.94696-scaled-1-150x150.jpg",150,150,true],"medium":["https:\/\/wavexia.com\/wp-content\/uploads\/2025\/10\/o.94696-scaled-1-223x300.jpg",223,300,true],"medium_large":["https:\/\/wavexia.com\/wp-content\/uploads\/2025\/10\/o.94696-scaled-1-768x1035.jpg",768,1035,true],"large":["https:\/\/wavexia.com\/wp-content\/uploads\/2025\/10\/o.94696-scaled-1-760x1024.jpg",760,1024,true],"1536x1536":["https:\/\/wavexia.com\/wp-content\/uploads\/2025\/10\/o.94696-scaled-1-1140x1536.jpg",1140,1536,true],"2048x2048":["https:\/\/wavexia.com\/wp-content\/uploads\/2025\/10\/o.94696-scaled-1-1520x2048.jpg",1520,2048,true],"woocommerce_archive_thumbnail":["https:\/\/wavexia.com\/wp-content\/uploads\/2025\/10\/o.94696-scaled-1-300x404.jpg",300,404,true],"woocommerce_thumbnail":["https:\/\/wavexia.com\/wp-content\/uploads\/2025\/10\/o.94696-scaled-1-300x300.jpg",300,300,true],"woocommerce_single":["https:\/\/wavexia.com\/wp-content\/uploads\/2025\/10\/o.94696-scaled-1-600x809.jpg",600,809,true],"woocommerce_gallery_thumbnail":["https:\/\/wavexia.com\/wp-content\/uploads\/2025\/10\/o.94696-scaled-1-100x100.jpg",100,100,true]},"uagb_author_info":{"display_name":"zineddine.ayoub98@gmail.com","author_link":"https:\/\/wavexia.com\/?author=0"},"uagb_comment_info":0,"uagb_excerpt":"Description Cherry Blossom&nbsp;de&nbsp;Bath &amp; Body Works&nbsp;est un parfum Floral pour femme Cela sent comme une c\u00e9l\u00e9bration fruit\u00e9e du temps plus chaud. Notes de parfum : past\u00e8que ros\u00e9e, prune rouge, fleur de cerisier, freesia transparent et douceur. Parfume votre peau avec une brume super superposable.","brands":[],"_links":{"self":[{"href":"https:\/\/wavexia.com\/index.php?rest_route=\/wp\/v2\/product\/3006","targetHints":{"allow":["GET"]}}],"collection":[{"href":"https:\/\/wavexia.com\/index.php?rest_route=\/wp\/v2\/product"}],"about":[{"href":"https:\/\/wavexia.com\/index.php?rest_route=\/wp\/v2\/types\/product"}],"replies":[{"embeddable":true,"href":"https:\/\/wavexia.com\/index.php?rest_route=%2Fwp%2Fv2%2Fcomments&post=3006"}],"wp:featuredmedia":[{"embeddable":true,"href":"https:\/\/wavexia.com\/index.php?rest_route=\/wp\/v2\/media\/3005"}],"wp:attachment":[{"href":"https:\/\/wavexia.com\/index.php?rest_route=%2Fwp%2Fv2%2Fmedia&parent=3006"}],"wp:term":[{"taxonomy":"pwb-brand","embeddable":true,"href":"https:\/\/wavexia.com\/index.php?rest_route=%2Fwp%2Fv2%2Fpwb-brand&post=3006"},{"taxonomy":"product_brand","embeddable":true,"href":"https:\/\/wavexia.com\/index.php?rest_route=%2Fwp%2Fv2%2Fproduct_brand&post=3006"},{"taxonomy":"product_cat","embeddable":true,"href":"https:\/\/wavexia.com\/index.php?rest_route=%2Fwp%2Fv2%2Fproduct_cat&post=3006"},{"taxonomy":"product_tag","embeddable":true,"href":"https:\/\/wavexia.com\/index.php?rest_route=%2Fwp%2Fv2%2Fproduct_tag&post=3006"}],"curies":[{"name":"wp","href":"https:\/\/api.w.org\/{rel}","templated":true}]}}