{"id":3001,"date":"2025-10-18T22:10:05","date_gmt":"2025-10-18T22:10:05","guid":{"rendered":"https:\/\/wavexia.com\/product\/skin1004-madagascar-centella-air-fit-suncream-plus-sp50-50ml\/"},"modified":"2026-03-10T07:30:51","modified_gmt":"2026-03-10T07:30:51","slug":"skin1004-madagascar-centella-air-fit-suncream-plus-sp50-50ml","status":"publish","type":"product","link":"https:\/\/wavexia.com\/?product=skin1004-madagascar-centella-air-fit-suncream-plus-sp50-50ml","title":{"rendered":"Skin1004 madagascar centella air-fit suncream plus SP50 50ml"},"content":{"rendered":"<h2>Description<\/h2>\n<p>La SKIN1004 Madagascar Centella Air-Fit Suncream Plus SPF50+ PA++++ est un&nbsp;\u00c9cran solaire min\u00e9ral \u00e0 base d\u2019extrait de Centella Asiatica pour apaiser la peau tout en bloquant les rayons UV. Il est \u00e9galement infus\u00e9 de niacinamide pour aider \u00e0 r\u00e9duire les rougeurs et \u00e0 affiner le teint. Reconstitue l\u2019hydratation et la souplesse de la peau gr\u00e2ce \u00e0 7 extraits botaniques tout en utilisant des ingr\u00e9dients marins respectueux de l\u2019environnement. Cette cr\u00e8me solaire peut \u00eatre port\u00e9e toute l\u2019ann\u00e9e sans sensation de lourdeur ni laisser de trace blanche.<\/p>\n<p><strong>Mode d\u2019emploi :<\/strong><\/p>\n<ul>\n<li>Comme derni\u00e8re \u00e9tape de votre routine de soins de la peau, appliquez uniform\u00e9ment sur les zones expos\u00e9es aux rayons UV.<\/li>\n<li>Renouveler l\u2019application toutes les 2 heures pour une protection solaire optimale.<\/li>\n<\/ul>\n<p><strong>Ingr\u00e9dients:<\/strong><\/p>\n<p>Extrait de Centella Asiatica (Gotu Kola) (35,8%), cyclopentasiloxane, oxyde de zinc, salicylate de butyloctyle, oxyde de titane, propanediol, benzotriazolyl dodecyl p-cr\u00e9sol, extrait de racine de Coptis Chinensis, PEG-10 dim\u00e9thicone, niacinamide, disteardimonium hectorite, butyl\u00e8ne glycol, sulfate de magn\u00e9sium, 1,2-hexanediol, glyc\u00e9rides capryliques\/capriques, dim\u00e9thicone, copolym\u00e8re VP\/hexad\u00e9c\u00e8ne, polym\u00e9thylsilsesquioxane, hydroxyde d\u2019aluminium, acide st\u00e9arique, sesquiol\u00e9ate de sorbitan, tri\u00e9thoxycaprylylsilane, dim\u00e9thicone Polym\u00e8re crois\u00e9, polym\u00e8re crois\u00e9 dim\u00e9thicone\/vinyle dim\u00e9thicone, dextrine, extrait de Theobroma Cacao (cacao), huile de fleur de Pelargonium Graveolens, eau, huile de fruit de Citrus Aurantium Bergamia (bergamote), b\u00e9ta\u00efne, extrait de racine de Scutellaria Baicalensis, extrait de racine de Polygonum Cuspidatum, extrait de racine de Glycyrrhiza Glabra (r\u00e9glisse), extrait de feuille de Camellia Sinensis, hyaluronate de sodium, extrait de feuille de Rosmarinus Officinalis (romarin), extrait de fleur de Camomilla Recutita (Matricaria), huile de fleur de Rosa Damascena, Pentyl\u00e8ne glycol, Madecassoside, Citronellol, G\u00e9raniol, Linalol<\/p>\n","protected":false},"excerpt":{"rendered":"<p>Description La SKIN1004 Madagascar Centella Air-Fit Suncream Plus SPF50+ PA++++ est un&nbsp;\u00c9cran solaire min\u00e9ral \u00e0 base d\u2019extrait de Centella Asiatica pour apaiser la peau tout en bloquant les rayons UV. Il est \u00e9galement infus\u00e9 de niacinamide pour aider \u00e0 r\u00e9duire les rougeurs et \u00e0 affiner le teint. Reconstitue l\u2019hydratation et la souplesse de la peau [&hellip;]<\/p>\n","protected":false},"featured_media":3000,"comment_status":"open","ping_status":"closed","template":"","meta":{"content-type":"","_uag_custom_page_level_css":""},"pwb-brand":[],"product_brand":[],"product_cat":[334,340,350],"product_tag":[],"class_list":{"0":"post-3001","1":"product","2":"type-product","3":"status-publish","4":"has-post-thumbnail","6":"product_cat-produits-coreens","7":"product_cat-protection-solaire","8":"product_cat-skin1004","10":"first","11":"instock","12":"sale","13":"shipping-taxable","14":"purchasable","15":"product-type-simple"},"aioseo_notices":[],"uagb_featured_image_src":{"full":["https:\/\/wavexia.com\/wp-content\/uploads\/2025\/10\/41f-99yqRVL._SL1000_.jpg",1000,1000,false],"thumbnail":["https:\/\/wavexia.com\/wp-content\/uploads\/2025\/10\/41f-99yqRVL._SL1000_-150x150.jpg",150,150,true],"medium":["https:\/\/wavexia.com\/wp-content\/uploads\/2025\/10\/41f-99yqRVL._SL1000_-300x300.jpg",300,300,true],"medium_large":["https:\/\/wavexia.com\/wp-content\/uploads\/2025\/10\/41f-99yqRVL._SL1000_-768x768.jpg",768,768,true],"large":["https:\/\/wavexia.com\/wp-content\/uploads\/2025\/10\/41f-99yqRVL._SL1000_.jpg",1000,1000,false],"1536x1536":["https:\/\/wavexia.com\/wp-content\/uploads\/2025\/10\/41f-99yqRVL._SL1000_.jpg",1000,1000,false],"2048x2048":["https:\/\/wavexia.com\/wp-content\/uploads\/2025\/10\/41f-99yqRVL._SL1000_.jpg",1000,1000,false],"woocommerce_archive_thumbnail":["https:\/\/wavexia.com\/wp-content\/uploads\/2025\/10\/41f-99yqRVL._SL1000_-300x300.jpg",300,300,true],"woocommerce_thumbnail":["https:\/\/wavexia.com\/wp-content\/uploads\/2025\/10\/41f-99yqRVL._SL1000_-300x300.jpg",300,300,true],"woocommerce_single":["https:\/\/wavexia.com\/wp-content\/uploads\/2025\/10\/41f-99yqRVL._SL1000_-600x600.jpg",600,600,true],"woocommerce_gallery_thumbnail":["https:\/\/wavexia.com\/wp-content\/uploads\/2025\/10\/41f-99yqRVL._SL1000_-100x100.jpg",100,100,true]},"uagb_author_info":{"display_name":"zineddine.ayoub98@gmail.com","author_link":"https:\/\/wavexia.com\/?author=0"},"uagb_comment_info":0,"uagb_excerpt":"Description La SKIN1004 Madagascar Centella Air-Fit Suncream Plus SPF50+ PA++++ est un&nbsp;\u00c9cran solaire min\u00e9ral \u00e0 base d\u2019extrait de Centella Asiatica pour apaiser la peau tout en bloquant les rayons UV. Il est \u00e9galement infus\u00e9 de niacinamide pour aider \u00e0 r\u00e9duire les rougeurs et \u00e0 affiner le teint. Reconstitue l\u2019hydratation et la souplesse de la peau&hellip;","brands":[],"_links":{"self":[{"href":"https:\/\/wavexia.com\/index.php?rest_route=\/wp\/v2\/product\/3001","targetHints":{"allow":["GET"]}}],"collection":[{"href":"https:\/\/wavexia.com\/index.php?rest_route=\/wp\/v2\/product"}],"about":[{"href":"https:\/\/wavexia.com\/index.php?rest_route=\/wp\/v2\/types\/product"}],"replies":[{"embeddable":true,"href":"https:\/\/wavexia.com\/index.php?rest_route=%2Fwp%2Fv2%2Fcomments&post=3001"}],"wp:featuredmedia":[{"embeddable":true,"href":"https:\/\/wavexia.com\/index.php?rest_route=\/wp\/v2\/media\/3000"}],"wp:attachment":[{"href":"https:\/\/wavexia.com\/index.php?rest_route=%2Fwp%2Fv2%2Fmedia&parent=3001"}],"wp:term":[{"taxonomy":"pwb-brand","embeddable":true,"href":"https:\/\/wavexia.com\/index.php?rest_route=%2Fwp%2Fv2%2Fpwb-brand&post=3001"},{"taxonomy":"product_brand","embeddable":true,"href":"https:\/\/wavexia.com\/index.php?rest_route=%2Fwp%2Fv2%2Fproduct_brand&post=3001"},{"taxonomy":"product_cat","embeddable":true,"href":"https:\/\/wavexia.com\/index.php?rest_route=%2Fwp%2Fv2%2Fproduct_cat&post=3001"},{"taxonomy":"product_tag","embeddable":true,"href":"https:\/\/wavexia.com\/index.php?rest_route=%2Fwp%2Fv2%2Fproduct_tag&post=3001"}],"curies":[{"name":"wp","href":"https:\/\/api.w.org\/{rel}","templated":true}]}}