{"id":2999,"date":"2025-10-18T22:09:57","date_gmt":"2025-10-18T22:09:57","guid":{"rendered":"https:\/\/wavexia.com\/product\/boite-vaseline-lip-tins-rosy-lips-17g\/"},"modified":"2026-03-10T07:30:51","modified_gmt":"2026-03-10T07:30:51","slug":"boite-vaseline-lip-tins-rosy-lips-17g","status":"publish","type":"product","link":"https:\/\/wavexia.com\/?product=boite-vaseline-lip-tins-rosy-lips-17g","title":{"rendered":"Boite Vaseline Lip Tins \u2013 Rosy Lips 17g"},"content":{"rendered":"<h2>Description<\/h2>\n<p>Un baume \u00e0 l\u00e8vres teint\u00e9 qui aide \u00e0 retenir l\u2019hydratation apr\u00e8s le traitement. Le baume hydrate et adoucit pour aider \u00e0 pr\u00e9venir le dess\u00e8chement, tout en apportant du glissement pour aider \u00e0 masser les l\u00e8vres apr\u00e8s les traitements de comblement. Id\u00e9al pour une utilisation en clinique ou en post-soins.<\/p>\n<h5>les avantages:<\/h5>\n<ul>\n<li>Teinte rose transparente.<\/li>\n<li>L\u00e9ger parfum de rose.<\/li>\n<li>Formul\u00e9 avec des huiles de rose et d\u2019amande.<\/li>\n<\/ul>\n<h5>mode d\u2019emploi:<\/h5>\n<p>Prenez l\u2019\u00e9quivalent d\u2019une pi\u00e8ce de dix cents de gel\u00e9e sur le bout du doigt. R\u00e9partissez sur les l\u00e8vres s\u00e8ches jusqu\u2019\u00e0 l\u2019absorption, au besoin. Ce puissant produit pour les l\u00e8vres soulage en pr\u00e9servant l\u2019hydratation naturelle des l\u00e8vres et \u00e9limine les sensations d\u2019inconfort.<\/p>\n<h5>Ingredients:<\/h5>\n<p>Petrolatum, Aroma, CI 73360, CI 77891.<\/p>\n<p>&nbsp;<\/p>\n<p>&nbsp;<\/p>\n","protected":false},"excerpt":{"rendered":"<p>Description Un baume \u00e0 l\u00e8vres teint\u00e9 qui aide \u00e0 retenir l\u2019hydratation apr\u00e8s le traitement. Le baume hydrate et adoucit pour aider \u00e0 pr\u00e9venir le dess\u00e8chement, tout en apportant du glissement pour aider \u00e0 masser les l\u00e8vres apr\u00e8s les traitements de comblement. Id\u00e9al pour une utilisation en clinique ou en post-soins. les avantages: Teinte rose transparente. [&hellip;]<\/p>\n","protected":false},"featured_media":2998,"comment_status":"open","ping_status":"closed","template":"","meta":{"content-type":"","_uag_custom_page_level_css":""},"pwb-brand":[],"product_brand":[],"product_cat":[392,329,385],"product_tag":[],"class_list":{"0":"post-2999","1":"product","2":"type-product","3":"status-publish","4":"has-post-thumbnail","6":"product_cat-baume-a-levres","7":"product_cat-produits-americains","8":"product_cat-vaseline","10":"first","11":"instock","12":"sale","13":"shipping-taxable","14":"purchasable","15":"product-type-simple"},"aioseo_notices":[],"uagb_featured_image_src":{"full":["https:\/\/wavexia.com\/wp-content\/uploads\/2025\/10\/vaseline-lip-therapy-rosy-lips.jpg",360,360,false],"thumbnail":["https:\/\/wavexia.com\/wp-content\/uploads\/2025\/10\/vaseline-lip-therapy-rosy-lips-150x150.jpg",150,150,true],"medium":["https:\/\/wavexia.com\/wp-content\/uploads\/2025\/10\/vaseline-lip-therapy-rosy-lips-300x300.jpg",300,300,true],"medium_large":["https:\/\/wavexia.com\/wp-content\/uploads\/2025\/10\/vaseline-lip-therapy-rosy-lips.jpg",360,360,false],"large":["https:\/\/wavexia.com\/wp-content\/uploads\/2025\/10\/vaseline-lip-therapy-rosy-lips.jpg",360,360,false],"1536x1536":["https:\/\/wavexia.com\/wp-content\/uploads\/2025\/10\/vaseline-lip-therapy-rosy-lips.jpg",360,360,false],"2048x2048":["https:\/\/wavexia.com\/wp-content\/uploads\/2025\/10\/vaseline-lip-therapy-rosy-lips.jpg",360,360,false],"woocommerce_archive_thumbnail":["https:\/\/wavexia.com\/wp-content\/uploads\/2025\/10\/vaseline-lip-therapy-rosy-lips-300x300.jpg",300,300,true],"woocommerce_thumbnail":["https:\/\/wavexia.com\/wp-content\/uploads\/2025\/10\/vaseline-lip-therapy-rosy-lips-300x300.jpg",300,300,true],"woocommerce_single":["https:\/\/wavexia.com\/wp-content\/uploads\/2025\/10\/vaseline-lip-therapy-rosy-lips.jpg",360,360,false],"woocommerce_gallery_thumbnail":["https:\/\/wavexia.com\/wp-content\/uploads\/2025\/10\/vaseline-lip-therapy-rosy-lips-100x100.jpg",100,100,true]},"uagb_author_info":{"display_name":"zineddine.ayoub98@gmail.com","author_link":"https:\/\/wavexia.com\/?author=0"},"uagb_comment_info":0,"uagb_excerpt":"Description Un baume \u00e0 l\u00e8vres teint\u00e9 qui aide \u00e0 retenir l\u2019hydratation apr\u00e8s le traitement. Le baume hydrate et adoucit pour aider \u00e0 pr\u00e9venir le dess\u00e8chement, tout en apportant du glissement pour aider \u00e0 masser les l\u00e8vres apr\u00e8s les traitements de comblement. Id\u00e9al pour une utilisation en clinique ou en post-soins. les avantages: Teinte rose transparente.&hellip;","brands":[],"_links":{"self":[{"href":"https:\/\/wavexia.com\/index.php?rest_route=\/wp\/v2\/product\/2999","targetHints":{"allow":["GET"]}}],"collection":[{"href":"https:\/\/wavexia.com\/index.php?rest_route=\/wp\/v2\/product"}],"about":[{"href":"https:\/\/wavexia.com\/index.php?rest_route=\/wp\/v2\/types\/product"}],"replies":[{"embeddable":true,"href":"https:\/\/wavexia.com\/index.php?rest_route=%2Fwp%2Fv2%2Fcomments&post=2999"}],"wp:featuredmedia":[{"embeddable":true,"href":"https:\/\/wavexia.com\/index.php?rest_route=\/wp\/v2\/media\/2998"}],"wp:attachment":[{"href":"https:\/\/wavexia.com\/index.php?rest_route=%2Fwp%2Fv2%2Fmedia&parent=2999"}],"wp:term":[{"taxonomy":"pwb-brand","embeddable":true,"href":"https:\/\/wavexia.com\/index.php?rest_route=%2Fwp%2Fv2%2Fpwb-brand&post=2999"},{"taxonomy":"product_brand","embeddable":true,"href":"https:\/\/wavexia.com\/index.php?rest_route=%2Fwp%2Fv2%2Fproduct_brand&post=2999"},{"taxonomy":"product_cat","embeddable":true,"href":"https:\/\/wavexia.com\/index.php?rest_route=%2Fwp%2Fv2%2Fproduct_cat&post=2999"},{"taxonomy":"product_tag","embeddable":true,"href":"https:\/\/wavexia.com\/index.php?rest_route=%2Fwp%2Fv2%2Fproduct_tag&post=2999"}],"curies":[{"name":"wp","href":"https:\/\/api.w.org\/{rel}","templated":true}]}}