{"id":2996,"date":"2025-10-18T22:09:56","date_gmt":"2025-10-18T22:09:56","guid":{"rendered":"https:\/\/wavexia.com\/product\/laneige-lip-sleeping-mask-20g\/"},"modified":"2026-03-10T07:30:51","modified_gmt":"2026-03-10T07:30:51","slug":"laneige-lip-sleeping-mask-20g","status":"publish","type":"product","link":"https:\/\/wavexia.com\/?product=laneige-lip-sleeping-mask-20g","title":{"rendered":"LANEIGE Lip Sleeping Mask 20g"},"content":{"rendered":"<h2>Description<\/h2>\n<p>Un masque pour les l\u00e8vres sans rin\u00e7age \u00e9labor\u00e9 \u00e0 partir de soins cor\u00e9ens pour adoucir les l\u00e8vres tout en leur procurant une hydratation intense et des antioxydants pendant votre sommeil. Enrichi en complexe de baies, graines de murumuru et beurre de karit\u00e9.<\/p>\n<p>&nbsp;<\/p>\n<p><strong>Marque de soins des l\u00e8vres n\u00b01 aux \u00c9tats-Unis*<\/strong><br \/><em>*Circana, US Prestige Beauty Total Measured Market, Skincare Brand Sales, 12 mois se terminant en d\u00e9cembre 2023<\/em><\/p>\n<p><strong>1 soin pour les l\u00e8vres vendu toutes les 2 secondes*<\/strong><br \/><em>*Bas\u00e9 sur les ventes unitaires mondiales combin\u00e9es de 2023 pour le masque de nuit pour les l\u00e8vres et le baume \u00e9clatant pour les l\u00e8vres<\/em><\/p>\n","protected":false},"excerpt":{"rendered":"<p>Description Un masque pour les l\u00e8vres sans rin\u00e7age \u00e9labor\u00e9 \u00e0 partir de soins cor\u00e9ens pour adoucir les l\u00e8vres tout en leur procurant une hydratation intense et des antioxydants pendant votre sommeil. Enrichi en complexe de baies, graines de murumuru et beurre de karit\u00e9. &nbsp; Marque de soins des l\u00e8vres n\u00b01 aux \u00c9tats-Unis**Circana, US Prestige Beauty [&hellip;]<\/p>\n","protected":false},"featured_media":2995,"comment_status":"open","ping_status":"closed","template":"","meta":{"content-type":"","_uag_custom_page_level_css":""},"pwb-brand":[],"product_brand":[],"product_cat":[392,327,395,334],"product_tag":[],"class_list":{"0":"post-2996","1":"product","2":"type-product","3":"status-publish","4":"has-post-thumbnail","6":"product_cat-baume-a-levres","7":"product_cat-hmizat","8":"product_cat-laneige","9":"product_cat-produits-coreens","11":"first","12":"instock","13":"sale","14":"shipping-taxable","15":"purchasable","16":"product-type-simple"},"aioseo_notices":[],"uagb_featured_image_src":{"full":["https:\/\/wavexia.com\/wp-content\/uploads\/2025\/10\/9d4df76576e4ab02ed31838eaf610269.webp",1024,1024,false],"thumbnail":["https:\/\/wavexia.com\/wp-content\/uploads\/2025\/10\/9d4df76576e4ab02ed31838eaf610269-150x150.webp",150,150,true],"medium":["https:\/\/wavexia.com\/wp-content\/uploads\/2025\/10\/9d4df76576e4ab02ed31838eaf610269-300x300.webp",300,300,true],"medium_large":["https:\/\/wavexia.com\/wp-content\/uploads\/2025\/10\/9d4df76576e4ab02ed31838eaf610269-768x768.webp",768,768,true],"large":["https:\/\/wavexia.com\/wp-content\/uploads\/2025\/10\/9d4df76576e4ab02ed31838eaf610269.webp",1024,1024,false],"1536x1536":["https:\/\/wavexia.com\/wp-content\/uploads\/2025\/10\/9d4df76576e4ab02ed31838eaf610269.webp",1024,1024,false],"2048x2048":["https:\/\/wavexia.com\/wp-content\/uploads\/2025\/10\/9d4df76576e4ab02ed31838eaf610269.webp",1024,1024,false],"woocommerce_archive_thumbnail":["https:\/\/wavexia.com\/wp-content\/uploads\/2025\/10\/9d4df76576e4ab02ed31838eaf610269-300x300.webp",300,300,true],"woocommerce_thumbnail":["https:\/\/wavexia.com\/wp-content\/uploads\/2025\/10\/9d4df76576e4ab02ed31838eaf610269-300x300.webp",300,300,true],"woocommerce_single":["https:\/\/wavexia.com\/wp-content\/uploads\/2025\/10\/9d4df76576e4ab02ed31838eaf610269-600x600.webp",600,600,true],"woocommerce_gallery_thumbnail":["https:\/\/wavexia.com\/wp-content\/uploads\/2025\/10\/9d4df76576e4ab02ed31838eaf610269-100x100.webp",100,100,true]},"uagb_author_info":{"display_name":"zineddine.ayoub98@gmail.com","author_link":"https:\/\/wavexia.com\/?author=0"},"uagb_comment_info":0,"uagb_excerpt":"Description Un masque pour les l\u00e8vres sans rin\u00e7age \u00e9labor\u00e9 \u00e0 partir de soins cor\u00e9ens pour adoucir les l\u00e8vres tout en leur procurant une hydratation intense et des antioxydants pendant votre sommeil. Enrichi en complexe de baies, graines de murumuru et beurre de karit\u00e9. &nbsp; Marque de soins des l\u00e8vres n\u00b01 aux \u00c9tats-Unis**Circana, US Prestige Beauty&hellip;","brands":[],"_links":{"self":[{"href":"https:\/\/wavexia.com\/index.php?rest_route=\/wp\/v2\/product\/2996","targetHints":{"allow":["GET"]}}],"collection":[{"href":"https:\/\/wavexia.com\/index.php?rest_route=\/wp\/v2\/product"}],"about":[{"href":"https:\/\/wavexia.com\/index.php?rest_route=\/wp\/v2\/types\/product"}],"replies":[{"embeddable":true,"href":"https:\/\/wavexia.com\/index.php?rest_route=%2Fwp%2Fv2%2Fcomments&post=2996"}],"wp:featuredmedia":[{"embeddable":true,"href":"https:\/\/wavexia.com\/index.php?rest_route=\/wp\/v2\/media\/2995"}],"wp:attachment":[{"href":"https:\/\/wavexia.com\/index.php?rest_route=%2Fwp%2Fv2%2Fmedia&parent=2996"}],"wp:term":[{"taxonomy":"pwb-brand","embeddable":true,"href":"https:\/\/wavexia.com\/index.php?rest_route=%2Fwp%2Fv2%2Fpwb-brand&post=2996"},{"taxonomy":"product_brand","embeddable":true,"href":"https:\/\/wavexia.com\/index.php?rest_route=%2Fwp%2Fv2%2Fproduct_brand&post=2996"},{"taxonomy":"product_cat","embeddable":true,"href":"https:\/\/wavexia.com\/index.php?rest_route=%2Fwp%2Fv2%2Fproduct_cat&post=2996"},{"taxonomy":"product_tag","embeddable":true,"href":"https:\/\/wavexia.com\/index.php?rest_route=%2Fwp%2Fv2%2Fproduct_tag&post=2996"}],"curies":[{"name":"wp","href":"https:\/\/api.w.org\/{rel}","templated":true}]}}