{"id":2990,"date":"2025-10-18T22:09:51","date_gmt":"2025-10-18T22:09:51","guid":{"rendered":"https:\/\/wavexia.com\/product\/tocobo-collagen-boosting-lip-mask-20ml\/"},"modified":"2026-03-10T07:30:51","modified_gmt":"2026-03-10T07:30:51","slug":"tocobo-collagen-boosting-lip-mask-20ml","status":"publish","type":"product","link":"https:\/\/wavexia.com\/?product=tocobo-collagen-boosting-lip-mask-20ml","title":{"rendered":"TOCOBO Collagen Boosting Lip Mask 20ml"},"content":{"rendered":"<h2>Description<\/h2>\n<div id=\"ProductAccordion--page-benefits--template--19883757732076__main--product_accordion_cVmQJb\" class=\"product__accordion__content is-expanded\" data-collapsible-container=\"\">\n<div class=\"product__accordion__inner rte\" data-collapsible-content=\"\">\n<div class=\"toggle-ellipsis__content\" data-content=\"\"><\/div>\n<\/div>\n<p><strong>Le masque pour les l\u00e8vres stimulant le collag\u00e8ne de TOCOBO<\/strong>&nbsp;est un traitement de nuit r\u00e9volutionnaire con\u00e7u pour r\u00e9parer, hydrater et rajeunir les l\u00e8vres. Sa formule unique contient du&nbsp;<strong>collag\u00e8ne ferment\u00e9<\/strong>, connu pour sa capacit\u00e9 \u00e0 am\u00e9liorer l\u2019\u00e9lasticit\u00e9 de la peau, et un m\u00e9lange d\u2019ingr\u00e9dients botaniques tels que l\u2019huile d\u2019olive et l\u2019extrait de lavande, qui nourrissent et apaisent les l\u00e8vres.<\/p>\n<p>Gr\u00e2ce \u00e0 sa texture riche et non collante, ce masque cr\u00e9e une barri\u00e8re d\u2019hydratation qui agit tout au long de la nuit pour r\u00e9parer les dommages, r\u00e9duire les ridules et redonner une apparence pulpeuse et saine aux l\u00e8vres. Il est parfait pour celles qui recherchent des soins des l\u00e8vres avanc\u00e9s avec des r\u00e9sultats visibles.<\/p>\n<div>\n<div class=\"flex justify-between items-center\">\n<h5 class=\"disclosure__title product-info__disclosure font-body font-bold text-body flex flex-auto items-center mb-0\">Caract\u00e9ristiques<\/h5>\n<\/div>\n<\/div>\n<div class=\"disclosure__panel has-motion\">\n<div id=\"textLiquidContent\" class=\"disclosure__content rte\">\n<div class=\"metafield-rich_text_field\">\n<ul>\n<li><strong>Collag\u00e8ne ferment\u00e9 :<\/strong>&nbsp;Augmente l\u2019\u00e9lasticit\u00e9 et la fermet\u00e9 des l\u00e8vres.<\/li>\n<li><strong>Formule apaisante :<\/strong>&nbsp;Enrichi en lavande et en huile d\u2019olive pour soulager la s\u00e9cheresse.<\/li>\n<li><strong>Hydratation nocturne :<\/strong>&nbsp;Agit pendant le sommeil pour r\u00e9parer et prot\u00e9ger les l\u00e8vres.<\/li>\n<li><strong>V\u00e9g\u00e9talien et sans cruaut\u00e9 :<\/strong>&nbsp;Formul\u00e9 sans ingr\u00e9dients d\u2019origine animale ni tests sur les animaux.<\/li>\n<li><strong>Texture non collante :<\/strong>&nbsp;Confortable et adapt\u00e9 \u00e0 une utilisation de nuit ou de jour.<\/li>\n<\/ul>\n<div>\n<div class=\"flex justify-between items-center\">\n<h5 class=\"disclosure__title product-info__disclosure font-body font-bold text-body flex flex-auto items-center mb-0\">Avantages<\/h5>\n<\/div>\n<\/div>\n<div class=\"disclosure__panel has-motion\">\n<div id=\"textLiquidContent\" class=\"disclosure__content rte\">\n<div class=\"metafield-rich_text_field\">\n<ol>\n<li><strong>Hydratation en profondeur :<\/strong>&nbsp;Nourrit les l\u00e8vres de l\u2019int\u00e9rieur, luttant contre la s\u00e9cheresse persistante.<\/li>\n<li><strong>R\u00e9duction des lignes fines :<\/strong>&nbsp;Am\u00e9liore l\u2019apparence des l\u00e8vres, les laissant plus douces et plus jeunes.<\/li>\n<li><strong>Volume et fermet\u00e9 :<\/strong>&nbsp;Gr\u00e2ce au collag\u00e8ne ferment\u00e9, il procure un effet repulpant visible.<\/li>\n<li><strong>Protection antioxydante :<\/strong>&nbsp;Neutralise les radicaux libres, pr\u00e9venant ainsi les dommages futurs.<\/li>\n<li><strong>Calme et apaise :<\/strong>&nbsp;Id\u00e9al pour les l\u00e8vres irrit\u00e9es ou sensibles, gr\u00e2ce aux extraits botaniques.<\/li>\n<\/ol>\n<\/div>\n<\/div>\n<\/div>\n<\/div>\n<\/div>\n<\/div>\n<div>\n<div class=\"flex justify-between items-center\">\n<h5 class=\"disclosure__title product-info__disclosure font-body font-bold text-body flex flex-auto items-center mb-0\">Mode d\u2019emploi<\/h5>\n<\/div>\n<\/div>\n<div class=\"disclosure__panel has-motion\">\n<div id=\"textLiquidContent\" class=\"disclosure__content rte\">\n<div class=\"metafield-rich_text_field\">\n<ol>\n<li><strong>Avant de dormir :<\/strong>&nbsp;\u00c0 l\u2019aide d\u2019une spatule ou de votre doigt, appliquez une couche uniforme sur les l\u00e8vres propres.<\/li>\n<li><strong>Massez doucement :<\/strong>&nbsp;Pour assurer une meilleure absorption des principes actifs.<\/li>\n<li><strong>Utilisation diurne :<\/strong>&nbsp;Il peut \u00eatre appliqu\u00e9 en petites quantit\u00e9s comme baume \u00e0 l\u00e8vres au besoin.<\/li>\n<\/ol>\n<\/div>\n<\/div>\n<\/div>\n<\/div>\n","protected":false},"excerpt":{"rendered":"<p>Description Le masque pour les l\u00e8vres stimulant le collag\u00e8ne de TOCOBO&nbsp;est un traitement de nuit r\u00e9volutionnaire con\u00e7u pour r\u00e9parer, hydrater et rajeunir les l\u00e8vres. Sa formule unique contient du&nbsp;collag\u00e8ne ferment\u00e9, connu pour sa capacit\u00e9 \u00e0 am\u00e9liorer l\u2019\u00e9lasticit\u00e9 de la peau, et un m\u00e9lange d\u2019ingr\u00e9dients botaniques tels que l\u2019huile d\u2019olive et l\u2019extrait de lavande, qui nourrissent [&hellip;]<\/p>\n","protected":false},"featured_media":2989,"comment_status":"open","ping_status":"closed","template":"","meta":{"content-type":"","_uag_custom_page_level_css":""},"pwb-brand":[],"product_brand":[],"product_cat":[392,327,334,394],"product_tag":[],"class_list":{"0":"post-2990","1":"product","2":"type-product","3":"status-publish","4":"has-post-thumbnail","6":"product_cat-baume-a-levres","7":"product_cat-hmizat","8":"product_cat-produits-coreens","9":"product_cat-tocobo","11":"first","12":"instock","13":"sale","14":"shipping-taxable","15":"purchasable","16":"product-type-simple"},"aioseo_notices":[],"uagb_featured_image_src":{"full":["https:\/\/wavexia.com\/wp-content\/uploads\/2025\/10\/collagenboostinglipmask_grande.webp",600,600,false],"thumbnail":["https:\/\/wavexia.com\/wp-content\/uploads\/2025\/10\/collagenboostinglipmask_grande-150x150.webp",150,150,true],"medium":["https:\/\/wavexia.com\/wp-content\/uploads\/2025\/10\/collagenboostinglipmask_grande-300x300.webp",300,300,true],"medium_large":["https:\/\/wavexia.com\/wp-content\/uploads\/2025\/10\/collagenboostinglipmask_grande.webp",600,600,false],"large":["https:\/\/wavexia.com\/wp-content\/uploads\/2025\/10\/collagenboostinglipmask_grande.webp",600,600,false],"1536x1536":["https:\/\/wavexia.com\/wp-content\/uploads\/2025\/10\/collagenboostinglipmask_grande.webp",600,600,false],"2048x2048":["https:\/\/wavexia.com\/wp-content\/uploads\/2025\/10\/collagenboostinglipmask_grande.webp",600,600,false],"woocommerce_archive_thumbnail":["https:\/\/wavexia.com\/wp-content\/uploads\/2025\/10\/collagenboostinglipmask_grande-300x300.webp",300,300,true],"woocommerce_thumbnail":["https:\/\/wavexia.com\/wp-content\/uploads\/2025\/10\/collagenboostinglipmask_grande-300x300.webp",300,300,true],"woocommerce_single":["https:\/\/wavexia.com\/wp-content\/uploads\/2025\/10\/collagenboostinglipmask_grande.webp",600,600,false],"woocommerce_gallery_thumbnail":["https:\/\/wavexia.com\/wp-content\/uploads\/2025\/10\/collagenboostinglipmask_grande-100x100.webp",100,100,true]},"uagb_author_info":{"display_name":"zineddine.ayoub98@gmail.com","author_link":"https:\/\/wavexia.com\/?author=0"},"uagb_comment_info":0,"uagb_excerpt":"Description Le masque pour les l\u00e8vres stimulant le collag\u00e8ne de TOCOBO&nbsp;est un traitement de nuit r\u00e9volutionnaire con\u00e7u pour r\u00e9parer, hydrater et rajeunir les l\u00e8vres. Sa formule unique contient du&nbsp;collag\u00e8ne ferment\u00e9, connu pour sa capacit\u00e9 \u00e0 am\u00e9liorer l\u2019\u00e9lasticit\u00e9 de la peau, et un m\u00e9lange d\u2019ingr\u00e9dients botaniques tels que l\u2019huile d\u2019olive et l\u2019extrait de lavande, qui nourrissent&hellip;","brands":[],"_links":{"self":[{"href":"https:\/\/wavexia.com\/index.php?rest_route=\/wp\/v2\/product\/2990","targetHints":{"allow":["GET"]}}],"collection":[{"href":"https:\/\/wavexia.com\/index.php?rest_route=\/wp\/v2\/product"}],"about":[{"href":"https:\/\/wavexia.com\/index.php?rest_route=\/wp\/v2\/types\/product"}],"replies":[{"embeddable":true,"href":"https:\/\/wavexia.com\/index.php?rest_route=%2Fwp%2Fv2%2Fcomments&post=2990"}],"wp:featuredmedia":[{"embeddable":true,"href":"https:\/\/wavexia.com\/index.php?rest_route=\/wp\/v2\/media\/2989"}],"wp:attachment":[{"href":"https:\/\/wavexia.com\/index.php?rest_route=%2Fwp%2Fv2%2Fmedia&parent=2990"}],"wp:term":[{"taxonomy":"pwb-brand","embeddable":true,"href":"https:\/\/wavexia.com\/index.php?rest_route=%2Fwp%2Fv2%2Fpwb-brand&post=2990"},{"taxonomy":"product_brand","embeddable":true,"href":"https:\/\/wavexia.com\/index.php?rest_route=%2Fwp%2Fv2%2Fproduct_brand&post=2990"},{"taxonomy":"product_cat","embeddable":true,"href":"https:\/\/wavexia.com\/index.php?rest_route=%2Fwp%2Fv2%2Fproduct_cat&post=2990"},{"taxonomy":"product_tag","embeddable":true,"href":"https:\/\/wavexia.com\/index.php?rest_route=%2Fwp%2Fv2%2Fproduct_tag&post=2990"}],"curies":[{"name":"wp","href":"https:\/\/api.w.org\/{rel}","templated":true}]}}