{"id":2984,"date":"2025-10-18T22:09:47","date_gmt":"2025-10-18T22:09:47","guid":{"rendered":"https:\/\/wavexia.com\/product\/k-secret-collagen-boosting-secret-ampoule-30ml\/"},"modified":"2026-03-10T07:30:51","modified_gmt":"2026-03-10T07:30:51","slug":"k-secret-collagen-boosting-secret-ampoule-30ml","status":"publish","type":"product","link":"https:\/\/wavexia.com\/?product=k-secret-collagen-boosting-secret-ampoule-30ml","title":{"rendered":"K-Secret Collagen Boosting Secret Ampoule 30ml"},"content":{"rendered":"<h2>Description<\/h2>\n<p>L\u2019ampoule secr\u00e8te KSecret Collagen Boosting 30 ml hydrate votre peau et restaure sa r\u00e9silience.<\/p>\n<ul>\n<li>Contient de l\u2019ad\u00e9nosine pour aider \u00e0 r\u00e9duire l\u2019apparence des ridules.<\/li>\n<li>L\u2019ampoule de collag\u00e8ne aide \u00e0 ralentir et \u00e0 inverser le processus de vieillissement de la peau pour une apparence plus ferme et plus jeune.<\/li>\n<li>Formul\u00e9 avec du collag\u00e8ne hautement concentr\u00e9 et du ferment Bifida pour nourrir en profondeur votre peau avec un fini rebondi.<\/li>\n<li>Dans une texture gel-eau qui s\u2019absorbe rapidement.<\/li>\n<\/ul>\n<h5>mode d\u2019emploi:<\/h5>\n<p>Apr\u00e8s le nettoyage et la tonification, pr\u00e9levez 3 \u00e0 5 gouttes de l\u2019ampoule et \u00e9talez-la sur l\u2019ensemble de votre visage.<\/p>\n<h5>ingr\u00e9dients:<\/h5>\n<p>Eau, extrait de collag\u00e8ne (254 800 ppm), m\u00e9thylpropanediol, filtrat de ferment bifida, glyc\u00e9rine, 1,2-hexanediol, alcool, butyl\u00e8ne glycol, carbom\u00e8re, PPG-13-d\u00e9cylt\u00e9trad\u00e9ceth-24, trom\u00e9thamine, acide hyaluronique, ad\u00e9nosine, parfum, EDTA disodique, panth\u00e9nol, ferment de lactobacille, \u00e9thylhexylglyc\u00e9rine, collag\u00e8ne (20 ppm), l\u00e9cithine hydrog\u00e9n\u00e9e, hydroxyd\u00e9cyl ubiquinone, extrait de ferment de lactocoque, extrait de ferment de bifida, lysat de ferment de lactobacille, huile de noyau d\u2019Argania spinosa, extrait de levure, tocoph\u00e9rol.<\/p>\n","protected":false},"excerpt":{"rendered":"<p>Description L\u2019ampoule secr\u00e8te KSecret Collagen Boosting 30 ml hydrate votre peau et restaure sa r\u00e9silience. Contient de l\u2019ad\u00e9nosine pour aider \u00e0 r\u00e9duire l\u2019apparence des ridules. L\u2019ampoule de collag\u00e8ne aide \u00e0 ralentir et \u00e0 inverser le processus de vieillissement de la peau pour une apparence plus ferme et plus jeune. Formul\u00e9 avec du collag\u00e8ne hautement concentr\u00e9 [&hellip;]<\/p>\n","protected":false},"featured_media":2983,"comment_status":"open","ping_status":"closed","template":"","meta":{"content-type":"","_uag_custom_page_level_css":""},"pwb-brand":[],"product_brand":[],"product_cat":[376,328,334,338],"product_tag":[],"class_list":{"0":"post-2984","1":"product","2":"type-product","3":"status-publish","4":"has-post-thumbnail","6":"product_cat-k-secret","7":"product_cat-nouveautes","8":"product_cat-produits-coreens","9":"product_cat-serum-ampoule","11":"first","12":"instock","13":"sale","14":"shipping-taxable","15":"purchasable","16":"product-type-simple"},"aioseo_notices":[],"uagb_featured_image_src":{"full":["https:\/\/wavexia.com\/wp-content\/uploads\/2025\/10\/51WZ7tI7-5L._UF10001000_QL80_.jpg",1000,1000,false],"thumbnail":["https:\/\/wavexia.com\/wp-content\/uploads\/2025\/10\/51WZ7tI7-5L._UF10001000_QL80_-150x150.jpg",150,150,true],"medium":["https:\/\/wavexia.com\/wp-content\/uploads\/2025\/10\/51WZ7tI7-5L._UF10001000_QL80_-300x300.jpg",300,300,true],"medium_large":["https:\/\/wavexia.com\/wp-content\/uploads\/2025\/10\/51WZ7tI7-5L._UF10001000_QL80_-768x768.jpg",768,768,true],"large":["https:\/\/wavexia.com\/wp-content\/uploads\/2025\/10\/51WZ7tI7-5L._UF10001000_QL80_.jpg",1000,1000,false],"1536x1536":["https:\/\/wavexia.com\/wp-content\/uploads\/2025\/10\/51WZ7tI7-5L._UF10001000_QL80_.jpg",1000,1000,false],"2048x2048":["https:\/\/wavexia.com\/wp-content\/uploads\/2025\/10\/51WZ7tI7-5L._UF10001000_QL80_.jpg",1000,1000,false],"woocommerce_archive_thumbnail":["https:\/\/wavexia.com\/wp-content\/uploads\/2025\/10\/51WZ7tI7-5L._UF10001000_QL80_-300x300.jpg",300,300,true],"woocommerce_thumbnail":["https:\/\/wavexia.com\/wp-content\/uploads\/2025\/10\/51WZ7tI7-5L._UF10001000_QL80_-300x300.jpg",300,300,true],"woocommerce_single":["https:\/\/wavexia.com\/wp-content\/uploads\/2025\/10\/51WZ7tI7-5L._UF10001000_QL80_-600x600.jpg",600,600,true],"woocommerce_gallery_thumbnail":["https:\/\/wavexia.com\/wp-content\/uploads\/2025\/10\/51WZ7tI7-5L._UF10001000_QL80_-100x100.jpg",100,100,true]},"uagb_author_info":{"display_name":"zineddine.ayoub98@gmail.com","author_link":"https:\/\/wavexia.com\/?author=0"},"uagb_comment_info":0,"uagb_excerpt":"Description L\u2019ampoule secr\u00e8te KSecret Collagen Boosting 30 ml hydrate votre peau et restaure sa r\u00e9silience. Contient de l\u2019ad\u00e9nosine pour aider \u00e0 r\u00e9duire l\u2019apparence des ridules. L\u2019ampoule de collag\u00e8ne aide \u00e0 ralentir et \u00e0 inverser le processus de vieillissement de la peau pour une apparence plus ferme et plus jeune. Formul\u00e9 avec du collag\u00e8ne hautement concentr\u00e9&hellip;","brands":[],"_links":{"self":[{"href":"https:\/\/wavexia.com\/index.php?rest_route=\/wp\/v2\/product\/2984","targetHints":{"allow":["GET"]}}],"collection":[{"href":"https:\/\/wavexia.com\/index.php?rest_route=\/wp\/v2\/product"}],"about":[{"href":"https:\/\/wavexia.com\/index.php?rest_route=\/wp\/v2\/types\/product"}],"replies":[{"embeddable":true,"href":"https:\/\/wavexia.com\/index.php?rest_route=%2Fwp%2Fv2%2Fcomments&post=2984"}],"wp:featuredmedia":[{"embeddable":true,"href":"https:\/\/wavexia.com\/index.php?rest_route=\/wp\/v2\/media\/2983"}],"wp:attachment":[{"href":"https:\/\/wavexia.com\/index.php?rest_route=%2Fwp%2Fv2%2Fmedia&parent=2984"}],"wp:term":[{"taxonomy":"pwb-brand","embeddable":true,"href":"https:\/\/wavexia.com\/index.php?rest_route=%2Fwp%2Fv2%2Fpwb-brand&post=2984"},{"taxonomy":"product_brand","embeddable":true,"href":"https:\/\/wavexia.com\/index.php?rest_route=%2Fwp%2Fv2%2Fproduct_brand&post=2984"},{"taxonomy":"product_cat","embeddable":true,"href":"https:\/\/wavexia.com\/index.php?rest_route=%2Fwp%2Fv2%2Fproduct_cat&post=2984"},{"taxonomy":"product_tag","embeddable":true,"href":"https:\/\/wavexia.com\/index.php?rest_route=%2Fwp%2Fv2%2Fproduct_tag&post=2984"}],"curies":[{"name":"wp","href":"https:\/\/api.w.org\/{rel}","templated":true}]}}