{"id":2976,"date":"2025-10-18T22:09:39","date_gmt":"2025-10-18T22:09:39","guid":{"rendered":"https:\/\/wavexia.com\/product\/naturanectar-green-bee-propolis-vegetable-60-capsule\/"},"modified":"2026-03-10T07:30:51","modified_gmt":"2026-03-10T07:30:51","slug":"naturanectar-green-bee-propolis-vegetable-60-capsule","status":"publish","type":"product","link":"https:\/\/wavexia.com\/?product=naturanectar-green-bee-propolis-vegetable-60-capsule","title":{"rendered":"NaturaNectar Green Bee Propolis Vegetable 60 Capsule"},"content":{"rendered":"<h2>Description<\/h2>\n<p>NaturaNectar Green Bee Propolis Capsule V\u00e9g\u00e9tale Pour le Cerveau, le C\u0153ur et le Soutien Immunitaire est de la Propolis Ultra-Verte Br\u00e9silienne, une source naturelle d\u2019Artepillin-C (ARC). Bien-\u00eatre du cerveau et du c\u0153ur au niveau cellulaire. L\u2019art\u00e9pilline-C (ARC) est l\u2019un des compos\u00e9s naturels de la propolis les plus \u00e9tudi\u00e9s. Il est naturellement pr\u00e9sent dans la Propolis Abeille Verte NaturaNectar. La propolis, une substance \u00e9tonnante qui est strat\u00e9giquement plac\u00e9e par les abeilles devant leurs ruches pour servir de d\u00e9fenseur de la ruche. En cons\u00e9quence, la ruche est l\u2019un des environnements les plus st\u00e9riles connus de l\u2019homme, m\u00eame \u00e0 des degr\u00e9s \u00e9lev\u00e9s de temp\u00e9rature et d\u2019humidit\u00e9. C\u2019est pourquoi les civilisations mill\u00e9naires se sont appuy\u00e9es sur la propolis d\u2019abeille pour soutenir leur sant\u00e9. La propolis d\u2019abeille rouge br\u00e9silienne offre la plus grande diversit\u00e9 de flavono\u00efdes parmi tous les types de propolis existants dans le monde. Aujourd\u2019hui, nous sommes expos\u00e9s \u00e0 plus de bruit, de pollution et de d\u00e9fis de la vie que jamais auparavant, cr\u00e9ant une surcharge potentielle qui peut menacer notre bien-\u00eatre, notre vigilance mentale et notre bonheur. Comme les abeilles qui prot\u00e8gent leurs ruches et leur sant\u00e9 avec leur propolis, le suppl\u00e9ment de propolis Green Bee de NaturaNectar peut soutenir votre sant\u00e9. Contenant de la propolis d\u2019abeille ultra-verte 100&nbsp;% br\u00e9silienne, une source naturelle de compos\u00e9 actif acclam\u00e9 Artepillin-C, la propolis d\u2019abeille verte NaturaNectar est appr\u00e9ci\u00e9e pour ses propri\u00e9t\u00e9s th\u00e9rapeutiques soutenues par des centaines d\u2019\u00e9tudes scientifiques indiquant les avantages de sa teneur en flavono\u00efdes et de son activit\u00e9 antioxydante. Il soutient la sant\u00e9 cardiaque et circulatoire, maintient une glyc\u00e9mie saine lorsqu\u2019il est utilis\u00e9 dans le cadre d\u2019une alimentation saine, soutient des niveaux de pression art\u00e9rielle sains qui sont d\u00e9j\u00e0 dans la plage normale et prot\u00e8ge les cellules nerveuses d\u00e9licates et la sant\u00e9 globale du cerveau. Ce produit unique utilise le type de propolis br\u00e9silienne le plus disponible (brune) et, tout comme les autres produits de NaturaNectar, la technologie exclusive d\u2019extraction\u2122 verte est utilis\u00e9e pour obtenir les ingr\u00e9dients actifs FLAV-G\u2122 et PWE-GD\u2122.<\/p>\n<h5>les avantages:<\/h5>\n<ul class=\"clist\">\n<li>Soutient la sant\u00e9 des cellules de la prostate<\/li>\n<li>Soutient la sant\u00e9 des cellules mammaires<\/li>\n<li>Soutient la sant\u00e9 cardiaque et circulatoire<\/li>\n<li>Favorise une glyc\u00e9mie saine lorsqu\u2019il est utilis\u00e9 en conjonction avec votre alimentation<\/li>\n<li>Des flavono\u00efdes sp\u00e9cifiques agissent comme des antioxydants pour prot\u00e9ger les cellules nerveuses d\u00e9licates<\/li>\n<li>Peut favoriser la sant\u00e9 globale du cerveau<\/li>\n<li>Soutient la sant\u00e9 des larynges<\/li>\n<li>Les flavono\u00efdes aident \u00e0 maintenir une pression art\u00e9rielle saine qui se situe d\u00e9j\u00e0 dans la fourchette normale<\/li>\n<\/ul>\n<h5>mode demploi:<\/h5>\n<p>Prendre une capsule v\u00e9g\u00e9tale de propolis d\u2019abeille verte NaturaNectar par voie orale une ou deux fois par jour pour favoriser la sant\u00e9 globale<\/p>\n<p>&nbsp;<\/p>\n","protected":false},"excerpt":{"rendered":"<p>Description NaturaNectar Green Bee Propolis Capsule V\u00e9g\u00e9tale Pour le Cerveau, le C\u0153ur et le Soutien Immunitaire est de la Propolis Ultra-Verte Br\u00e9silienne, une source naturelle d\u2019Artepillin-C (ARC). Bien-\u00eatre du cerveau et du c\u0153ur au niveau cellulaire. L\u2019art\u00e9pilline-C (ARC) est l\u2019un des compos\u00e9s naturels de la propolis les plus \u00e9tudi\u00e9s. Il est naturellement pr\u00e9sent dans la [&hellip;]<\/p>\n","protected":false},"featured_media":2975,"comment_status":"open","ping_status":"closed","template":"","meta":{"content-type":"","_uag_custom_page_level_css":""},"pwb-brand":[],"product_brand":[],"product_cat":[330],"product_tag":[],"class_list":{"0":"post-2976","1":"product","2":"type-product","3":"status-publish","4":"has-post-thumbnail","6":"product_cat-complements-alimentaires","8":"first","9":"instock","10":"sale","11":"shipping-taxable","12":"purchasable","13":"product-type-simple"},"aioseo_notices":[],"uagb_featured_image_src":{"full":["https:\/\/wavexia.com\/wp-content\/uploads\/2025\/10\/71r7eOpcYZL._UF8941000_QL80_.jpg",894,671,false],"thumbnail":["https:\/\/wavexia.com\/wp-content\/uploads\/2025\/10\/71r7eOpcYZL._UF8941000_QL80_-150x150.jpg",150,150,true],"medium":["https:\/\/wavexia.com\/wp-content\/uploads\/2025\/10\/71r7eOpcYZL._UF8941000_QL80_-300x225.jpg",300,225,true],"medium_large":["https:\/\/wavexia.com\/wp-content\/uploads\/2025\/10\/71r7eOpcYZL._UF8941000_QL80_-768x576.jpg",768,576,true],"large":["https:\/\/wavexia.com\/wp-content\/uploads\/2025\/10\/71r7eOpcYZL._UF8941000_QL80_.jpg",894,671,false],"1536x1536":["https:\/\/wavexia.com\/wp-content\/uploads\/2025\/10\/71r7eOpcYZL._UF8941000_QL80_.jpg",894,671,false],"2048x2048":["https:\/\/wavexia.com\/wp-content\/uploads\/2025\/10\/71r7eOpcYZL._UF8941000_QL80_.jpg",894,671,false],"woocommerce_archive_thumbnail":["https:\/\/wavexia.com\/wp-content\/uploads\/2025\/10\/71r7eOpcYZL._UF8941000_QL80_-300x225.jpg",300,225,true],"woocommerce_thumbnail":["https:\/\/wavexia.com\/wp-content\/uploads\/2025\/10\/71r7eOpcYZL._UF8941000_QL80_-300x300.jpg",300,300,true],"woocommerce_single":["https:\/\/wavexia.com\/wp-content\/uploads\/2025\/10\/71r7eOpcYZL._UF8941000_QL80_-600x450.jpg",600,450,true],"woocommerce_gallery_thumbnail":["https:\/\/wavexia.com\/wp-content\/uploads\/2025\/10\/71r7eOpcYZL._UF8941000_QL80_-100x100.jpg",100,100,true]},"uagb_author_info":{"display_name":"zineddine.ayoub98@gmail.com","author_link":"https:\/\/wavexia.com\/?author=0"},"uagb_comment_info":0,"uagb_excerpt":"Description NaturaNectar Green Bee Propolis Capsule V\u00e9g\u00e9tale Pour le Cerveau, le C\u0153ur et le Soutien Immunitaire est de la Propolis Ultra-Verte Br\u00e9silienne, une source naturelle d\u2019Artepillin-C (ARC). Bien-\u00eatre du cerveau et du c\u0153ur au niveau cellulaire. L\u2019art\u00e9pilline-C (ARC) est l\u2019un des compos\u00e9s naturels de la propolis les plus \u00e9tudi\u00e9s. Il est naturellement pr\u00e9sent dans la&hellip;","brands":[],"_links":{"self":[{"href":"https:\/\/wavexia.com\/index.php?rest_route=\/wp\/v2\/product\/2976","targetHints":{"allow":["GET"]}}],"collection":[{"href":"https:\/\/wavexia.com\/index.php?rest_route=\/wp\/v2\/product"}],"about":[{"href":"https:\/\/wavexia.com\/index.php?rest_route=\/wp\/v2\/types\/product"}],"replies":[{"embeddable":true,"href":"https:\/\/wavexia.com\/index.php?rest_route=%2Fwp%2Fv2%2Fcomments&post=2976"}],"wp:featuredmedia":[{"embeddable":true,"href":"https:\/\/wavexia.com\/index.php?rest_route=\/wp\/v2\/media\/2975"}],"wp:attachment":[{"href":"https:\/\/wavexia.com\/index.php?rest_route=%2Fwp%2Fv2%2Fmedia&parent=2976"}],"wp:term":[{"taxonomy":"pwb-brand","embeddable":true,"href":"https:\/\/wavexia.com\/index.php?rest_route=%2Fwp%2Fv2%2Fpwb-brand&post=2976"},{"taxonomy":"product_brand","embeddable":true,"href":"https:\/\/wavexia.com\/index.php?rest_route=%2Fwp%2Fv2%2Fproduct_brand&post=2976"},{"taxonomy":"product_cat","embeddable":true,"href":"https:\/\/wavexia.com\/index.php?rest_route=%2Fwp%2Fv2%2Fproduct_cat&post=2976"},{"taxonomy":"product_tag","embeddable":true,"href":"https:\/\/wavexia.com\/index.php?rest_route=%2Fwp%2Fv2%2Fproduct_tag&post=2976"}],"curies":[{"name":"wp","href":"https:\/\/api.w.org\/{rel}","templated":true}]}}