{"id":2967,"date":"2025-10-18T22:09:32","date_gmt":"2025-10-18T22:09:32","guid":{"rendered":"https:\/\/wavexia.com\/product\/aplb-glutathione-niacinamide-body-wash-300ml\/"},"modified":"2026-03-10T07:30:51","modified_gmt":"2026-03-10T07:30:51","slug":"aplb-glutathione-niacinamide-body-wash-300ml","status":"publish","type":"product","link":"https:\/\/wavexia.com\/?product=aplb-glutathione-niacinamide-body-wash-300ml","title":{"rendered":"APLB Glutathione Niacinamide Body Wash 300ml"},"content":{"rendered":"<h2>Description<\/h2>\n<p>Le Glutathione Niacinamide Body Wash APLB est un nettoyant hypoallerg\u00e9nique et illuminant pour le corps qui purifie en profondeur tout en nourrissant et en apaisant les peaux sensibles. Enrichi de 1 000 ppm de glutathion et de niacinamide, il am\u00e9liore visiblement l\u2019\u00e9clat et l\u2019\u00e9lasticit\u00e9 de la peau.<\/p>\n<p>L\u2019acide hyaluronique et le b\u00eata-glucane emprisonnent l\u2019hydratation, gardant la peau hydrat\u00e9e et douce, tandis que des ingr\u00e9dients \u00e0 base de cica, comme la Centella Asiatica, calment les irritations. Test\u00e9 cliniquement pour les peaux sensibles, ce gel douche est suffisamment doux pour une utilisation quotidienne, offrant un nettoyage rafra\u00eechissant qui laisse la peau plus lumineuse et douce.<\/p>\n<p><strong>Recommand\u00e9 pour :<\/strong>&nbsp;Tous types de peaux.<\/p>\n<p><strong>Conseils d\u2019utilisation :<\/strong><\/p>\n<ul>\n<li>Fais mousser une quantit\u00e9 mod\u00e9r\u00e9e de produit sur ton corps en application externe.<\/li>\n<li>Masse d\u00e9licatement ton corps avant de rincer abondamment.<\/li>\n<\/ul>\n<p><strong>Ingr\u00e9dients :<\/strong><\/p>\n<p>Eau, Sulfate de Sodium Laureth, Extrait de Centella Asiatica, Glyc\u00e9rine, Propyl\u00e8ne Glycol, Cocamide MEA, Lauramide DEA, Cocamidopropyl B\u00e9tyl\u00e8ne, Glutathion, Niacinamide, Acide Citrique, Hyaluronate de Sodium, Triglyc\u00e9ride Caprylique\/Caprique, L\u00e9cithine Hydrog\u00e9n\u00e9e, St\u00e9arate de Glyc\u00e9ryle, Cholest\u00e9rol, Extrait de Germes de Nelumbo Nucifera, Extrait d\u2019Artemisia Annua, Extrait d\u2019Oryza Sativa, Fermentation de Saccharomyces, Extrait de Fruit de Solanum Melongena, Extrait de Feuille de Melaleuca Alternifolia, 1,2-Hexanediol, Collag\u00e8ne Hydrolys\u00e9, Beta-Glucane, Dipropyl\u00e8ne Glycol, Extrait de Fruit d\u2019Hippophae Rhamnoides, Butyl\u00e8ne Glycol, Copolym\u00e8re de Styr\u00e8ne\/Acrylates, Gomme de Xanthan, Acide Madecassique, Asiaticoside, Acide Asiatiques, Squalane, Polyquaternium-10, Disodium EDTA, Benzoate de Sodium, Chlorphenesin, Chlorure de Sodium.<\/p>\n","protected":false},"excerpt":{"rendered":"<p>Description Le Glutathione Niacinamide Body Wash APLB est un nettoyant hypoallerg\u00e9nique et illuminant pour le corps qui purifie en profondeur tout en nourrissant et en apaisant les peaux sensibles. Enrichi de 1 000 ppm de glutathion et de niacinamide, il am\u00e9liore visiblement l\u2019\u00e9clat et l\u2019\u00e9lasticit\u00e9 de la peau. L\u2019acide hyaluronique et le b\u00eata-glucane emprisonnent l\u2019hydratation, [&hellip;]<\/p>\n","protected":false},"featured_media":2966,"comment_status":"open","ping_status":"closed","template":"","meta":{"content-type":"","_uag_custom_page_level_css":""},"pwb-brand":[],"product_brand":[],"product_cat":[391,322,327,328,334],"product_tag":[],"class_list":{"0":"post-2967","1":"product","2":"type-product","3":"status-publish","4":"has-post-thumbnail","6":"product_cat-aplb","7":"product_cat-corps-bain","8":"product_cat-hmizat","9":"product_cat-nouveautes","10":"product_cat-produits-coreens","12":"first","13":"instock","14":"sale","15":"shipping-taxable","16":"purchasable","17":"product-type-simple"},"aioseo_notices":[],"uagb_featured_image_src":{"full":["https:\/\/wavexia.com\/wp-content\/uploads\/2025\/10\/9a59a4c55b7c2b0316642d82bfc2a3b3.jpg",1000,1000,false],"thumbnail":["https:\/\/wavexia.com\/wp-content\/uploads\/2025\/10\/9a59a4c55b7c2b0316642d82bfc2a3b3-150x150.jpg",150,150,true],"medium":["https:\/\/wavexia.com\/wp-content\/uploads\/2025\/10\/9a59a4c55b7c2b0316642d82bfc2a3b3-300x300.jpg",300,300,true],"medium_large":["https:\/\/wavexia.com\/wp-content\/uploads\/2025\/10\/9a59a4c55b7c2b0316642d82bfc2a3b3-768x768.jpg",768,768,true],"large":["https:\/\/wavexia.com\/wp-content\/uploads\/2025\/10\/9a59a4c55b7c2b0316642d82bfc2a3b3.jpg",1000,1000,false],"1536x1536":["https:\/\/wavexia.com\/wp-content\/uploads\/2025\/10\/9a59a4c55b7c2b0316642d82bfc2a3b3.jpg",1000,1000,false],"2048x2048":["https:\/\/wavexia.com\/wp-content\/uploads\/2025\/10\/9a59a4c55b7c2b0316642d82bfc2a3b3.jpg",1000,1000,false],"woocommerce_archive_thumbnail":["https:\/\/wavexia.com\/wp-content\/uploads\/2025\/10\/9a59a4c55b7c2b0316642d82bfc2a3b3-300x300.jpg",300,300,true],"woocommerce_thumbnail":["https:\/\/wavexia.com\/wp-content\/uploads\/2025\/10\/9a59a4c55b7c2b0316642d82bfc2a3b3-300x300.jpg",300,300,true],"woocommerce_single":["https:\/\/wavexia.com\/wp-content\/uploads\/2025\/10\/9a59a4c55b7c2b0316642d82bfc2a3b3-600x600.jpg",600,600,true],"woocommerce_gallery_thumbnail":["https:\/\/wavexia.com\/wp-content\/uploads\/2025\/10\/9a59a4c55b7c2b0316642d82bfc2a3b3-100x100.jpg",100,100,true]},"uagb_author_info":{"display_name":"zineddine.ayoub98@gmail.com","author_link":"https:\/\/wavexia.com\/?author=0"},"uagb_comment_info":0,"uagb_excerpt":"Description Le Glutathione Niacinamide Body Wash APLB est un nettoyant hypoallerg\u00e9nique et illuminant pour le corps qui purifie en profondeur tout en nourrissant et en apaisant les peaux sensibles. Enrichi de 1 000 ppm de glutathion et de niacinamide, il am\u00e9liore visiblement l\u2019\u00e9clat et l\u2019\u00e9lasticit\u00e9 de la peau. L\u2019acide hyaluronique et le b\u00eata-glucane emprisonnent l\u2019hydratation,&hellip;","brands":[],"_links":{"self":[{"href":"https:\/\/wavexia.com\/index.php?rest_route=\/wp\/v2\/product\/2967","targetHints":{"allow":["GET"]}}],"collection":[{"href":"https:\/\/wavexia.com\/index.php?rest_route=\/wp\/v2\/product"}],"about":[{"href":"https:\/\/wavexia.com\/index.php?rest_route=\/wp\/v2\/types\/product"}],"replies":[{"embeddable":true,"href":"https:\/\/wavexia.com\/index.php?rest_route=%2Fwp%2Fv2%2Fcomments&post=2967"}],"wp:featuredmedia":[{"embeddable":true,"href":"https:\/\/wavexia.com\/index.php?rest_route=\/wp\/v2\/media\/2966"}],"wp:attachment":[{"href":"https:\/\/wavexia.com\/index.php?rest_route=%2Fwp%2Fv2%2Fmedia&parent=2967"}],"wp:term":[{"taxonomy":"pwb-brand","embeddable":true,"href":"https:\/\/wavexia.com\/index.php?rest_route=%2Fwp%2Fv2%2Fpwb-brand&post=2967"},{"taxonomy":"product_brand","embeddable":true,"href":"https:\/\/wavexia.com\/index.php?rest_route=%2Fwp%2Fv2%2Fproduct_brand&post=2967"},{"taxonomy":"product_cat","embeddable":true,"href":"https:\/\/wavexia.com\/index.php?rest_route=%2Fwp%2Fv2%2Fproduct_cat&post=2967"},{"taxonomy":"product_tag","embeddable":true,"href":"https:\/\/wavexia.com\/index.php?rest_route=%2Fwp%2Fv2%2Fproduct_tag&post=2967"}],"curies":[{"name":"wp","href":"https:\/\/api.w.org\/{rel}","templated":true}]}}