{"id":2965,"date":"2025-10-18T22:09:31","date_gmt":"2025-10-18T22:09:31","guid":{"rendered":"https:\/\/wavexia.com\/product\/sephora-strengthening-hair-serum-fortify-increase-density-50-ml\/"},"modified":"2026-03-10T07:30:51","modified_gmt":"2026-03-10T07:30:51","slug":"sephora-strengthening-hair-serum-fortify-increase-density-50-ml","status":"publish","type":"product","link":"https:\/\/wavexia.com\/?product=sephora-strengthening-hair-serum-fortify-increase-density-50-ml","title":{"rendered":"SEPHORA Strengthening Hair Serum \u2013 Fortify + Increase density 50 ml"},"content":{"rendered":"<h2>Description<\/h2>\n<p>Formul\u00e9 \u00e0 99% d\u2019ingr\u00e9dients d\u2019origine naturelle, ce soin cheveux enrichi en Biotine permet d\u2019apporter de la densit\u00e9 et de l\u2019\u00e9paisseur \u00e0 vos cheveux.<br \/>Apr\u00e8s 2 mois<sup>(1)<\/sup>&nbsp;d\u2019utilisation, les cheveux sont plus denses et la fibre capillaire est renforc\u00e9e, plus r\u00e9sistante !<\/p>\n<p>La biotine, connue pour am\u00e9liorer la qualit\u00e9 des cheveux&nbsp;:<br \/>Enrichi en Biotine et en Prot\u00e9ines d\u2019origine v\u00e9g\u00e9tale dont la structure est similaire&nbsp;\u00e0 la K\u00e9ratine, ce s\u00e9rum fortifiant est l\u2019alli\u00e9 id\u00e9al pour des cheveux plus denses et \u00e9pais.<br \/>La formule sans rin\u00e7age de&nbsp;ce soin cheveux \u00e0 la biotine&nbsp;est particuli\u00e8rement agr\u00e9able \u00e0 utiliser et ne laisse pas de film gras sur les cheveux.<\/p>\n<p>Notre s\u00e9rum fortifiant est d\u00e9velopp\u00e9 dans une d\u00e9marche responsable&nbsp;:<br \/>NOS ENGAGEMENTS POUR LE PACKAGING&nbsp;: Le flacon de ce s\u00e9rum&nbsp;contient 30% de verre recycl\u00e9 et est en verre recyclable (v\u00e9rifier localement).<br \/>Son \u00e9tui provient de for\u00eats g\u00e9r\u00e9es durablement et est d\u00e9cor\u00e9 \u00e0 l\u2019aide d\u2019encres d\u2019origine v\u00e9g\u00e9tale.<br \/>NOS ENGAGEMENTS POUR L\u2019EAU&nbsp;: D\u00e8s que nous avons pu, nous avons d\u00e9velopp\u00e9 des formules sans rin\u00e7age. C\u2019est le cas de ce&nbsp;s\u00e9rum soin cheveux<\/p>\n","protected":false},"excerpt":{"rendered":"<p>Description Formul\u00e9 \u00e0 99% d\u2019ingr\u00e9dients d\u2019origine naturelle, ce soin cheveux enrichi en Biotine permet d\u2019apporter de la densit\u00e9 et de l\u2019\u00e9paisseur \u00e0 vos cheveux.Apr\u00e8s 2 mois(1)&nbsp;d\u2019utilisation, les cheveux sont plus denses et la fibre capillaire est renforc\u00e9e, plus r\u00e9sistante ! La biotine, connue pour am\u00e9liorer la qualit\u00e9 des cheveux&nbsp;:Enrichi en Biotine et en Prot\u00e9ines d\u2019origine [&hellip;]<\/p>\n","protected":false},"featured_media":2964,"comment_status":"open","ping_status":"closed","template":"","meta":{"content-type":"","_uag_custom_page_level_css":""},"pwb-brand":[],"product_brand":[],"product_cat":[377,382,390],"product_tag":[],"class_list":{"0":"post-2965","1":"product","2":"type-product","3":"status-publish","4":"has-post-thumbnail","6":"product_cat-cheveux","7":"product_cat-derniere-chance","8":"product_cat-sephora","10":"first","11":"instock","12":"shipping-taxable","13":"purchasable","14":"product-type-simple"},"aioseo_notices":[],"uagb_featured_image_src":{"full":["https:\/\/wavexia.com\/wp-content\/uploads\/2025\/10\/826cfe76-eead-41b4-b9b6-afb2a365fe45.webp",704,394,false],"thumbnail":["https:\/\/wavexia.com\/wp-content\/uploads\/2025\/10\/826cfe76-eead-41b4-b9b6-afb2a365fe45-150x150.webp",150,150,true],"medium":["https:\/\/wavexia.com\/wp-content\/uploads\/2025\/10\/826cfe76-eead-41b4-b9b6-afb2a365fe45-300x168.webp",300,168,true],"medium_large":["https:\/\/wavexia.com\/wp-content\/uploads\/2025\/10\/826cfe76-eead-41b4-b9b6-afb2a365fe45.webp",704,394,false],"large":["https:\/\/wavexia.com\/wp-content\/uploads\/2025\/10\/826cfe76-eead-41b4-b9b6-afb2a365fe45.webp",704,394,false],"1536x1536":["https:\/\/wavexia.com\/wp-content\/uploads\/2025\/10\/826cfe76-eead-41b4-b9b6-afb2a365fe45.webp",704,394,false],"2048x2048":["https:\/\/wavexia.com\/wp-content\/uploads\/2025\/10\/826cfe76-eead-41b4-b9b6-afb2a365fe45.webp",704,394,false],"woocommerce_archive_thumbnail":["https:\/\/wavexia.com\/wp-content\/uploads\/2025\/10\/826cfe76-eead-41b4-b9b6-afb2a365fe45-300x168.webp",300,168,true],"woocommerce_thumbnail":["https:\/\/wavexia.com\/wp-content\/uploads\/2025\/10\/826cfe76-eead-41b4-b9b6-afb2a365fe45-300x300.webp",300,300,true],"woocommerce_single":["https:\/\/wavexia.com\/wp-content\/uploads\/2025\/10\/826cfe76-eead-41b4-b9b6-afb2a365fe45-600x336.webp",600,336,true],"woocommerce_gallery_thumbnail":["https:\/\/wavexia.com\/wp-content\/uploads\/2025\/10\/826cfe76-eead-41b4-b9b6-afb2a365fe45-100x100.webp",100,100,true]},"uagb_author_info":{"display_name":"zineddine.ayoub98@gmail.com","author_link":"https:\/\/wavexia.com\/?author=0"},"uagb_comment_info":0,"uagb_excerpt":"Description Formul\u00e9 \u00e0 99% d\u2019ingr\u00e9dients d\u2019origine naturelle, ce soin cheveux enrichi en Biotine permet d\u2019apporter de la densit\u00e9 et de l\u2019\u00e9paisseur \u00e0 vos cheveux.Apr\u00e8s 2 mois(1)&nbsp;d\u2019utilisation, les cheveux sont plus denses et la fibre capillaire est renforc\u00e9e, plus r\u00e9sistante ! La biotine, connue pour am\u00e9liorer la qualit\u00e9 des cheveux&nbsp;:Enrichi en Biotine et en Prot\u00e9ines d\u2019origine&hellip;","brands":[],"_links":{"self":[{"href":"https:\/\/wavexia.com\/index.php?rest_route=\/wp\/v2\/product\/2965","targetHints":{"allow":["GET"]}}],"collection":[{"href":"https:\/\/wavexia.com\/index.php?rest_route=\/wp\/v2\/product"}],"about":[{"href":"https:\/\/wavexia.com\/index.php?rest_route=\/wp\/v2\/types\/product"}],"replies":[{"embeddable":true,"href":"https:\/\/wavexia.com\/index.php?rest_route=%2Fwp%2Fv2%2Fcomments&post=2965"}],"wp:featuredmedia":[{"embeddable":true,"href":"https:\/\/wavexia.com\/index.php?rest_route=\/wp\/v2\/media\/2964"}],"wp:attachment":[{"href":"https:\/\/wavexia.com\/index.php?rest_route=%2Fwp%2Fv2%2Fmedia&parent=2965"}],"wp:term":[{"taxonomy":"pwb-brand","embeddable":true,"href":"https:\/\/wavexia.com\/index.php?rest_route=%2Fwp%2Fv2%2Fpwb-brand&post=2965"},{"taxonomy":"product_brand","embeddable":true,"href":"https:\/\/wavexia.com\/index.php?rest_route=%2Fwp%2Fv2%2Fproduct_brand&post=2965"},{"taxonomy":"product_cat","embeddable":true,"href":"https:\/\/wavexia.com\/index.php?rest_route=%2Fwp%2Fv2%2Fproduct_cat&post=2965"},{"taxonomy":"product_tag","embeddable":true,"href":"https:\/\/wavexia.com\/index.php?rest_route=%2Fwp%2Fv2%2Fproduct_tag&post=2965"}],"curies":[{"name":"wp","href":"https:\/\/api.w.org\/{rel}","templated":true}]}}