{"id":2960,"date":"2025-10-18T22:09:27","date_gmt":"2025-10-18T22:09:27","guid":{"rendered":"https:\/\/wavexia.com\/product\/eqqualberry-vitamin-illuminating-serum-30ml\/"},"modified":"2026-03-10T07:30:51","modified_gmt":"2026-03-10T07:30:51","slug":"eqqualberry-vitamin-illuminating-serum-30ml","status":"publish","type":"product","link":"https:\/\/wavexia.com\/?product=eqqualberry-vitamin-illuminating-serum-30ml","title":{"rendered":"Eqqualberry Vitamin Illuminating Serum 30ml"},"content":{"rendered":"<h2>Description<\/h2>\n<p>Le&nbsp;&nbsp;S\u00e9rum Illuminateur Vitamin\u00e9 Eqqualberry&nbsp;&nbsp;est votre arme secr\u00e8te pour une peau \u00e9clatante et lumineuse. Ce s\u00e9rum luxueux est enrichi d\u2019un puissant m\u00e9lange de vitamine C et d\u2019antioxydants, contribuant \u00e0 illuminer votre peau et \u00e0 lui donner un \u00e9clat sain. Sa formule l\u00e9g\u00e8re et rapidement absorb\u00e9e nourrit intens\u00e9ment la peau et r\u00e9duit visiblement les signes de fatigue, pour une peau fra\u00eeche et \u00e9clatante toute la journ\u00e9e.<\/p>\n<p>Les puissants effets de la vitamine C stimulent la production de collag\u00e8ne, tandis que le s\u00e9rum contribue \u00e9galement \u00e0 am\u00e9liorer la texture de la peau et \u00e0 att\u00e9nuer les taches brunes. R\u00e9sultat&nbsp;: un teint plus lisse et plus jeune, qui booste votre confiance en vous. Que vous recherchiez un \u00e9clat instantan\u00e9 ou un effet \u00e9claircissant longue dur\u00e9e, ce s\u00e9rum est le compl\u00e9ment id\u00e9al \u00e0 votre routine de soins.<\/p>\n<p>Adapt\u00e9 \u00e0 tous les types de peau, m\u00eame les peaux sensibles, ce s\u00e9rum fournit tout ce dont vous avez besoin pour un teint \u00e9clatant et sain.<\/p>\n<p><strong>Ce s\u00e9rum :<\/strong><\/p>\n<ul>\n<li>illumine et rafra\u00eechit votre peau<\/li>\n<li>contient de la vitamine C et des antioxydants<\/li>\n<li>stimule la production de collag\u00e8ne<\/li>\n<li>r\u00e9duit les taches brunes et les imperfections<\/li>\n<li>formule l\u00e9g\u00e8re \u00e0 absorption rapide<\/li>\n<li>signes de fatigue r\u00e9duits<\/li>\n<li>pour tous les types de peau, y compris les peaux sensibles<\/li>\n<li>hydrate et nourrit intens\u00e9ment<\/li>\n<li>v\u00e9g\u00e9talien<\/li>\n<li>beaut\u00e9 propre<\/li>\n<li>sans cruaut\u00e9<\/li>\n<\/ul>\n<p><strong>Mode d\u2019emploi :<\/strong><\/p>\n<ul>\n<li>Appliquer 2 \u00e0 3 gouttes de s\u00e9rum sur une peau propre, apr\u00e8s le tonique.<\/li>\n<li>R\u00e9partir uniform\u00e9ment.<\/li>\n<li>Ce s\u00e9rum peut \u00eatre utilis\u00e9 aussi bien le matin que le soir.<\/li>\n<\/ul>\n<p><strong>Ingr\u00e9dients :<\/strong><br \/>Eau de fruit de Malpighia Glabra (ac\u00e9rola), eau, butyl\u00e8ne glycol, glyc\u00e9rine, \u00e9thylhexanoate de c\u00e9tyle, niacinamide, 1,2-hexanediol, arbutine, l\u00e9cithine hydrog\u00e9n\u00e9e, t\u00e9trab\u00e9h\u00e9nate de penta\u00e9rythrityle, succinate de di\u00e9thoxy\u00e9thyle, b\u00e9ta\u00efne, c\u00e9ramide NP, hydroxy\u00e9thylur\u00e9e, triglyc\u00e9ride caprylique\/caprique, extrait de feuille de Melia Azadirachta, alcool c\u00e9t\u00e9arylique, squalane, extrait de fleur de Melia Azadirachta, panth\u00e9nol, extrait de racine de Curcuma Longa (curcuma), tocoph\u00e9rol, carbom\u00e8re, beurre de Butyrospermum Parkii (karit\u00e9), trom\u00e9thamine, gomme xanthane, allanto\u00efne, \u00e9thylhexylglyc\u00e9rine, 2,3-butanediol, ad\u00e9nosine, extrait de feuille d\u2019Ocimum Sanctum, EDTA disodique, hyaluronate de sodium, carboxym\u00e9thyl de sodium B\u00eata-glucane, extrait de Corallina Officinalis, extrait de fruit de Malpighia Glabra (ac\u00e9rola), st\u00e9arate de glyc\u00e9ryle, acide hyaluronique hydrolys\u00e9, hyaluronate de sodium hydrolys\u00e9, acide hyaluronique, hyaluronate d\u2019hydroxypropyltrimonium, hyaluronate de potassium, extrait de fruit de Rubus Fruticosus (m\u00fbre), extrait de fruit de Vaccinium Macrocarpon (canneberge), extrait de fruit de Vaccinium Angustifolium (myrtille), extrait de fruit de Rubus Idaeus (framboise), extrait de fruit de Sambucus Nigra, c\u00e9ramide NS, c\u00e9ramide AS, c\u00e9ramide AP, cholest\u00e9rol, acide f\u00e9rulique, glutathion, acide tranexamique, acide 3-O-\u00e9thyl ascorbique, pentyl\u00e8ne glycol, polym\u00e8re crois\u00e9 d\u2019hyaluronate de sodium, hyaluronate de sodium ac\u00e9tyl\u00e9, c\u00e9ramide EOP<\/p>\n","protected":false},"excerpt":{"rendered":"<p>Description Le&nbsp;&nbsp;S\u00e9rum Illuminateur Vitamin\u00e9 Eqqualberry&nbsp;&nbsp;est votre arme secr\u00e8te pour une peau \u00e9clatante et lumineuse. Ce s\u00e9rum luxueux est enrichi d\u2019un puissant m\u00e9lange de vitamine C et d\u2019antioxydants, contribuant \u00e0 illuminer votre peau et \u00e0 lui donner un \u00e9clat sain. Sa formule l\u00e9g\u00e8re et rapidement absorb\u00e9e nourrit intens\u00e9ment la peau et r\u00e9duit visiblement les signes de [&hellip;]<\/p>\n","protected":false},"featured_media":2959,"comment_status":"open","ping_status":"closed","template":"","meta":{"content-type":"","_uag_custom_page_level_css":""},"pwb-brand":[],"product_brand":[],"product_cat":[337,327,328,334,338,323,387],"product_tag":[],"class_list":{"0":"post-2960","1":"product","2":"type-product","3":"status-publish","4":"has-post-thumbnail","6":"product_cat-eqqualberry","7":"product_cat-hmizat","8":"product_cat-nouveautes","9":"product_cat-produits-coreens","10":"product_cat-serum-ampoule","11":"product_cat-skincare","12":"product_cat-vitamin-c","14":"first","15":"instock","16":"sale","17":"shipping-taxable","18":"purchasable","19":"product-type-simple"},"aioseo_notices":[],"uagb_featured_image_src":{"full":["https:\/\/wavexia.com\/wp-content\/uploads\/2025\/10\/eqqualberry-vitamin-illuminating-serum-64026217415039.webp",940,940,false],"thumbnail":["https:\/\/wavexia.com\/wp-content\/uploads\/2025\/10\/eqqualberry-vitamin-illuminating-serum-64026217415039-150x150.webp",150,150,true],"medium":["https:\/\/wavexia.com\/wp-content\/uploads\/2025\/10\/eqqualberry-vitamin-illuminating-serum-64026217415039-300x300.webp",300,300,true],"medium_large":["https:\/\/wavexia.com\/wp-content\/uploads\/2025\/10\/eqqualberry-vitamin-illuminating-serum-64026217415039-768x768.webp",768,768,true],"large":["https:\/\/wavexia.com\/wp-content\/uploads\/2025\/10\/eqqualberry-vitamin-illuminating-serum-64026217415039.webp",940,940,false],"1536x1536":["https:\/\/wavexia.com\/wp-content\/uploads\/2025\/10\/eqqualberry-vitamin-illuminating-serum-64026217415039.webp",940,940,false],"2048x2048":["https:\/\/wavexia.com\/wp-content\/uploads\/2025\/10\/eqqualberry-vitamin-illuminating-serum-64026217415039.webp",940,940,false],"woocommerce_archive_thumbnail":["https:\/\/wavexia.com\/wp-content\/uploads\/2025\/10\/eqqualberry-vitamin-illuminating-serum-64026217415039-300x300.webp",300,300,true],"woocommerce_thumbnail":["https:\/\/wavexia.com\/wp-content\/uploads\/2025\/10\/eqqualberry-vitamin-illuminating-serum-64026217415039-300x300.webp",300,300,true],"woocommerce_single":["https:\/\/wavexia.com\/wp-content\/uploads\/2025\/10\/eqqualberry-vitamin-illuminating-serum-64026217415039-600x600.webp",600,600,true],"woocommerce_gallery_thumbnail":["https:\/\/wavexia.com\/wp-content\/uploads\/2025\/10\/eqqualberry-vitamin-illuminating-serum-64026217415039-100x100.webp",100,100,true]},"uagb_author_info":{"display_name":"zineddine.ayoub98@gmail.com","author_link":"https:\/\/wavexia.com\/?author=0"},"uagb_comment_info":0,"uagb_excerpt":"Description Le&nbsp;&nbsp;S\u00e9rum Illuminateur Vitamin\u00e9 Eqqualberry&nbsp;&nbsp;est votre arme secr\u00e8te pour une peau \u00e9clatante et lumineuse. Ce s\u00e9rum luxueux est enrichi d\u2019un puissant m\u00e9lange de vitamine C et d\u2019antioxydants, contribuant \u00e0 illuminer votre peau et \u00e0 lui donner un \u00e9clat sain. Sa formule l\u00e9g\u00e8re et rapidement absorb\u00e9e nourrit intens\u00e9ment la peau et r\u00e9duit visiblement les signes de&hellip;","brands":[],"_links":{"self":[{"href":"https:\/\/wavexia.com\/index.php?rest_route=\/wp\/v2\/product\/2960","targetHints":{"allow":["GET"]}}],"collection":[{"href":"https:\/\/wavexia.com\/index.php?rest_route=\/wp\/v2\/product"}],"about":[{"href":"https:\/\/wavexia.com\/index.php?rest_route=\/wp\/v2\/types\/product"}],"replies":[{"embeddable":true,"href":"https:\/\/wavexia.com\/index.php?rest_route=%2Fwp%2Fv2%2Fcomments&post=2960"}],"wp:featuredmedia":[{"embeddable":true,"href":"https:\/\/wavexia.com\/index.php?rest_route=\/wp\/v2\/media\/2959"}],"wp:attachment":[{"href":"https:\/\/wavexia.com\/index.php?rest_route=%2Fwp%2Fv2%2Fmedia&parent=2960"}],"wp:term":[{"taxonomy":"pwb-brand","embeddable":true,"href":"https:\/\/wavexia.com\/index.php?rest_route=%2Fwp%2Fv2%2Fpwb-brand&post=2960"},{"taxonomy":"product_brand","embeddable":true,"href":"https:\/\/wavexia.com\/index.php?rest_route=%2Fwp%2Fv2%2Fproduct_brand&post=2960"},{"taxonomy":"product_cat","embeddable":true,"href":"https:\/\/wavexia.com\/index.php?rest_route=%2Fwp%2Fv2%2Fproduct_cat&post=2960"},{"taxonomy":"product_tag","embeddable":true,"href":"https:\/\/wavexia.com\/index.php?rest_route=%2Fwp%2Fv2%2Fproduct_tag&post=2960"}],"curies":[{"name":"wp","href":"https:\/\/api.w.org\/{rel}","templated":true}]}}