{"id":2954,"date":"2025-10-18T22:09:21","date_gmt":"2025-10-18T22:09:21","guid":{"rendered":"https:\/\/wavexia.com\/product\/eqqualberry-bakuchiol-plumping-serum-30ml\/"},"modified":"2026-03-10T07:30:51","modified_gmt":"2026-03-10T07:30:51","slug":"eqqualberry-bakuchiol-plumping-serum-30ml","status":"publish","type":"product","link":"https:\/\/wavexia.com\/?product=eqqualberry-bakuchiol-plumping-serum-30ml","title":{"rendered":"Eqqualberry Bakuchiol Plumping Serum 30ml"},"content":{"rendered":"<h2>Description<\/h2>\n<p>Le&nbsp;Eqqualberry Bakuchiol Plumping Serum&nbsp;est l\u2019ajout parfait \u00e0 votre routine de soin pour une peau fra\u00eeche et d\u2019apparence jeune. Ce s\u00e9rum contient du Bakuchiol, une alternative v\u00e9g\u00e9tale au r\u00e9tinol, reconnue pour ses propri\u00e9t\u00e9s apaisantes et r\u00e9g\u00e9n\u00e9ratrices. Il aide \u00e0 r\u00e9duire les ridules et les rides tout en offrant \u00e0 la peau un aspect ferme et repulp\u00e9.<\/p>\n<p>Gr\u00e2ce \u00e0 l\u2019efficacit\u00e9 du Bakuchiol, votre peau est apais\u00e9e et renforc\u00e9e, sans les irritations souvent caus\u00e9es par les produits au r\u00e9tinol traditionnels. Il p\u00e9n\u00e8tre rapidement, vous permettant de profiter d\u2019une peau douce et hydrat\u00e9e tout au long de la journ\u00e9e.<\/p>\n<p>Ajoutez ce s\u00e9rum \u00e0 votre routine pour un teint \u00e9clatant et une peau visiblement plus lisse, et ressentez-vous plus confiant(e) !<\/p>\n<p><strong>Ce s\u00e9rum :<\/strong><\/p>\n<ul>\n<li>Formule \u00e0 base de Bakuchiol<\/li>\n<li>Alternative v\u00e9g\u00e9tale au r\u00e9tinol<\/li>\n<li>Apaisant<\/li>\n<li>R\u00e9g\u00e9n\u00e8re la peau<\/li>\n<li>R\u00e9duit les ridules et les rides<\/li>\n<li>Teint \u00e9clatant<\/li>\n<li>Apaisant et renfor\u00e7ant<\/li>\n<li>P\u00e9n\u00e8tre rapidement<\/li>\n<li>Hydrate<\/li>\n<li>Usage quotidien<\/li>\n<li>Sans cruaut\u00e9<\/li>\n<\/ul>\n<p><strong>Mode d\u2019emploi :<\/strong><\/p>\n<ul>\n<li>Appliquez 2-3 gouttes de s\u00e9rum sur une peau propre apr\u00e8s le toner.<\/li>\n<li>R\u00e9partissez uniform\u00e9ment.<\/li>\n<li>Ce s\u00e9rum peut \u00eatre utilis\u00e9 le matin et le soir.<\/li>\n<\/ul>\n<p><strong>Ingr\u00e9dients :<\/strong><br \/>Water, Butylene Glycol, Glycerin, Cetyl Ethylhexanoate, 1,2-Hexanediol, Niacinamide, Hydrogenated Lecithin, Pentaerythrityl Tetrabehenate, Diethoxyethyl Succinate, Betaine, Ceramide NP, Melia Azadirachta Flower Extract, Hydroxyethyl Urea, Bakuchiol, Cetearyl Alcohol, Squalane, Coccinia Indica Fruit Extract, Panthenol, Carbomer, Butyrospermum Parkii (Shea) Butter, Tromethamine, Xanthan Gum, Allantoin, Ethylhexylglycerin, 2,3-Butanediol, Adenosine, Disodium Edta, Lavandula Angustifolia (Lavender) Oil, Sodium Carboxymethyl Beta-Glucan, Glyceryl Stearate, Dipropylene Glycol, Citrus Aurantium Bergamia (Bergamot) Fruit Oil, Sodium Hyaluronate, Rubus Fruticosus (Blackberry) Fruit Extract, Vaccinium Macrocarpon (Cranberry) Fruit Extract, Vaccinium Angustifolium (Blueberry) Fruit Extract, Rubus Idaeus (Raspberry) Fruit Extract, Sambucus Nigra Fruit Extract, Sodium Lactate, Polyglyceryl-10 Laurate, Ceramide NS, Ceramide AS, Ceramide AP, Cholesterol, Salvia Officinalis (Sage) Oil, Polysorbate 20, Octyldodecanol, Polyglyceryl-4 Caprate, Methylpropanediol, Hydrolyzed Hyaluronic Acid, Hydrolyzed Sodium Hyaluronate, Hyaluronic Acid, Hydroxypropyltrimonium Hyaluronate, Potassium Hyaluronate, Astaxanthin, Pentylene Glycol, Sodium Hyaluronate Crosspolymer, Palmitoyl Tripeptide-1, Soluble Collagen, Sodium Acetylated Hyaluronate, Copper Tripeptide-1, Palmitoyl Tetrapeptide-7, Oligopeptide-32, Oligopeptide-29, Acetyl Hexapeptide-8, Ceramide Eop, Acetyl Tetrapeptide-2, Acetyl Tetrapeptide-3, Acetyl Octapeptide-3, Palmitoyl Pentapeptide-4, Oligopeptide-6, Hexapeptide-9, Nonapeptide-1, Limonene, Linalool<\/p>\n","protected":false},"excerpt":{"rendered":"<p>Description Le&nbsp;Eqqualberry Bakuchiol Plumping Serum&nbsp;est l\u2019ajout parfait \u00e0 votre routine de soin pour une peau fra\u00eeche et d\u2019apparence jeune. Ce s\u00e9rum contient du Bakuchiol, une alternative v\u00e9g\u00e9tale au r\u00e9tinol, reconnue pour ses propri\u00e9t\u00e9s apaisantes et r\u00e9g\u00e9n\u00e9ratrices. Il aide \u00e0 r\u00e9duire les ridules et les rides tout en offrant \u00e0 la peau un aspect ferme et [&hellip;]<\/p>\n","protected":false},"featured_media":2953,"comment_status":"open","ping_status":"closed","template":"","meta":{"content-type":"","_uag_custom_page_level_css":""},"pwb-brand":[],"product_brand":[],"product_cat":[337,327,339,334,338],"product_tag":[],"class_list":{"0":"post-2954","1":"product","2":"type-product","3":"status-publish","4":"has-post-thumbnail","6":"product_cat-eqqualberry","7":"product_cat-hmizat","8":"product_cat-meilleures-ventes","9":"product_cat-produits-coreens","10":"product_cat-serum-ampoule","12":"first","13":"instock","14":"sale","15":"shipping-taxable","16":"purchasable","17":"product-type-simple"},"aioseo_notices":[],"uagb_featured_image_src":{"full":["https:\/\/wavexia.com\/wp-content\/uploads\/2025\/10\/71MeGxBgZRL_800x.webp",800,800,false],"thumbnail":["https:\/\/wavexia.com\/wp-content\/uploads\/2025\/10\/71MeGxBgZRL_800x-150x150.webp",150,150,true],"medium":["https:\/\/wavexia.com\/wp-content\/uploads\/2025\/10\/71MeGxBgZRL_800x-300x300.webp",300,300,true],"medium_large":["https:\/\/wavexia.com\/wp-content\/uploads\/2025\/10\/71MeGxBgZRL_800x-768x768.webp",768,768,true],"large":["https:\/\/wavexia.com\/wp-content\/uploads\/2025\/10\/71MeGxBgZRL_800x.webp",800,800,false],"1536x1536":["https:\/\/wavexia.com\/wp-content\/uploads\/2025\/10\/71MeGxBgZRL_800x.webp",800,800,false],"2048x2048":["https:\/\/wavexia.com\/wp-content\/uploads\/2025\/10\/71MeGxBgZRL_800x.webp",800,800,false],"woocommerce_archive_thumbnail":["https:\/\/wavexia.com\/wp-content\/uploads\/2025\/10\/71MeGxBgZRL_800x-300x300.webp",300,300,true],"woocommerce_thumbnail":["https:\/\/wavexia.com\/wp-content\/uploads\/2025\/10\/71MeGxBgZRL_800x-300x300.webp",300,300,true],"woocommerce_single":["https:\/\/wavexia.com\/wp-content\/uploads\/2025\/10\/71MeGxBgZRL_800x-600x600.webp",600,600,true],"woocommerce_gallery_thumbnail":["https:\/\/wavexia.com\/wp-content\/uploads\/2025\/10\/71MeGxBgZRL_800x-100x100.webp",100,100,true]},"uagb_author_info":{"display_name":"zineddine.ayoub98@gmail.com","author_link":"https:\/\/wavexia.com\/?author=0"},"uagb_comment_info":0,"uagb_excerpt":"Description Le&nbsp;Eqqualberry Bakuchiol Plumping Serum&nbsp;est l\u2019ajout parfait \u00e0 votre routine de soin pour une peau fra\u00eeche et d\u2019apparence jeune. Ce s\u00e9rum contient du Bakuchiol, une alternative v\u00e9g\u00e9tale au r\u00e9tinol, reconnue pour ses propri\u00e9t\u00e9s apaisantes et r\u00e9g\u00e9n\u00e9ratrices. Il aide \u00e0 r\u00e9duire les ridules et les rides tout en offrant \u00e0 la peau un aspect ferme et&hellip;","brands":[],"_links":{"self":[{"href":"https:\/\/wavexia.com\/index.php?rest_route=\/wp\/v2\/product\/2954","targetHints":{"allow":["GET"]}}],"collection":[{"href":"https:\/\/wavexia.com\/index.php?rest_route=\/wp\/v2\/product"}],"about":[{"href":"https:\/\/wavexia.com\/index.php?rest_route=\/wp\/v2\/types\/product"}],"replies":[{"embeddable":true,"href":"https:\/\/wavexia.com\/index.php?rest_route=%2Fwp%2Fv2%2Fcomments&post=2954"}],"wp:featuredmedia":[{"embeddable":true,"href":"https:\/\/wavexia.com\/index.php?rest_route=\/wp\/v2\/media\/2953"}],"wp:attachment":[{"href":"https:\/\/wavexia.com\/index.php?rest_route=%2Fwp%2Fv2%2Fmedia&parent=2954"}],"wp:term":[{"taxonomy":"pwb-brand","embeddable":true,"href":"https:\/\/wavexia.com\/index.php?rest_route=%2Fwp%2Fv2%2Fpwb-brand&post=2954"},{"taxonomy":"product_brand","embeddable":true,"href":"https:\/\/wavexia.com\/index.php?rest_route=%2Fwp%2Fv2%2Fproduct_brand&post=2954"},{"taxonomy":"product_cat","embeddable":true,"href":"https:\/\/wavexia.com\/index.php?rest_route=%2Fwp%2Fv2%2Fproduct_cat&post=2954"},{"taxonomy":"product_tag","embeddable":true,"href":"https:\/\/wavexia.com\/index.php?rest_route=%2Fwp%2Fv2%2Fproduct_tag&post=2954"}],"curies":[{"name":"wp","href":"https:\/\/api.w.org\/{rel}","templated":true}]}}