{"id":2949,"date":"2025-10-18T22:09:18","date_gmt":"2025-10-18T22:09:18","guid":{"rendered":"https:\/\/wavexia.com\/product\/moms-bath-recipe-body-peeling-pad-strong\/"},"modified":"2026-03-10T07:30:51","modified_gmt":"2026-03-10T07:30:51","slug":"moms-bath-recipe-body-peeling-pad-strong","status":"publish","type":"product","link":"https:\/\/wavexia.com\/?product=moms-bath-recipe-body-peeling-pad-strong","title":{"rendered":"Mom\u2019s Bath Recipe Body Peeling Pad Strong"},"content":{"rendered":"<h2>Description<\/h2>\n<p>Une solution innovante pour l\u2019exfoliation du corps. Ce produit se distingue par sa commodit\u00e9 et sa facilit\u00e9 d\u2019utilisation avec une approche en 3 \u00e9tapes.<\/p>\n<p>Ce tampon pr\u00e9sente une formule qui m\u00e9lange les propri\u00e9t\u00e9s exfoliantes de l\u2019AHA et du BHA avec les bienfaits du&nbsp;<strong>varech<\/strong>&nbsp;et des&nbsp;<strong>postbiotiques<\/strong>. Gommage facile du corps avec de&nbsp;<strong>l\u2019enzyme d\u2019ananas (brom\u00e9la\u00efne)<\/strong>&nbsp;et<strong>&nbsp;des ingr\u00e9dients ferment\u00e9s \u00e0 la citrouille<\/strong>. Ces coussinets exfolient la peau, travaillant avec diligence pour \u00e9liminer les impuret\u00e9s et les cellules mortes de la peau. Le coussin double face a un c\u00f4t\u00e9 rouge avec un gommage en maille pour les coudes et les chevilles et un c\u00f4t\u00e9 doux blanc pour les zones sensibles.<\/p>\n<p>Ces coussinets produisent une mousse douce et dense, et ils combinent les propri\u00e9t\u00e9s d\u2019un exfoliant et d\u2019un produit de bain traditionnel. Et lorsque vous utilisez le coussin, vous \u00eates envelopp\u00e9 par l\u2019ar\u00f4me apaisant du cypr\u00e8s Hinoki. Ce parfum, combin\u00e9 aux bulles riches et rebondissantes du coussin, a le potentiel de vous transporter dans un royaume de d\u00e9tente, faisant fondre le stress et les tensions de la journ\u00e9e. Cette solution tout-en-un offre une exfoliation puissante, un nettoyage en douceur et une hydratation.<\/p>\n<p>La formule assure \u00e9galement l\u2019hydratation, hydratant le corps. La peau est plus douce et plus lisse et d\u00e9gage \u00e9galement un \u00e9clat de jeunesse.<\/p>\n<p>Formule hypoallerg\u00e9nique et v\u00e9g\u00e9talienne. Formul\u00e9 sans ingr\u00e9dients d\u2019origine animale, ni parab\u00e8nes.<\/p>\n<h5>mode d\u2019emploi:<\/h5>\n<p>Mouillez votre corps avec de l\u2019eau. Ouvrez le sachet, placez votre main dans le tampon et frottez le c\u00f4t\u00e9 gaufr\u00e9 blanc sur votre corps pour cr\u00e9er une mousse. Essuyez et frottez l\u2019ensemble du corps avec le tampon pour un soin \u00e0 la k\u00e9ratine bull\u00e9e. Utilisez le c\u00f4t\u00e9 rouge pour rouler sur les zones o\u00f9 les cellules mortes de la peau sont le plus pr\u00e9sentes (coudes, chevilles, etc.) Rincez votre corps \u00e0 l\u2019eau ti\u00e8de.<\/p>\n<p>Remarque&nbsp;: Il est recommand\u00e9 d\u2019utiliser 1 \u00e0 2 fois par semaine. Pour les peaux sensibles, un test \u00e9picutan\u00e9 est conseill\u00e9.<\/p>\n<h5>ingr\u00e9dients:<\/h5>\n<p>Eau, Filtrat de ferment de graines de Saccharomyces\/Coix Lacryma-Jobi Ma-Yuen, glyc\u00e9rine, Cocamidopropyl Hydroxysultaine, Laureth sulfosuccinate disodique, Propanediol, 1,2-Hexanediol, Polyglyceryl-4 Caprate, Parfum, Caprylate de glyc\u00e9ryle, Panth\u00e9nol, Allanto\u00efne, Acide citrique, Ethylhexylglyc\u00e9rine, Polyquaternium-10, Edta disodique, Butyl\u00e8ne glycol, Chlorure de sodium, Extrait d\u2019\u00e9corce de Salix Alba (saule), Extrait de Laminaria Digitata, Alcool ph\u00e9n\u00e9thylique, Isom\u00e9rate de saccharide, Fruit de Citrus Aurantium Dulcis (orange) extrait, extrait de fruit de Pyrus Malus (pomme), extrait de fruit de Citrus Limon (citron), extrait de lactobacille\/ferment de citrouille, brom\u00e9la\u00efne.<\/p>\n","protected":false},"excerpt":{"rendered":"<p>Description Une solution innovante pour l\u2019exfoliation du corps. Ce produit se distingue par sa commodit\u00e9 et sa facilit\u00e9 d\u2019utilisation avec une approche en 3 \u00e9tapes. Ce tampon pr\u00e9sente une formule qui m\u00e9lange les propri\u00e9t\u00e9s exfoliantes de l\u2019AHA et du BHA avec les bienfaits du&nbsp;varech&nbsp;et des&nbsp;postbiotiques. Gommage facile du corps avec de&nbsp;l\u2019enzyme d\u2019ananas (brom\u00e9la\u00efne)&nbsp;et&nbsp;des ingr\u00e9dients ferment\u00e9s [&hellip;]<\/p>\n","protected":false},"featured_media":2833,"comment_status":"open","ping_status":"closed","template":"","meta":{"content-type":"","_uag_custom_page_level_css":""},"pwb-brand":[],"product_brand":[],"product_cat":[322,327,380,328,334],"product_tag":[],"class_list":{"0":"post-2949","1":"product","2":"type-product","3":"status-publish","4":"has-post-thumbnail","6":"product_cat-corps-bain","7":"product_cat-hmizat","8":"product_cat-moms-bath-recipe","9":"product_cat-nouveautes","10":"product_cat-produits-coreens","12":"first","13":"instock","14":"sale","15":"shipping-taxable","16":"purchasable","17":"product-type-simple"},"aioseo_notices":[],"uagb_featured_image_src":{"full":["https:\/\/wavexia.com\/wp-content\/uploads\/2025\/10\/momsbath_500001-650x650-1.jpg",650,650,false],"thumbnail":["https:\/\/wavexia.com\/wp-content\/uploads\/2025\/10\/momsbath_500001-650x650-1-150x150.jpg",150,150,true],"medium":["https:\/\/wavexia.com\/wp-content\/uploads\/2025\/10\/momsbath_500001-650x650-1-300x300.jpg",300,300,true],"medium_large":["https:\/\/wavexia.com\/wp-content\/uploads\/2025\/10\/momsbath_500001-650x650-1.jpg",650,650,false],"large":["https:\/\/wavexia.com\/wp-content\/uploads\/2025\/10\/momsbath_500001-650x650-1.jpg",650,650,false],"1536x1536":["https:\/\/wavexia.com\/wp-content\/uploads\/2025\/10\/momsbath_500001-650x650-1.jpg",650,650,false],"2048x2048":["https:\/\/wavexia.com\/wp-content\/uploads\/2025\/10\/momsbath_500001-650x650-1.jpg",650,650,false],"woocommerce_archive_thumbnail":["https:\/\/wavexia.com\/wp-content\/uploads\/2025\/10\/momsbath_500001-650x650-1-300x300.jpg",300,300,true],"woocommerce_thumbnail":["https:\/\/wavexia.com\/wp-content\/uploads\/2025\/10\/momsbath_500001-650x650-1-300x300.jpg",300,300,true],"woocommerce_single":["https:\/\/wavexia.com\/wp-content\/uploads\/2025\/10\/momsbath_500001-650x650-1-600x600.jpg",600,600,true],"woocommerce_gallery_thumbnail":["https:\/\/wavexia.com\/wp-content\/uploads\/2025\/10\/momsbath_500001-650x650-1-100x100.jpg",100,100,true]},"uagb_author_info":{"display_name":"zineddine.ayoub98@gmail.com","author_link":"https:\/\/wavexia.com\/?author=0"},"uagb_comment_info":0,"uagb_excerpt":"Description Une solution innovante pour l\u2019exfoliation du corps. Ce produit se distingue par sa commodit\u00e9 et sa facilit\u00e9 d\u2019utilisation avec une approche en 3 \u00e9tapes. Ce tampon pr\u00e9sente une formule qui m\u00e9lange les propri\u00e9t\u00e9s exfoliantes de l\u2019AHA et du BHA avec les bienfaits du&nbsp;varech&nbsp;et des&nbsp;postbiotiques. Gommage facile du corps avec de&nbsp;l\u2019enzyme d\u2019ananas (brom\u00e9la\u00efne)&nbsp;et&nbsp;des ingr\u00e9dients ferment\u00e9s&hellip;","brands":[],"_links":{"self":[{"href":"https:\/\/wavexia.com\/index.php?rest_route=\/wp\/v2\/product\/2949","targetHints":{"allow":["GET"]}}],"collection":[{"href":"https:\/\/wavexia.com\/index.php?rest_route=\/wp\/v2\/product"}],"about":[{"href":"https:\/\/wavexia.com\/index.php?rest_route=\/wp\/v2\/types\/product"}],"replies":[{"embeddable":true,"href":"https:\/\/wavexia.com\/index.php?rest_route=%2Fwp%2Fv2%2Fcomments&post=2949"}],"wp:featuredmedia":[{"embeddable":true,"href":"https:\/\/wavexia.com\/index.php?rest_route=\/wp\/v2\/media\/2833"}],"wp:attachment":[{"href":"https:\/\/wavexia.com\/index.php?rest_route=%2Fwp%2Fv2%2Fmedia&parent=2949"}],"wp:term":[{"taxonomy":"pwb-brand","embeddable":true,"href":"https:\/\/wavexia.com\/index.php?rest_route=%2Fwp%2Fv2%2Fpwb-brand&post=2949"},{"taxonomy":"product_brand","embeddable":true,"href":"https:\/\/wavexia.com\/index.php?rest_route=%2Fwp%2Fv2%2Fproduct_brand&post=2949"},{"taxonomy":"product_cat","embeddable":true,"href":"https:\/\/wavexia.com\/index.php?rest_route=%2Fwp%2Fv2%2Fproduct_cat&post=2949"},{"taxonomy":"product_tag","embeddable":true,"href":"https:\/\/wavexia.com\/index.php?rest_route=%2Fwp%2Fv2%2Fproduct_tag&post=2949"}],"curies":[{"name":"wp","href":"https:\/\/api.w.org\/{rel}","templated":true}]}}