{"id":2946,"date":"2025-10-18T22:09:17","date_gmt":"2025-10-18T22:09:17","guid":{"rendered":"https:\/\/wavexia.com\/product\/kiko-unlimited-double-touch-ref-103\/"},"modified":"2026-03-10T07:30:51","modified_gmt":"2026-03-10T07:30:51","slug":"kiko-unlimited-double-touch-ref-103","status":"publish","type":"product","link":"https:\/\/wavexia.com\/?product=kiko-unlimited-double-touch-ref-103","title":{"rendered":"KIKO \u2013 UNLIMITED DOUBLE TOUCH \u2013 r\u00e9f 103"},"content":{"rendered":"<h2>Description<\/h2>\n<p>Rouge \u00e0 l\u00e8vres liquide longue tenue en 2 \u00e9tapes : un duo extraordinaire compos\u00e9 d\u2019une base color\u00e9e et d\u2019un gloss au fini intense et lumineux. La couleur se fixe sur les l\u00e8vres pour un r\u00e9sultat longue tenue jusqu\u2019\u00e0 12 heures*.<\/p>\n<p>Base color\u00e9e : sa formule enrichie en polym\u00e8res \u00e0 effet film garantit une sensation vraiment agr\u00e9able, une adh\u00e9rence optimale aux l\u00e8vres et une teinte&nbsp; uniforme. Un produit sans bavure qui s\u00e8che tr\u00e8s rapidement.<\/p>\n<p>Gloss : sa formule \u00e0 l\u2019action \u00e9molliente sublime les l\u00e8vres d\u2019un fini lumineux et brillant.<\/p>\n<p>Sa texture est glissante et homog\u00e8ne.<\/p>\n<p>Le rouge \u00e0 l\u00e8vres propose deux applicateurs adapt\u00e9s \u00e0 chaque texture : l\u2019applicateur floqu\u00e9 de la base color\u00e9e garantit une pr\u00e9cision optimale, tandis que celui du gloss est muni de poils, pour un dosage parfait. Son design fonctionnel et \u00e9l\u00e9gant se distingue gr\u00e2ce \u00e0 sa partie centrale en m\u00e9tal orn\u00e9e du monogramme KK.<\/p>\n","protected":false},"excerpt":{"rendered":"<p>Description Rouge \u00e0 l\u00e8vres liquide longue tenue en 2 \u00e9tapes : un duo extraordinaire compos\u00e9 d\u2019une base color\u00e9e et d\u2019un gloss au fini intense et lumineux. La couleur se fixe sur les l\u00e8vres pour un r\u00e9sultat longue tenue jusqu\u2019\u00e0 12 heures*. Base color\u00e9e : sa formule enrichie en polym\u00e8res \u00e0 effet film garantit une sensation [&hellip;]<\/p>\n","protected":false},"featured_media":2822,"comment_status":"open","ping_status":"closed","template":"","meta":{"content-type":"","_uag_custom_page_level_css":""},"pwb-brand":[],"product_brand":[],"product_cat":[388,360],"product_tag":[],"class_list":{"0":"post-2946","1":"product","2":"type-product","3":"status-publish","4":"has-post-thumbnail","6":"product_cat-kiko","7":"product_cat-maquillage","9":"first","10":"instock","11":"sale","12":"shipping-taxable","13":"purchasable","14":"product-type-simple"},"aioseo_notices":[],"uagb_featured_image_src":{"full":["https:\/\/wavexia.com\/wp-content\/uploads\/2025\/10\/IMG_3936.jpeg",900,900,false],"thumbnail":["https:\/\/wavexia.com\/wp-content\/uploads\/2025\/10\/IMG_3936-150x150.jpeg",150,150,true],"medium":["https:\/\/wavexia.com\/wp-content\/uploads\/2025\/10\/IMG_3936-300x300.jpeg",300,300,true],"medium_large":["https:\/\/wavexia.com\/wp-content\/uploads\/2025\/10\/IMG_3936-768x768.jpeg",768,768,true],"large":["https:\/\/wavexia.com\/wp-content\/uploads\/2025\/10\/IMG_3936.jpeg",900,900,false],"1536x1536":["https:\/\/wavexia.com\/wp-content\/uploads\/2025\/10\/IMG_3936.jpeg",900,900,false],"2048x2048":["https:\/\/wavexia.com\/wp-content\/uploads\/2025\/10\/IMG_3936.jpeg",900,900,false],"woocommerce_archive_thumbnail":["https:\/\/wavexia.com\/wp-content\/uploads\/2025\/10\/IMG_3936-300x300.jpeg",300,300,true],"woocommerce_thumbnail":["https:\/\/wavexia.com\/wp-content\/uploads\/2025\/10\/IMG_3936-300x300.jpeg",300,300,true],"woocommerce_single":["https:\/\/wavexia.com\/wp-content\/uploads\/2025\/10\/IMG_3936-600x600.jpeg",600,600,true],"woocommerce_gallery_thumbnail":["https:\/\/wavexia.com\/wp-content\/uploads\/2025\/10\/IMG_3936-100x100.jpeg",100,100,true]},"uagb_author_info":{"display_name":"zineddine.ayoub98@gmail.com","author_link":"https:\/\/wavexia.com\/?author=0"},"uagb_comment_info":0,"uagb_excerpt":"Description Rouge \u00e0 l\u00e8vres liquide longue tenue en 2 \u00e9tapes : un duo extraordinaire compos\u00e9 d\u2019une base color\u00e9e et d\u2019un gloss au fini intense et lumineux. La couleur se fixe sur les l\u00e8vres pour un r\u00e9sultat longue tenue jusqu\u2019\u00e0 12 heures*. Base color\u00e9e : sa formule enrichie en polym\u00e8res \u00e0 effet film garantit une sensation&hellip;","brands":[],"_links":{"self":[{"href":"https:\/\/wavexia.com\/index.php?rest_route=\/wp\/v2\/product\/2946","targetHints":{"allow":["GET"]}}],"collection":[{"href":"https:\/\/wavexia.com\/index.php?rest_route=\/wp\/v2\/product"}],"about":[{"href":"https:\/\/wavexia.com\/index.php?rest_route=\/wp\/v2\/types\/product"}],"replies":[{"embeddable":true,"href":"https:\/\/wavexia.com\/index.php?rest_route=%2Fwp%2Fv2%2Fcomments&post=2946"}],"wp:featuredmedia":[{"embeddable":true,"href":"https:\/\/wavexia.com\/index.php?rest_route=\/wp\/v2\/media\/2822"}],"wp:attachment":[{"href":"https:\/\/wavexia.com\/index.php?rest_route=%2Fwp%2Fv2%2Fmedia&parent=2946"}],"wp:term":[{"taxonomy":"pwb-brand","embeddable":true,"href":"https:\/\/wavexia.com\/index.php?rest_route=%2Fwp%2Fv2%2Fpwb-brand&post=2946"},{"taxonomy":"product_brand","embeddable":true,"href":"https:\/\/wavexia.com\/index.php?rest_route=%2Fwp%2Fv2%2Fproduct_brand&post=2946"},{"taxonomy":"product_cat","embeddable":true,"href":"https:\/\/wavexia.com\/index.php?rest_route=%2Fwp%2Fv2%2Fproduct_cat&post=2946"},{"taxonomy":"product_tag","embeddable":true,"href":"https:\/\/wavexia.com\/index.php?rest_route=%2Fwp%2Fv2%2Fproduct_tag&post=2946"}],"curies":[{"name":"wp","href":"https:\/\/api.w.org\/{rel}","templated":true}]}}