{"id":2944,"date":"2025-10-18T22:09:17","date_gmt":"2025-10-18T22:09:17","guid":{"rendered":"https:\/\/wavexia.com\/product\/dr-althea-serum-doux-a-la-vitamine-c-20\/"},"modified":"2026-03-10T07:30:51","modified_gmt":"2026-03-10T07:30:51","slug":"dr-althea-serum-doux-a-la-vitamine-c-20","status":"publish","type":"product","link":"https:\/\/wavexia.com\/?product=dr-althea-serum-doux-a-la-vitamine-c-20","title":{"rendered":"Dr. Althea \u2013 S\u00e9rum Doux \u00e0 la Vitamine C 20%"},"content":{"rendered":"<h2>Description<\/h2>\n<p>Le Dr. Althea Gentle Vitamin C Serum est votre solution id\u00e9ale pour une peau radieuse et uniforme. Ce s\u00e9rum revitalisant contient des capsules d\u2019huiles nourrissantes qui aident \u00e0 am\u00e9liorer la texture de la peau et \u00e0 r\u00e9duire l\u2019apparence des taches brunes. Avec l\u2019eau de feuille de Camellia Sinensis, ce s\u00e9rum apaise m\u00eame les peaux les plus sensibles, tout en renfor\u00e7ant votre \u00e9clat naturel.<\/p>\n<p>Le s\u00e9rum est enrichi d\u2019ingr\u00e9dients puissants tels que la niacinamide, l\u2019acide 3-O-\u00e9thyl ascorbique et l\u2019extrait de fruit d\u2019Hippophae Rhamnoides, riches en vitamines B3 et C. Ces ingr\u00e9dients aident non seulement \u00e0 uniformiser le teint, mais \u00e9liminent \u00e9galement les toxines de la peau. peau, laissant votre teint frais et \u00e9clatant. La texture l\u00e9g\u00e8re et aqueuse garantit que le s\u00e9rum est rapidement et compl\u00e8tement absorb\u00e9 sans aucune sensation collante, laissant votre peau fra\u00eeche et hydrat\u00e9e.<\/p>\n<p><strong>Ce s\u00e9rum:<\/strong><\/p>\n<ul>\n<li>am\u00e9liorer la texture de la peau<\/li>\n<li>r\u00e9duit les taches brunes<\/li>\n<li>unifie le teint<\/li>\n<li>enrichi en niacinamide, acide 3-O-\u00e9thyl ascorbique et extrait de fruit d\u2019Hippophae Rhamnoides<\/li>\n<li>texture aqueuse<\/li>\n<li>absorbe rapidement<\/li>\n<li>v\u00e9g\u00e9talien<\/li>\n<li>sans parfum<\/li>\n<li>sans cruaut\u00e9<\/li>\n<\/ul>\n<p><strong>Comment utiliser:<\/strong><\/p>\n<ul>\n<li>Nettoyez soigneusement votre visage et s\u00e9chez-le.<\/li>\n<li>Appliquez 2 \u00e0 3 gouttes de s\u00e9rum sur votre visage et votre cou.<\/li>\n<li>Massez doucement en mouvements circulaires jusqu\u2019\u00e0 absorption compl\u00e8te.<\/li>\n<li>Utilisez le s\u00e9rum quotidiennement, matin et soir, pour de meilleurs r\u00e9sultats.<\/li>\n<\/ul>\n<p><strong>Ingr\u00e9dients:<br \/><\/strong>Water, Butylene Glycol, Propanediol, Niacinamide, 1,2-hexanediol, Caprylic\/capric Triglyceride, Camellia Sinensis Leaf Water, Pentylene Glycol, Acrylates\/c10-30 Alkyl Acrylate Crosspolymer, Tromethamine, Hippophae Rhamnoides Fruit Extract, Caprylyl Glycol, Xanthan Gum, 3-o-ethyl Ascorbic Acid, Hydrogenated C6-20 Polyolefin, Adenosine, Disodium Edta, Allantoin, Hdi\/trimethylol Hexyllactone Crosspolymer.<\/p>\n<p>&nbsp;<\/p>\n","protected":false},"excerpt":{"rendered":"<p>Description Le Dr. Althea Gentle Vitamin C Serum est votre solution id\u00e9ale pour une peau radieuse et uniforme. Ce s\u00e9rum revitalisant contient des capsules d\u2019huiles nourrissantes qui aident \u00e0 am\u00e9liorer la texture de la peau et \u00e0 r\u00e9duire l\u2019apparence des taches brunes. Avec l\u2019eau de feuille de Camellia Sinensis, ce s\u00e9rum apaise m\u00eame les peaux [&hellip;]<\/p>\n","protected":false},"featured_media":2816,"comment_status":"open","ping_status":"closed","template":"","meta":{"content-type":"","_uag_custom_page_level_css":""},"pwb-brand":[],"product_brand":[],"product_cat":[366,327,334,338,387],"product_tag":[],"class_list":{"0":"post-2944","1":"product","2":"type-product","3":"status-publish","4":"has-post-thumbnail","6":"product_cat-dr-althea","7":"product_cat-hmizat","8":"product_cat-produits-coreens","9":"product_cat-serum-ampoule","10":"product_cat-vitamin-c","12":"first","13":"instock","14":"sale","15":"shipping-taxable","16":"purchasable","17":"product-type-simple"},"aioseo_notices":[],"uagb_featured_image_src":{"full":["https:\/\/wavexia.com\/wp-content\/uploads\/2025\/10\/240607_9a7fcd15-d8db-4148-b14c-fc5615fdfd67_700x.webp",700,700,false],"thumbnail":["https:\/\/wavexia.com\/wp-content\/uploads\/2025\/10\/240607_9a7fcd15-d8db-4148-b14c-fc5615fdfd67_700x-150x150.webp",150,150,true],"medium":["https:\/\/wavexia.com\/wp-content\/uploads\/2025\/10\/240607_9a7fcd15-d8db-4148-b14c-fc5615fdfd67_700x-300x300.webp",300,300,true],"medium_large":["https:\/\/wavexia.com\/wp-content\/uploads\/2025\/10\/240607_9a7fcd15-d8db-4148-b14c-fc5615fdfd67_700x.webp",700,700,false],"large":["https:\/\/wavexia.com\/wp-content\/uploads\/2025\/10\/240607_9a7fcd15-d8db-4148-b14c-fc5615fdfd67_700x.webp",700,700,false],"1536x1536":["https:\/\/wavexia.com\/wp-content\/uploads\/2025\/10\/240607_9a7fcd15-d8db-4148-b14c-fc5615fdfd67_700x.webp",700,700,false],"2048x2048":["https:\/\/wavexia.com\/wp-content\/uploads\/2025\/10\/240607_9a7fcd15-d8db-4148-b14c-fc5615fdfd67_700x.webp",700,700,false],"woocommerce_archive_thumbnail":["https:\/\/wavexia.com\/wp-content\/uploads\/2025\/10\/240607_9a7fcd15-d8db-4148-b14c-fc5615fdfd67_700x-300x300.webp",300,300,true],"woocommerce_thumbnail":["https:\/\/wavexia.com\/wp-content\/uploads\/2025\/10\/240607_9a7fcd15-d8db-4148-b14c-fc5615fdfd67_700x-300x300.webp",300,300,true],"woocommerce_single":["https:\/\/wavexia.com\/wp-content\/uploads\/2025\/10\/240607_9a7fcd15-d8db-4148-b14c-fc5615fdfd67_700x-600x600.webp",600,600,true],"woocommerce_gallery_thumbnail":["https:\/\/wavexia.com\/wp-content\/uploads\/2025\/10\/240607_9a7fcd15-d8db-4148-b14c-fc5615fdfd67_700x-100x100.webp",100,100,true]},"uagb_author_info":{"display_name":"zineddine.ayoub98@gmail.com","author_link":"https:\/\/wavexia.com\/?author=0"},"uagb_comment_info":0,"uagb_excerpt":"Description Le Dr. Althea Gentle Vitamin C Serum est votre solution id\u00e9ale pour une peau radieuse et uniforme. Ce s\u00e9rum revitalisant contient des capsules d\u2019huiles nourrissantes qui aident \u00e0 am\u00e9liorer la texture de la peau et \u00e0 r\u00e9duire l\u2019apparence des taches brunes. Avec l\u2019eau de feuille de Camellia Sinensis, ce s\u00e9rum apaise m\u00eame les peaux&hellip;","brands":[],"_links":{"self":[{"href":"https:\/\/wavexia.com\/index.php?rest_route=\/wp\/v2\/product\/2944","targetHints":{"allow":["GET"]}}],"collection":[{"href":"https:\/\/wavexia.com\/index.php?rest_route=\/wp\/v2\/product"}],"about":[{"href":"https:\/\/wavexia.com\/index.php?rest_route=\/wp\/v2\/types\/product"}],"replies":[{"embeddable":true,"href":"https:\/\/wavexia.com\/index.php?rest_route=%2Fwp%2Fv2%2Fcomments&post=2944"}],"wp:featuredmedia":[{"embeddable":true,"href":"https:\/\/wavexia.com\/index.php?rest_route=\/wp\/v2\/media\/2816"}],"wp:attachment":[{"href":"https:\/\/wavexia.com\/index.php?rest_route=%2Fwp%2Fv2%2Fmedia&parent=2944"}],"wp:term":[{"taxonomy":"pwb-brand","embeddable":true,"href":"https:\/\/wavexia.com\/index.php?rest_route=%2Fwp%2Fv2%2Fpwb-brand&post=2944"},{"taxonomy":"product_brand","embeddable":true,"href":"https:\/\/wavexia.com\/index.php?rest_route=%2Fwp%2Fv2%2Fproduct_brand&post=2944"},{"taxonomy":"product_cat","embeddable":true,"href":"https:\/\/wavexia.com\/index.php?rest_route=%2Fwp%2Fv2%2Fproduct_cat&post=2944"},{"taxonomy":"product_tag","embeddable":true,"href":"https:\/\/wavexia.com\/index.php?rest_route=%2Fwp%2Fv2%2Fproduct_tag&post=2944"}],"curies":[{"name":"wp","href":"https:\/\/api.w.org\/{rel}","templated":true}]}}