{"id":2942,"date":"2025-10-18T22:09:17","date_gmt":"2025-10-18T22:09:17","guid":{"rendered":"https:\/\/wavexia.com\/product\/pdrn-hyaluronic-acid-100-moisturizing-cream-60ml\/"},"modified":"2026-03-10T07:30:51","modified_gmt":"2026-03-10T07:30:51","slug":"pdrn-hyaluronic-acid-100-moisturizing-cream-60ml","status":"publish","type":"product","link":"https:\/\/wavexia.com\/?product=pdrn-hyaluronic-acid-100-moisturizing-cream-60ml","title":{"rendered":"PDRN Hyaluronic Acid 100 Moisturizing Cream 60ml"},"content":{"rendered":"<h2>Description<\/h2>\n<p>\u2022 Formule puissante \u00e0 base de PDRN \u2013 Formul\u00e9 \u00e0 base de PDRN (d\u00e9riv\u00e9 de l\u2019ADN de saumon), cet hydratant visage contient du PDRN de faible poids mol\u00e9culaire qui am\u00e9liore l\u2019absorption, aidant \u00e0 revitaliser la peau de l\u2019int\u00e9rieur et \u00e0 lui redonner un \u00e9clat sain et radieux.<\/p>\n<p>\u2022 Synergie douce et efficace \u2013 L\u2019association d\u2019acide hyaluronique et de collag\u00e8ne raffermit et repulpe la peau, lui offrant une texture lisse et rebondie et un effet peau de verre lumineux.<\/p>\n<p>\u2022 L\u00e9g\u00e8re et \u00e0 absorption rapide \u2013 Avec une forte r\u00e9tention d\u2019eau et moins de bouloches sous le maquillage, cette cr\u00e8me hydratante couleur \u00e9meraude fond sur la peau comme une explosion d\u2019hydratation \u2013 id\u00e9ale pour les peaux normales.<\/p>\n<p>\u2022 Aspect jeune et rebondi \u2013 Con\u00e7ue pour un usage quotidien, cette formule non collante offre un effet repulpant et favorise un teint lisse et sain gr\u00e2ce \u00e0 un hydratant cor\u00e9en.<\/p>\n<h5><strong>Mode d\u2019emploi<\/strong>&nbsp;:<\/h5>\n<p>1) Pour une utilisation hygi\u00e9nique, pr\u00e9levez uniquement la quantit\u00e9 n\u00e9cessaire \u00e0 l\u2019aide de l\u2019embout compte-gouttes et appliquez uniform\u00e9ment sur le visage.<\/p>\n<p>2) \u00c0 utiliser apr\u00e8s l\u2019ampoule ou le s\u00e9rum.<\/p>\n<p>3) Peut \u00eatre utilis\u00e9 tous les jours, matin et soir.<\/p>\n<p>Appliquez toujours une protection solaire pour la journ\u00e9e.<\/p>\n<h5><strong>Pr\u00e9caution d\u2019usage<\/strong>&nbsp;:<\/h5>\n<p>1. Consultez un sp\u00e9cialiste en cas de sympt\u00f4mes anormaux ou d\u2019effets secondaires tels qu\u2019une \u00e9ruption cutan\u00e9e, un gonflement ou des d\u00e9mangeaisons pendant l\u2019utilisation ou suite \u00e0 une exposition directe au soleil apr\u00e8s utilisation.<\/p>\n<p>2. Ne pas utiliser sur des plaies ou autres zones affect\u00e9es.<\/p>\n<p>3. Instructions de conservation et de manipulation a) Tenir hors de port\u00e9e des enfants. b) Tenir \u00e0 l\u2019abri de la lumi\u00e8re directe du soleil.<\/p>\n<h5><strong>Ingr\u00e9dients<\/strong>&nbsp;:<\/h5>\n<p>Eau, squalane, glyc\u00e9rine, collag\u00e8ne hydrolys\u00e9, 1,2-hexanediol, m\u00e9thylpropanediol, \u00e9thylhexylglyc\u00e9rine, niacinamide, butyl\u00e8ne glycol, ADN sodique, pentyl\u00e8ne glycol, copolym\u00e8re PVM\/MA, carbom\u00e8re, diph\u00e9nylsiloxy ph\u00e9nyl trim\u00e9thicone, PCA dim\u00e9thicone, alcool b\u00e9h\u00e9nylique, copolym\u00e8re acryloyldim\u00e9thyltaurate d\u2019ammonium\/VP, propanediol, alcools en C14-22, glucoside d\u2019alkyle en C12-20, diglyc\u00e9rine, copolym\u00e8re acrylate d\u2019hydroxy\u00e9thyle\/acryloyldim\u00e9thyltaurate de sodium, acrylates\/polym\u00e8re crois\u00e9 d\u2019acrylate d\u2019alkyle en C10-30, alc\u00e9th-9 en C12-13, extrait de feuille de Melia Azadirachta, extrait de fleur de Melia Azadirachta, extrait de fruit de Coccinia Indica, solanum Extrait de fruit de melongena (aubergine), extrait de fleur d\u2019aloe barbadensis, extrait de feuille d\u2019ocimum sanctum, extrait de corallina officinalis, extrait de racine de curcuma longa (curcuma), hyaluronate de sodium, hyaluronate de dim\u00e9thylsilanol, acide hyaluronique hydrolys\u00e9, hyaluronate de sodium hydrolys\u00e9, hyaluronate de potassium, acide hyaluronique, hyaluronate d\u2019hydroxypropyltrimonium, polym\u00e8re crois\u00e9 d\u2019hyaluronate de sodium, hyaluronate de sodium dim\u00e9thylsilanol, hyaluronate de sodium ac\u00e9tyl\u00e9, ad\u00e9nosine, phytate de sodium, aminom\u00e9thyl propanediol, mad\u00e9cassoside, asiaticoside, extrait de feuille de centella asiatica<\/p>\n","protected":false},"excerpt":{"rendered":"<p>Description \u2022 Formule puissante \u00e0 base de PDRN \u2013 Formul\u00e9 \u00e0 base de PDRN (d\u00e9riv\u00e9 de l\u2019ADN de saumon), cet hydratant visage contient du PDRN de faible poids mol\u00e9culaire qui am\u00e9liore l\u2019absorption, aidant \u00e0 revitaliser la peau de l\u2019int\u00e9rieur et \u00e0 lui redonner un \u00e9clat sain et radieux. \u2022 Synergie douce et efficace \u2013 L\u2019association [&hellip;]<\/p>\n","protected":false},"featured_media":2807,"comment_status":"open","ping_status":"closed","template":"","meta":{"content-type":"","_uag_custom_page_level_css":""},"pwb-brand":[],"product_brand":[],"product_cat":[344,324,328,334],"product_tag":[],"class_list":{"0":"post-2942","1":"product","2":"type-product","3":"status-publish","4":"has-post-thumbnail","6":"product_cat-anua","7":"product_cat-creme","8":"product_cat-nouveautes","9":"product_cat-produits-coreens","11":"first","12":"instock","13":"sale","14":"shipping-taxable","15":"purchasable","16":"product-type-simple"},"aioseo_notices":[],"uagb_featured_image_src":{"full":["https:\/\/wavexia.com\/wp-content\/uploads\/2025\/10\/anua-us-moisturizer-pdrn-hyaluronic-acid-100-moisturizing-cream-1178755386-1.webp",2000,2000,false],"thumbnail":["https:\/\/wavexia.com\/wp-content\/uploads\/2025\/10\/anua-us-moisturizer-pdrn-hyaluronic-acid-100-moisturizing-cream-1178755386-1-150x150.webp",150,150,true],"medium":["https:\/\/wavexia.com\/wp-content\/uploads\/2025\/10\/anua-us-moisturizer-pdrn-hyaluronic-acid-100-moisturizing-cream-1178755386-1-300x300.webp",300,300,true],"medium_large":["https:\/\/wavexia.com\/wp-content\/uploads\/2025\/10\/anua-us-moisturizer-pdrn-hyaluronic-acid-100-moisturizing-cream-1178755386-1-768x768.webp",768,768,true],"large":["https:\/\/wavexia.com\/wp-content\/uploads\/2025\/10\/anua-us-moisturizer-pdrn-hyaluronic-acid-100-moisturizing-cream-1178755386-1-1024x1024.webp",1024,1024,true],"1536x1536":["https:\/\/wavexia.com\/wp-content\/uploads\/2025\/10\/anua-us-moisturizer-pdrn-hyaluronic-acid-100-moisturizing-cream-1178755386-1-1536x1536.webp",1536,1536,true],"2048x2048":["https:\/\/wavexia.com\/wp-content\/uploads\/2025\/10\/anua-us-moisturizer-pdrn-hyaluronic-acid-100-moisturizing-cream-1178755386-1.webp",2000,2000,false],"woocommerce_archive_thumbnail":["https:\/\/wavexia.com\/wp-content\/uploads\/2025\/10\/anua-us-moisturizer-pdrn-hyaluronic-acid-100-moisturizing-cream-1178755386-1-300x300.webp",300,300,true],"woocommerce_thumbnail":["https:\/\/wavexia.com\/wp-content\/uploads\/2025\/10\/anua-us-moisturizer-pdrn-hyaluronic-acid-100-moisturizing-cream-1178755386-1-300x300.webp",300,300,true],"woocommerce_single":["https:\/\/wavexia.com\/wp-content\/uploads\/2025\/10\/anua-us-moisturizer-pdrn-hyaluronic-acid-100-moisturizing-cream-1178755386-1-600x600.webp",600,600,true],"woocommerce_gallery_thumbnail":["https:\/\/wavexia.com\/wp-content\/uploads\/2025\/10\/anua-us-moisturizer-pdrn-hyaluronic-acid-100-moisturizing-cream-1178755386-1-100x100.webp",100,100,true]},"uagb_author_info":{"display_name":"zineddine.ayoub98@gmail.com","author_link":"https:\/\/wavexia.com\/?author=0"},"uagb_comment_info":0,"uagb_excerpt":"Description \u2022 Formule puissante \u00e0 base de PDRN \u2013 Formul\u00e9 \u00e0 base de PDRN (d\u00e9riv\u00e9 de l\u2019ADN de saumon), cet hydratant visage contient du PDRN de faible poids mol\u00e9culaire qui am\u00e9liore l\u2019absorption, aidant \u00e0 revitaliser la peau de l\u2019int\u00e9rieur et \u00e0 lui redonner un \u00e9clat sain et radieux. \u2022 Synergie douce et efficace \u2013 L\u2019association&hellip;","brands":[],"_links":{"self":[{"href":"https:\/\/wavexia.com\/index.php?rest_route=\/wp\/v2\/product\/2942","targetHints":{"allow":["GET"]}}],"collection":[{"href":"https:\/\/wavexia.com\/index.php?rest_route=\/wp\/v2\/product"}],"about":[{"href":"https:\/\/wavexia.com\/index.php?rest_route=\/wp\/v2\/types\/product"}],"replies":[{"embeddable":true,"href":"https:\/\/wavexia.com\/index.php?rest_route=%2Fwp%2Fv2%2Fcomments&post=2942"}],"wp:featuredmedia":[{"embeddable":true,"href":"https:\/\/wavexia.com\/index.php?rest_route=\/wp\/v2\/media\/2807"}],"wp:attachment":[{"href":"https:\/\/wavexia.com\/index.php?rest_route=%2Fwp%2Fv2%2Fmedia&parent=2942"}],"wp:term":[{"taxonomy":"pwb-brand","embeddable":true,"href":"https:\/\/wavexia.com\/index.php?rest_route=%2Fwp%2Fv2%2Fpwb-brand&post=2942"},{"taxonomy":"product_brand","embeddable":true,"href":"https:\/\/wavexia.com\/index.php?rest_route=%2Fwp%2Fv2%2Fproduct_brand&post=2942"},{"taxonomy":"product_cat","embeddable":true,"href":"https:\/\/wavexia.com\/index.php?rest_route=%2Fwp%2Fv2%2Fproduct_cat&post=2942"},{"taxonomy":"product_tag","embeddable":true,"href":"https:\/\/wavexia.com\/index.php?rest_route=%2Fwp%2Fv2%2Fproduct_tag&post=2942"}],"curies":[{"name":"wp","href":"https:\/\/api.w.org\/{rel}","templated":true}]}}