{"id":2941,"date":"2025-10-18T22:09:17","date_gmt":"2025-10-18T22:09:17","guid":{"rendered":"https:\/\/wavexia.com\/product\/vaseline-cocoa-radiant-body-oil-200ml\/"},"modified":"2026-03-10T07:30:51","modified_gmt":"2026-03-10T07:30:51","slug":"vaseline-cocoa-radiant-body-oil-200ml","status":"publish","type":"product","link":"https:\/\/wavexia.com\/?product=vaseline-cocoa-radiant-body-oil-200ml","title":{"rendered":"Vaseline Cocoa Radiant Body Oil 200ml"},"content":{"rendered":"<h2>Description<\/h2>\n<p>Vaseline\u00ae Cocoa Radiant Gel Oil offre une formule non-grasse et riche qui m\u00eale du beurre de cacao pur et une huile r\u00e9g\u00e9n\u00e9ratrice pour donner \u00e0 votre peau une jolie teinte naturelle et saine. Sa texture non-grasse ravivera votre peau et vous procurera un \u00e9clat radieux.<\/p>\n","protected":false},"excerpt":{"rendered":"<p>Description Vaseline\u00ae Cocoa Radiant Gel Oil offre une formule non-grasse et riche qui m\u00eale du beurre de cacao pur et une huile r\u00e9g\u00e9n\u00e9ratrice pour donner \u00e0 votre peau une jolie teinte naturelle et saine. Sa texture non-grasse ravivera votre peau et vous procurera un \u00e9clat radieux.<\/p>\n","protected":false},"featured_media":2804,"comment_status":"open","ping_status":"closed","template":"","meta":{"content-type":"","_uag_custom_page_level_css":""},"pwb-brand":[],"product_brand":[],"product_cat":[322,329,385],"product_tag":[],"class_list":{"0":"post-2941","1":"product","2":"type-product","3":"status-publish","4":"has-post-thumbnail","6":"product_cat-corps-bain","7":"product_cat-produits-americains","8":"product_cat-vaseline","10":"first","11":"instock","12":"sale","13":"shipping-taxable","14":"purchasable","15":"product-type-simple"},"aioseo_notices":[],"uagb_featured_image_src":{"full":["https:\/\/wavexia.com\/wp-content\/uploads\/2025\/10\/IMG_0542.jpeg",680,680,false],"thumbnail":["https:\/\/wavexia.com\/wp-content\/uploads\/2025\/10\/IMG_0542-150x150.jpeg",150,150,true],"medium":["https:\/\/wavexia.com\/wp-content\/uploads\/2025\/10\/IMG_0542-300x300.jpeg",300,300,true],"medium_large":["https:\/\/wavexia.com\/wp-content\/uploads\/2025\/10\/IMG_0542.jpeg",680,680,false],"large":["https:\/\/wavexia.com\/wp-content\/uploads\/2025\/10\/IMG_0542.jpeg",680,680,false],"1536x1536":["https:\/\/wavexia.com\/wp-content\/uploads\/2025\/10\/IMG_0542.jpeg",680,680,false],"2048x2048":["https:\/\/wavexia.com\/wp-content\/uploads\/2025\/10\/IMG_0542.jpeg",680,680,false],"woocommerce_archive_thumbnail":["https:\/\/wavexia.com\/wp-content\/uploads\/2025\/10\/IMG_0542-300x300.jpeg",300,300,true],"woocommerce_thumbnail":["https:\/\/wavexia.com\/wp-content\/uploads\/2025\/10\/IMG_0542-300x300.jpeg",300,300,true],"woocommerce_single":["https:\/\/wavexia.com\/wp-content\/uploads\/2025\/10\/IMG_0542-600x600.jpeg",600,600,true],"woocommerce_gallery_thumbnail":["https:\/\/wavexia.com\/wp-content\/uploads\/2025\/10\/IMG_0542-100x100.jpeg",100,100,true]},"uagb_author_info":{"display_name":"zineddine.ayoub98@gmail.com","author_link":"https:\/\/wavexia.com\/?author=0"},"uagb_comment_info":0,"uagb_excerpt":"Description Vaseline\u00ae Cocoa Radiant Gel Oil offre une formule non-grasse et riche qui m\u00eale du beurre de cacao pur et une huile r\u00e9g\u00e9n\u00e9ratrice pour donner \u00e0 votre peau une jolie teinte naturelle et saine. Sa texture non-grasse ravivera votre peau et vous procurera un \u00e9clat radieux.","brands":[],"_links":{"self":[{"href":"https:\/\/wavexia.com\/index.php?rest_route=\/wp\/v2\/product\/2941","targetHints":{"allow":["GET"]}}],"collection":[{"href":"https:\/\/wavexia.com\/index.php?rest_route=\/wp\/v2\/product"}],"about":[{"href":"https:\/\/wavexia.com\/index.php?rest_route=\/wp\/v2\/types\/product"}],"replies":[{"embeddable":true,"href":"https:\/\/wavexia.com\/index.php?rest_route=%2Fwp%2Fv2%2Fcomments&post=2941"}],"wp:featuredmedia":[{"embeddable":true,"href":"https:\/\/wavexia.com\/index.php?rest_route=\/wp\/v2\/media\/2804"}],"wp:attachment":[{"href":"https:\/\/wavexia.com\/index.php?rest_route=%2Fwp%2Fv2%2Fmedia&parent=2941"}],"wp:term":[{"taxonomy":"pwb-brand","embeddable":true,"href":"https:\/\/wavexia.com\/index.php?rest_route=%2Fwp%2Fv2%2Fpwb-brand&post=2941"},{"taxonomy":"product_brand","embeddable":true,"href":"https:\/\/wavexia.com\/index.php?rest_route=%2Fwp%2Fv2%2Fproduct_brand&post=2941"},{"taxonomy":"product_cat","embeddable":true,"href":"https:\/\/wavexia.com\/index.php?rest_route=%2Fwp%2Fv2%2Fproduct_cat&post=2941"},{"taxonomy":"product_tag","embeddable":true,"href":"https:\/\/wavexia.com\/index.php?rest_route=%2Fwp%2Fv2%2Fproduct_tag&post=2941"}],"curies":[{"name":"wp","href":"https:\/\/api.w.org\/{rel}","templated":true}]}}