{"id":2939,"date":"2025-10-18T22:09:17","date_gmt":"2025-10-18T22:09:17","guid":{"rendered":"https:\/\/wavexia.com\/product\/medicube-deep-lifting-peptide-eye-cream-30ml\/"},"modified":"2026-03-10T07:30:51","modified_gmt":"2026-03-10T07:30:51","slug":"medicube-deep-lifting-peptide-eye-cream-30ml","status":"publish","type":"product","link":"https:\/\/wavexia.com\/?product=medicube-deep-lifting-peptide-eye-cream-30ml","title":{"rendered":"Medicube Deep Lifting Peptide Eye Cream 30ml"},"content":{"rendered":"<h2>Description<\/h2>\n<p><span>Une cr\u00e8me pour les yeux enrichie en peptide hautement concentr\u00e9 qui offre un effet raffermissant intense pour am\u00e9liorer l\u2019\u00e9lasticit\u00e9 de la peau.&nbsp;<\/span><\/p>\n<p><span>Formul\u00e9 avec un complexe peptidique liftant, de l\u2019ac\u00e9tyl d\u00e9peptide-1, de l\u2019ester c\u00e9tylique, du palmityl tripeptide-5, de l\u2019ac\u00e9tyl hexapeptide-1, de l\u2019ac\u00e9tyl octapeptide-3,&nbsp; <\/span><span>du peptide biomim\u00e9tique,<\/span><span> de l\u2019amino peptide NMF (facteur naturel d\u2019hydratation) et du 3D Tension Some. Les peptides biomim\u00e9tiques sont des peptides synth\u00e9tiques qui imitent les peptides naturels. En soins de la peau, on les retrouve dans des soins cibl\u00e9s comme les s\u00e9rums pour le visage, pour aider \u00e0 r\u00e9duire l\u2019apparence du vieillissement cutan\u00e9. La <\/span><span>cr\u00e8me contour des yeux aux peptides, compos\u00e9e d\u2019aminopeptides (NMF) et constituants des cellules cutan\u00e9es, est essentielle au facteur naturel d\u2019hydratation (NMF) de la couche corn\u00e9e. L\u2019hydratation de la couche corn\u00e9e affecte l\u2019hydratation globale de la peau. Cet ingr\u00e9dient nourrit en profondeur la peau et lui conf\u00e8re un fini doux comme un b\u00e9b\u00e9. 3D Tension Some int\u00e8gre une <\/span><span>technologie de renforcement de l\u2019\u00e9lasticit\u00e9 gr\u00e2ce \u00e0 des microparticules tridimensionnelles telles que l\u2019acide hyaluronique, le collag\u00e8ne et l\u2019\u00e9lastine, qui comblent le rel\u00e2chement cutan\u00e9 et nourrissent la peau.&nbsp;<\/span><\/p>\n<p><span>Cr\u00e8me contour des yeux nourrissante \u00e0 absorption rapide. Cliniquement test\u00e9e, adapt\u00e9e aux peaux sensibles. Hypoallerg\u00e9nique et cliniquement test\u00e9e.<\/span><\/p>\n<p><span>Convient \u00e0 tous les types de peau.<\/span><\/p>\n<p><strong><span>Fabriqu\u00e9 en Cor\u00e9e<\/span><\/strong><\/p>\n<p><strong><span>Mode d\u2019emploi :<\/span><\/strong><\/p>\n<p><span>En derni\u00e8re \u00e9tape de soin, appliquez une quantit\u00e9 mod\u00e9r\u00e9e sur les zones souhait\u00e9es et tapotez d\u00e9licatement pour faire p\u00e9n\u00e9trer. Vous pouvez \u00e9galement appliquer sur l\u2019ensemble du visage et tapoter d\u00e9licatement pour favoriser l\u2019absorption.<\/span><\/p>\n<p><strong><span>Ingr\u00e9dients:<\/span><\/strong><\/p>\n<p><span>Eau purifi\u00e9e, m\u00e9thylpropanediol, *glyc\u00e9rine, cyclopentasiloxane, *butyl\u00e8ne glycol, poly(ol\u00e9fine C6-14) hydrog\u00e9n\u00e9e, dipropyl\u00e8ne glycol, triglyc\u00e9ride caprylique\/caprique, panth\u00e9nol, niacinamide, *ac\u00e9tyl hexapeptide-1, *palmitoyl tripeptide-5, *ac\u00e9tyl dipeptide-1 c\u00e9tyle ester, *ac\u00e9tyl octapeptide-3, tripeptide de cuivre-1, squalane, st\u00e9arate de glyc\u00e9ryle, beurre de karit\u00e9, dist\u00e9arate de polyglyc\u00e9ryle-3, olivate de c\u00e9t\u00e9aryle, alcools C14-22, alcool st\u00e9arylique, alcool c\u00e9tylique, olivate de sorbitan, l\u00e9cithine hydrog\u00e9n\u00e9e, polysorbate 60, huile de graines de limnanthe, acide palmitique, acide st\u00e9arique, 1,2-hexanediol, glucoside d\u2019alkyle C12-20, ammonium Copolym\u00e8re d\u2019acryloyldim\u00e9thyltaurate\/VP, dim\u00e9thiconol, \u00e9thylhexylglyc\u00e9rine, st\u00e9aroyl glutamate de sodium, hydrolysat de saccharide, citrate de st\u00e9arate de glyc\u00e9ryle, fructooligosaccharides, allanto\u00efne, polym\u00e8re crois\u00e9 d\u2019acrylates\/acrylate d\u2019alkyle en C10-30, trom\u00e9thamine, *caprylyl glycol, pullulane, glycyrrhizate dipotassique, extrait de canne \u00e0 sucre, ad\u00e9nosine, *laurate de sorbitane, EDTA disodique, hyaluronate de sodium, *hydroxy\u00e9thylcellulose, alcool myristylique, acide myristique, acide hyaluronique, glucose, acide arachidique, alcool laurylique, polym\u00e8re crois\u00e9 d\u2019hyaluronate de sodium, hyaluronate de sodium hydrolys\u00e9, acide hyaluronique hydrolys\u00e9, c\u00e9ramide NP, at\u00e9locollag\u00e8ne, d\u00e9samidocollag\u00e8ne, acide ol\u00e9ique, \u00e9lastine hydrolys\u00e9e, Collag\u00e8ne hydrolys\u00e9, collag\u00e8ne soluble, hyaluronate de sodium ac\u00e9tyl\u00e9, hyaluronate d\u2019hydroxypropyltrimonium, collag\u00e8ne, acides amin\u00e9s de collag\u00e8ne, procollag\u00e8ne, magn\u00e9sium PCA, s\u00e9rine, saccharose, glycine, chlorure de calcium, sel marin, alanine, chlorure de magn\u00e9sium, thr\u00e9onine, histidine, acide aspartique, valine, proline, phosphate dipotassique, lysine, arginine, tyrosine, isoleucine, citrate de magn\u00e9sium, glucosamine HCl, ph\u00e9nylalanine, acide glutamique, arginine, 1-m\u00e9thylhydanto\u00efne-2-imide, asparagine, citrulline, m\u00e9thionine, taurine, tryptophane, acide phytique, glutamine, cyst\u00e9ine, parfum, alpha-isom\u00e9thyl ionone.<\/span><\/p>\n","protected":false},"excerpt":{"rendered":"<p>Description Une cr\u00e8me pour les yeux enrichie en peptide hautement concentr\u00e9 qui offre un effet raffermissant intense pour am\u00e9liorer l\u2019\u00e9lasticit\u00e9 de la peau.&nbsp; Formul\u00e9 avec un complexe peptidique liftant, de l\u2019ac\u00e9tyl d\u00e9peptide-1, de l\u2019ester c\u00e9tylique, du palmityl tripeptide-5, de l\u2019ac\u00e9tyl hexapeptide-1, de l\u2019ac\u00e9tyl octapeptide-3,&nbsp; du peptide biomim\u00e9tique, de l\u2019amino peptide NMF (facteur naturel d\u2019hydratation) et [&hellip;]<\/p>\n","protected":false},"featured_media":2794,"comment_status":"open","ping_status":"closed","template":"","meta":{"content-type":"","_uag_custom_page_level_css":""},"pwb-brand":[],"product_brand":[],"product_cat":[352,327,349,334],"product_tag":[],"class_list":{"0":"post-2939","1":"product","2":"type-product","3":"status-publish","4":"has-post-thumbnail","6":"product_cat-contour-des-yeux","7":"product_cat-hmizat","8":"product_cat-medicube","9":"product_cat-produits-coreens","11":"first","12":"instock","13":"sale","14":"shipping-taxable","15":"purchasable","16":"product-type-simple"},"aioseo_notices":[],"uagb_featured_image_src":{"full":["https:\/\/wavexia.com\/wp-content\/uploads\/2025\/10\/IMG_4252.png",940,788,false],"thumbnail":["https:\/\/wavexia.com\/wp-content\/uploads\/2025\/10\/IMG_4252-150x150.png",150,150,true],"medium":["https:\/\/wavexia.com\/wp-content\/uploads\/2025\/10\/IMG_4252-300x251.png",300,251,true],"medium_large":["https:\/\/wavexia.com\/wp-content\/uploads\/2025\/10\/IMG_4252-768x644.png",768,644,true],"large":["https:\/\/wavexia.com\/wp-content\/uploads\/2025\/10\/IMG_4252.png",940,788,false],"1536x1536":["https:\/\/wavexia.com\/wp-content\/uploads\/2025\/10\/IMG_4252.png",940,788,false],"2048x2048":["https:\/\/wavexia.com\/wp-content\/uploads\/2025\/10\/IMG_4252.png",940,788,false],"woocommerce_archive_thumbnail":["https:\/\/wavexia.com\/wp-content\/uploads\/2025\/10\/IMG_4252-300x251.png",300,251,true],"woocommerce_thumbnail":["https:\/\/wavexia.com\/wp-content\/uploads\/2025\/10\/IMG_4252-300x300.png",300,300,true],"woocommerce_single":["https:\/\/wavexia.com\/wp-content\/uploads\/2025\/10\/IMG_4252-600x503.png",600,503,true],"woocommerce_gallery_thumbnail":["https:\/\/wavexia.com\/wp-content\/uploads\/2025\/10\/IMG_4252-100x100.png",100,100,true]},"uagb_author_info":{"display_name":"zineddine.ayoub98@gmail.com","author_link":"https:\/\/wavexia.com\/?author=0"},"uagb_comment_info":0,"uagb_excerpt":"Description Une cr\u00e8me pour les yeux enrichie en peptide hautement concentr\u00e9 qui offre un effet raffermissant intense pour am\u00e9liorer l\u2019\u00e9lasticit\u00e9 de la peau.&nbsp; Formul\u00e9 avec un complexe peptidique liftant, de l\u2019ac\u00e9tyl d\u00e9peptide-1, de l\u2019ester c\u00e9tylique, du palmityl tripeptide-5, de l\u2019ac\u00e9tyl hexapeptide-1, de l\u2019ac\u00e9tyl octapeptide-3,&nbsp; du peptide biomim\u00e9tique, de l\u2019amino peptide NMF (facteur naturel d\u2019hydratation) et&hellip;","brands":[],"_links":{"self":[{"href":"https:\/\/wavexia.com\/index.php?rest_route=\/wp\/v2\/product\/2939","targetHints":{"allow":["GET"]}}],"collection":[{"href":"https:\/\/wavexia.com\/index.php?rest_route=\/wp\/v2\/product"}],"about":[{"href":"https:\/\/wavexia.com\/index.php?rest_route=\/wp\/v2\/types\/product"}],"replies":[{"embeddable":true,"href":"https:\/\/wavexia.com\/index.php?rest_route=%2Fwp%2Fv2%2Fcomments&post=2939"}],"wp:featuredmedia":[{"embeddable":true,"href":"https:\/\/wavexia.com\/index.php?rest_route=\/wp\/v2\/media\/2794"}],"wp:attachment":[{"href":"https:\/\/wavexia.com\/index.php?rest_route=%2Fwp%2Fv2%2Fmedia&parent=2939"}],"wp:term":[{"taxonomy":"pwb-brand","embeddable":true,"href":"https:\/\/wavexia.com\/index.php?rest_route=%2Fwp%2Fv2%2Fpwb-brand&post=2939"},{"taxonomy":"product_brand","embeddable":true,"href":"https:\/\/wavexia.com\/index.php?rest_route=%2Fwp%2Fv2%2Fproduct_brand&post=2939"},{"taxonomy":"product_cat","embeddable":true,"href":"https:\/\/wavexia.com\/index.php?rest_route=%2Fwp%2Fv2%2Fproduct_cat&post=2939"},{"taxonomy":"product_tag","embeddable":true,"href":"https:\/\/wavexia.com\/index.php?rest_route=%2Fwp%2Fv2%2Fproduct_tag&post=2939"}],"curies":[{"name":"wp","href":"https:\/\/api.w.org\/{rel}","templated":true}]}}