{"id":2938,"date":"2025-10-18T22:09:17","date_gmt":"2025-10-18T22:09:17","guid":{"rendered":"https:\/\/wavexia.com\/product\/skin1004-madagascar-centella-poremizing-light-gel-cream-75ml\/"},"modified":"2026-03-10T07:30:51","modified_gmt":"2026-03-10T07:30:51","slug":"skin1004-madagascar-centella-poremizing-light-gel-cream-75ml","status":"publish","type":"product","link":"https:\/\/wavexia.com\/?product=skin1004-madagascar-centella-poremizing-light-gel-cream-75ml","title":{"rendered":"SKIN1004 Madagascar Centella Poremizing Light Gel Cream 75ml"},"content":{"rendered":"<h2>Description<\/h2>\n<p>Le SKIN1004 Madagascar Centella Poremizing Light Gel Cream est une cr\u00e8me l\u00e9g\u00e8re et hydratante qui r\u00e9duit non seulement la visibilit\u00e9 des pores dilat\u00e9s, mais nourrit et rafra\u00eechit \u00e9galement votre peau. D\u00e9couvrez le pouvoir du sel rose de l\u2019Himalaya, riche en min\u00e9raux, purifie et revitalise votre peau.<\/p>\n<p>Les ingr\u00e9dients actifs de ce gel-cr\u00e8me agissent ensemble pour un teint sain et \u00e9clatant. l\u2019extrait de centella asiatica, connu pour ses propri\u00e9t\u00e9s cicatrisantes et anti-inflammatoires, est associ\u00e9 \u00e0 la niacinamide, qui r\u00e9duit les ridules et donne une apparence lumineuse et jeune. L\u2019Aloe vera, avec son effet hydratant et apaisant, compl\u00e8te cette cr\u00e8me.<\/p>\n<p>Dorlotez votre peau avec le gel-cr\u00e8me l\u00e9ger poremisant \u00e0 la centella de Madagascar Skin1004 et profitez d\u2019une peau hydrat\u00e9e, \u00e9lastique et \u00e9clatante de sant\u00e9. D\u00e9couvrez le pouvoir naturel de cette cr\u00e8me et laissez votre peau briller comme jamais auparavant.<\/p>\n<p><strong>Cette cr\u00e8me hydratante :<\/strong><\/p>\n<ul>\n<li>cr\u00e8me l\u00e9g\u00e8re et hydratante<\/li>\n<li>r\u00e9duit la visibilit\u00e9 des pores dilat\u00e9s<\/li>\n<li>nourrit et rafra\u00eechit<\/li>\n<li>contient du sel rose de l\u2019Himalaya et de la niacinamide<\/li>\n<li>enrichi en centella et aloe vera<\/li>\n<li>anti-inflammatoire et anti-\u00e2ge<\/li>\n<li>r\u00e9duit les ridules<\/li>\n<li>sans parfum<\/li>\n<li>sans cruaut\u00e9<\/li>\n<li>v\u00e9g\u00e9talien<\/li>\n<\/ul>\n<p><strong>Comment utiliser:<\/strong><\/p>\n<ul>\n<li>Appliquez cette cr\u00e8me hydratante comme derni\u00e8re \u00e9tape de votre routine de soins de la peau.<\/li>\n<li>\u00c9talez la cr\u00e8me sur votre peau en mouvements circulaires et laissez-la absorber pendant un moment.<\/li>\n<\/ul>\n<p><strong>Ingr\u00e9dients:<br \/><\/strong>Centella Asiatica Extract (50.96%), Water, Propanediol, Aloe Babadensis Leaf Extract, 1,2-hexanediol, Niacinamide, Glycerin, Xylitol, Butylene Glycol, Cabomer, Tromethamine, Sodium Polyacryloyldimethyl Taurate, Biosaccharide Gum-1, Betaine, Pvp, Sedum Sarmentosum Extract, Hydrogenated Polydecene, Ethylhexylglycerin, Adenosine,hydroxyethylcellulose, Coccinia Indica Fruit Extract, Eclipta Prostrata Extract, Hydrolyzed Gardenia Florida Extract, Hydrolyzed Malt Extract, Disodium Edta, Hydrolyzed Viola Tricolor Extract, Melia Azadirachta Flower Extract, Ocimum Sanctum Leaf Extract, Melia Azadirachta Leaf Extract, Trideceth-10, Sea Water, Panthenol, Curcuma Longa (Turmeric) Root Extract, Hyaluronic Acid, Hydrolyzed Hyaluronic Acid, Sodium Hyaluronate, Xylityl Glucoside, Corallina Officinalis Extract, Anhydroxylitoll, Oenothera Biennis (Evening Primrose) Flower Extract, Pueraria Lobata Root Extract, Pinus Palustris Leaf Extract, Ulmus Davidiana Root Extract, Castanea Crenata (Chestnut) Shell Extract, Hamamelis Virginiana Leaf Water, Lavandula Angustifolia (Lavender) Flower Extract, Chamaecyparis Obtusa Water, Chenopodium Quinoa Seed Extract, Allatoin, Kaolin, Mineral Salt<\/p>\n<p><strong>Contenu :<\/strong>&nbsp;75 ml.<\/p>\n","protected":false},"excerpt":{"rendered":"<p>Description Le SKIN1004 Madagascar Centella Poremizing Light Gel Cream est une cr\u00e8me l\u00e9g\u00e8re et hydratante qui r\u00e9duit non seulement la visibilit\u00e9 des pores dilat\u00e9s, mais nourrit et rafra\u00eechit \u00e9galement votre peau. D\u00e9couvrez le pouvoir du sel rose de l\u2019Himalaya, riche en min\u00e9raux, purifie et revitalise votre peau. Les ingr\u00e9dients actifs de ce gel-cr\u00e8me agissent ensemble [&hellip;]<\/p>\n","protected":false},"featured_media":2790,"comment_status":"open","ping_status":"closed","template":"","meta":{"content-type":"","_uag_custom_page_level_css":""},"pwb-brand":[],"product_brand":[],"product_cat":[324,334,350],"product_tag":[],"class_list":{"0":"post-2938","1":"product","2":"type-product","3":"status-publish","4":"has-post-thumbnail","6":"product_cat-creme","7":"product_cat-produits-coreens","8":"product_cat-skin1004","10":"first","11":"instock","12":"sale","13":"shipping-taxable","14":"purchasable","15":"product-type-simple"},"aioseo_notices":[],"uagb_featured_image_src":{"full":["https:\/\/wavexia.com\/wp-content\/uploads\/2025\/10\/Product-page-sizes_485280cd-ab39-434c-bdd4-3af3369bbac1.webp",800,800,false],"thumbnail":["https:\/\/wavexia.com\/wp-content\/uploads\/2025\/10\/Product-page-sizes_485280cd-ab39-434c-bdd4-3af3369bbac1-150x150.webp",150,150,true],"medium":["https:\/\/wavexia.com\/wp-content\/uploads\/2025\/10\/Product-page-sizes_485280cd-ab39-434c-bdd4-3af3369bbac1-300x300.webp",300,300,true],"medium_large":["https:\/\/wavexia.com\/wp-content\/uploads\/2025\/10\/Product-page-sizes_485280cd-ab39-434c-bdd4-3af3369bbac1-768x768.webp",768,768,true],"large":["https:\/\/wavexia.com\/wp-content\/uploads\/2025\/10\/Product-page-sizes_485280cd-ab39-434c-bdd4-3af3369bbac1.webp",800,800,false],"1536x1536":["https:\/\/wavexia.com\/wp-content\/uploads\/2025\/10\/Product-page-sizes_485280cd-ab39-434c-bdd4-3af3369bbac1.webp",800,800,false],"2048x2048":["https:\/\/wavexia.com\/wp-content\/uploads\/2025\/10\/Product-page-sizes_485280cd-ab39-434c-bdd4-3af3369bbac1.webp",800,800,false],"woocommerce_archive_thumbnail":["https:\/\/wavexia.com\/wp-content\/uploads\/2025\/10\/Product-page-sizes_485280cd-ab39-434c-bdd4-3af3369bbac1-300x300.webp",300,300,true],"woocommerce_thumbnail":["https:\/\/wavexia.com\/wp-content\/uploads\/2025\/10\/Product-page-sizes_485280cd-ab39-434c-bdd4-3af3369bbac1-300x300.webp",300,300,true],"woocommerce_single":["https:\/\/wavexia.com\/wp-content\/uploads\/2025\/10\/Product-page-sizes_485280cd-ab39-434c-bdd4-3af3369bbac1-600x600.webp",600,600,true],"woocommerce_gallery_thumbnail":["https:\/\/wavexia.com\/wp-content\/uploads\/2025\/10\/Product-page-sizes_485280cd-ab39-434c-bdd4-3af3369bbac1-100x100.webp",100,100,true]},"uagb_author_info":{"display_name":"zineddine.ayoub98@gmail.com","author_link":"https:\/\/wavexia.com\/?author=0"},"uagb_comment_info":0,"uagb_excerpt":"Description Le SKIN1004 Madagascar Centella Poremizing Light Gel Cream est une cr\u00e8me l\u00e9g\u00e8re et hydratante qui r\u00e9duit non seulement la visibilit\u00e9 des pores dilat\u00e9s, mais nourrit et rafra\u00eechit \u00e9galement votre peau. D\u00e9couvrez le pouvoir du sel rose de l\u2019Himalaya, riche en min\u00e9raux, purifie et revitalise votre peau. Les ingr\u00e9dients actifs de ce gel-cr\u00e8me agissent ensemble&hellip;","brands":[],"_links":{"self":[{"href":"https:\/\/wavexia.com\/index.php?rest_route=\/wp\/v2\/product\/2938","targetHints":{"allow":["GET"]}}],"collection":[{"href":"https:\/\/wavexia.com\/index.php?rest_route=\/wp\/v2\/product"}],"about":[{"href":"https:\/\/wavexia.com\/index.php?rest_route=\/wp\/v2\/types\/product"}],"replies":[{"embeddable":true,"href":"https:\/\/wavexia.com\/index.php?rest_route=%2Fwp%2Fv2%2Fcomments&post=2938"}],"wp:featuredmedia":[{"embeddable":true,"href":"https:\/\/wavexia.com\/index.php?rest_route=\/wp\/v2\/media\/2790"}],"wp:attachment":[{"href":"https:\/\/wavexia.com\/index.php?rest_route=%2Fwp%2Fv2%2Fmedia&parent=2938"}],"wp:term":[{"taxonomy":"pwb-brand","embeddable":true,"href":"https:\/\/wavexia.com\/index.php?rest_route=%2Fwp%2Fv2%2Fpwb-brand&post=2938"},{"taxonomy":"product_brand","embeddable":true,"href":"https:\/\/wavexia.com\/index.php?rest_route=%2Fwp%2Fv2%2Fproduct_brand&post=2938"},{"taxonomy":"product_cat","embeddable":true,"href":"https:\/\/wavexia.com\/index.php?rest_route=%2Fwp%2Fv2%2Fproduct_cat&post=2938"},{"taxonomy":"product_tag","embeddable":true,"href":"https:\/\/wavexia.com\/index.php?rest_route=%2Fwp%2Fv2%2Fproduct_tag&post=2938"}],"curies":[{"name":"wp","href":"https:\/\/api.w.org\/{rel}","templated":true}]}}