{"id":2937,"date":"2025-10-18T22:09:16","date_gmt":"2025-10-18T22:09:16","guid":{"rendered":"https:\/\/wavexia.com\/product\/skin1004-madagascar-centella-poremizing-clear-toner-210ml\/"},"modified":"2026-03-10T07:30:51","modified_gmt":"2026-03-10T07:30:51","slug":"skin1004-madagascar-centella-poremizing-clear-toner-210ml","status":"publish","type":"product","link":"https:\/\/wavexia.com\/?product=skin1004-madagascar-centella-poremizing-clear-toner-210ml","title":{"rendered":"SKIN1004 Madagascar Centella Poremizing Clear Toner 210ml"},"content":{"rendered":"<h2>Description<\/h2>\n<p>Le SKIN1004 Madagascar Centella Poremizing Clear Toner est un tonique doux qui prend soin de la peau gr\u00e2ce \u00e0 la puissante combinaison d\u2019AHA, de BHA et de PHA. Ce tonique exfoliant doux est con\u00e7u pour contr\u00f4ler la production excessive de s\u00e9bum, tandis que le sel rose de l\u2019Himalaya p\u00e9n\u00e8tre en profondeur pour nettoyer vos pores en profondeur.<\/p>\n<p>L\u2019ajout d\u2019extrait de cica, de la plante cicatrisante centella asiatica, procure un effet apaisant et hydratant. Le panth\u00e9nol, une provitamine aux propri\u00e9t\u00e9s hydratantes, a un effet anti-inflammatoire et protecteur, tandis que l\u2019extrait d\u2019\u00e9corce de salix alba contribue \u00e0 une sensation d\u00e9sinfectante et apaisante.<\/p>\n<p>Profitez d\u2019une exp\u00e9rience de soin revigorante avec le tonique transparent por\u00e9misant SKIN1004 Madagascar Centella. D\u00e9couvrez l\u2019harmonie des ingr\u00e9dients naturels et accordez \u00e0 votre peau l\u2019attention qu\u2019elle m\u00e9rite pour un teint sain et \u00e9clatant.<\/p>\n<p><strong>Ce tonique&nbsp;:<\/strong><\/p>\n<ul>\n<li>formule douce<\/li>\n<li>contient des AHA, BHA, PHA<\/li>\n<li>exfoliation douce<\/li>\n<li>nettoie les pores en profondeur<\/li>\n<li>enrichi en centella<\/li>\n<li>apaise la peau<\/li>\n<li>anti-inflammatoire et protecteur<\/li>\n<li>sans parfum<\/li>\n<li>sans cruaut\u00e9<\/li>\n<li>v\u00e9g\u00e9talien<\/li>\n<\/ul>\n<p><strong>Comment utiliser:<\/strong><\/p>\n<ul>\n<li>Assurez-vous que votre peau est propre et s\u00e8che.<\/li>\n<li>Appliquez une quantit\u00e9 g\u00e9n\u00e9reuse du bout des doigts.<\/li>\n<li>R\u00e9partir uniform\u00e9ment sur le visage jusqu\u2019\u00e0 absorption compl\u00e8te.<\/li>\n<\/ul>\n<p><strong>Ingr\u00e9dients:<\/strong><br \/>Centella Asiatica Extract (50.47%), Aqua (Water), Propanediol, 1,2-hexanediol, Glycerin, Hydroxyacetophenone, Betaine, Mineral Salts, Panthenol, Ethylhexylglycerin, Sodium Polyacryloyldimethyl Taurate, Disodium Edta, Butylene Glycol, Salix Alba (Willow) Bark Extract, Castanea Crenata (Chestnut) Shell Extract, Lavandula Angustifolia (Lavender) Flower Extract, Hyaluronic Acid, Hydrolyzed Hyaluronic Acid, Sodium Hyaluronate, Allantoin, Citric Acid, Capryloyl Salicylic Acid, Gluconolactone, Sodium Citrate, Salicylic Acid, Glycolic Acid<\/p>\n<p>&nbsp;<\/p>\n","protected":false},"excerpt":{"rendered":"<p>Description Le SKIN1004 Madagascar Centella Poremizing Clear Toner est un tonique doux qui prend soin de la peau gr\u00e2ce \u00e0 la puissante combinaison d\u2019AHA, de BHA et de PHA. Ce tonique exfoliant doux est con\u00e7u pour contr\u00f4ler la production excessive de s\u00e9bum, tandis que le sel rose de l\u2019Himalaya p\u00e9n\u00e8tre en profondeur pour nettoyer vos [&hellip;]<\/p>\n","protected":false},"featured_media":2788,"comment_status":"open","ping_status":"closed","template":"","meta":{"content-type":"","_uag_custom_page_level_css":""},"pwb-brand":[],"product_brand":[],"product_cat":[334,350,345],"product_tag":[],"class_list":{"0":"post-2937","1":"product","2":"type-product","3":"status-publish","4":"has-post-thumbnail","6":"product_cat-produits-coreens","7":"product_cat-skin1004","8":"product_cat-toner-pads","10":"first","11":"instock","12":"sale","13":"shipping-taxable","14":"purchasable","15":"product-type-simple"},"aioseo_notices":[],"uagb_featured_image_src":{"full":["https:\/\/wavexia.com\/wp-content\/uploads\/2025\/10\/large_49517.jpg",480,480,false],"thumbnail":["https:\/\/wavexia.com\/wp-content\/uploads\/2025\/10\/large_49517-150x150.jpg",150,150,true],"medium":["https:\/\/wavexia.com\/wp-content\/uploads\/2025\/10\/large_49517-300x300.jpg",300,300,true],"medium_large":["https:\/\/wavexia.com\/wp-content\/uploads\/2025\/10\/large_49517.jpg",480,480,false],"large":["https:\/\/wavexia.com\/wp-content\/uploads\/2025\/10\/large_49517.jpg",480,480,false],"1536x1536":["https:\/\/wavexia.com\/wp-content\/uploads\/2025\/10\/large_49517.jpg",480,480,false],"2048x2048":["https:\/\/wavexia.com\/wp-content\/uploads\/2025\/10\/large_49517.jpg",480,480,false],"woocommerce_archive_thumbnail":["https:\/\/wavexia.com\/wp-content\/uploads\/2025\/10\/large_49517-300x300.jpg",300,300,true],"woocommerce_thumbnail":["https:\/\/wavexia.com\/wp-content\/uploads\/2025\/10\/large_49517-300x300.jpg",300,300,true],"woocommerce_single":["https:\/\/wavexia.com\/wp-content\/uploads\/2025\/10\/large_49517.jpg",480,480,false],"woocommerce_gallery_thumbnail":["https:\/\/wavexia.com\/wp-content\/uploads\/2025\/10\/large_49517-100x100.jpg",100,100,true]},"uagb_author_info":{"display_name":"zineddine.ayoub98@gmail.com","author_link":"https:\/\/wavexia.com\/?author=0"},"uagb_comment_info":0,"uagb_excerpt":"Description Le SKIN1004 Madagascar Centella Poremizing Clear Toner est un tonique doux qui prend soin de la peau gr\u00e2ce \u00e0 la puissante combinaison d\u2019AHA, de BHA et de PHA. Ce tonique exfoliant doux est con\u00e7u pour contr\u00f4ler la production excessive de s\u00e9bum, tandis que le sel rose de l\u2019Himalaya p\u00e9n\u00e8tre en profondeur pour nettoyer vos&hellip;","brands":[],"_links":{"self":[{"href":"https:\/\/wavexia.com\/index.php?rest_route=\/wp\/v2\/product\/2937","targetHints":{"allow":["GET"]}}],"collection":[{"href":"https:\/\/wavexia.com\/index.php?rest_route=\/wp\/v2\/product"}],"about":[{"href":"https:\/\/wavexia.com\/index.php?rest_route=\/wp\/v2\/types\/product"}],"replies":[{"embeddable":true,"href":"https:\/\/wavexia.com\/index.php?rest_route=%2Fwp%2Fv2%2Fcomments&post=2937"}],"wp:featuredmedia":[{"embeddable":true,"href":"https:\/\/wavexia.com\/index.php?rest_route=\/wp\/v2\/media\/2788"}],"wp:attachment":[{"href":"https:\/\/wavexia.com\/index.php?rest_route=%2Fwp%2Fv2%2Fmedia&parent=2937"}],"wp:term":[{"taxonomy":"pwb-brand","embeddable":true,"href":"https:\/\/wavexia.com\/index.php?rest_route=%2Fwp%2Fv2%2Fpwb-brand&post=2937"},{"taxonomy":"product_brand","embeddable":true,"href":"https:\/\/wavexia.com\/index.php?rest_route=%2Fwp%2Fv2%2Fproduct_brand&post=2937"},{"taxonomy":"product_cat","embeddable":true,"href":"https:\/\/wavexia.com\/index.php?rest_route=%2Fwp%2Fv2%2Fproduct_cat&post=2937"},{"taxonomy":"product_tag","embeddable":true,"href":"https:\/\/wavexia.com\/index.php?rest_route=%2Fwp%2Fv2%2Fproduct_tag&post=2937"}],"curies":[{"name":"wp","href":"https:\/\/api.w.org\/{rel}","templated":true}]}}