{"id":2935,"date":"2025-10-18T22:09:16","date_gmt":"2025-10-18T22:09:16","guid":{"rendered":"https:\/\/wavexia.com\/product\/bath-body-works-freesia-fine-fragrance-mist-236ml\/"},"modified":"2026-03-10T07:30:51","modified_gmt":"2026-03-10T07:30:51","slug":"bath-body-works-freesia-fine-fragrance-mist-236ml","status":"publish","type":"product","link":"https:\/\/wavexia.com\/?product=bath-body-works-freesia-fine-fragrance-mist-236ml","title":{"rendered":"Bath &#038; BODY WORKS FREESIA Fine Fragrance Mist 236ml"},"content":{"rendered":"<h2>Description<\/h2>\n<div class=\"card border-left-0 border-right-0 border-bottom-0 mb-0\">\n<div id=\"pdp-fragrance\" class=\"fragrance card-head\">\n<div id=\"collapse-fragrance\" class=\"value content collapse show\" aria-labelledby=\"pdp-fragrance\" data-parent=\"#pdp-accordion\">\n<p>Cela sent un m\u00e9lange floral ludique et \u00e9l\u00e9gant. Freesia, jacinthe cr\u00e9meuse et musc blanc. Parfume votre peau avec une brume super superposable.<\/p>\n<\/div>\n<\/div>\n<div class=\"card border-left-0 border-right-0 border-bottom-0 mb-0\">\n<div id=\"details\" class=\"details card-head\"><\/div>\n<\/div>\n<\/div>\n","protected":false},"excerpt":{"rendered":"<p>Description Cela sent un m\u00e9lange floral ludique et \u00e9l\u00e9gant. Freesia, jacinthe cr\u00e9meuse et musc blanc. Parfume votre peau avec une brume super superposable.<\/p>\n","protected":false},"featured_media":2782,"comment_status":"open","ping_status":"closed","template":"","meta":{"content-type":"","_uag_custom_page_level_css":""},"pwb-brand":[],"product_brand":[],"product_cat":[369,329],"product_tag":[],"class_list":{"0":"post-2935","1":"product","2":"type-product","3":"status-publish","4":"has-post-thumbnail","6":"product_cat-bath-body-works","7":"product_cat-produits-americains","9":"first","10":"instock","11":"sale","12":"shipping-taxable","13":"purchasable","14":"product-type-simple"},"aioseo_notices":[],"uagb_featured_image_src":{"full":["https:\/\/wavexia.com\/wp-content\/uploads\/2025\/10\/COS-000407.jpg",300,500,false],"thumbnail":["https:\/\/wavexia.com\/wp-content\/uploads\/2025\/10\/COS-000407-150x150.jpg",150,150,true],"medium":["https:\/\/wavexia.com\/wp-content\/uploads\/2025\/10\/COS-000407-180x300.jpg",180,300,true],"medium_large":["https:\/\/wavexia.com\/wp-content\/uploads\/2025\/10\/COS-000407.jpg",300,500,false],"large":["https:\/\/wavexia.com\/wp-content\/uploads\/2025\/10\/COS-000407.jpg",300,500,false],"1536x1536":["https:\/\/wavexia.com\/wp-content\/uploads\/2025\/10\/COS-000407.jpg",300,500,false],"2048x2048":["https:\/\/wavexia.com\/wp-content\/uploads\/2025\/10\/COS-000407.jpg",300,500,false],"woocommerce_archive_thumbnail":["https:\/\/wavexia.com\/wp-content\/uploads\/2025\/10\/COS-000407.jpg",300,500,false],"woocommerce_thumbnail":["https:\/\/wavexia.com\/wp-content\/uploads\/2025\/10\/COS-000407-300x300.jpg",300,300,true],"woocommerce_single":["https:\/\/wavexia.com\/wp-content\/uploads\/2025\/10\/COS-000407.jpg",300,500,false],"woocommerce_gallery_thumbnail":["https:\/\/wavexia.com\/wp-content\/uploads\/2025\/10\/COS-000407-100x100.jpg",100,100,true]},"uagb_author_info":{"display_name":"zineddine.ayoub98@gmail.com","author_link":"https:\/\/wavexia.com\/?author=0"},"uagb_comment_info":0,"uagb_excerpt":"Description Cela sent un m\u00e9lange floral ludique et \u00e9l\u00e9gant. Freesia, jacinthe cr\u00e9meuse et musc blanc. Parfume votre peau avec une brume super superposable.","brands":[],"_links":{"self":[{"href":"https:\/\/wavexia.com\/index.php?rest_route=\/wp\/v2\/product\/2935","targetHints":{"allow":["GET"]}}],"collection":[{"href":"https:\/\/wavexia.com\/index.php?rest_route=\/wp\/v2\/product"}],"about":[{"href":"https:\/\/wavexia.com\/index.php?rest_route=\/wp\/v2\/types\/product"}],"replies":[{"embeddable":true,"href":"https:\/\/wavexia.com\/index.php?rest_route=%2Fwp%2Fv2%2Fcomments&post=2935"}],"wp:featuredmedia":[{"embeddable":true,"href":"https:\/\/wavexia.com\/index.php?rest_route=\/wp\/v2\/media\/2782"}],"wp:attachment":[{"href":"https:\/\/wavexia.com\/index.php?rest_route=%2Fwp%2Fv2%2Fmedia&parent=2935"}],"wp:term":[{"taxonomy":"pwb-brand","embeddable":true,"href":"https:\/\/wavexia.com\/index.php?rest_route=%2Fwp%2Fv2%2Fpwb-brand&post=2935"},{"taxonomy":"product_brand","embeddable":true,"href":"https:\/\/wavexia.com\/index.php?rest_route=%2Fwp%2Fv2%2Fproduct_brand&post=2935"},{"taxonomy":"product_cat","embeddable":true,"href":"https:\/\/wavexia.com\/index.php?rest_route=%2Fwp%2Fv2%2Fproduct_cat&post=2935"},{"taxonomy":"product_tag","embeddable":true,"href":"https:\/\/wavexia.com\/index.php?rest_route=%2Fwp%2Fv2%2Fproduct_tag&post=2935"}],"curies":[{"name":"wp","href":"https:\/\/api.w.org\/{rel}","templated":true}]}}