{"id":2930,"date":"2025-10-18T22:09:16","date_gmt":"2025-10-18T22:09:16","guid":{"rendered":"https:\/\/wavexia.com\/product\/im-from-black-rice-toner-150ml\/"},"modified":"2026-03-10T07:30:51","modified_gmt":"2026-03-10T07:30:51","slug":"im-from-black-rice-toner-150ml","status":"publish","type":"product","link":"https:\/\/wavexia.com\/?product=im-from-black-rice-toner-150ml","title":{"rendered":"I\u2019m from Black Rice Toner 150ml"},"content":{"rendered":"<h2>Description<\/h2>\n<p>Un tonique sp\u00e9cialement con\u00e7u pour offrir un \u00e9clat radieux sans lourdeur ni brillance, parfait pour les peaux grasses et sujettes \u00e0 l\u2019acn\u00e9.<\/p>\n<ul>\n<li><strong>Aliment\u00e9 par du riz noir ferment\u00e9 de 100 jours<\/strong>&nbsp;Ce riz noir contient 2,4 fois plus d\u2019anthocyanes que le riz noir ordinaire.<br \/>Gr\u00e2ce \u00e0 100 jours de fermentation naturelle, la teneur en antioxydants augmente de 126 %, am\u00e9liorant la d\u00e9fense de la peau contre l\u2019exc\u00e8s de s\u00e9bum, le stress environnemental et le vieillissement pr\u00e9matur\u00e9.<\/li>\n<li><strong>Dot\u00e9<\/strong><br \/>de la technologie de s\u00e9paration huile-eau signature de la marque, il laisse la peau \u00e9quilibr\u00e9e, hydrat\u00e9e et naturellement \u00e9clatante \u2013 jamais collante ou lourde.<\/li>\n<li><strong>Nettoyage des pores et raffermissement<\/strong><br \/>de la peau L\u2019exfoliation douce lisse la texture rugueuse et aide \u00e0 \u00e9liminer les accumulations, r\u00e9duisant ainsi le risque de pores obstru\u00e9s et d\u2019\u00e9ruptions cutan\u00e9es.<\/li>\n<li><strong>Apaise, renforce et prot\u00e8ge<\/strong><br \/>Calme les irritations et les rougeurs gr\u00e2ce \u00e0 des ingr\u00e9dients anti-inflammatoires naturels. Enrichi en panth\u00e9nol, il soutient activement une barri\u00e8re cutan\u00e9e forte et r\u00e9sistante, ce qui en fait un choix s\u00fbr et apaisant, m\u00eame pour les peaux sensibles ou r\u00e9actives.<\/li>\n<\/ul>\n<p><strong>Mode d\u2019emploi :<\/strong><\/p>\n<p>1) Apr\u00e8s le nettoyage, versez une quantit\u00e9 appropri\u00e9e sur un coton ou les mains et tapotez doucement sur la peau jusqu\u2019\u00e0 absorption compl\u00e8te.<\/p>\n<p>2) Appliquez plus de produit sur le visage pour plus d\u2019hydratation et d\u2019\u00e9clat.<\/p>\n<p><strong>Ingr\u00e9dients :<\/strong><\/p>\n<p>Eau, eau de graines d\u2019Oryza Sativa (riz), \u00e9ther dicaprylylique, m\u00e9thylpropanediol, poly(ol\u00e9fine en C6-14) hydrog\u00e9n\u00e9e), 1,2-hexanediol, niacinamide, chlorure de sodium, glyc\u00e9rine, extrait de fleur de Melia Azadirachta, propanediol, l\u00e9cithine hydrog\u00e9n\u00e9e, polyglyc\u00e9ryl-10 myristate, extrait de fruit de Coccinia indica, \u00e9thylhexylglyc\u00e9rine, ad\u00e9nosine, gomme xanthane, extrait de Theobroma Cacao (cacao), dextrine, polyglyc\u00e9rine-3, extrait d\u2019Oryza sativa (riz), tocoph\u00e9rol, polym\u00e8re crois\u00e9 d\u2019hyaluronate de sodium, polyglyc\u00e9ryl-10 Laurate, Butyl\u00e8ne glycol, huile de son d\u2019Oryza sativa (riz), acide polyglutamique, panth\u00e9nol, xylose, acide glycolique, EDTA disodique, anthocyanes<\/p>\n","protected":false},"excerpt":{"rendered":"<p>Description Un tonique sp\u00e9cialement con\u00e7u pour offrir un \u00e9clat radieux sans lourdeur ni brillance, parfait pour les peaux grasses et sujettes \u00e0 l\u2019acn\u00e9. Aliment\u00e9 par du riz noir ferment\u00e9 de 100 jours&nbsp;Ce riz noir contient 2,4 fois plus d\u2019anthocyanes que le riz noir ordinaire.Gr\u00e2ce \u00e0 100 jours de fermentation naturelle, la teneur en antioxydants augmente [&hellip;]<\/p>\n","protected":false},"featured_media":2769,"comment_status":"open","ping_status":"closed","template":"","meta":{"content-type":"","_uag_custom_page_level_css":""},"pwb-brand":[],"product_brand":[],"product_cat":[381,328,334,345],"product_tag":[],"class_list":{"0":"post-2930","1":"product","2":"type-product","3":"status-publish","4":"has-post-thumbnail","6":"product_cat-im-from","7":"product_cat-nouveautes","8":"product_cat-produits-coreens","9":"product_cat-toner-pads","11":"first","12":"instock","13":"sale","14":"shipping-taxable","15":"purchasable","16":"product-type-simple"},"aioseo_notices":[],"uagb_featured_image_src":{"full":["https:\/\/wavexia.com\/wp-content\/uploads\/2025\/10\/735372fb0c6dc0465c8c43d1db4a0fe1.jpg",500,500,false],"thumbnail":["https:\/\/wavexia.com\/wp-content\/uploads\/2025\/10\/735372fb0c6dc0465c8c43d1db4a0fe1-150x150.jpg",150,150,true],"medium":["https:\/\/wavexia.com\/wp-content\/uploads\/2025\/10\/735372fb0c6dc0465c8c43d1db4a0fe1-300x300.jpg",300,300,true],"medium_large":["https:\/\/wavexia.com\/wp-content\/uploads\/2025\/10\/735372fb0c6dc0465c8c43d1db4a0fe1.jpg",500,500,false],"large":["https:\/\/wavexia.com\/wp-content\/uploads\/2025\/10\/735372fb0c6dc0465c8c43d1db4a0fe1.jpg",500,500,false],"1536x1536":["https:\/\/wavexia.com\/wp-content\/uploads\/2025\/10\/735372fb0c6dc0465c8c43d1db4a0fe1.jpg",500,500,false],"2048x2048":["https:\/\/wavexia.com\/wp-content\/uploads\/2025\/10\/735372fb0c6dc0465c8c43d1db4a0fe1.jpg",500,500,false],"woocommerce_archive_thumbnail":["https:\/\/wavexia.com\/wp-content\/uploads\/2025\/10\/735372fb0c6dc0465c8c43d1db4a0fe1-300x300.jpg",300,300,true],"woocommerce_thumbnail":["https:\/\/wavexia.com\/wp-content\/uploads\/2025\/10\/735372fb0c6dc0465c8c43d1db4a0fe1-300x300.jpg",300,300,true],"woocommerce_single":["https:\/\/wavexia.com\/wp-content\/uploads\/2025\/10\/735372fb0c6dc0465c8c43d1db4a0fe1.jpg",500,500,false],"woocommerce_gallery_thumbnail":["https:\/\/wavexia.com\/wp-content\/uploads\/2025\/10\/735372fb0c6dc0465c8c43d1db4a0fe1-100x100.jpg",100,100,true]},"uagb_author_info":{"display_name":"zineddine.ayoub98@gmail.com","author_link":"https:\/\/wavexia.com\/?author=0"},"uagb_comment_info":0,"uagb_excerpt":"Description Un tonique sp\u00e9cialement con\u00e7u pour offrir un \u00e9clat radieux sans lourdeur ni brillance, parfait pour les peaux grasses et sujettes \u00e0 l\u2019acn\u00e9. Aliment\u00e9 par du riz noir ferment\u00e9 de 100 jours&nbsp;Ce riz noir contient 2,4 fois plus d\u2019anthocyanes que le riz noir ordinaire.Gr\u00e2ce \u00e0 100 jours de fermentation naturelle, la teneur en antioxydants augmente&hellip;","brands":[],"_links":{"self":[{"href":"https:\/\/wavexia.com\/index.php?rest_route=\/wp\/v2\/product\/2930","targetHints":{"allow":["GET"]}}],"collection":[{"href":"https:\/\/wavexia.com\/index.php?rest_route=\/wp\/v2\/product"}],"about":[{"href":"https:\/\/wavexia.com\/index.php?rest_route=\/wp\/v2\/types\/product"}],"replies":[{"embeddable":true,"href":"https:\/\/wavexia.com\/index.php?rest_route=%2Fwp%2Fv2%2Fcomments&post=2930"}],"wp:featuredmedia":[{"embeddable":true,"href":"https:\/\/wavexia.com\/index.php?rest_route=\/wp\/v2\/media\/2769"}],"wp:attachment":[{"href":"https:\/\/wavexia.com\/index.php?rest_route=%2Fwp%2Fv2%2Fmedia&parent=2930"}],"wp:term":[{"taxonomy":"pwb-brand","embeddable":true,"href":"https:\/\/wavexia.com\/index.php?rest_route=%2Fwp%2Fv2%2Fpwb-brand&post=2930"},{"taxonomy":"product_brand","embeddable":true,"href":"https:\/\/wavexia.com\/index.php?rest_route=%2Fwp%2Fv2%2Fproduct_brand&post=2930"},{"taxonomy":"product_cat","embeddable":true,"href":"https:\/\/wavexia.com\/index.php?rest_route=%2Fwp%2Fv2%2Fproduct_cat&post=2930"},{"taxonomy":"product_tag","embeddable":true,"href":"https:\/\/wavexia.com\/index.php?rest_route=%2Fwp%2Fv2%2Fproduct_tag&post=2930"}],"curies":[{"name":"wp","href":"https:\/\/api.w.org\/{rel}","templated":true}]}}