{"id":2928,"date":"2025-10-18T22:09:14","date_gmt":"2025-10-18T22:09:14","guid":{"rendered":"https:\/\/wavexia.com\/product\/victorias-secret-coastal-bliss-body-mist-250ml\/"},"modified":"2026-03-10T07:30:50","modified_gmt":"2026-03-10T07:30:50","slug":"victorias-secret-coastal-bliss-body-mist-250ml","status":"publish","type":"product","link":"https:\/\/wavexia.com\/?product=victorias-secret-coastal-bliss-body-mist-250ml","title":{"rendered":"Victoria\u2019s Secret Coastal Bliss Body Mist 250ml"},"content":{"rendered":"<h2>Description<\/h2>\n<p>\u00c9vadez-vous dans un endroit lointain o\u00f9 les for\u00eats luxuriantes et les montagnes se confondent avec la mer. Des notes de fruits riches, de fleurs et de verdure fra\u00eeche vous guident dans votre voyage \u00e0 travers des paysages exotiques. Type&nbsp;: fruits chauds. Notes : mandarine, lait vanill\u00e9, frangipanier<\/p>\n","protected":false},"excerpt":{"rendered":"<p>Description \u00c9vadez-vous dans un endroit lointain o\u00f9 les for\u00eats luxuriantes et les montagnes se confondent avec la mer. Des notes de fruits riches, de fleurs et de verdure fra\u00eeche vous guident dans votre voyage \u00e0 travers des paysages exotiques. Type&nbsp;: fruits chauds. Notes : mandarine, lait vanill\u00e9, frangipanier<\/p>\n","protected":false},"featured_media":2762,"comment_status":"open","ping_status":"closed","template":"","meta":{"content-type":"","_uag_custom_page_level_css":""},"pwb-brand":[],"product_brand":[],"product_cat":[329,362],"product_tag":[],"class_list":{"0":"post-2928","1":"product","2":"type-product","3":"status-publish","4":"has-post-thumbnail","6":"product_cat-produits-americains","7":"product_cat-victoria-secret","9":"first","10":"instock","11":"sale","12":"shipping-taxable","13":"purchasable","14":"product-type-simple"},"aioseo_notices":[],"uagb_featured_image_src":{"full":["https:\/\/wavexia.com\/wp-content\/uploads\/2025\/10\/375x500.93214.jpg",375,500,false],"thumbnail":["https:\/\/wavexia.com\/wp-content\/uploads\/2025\/10\/375x500.93214-150x150.jpg",150,150,true],"medium":["https:\/\/wavexia.com\/wp-content\/uploads\/2025\/10\/375x500.93214-225x300.jpg",225,300,true],"medium_large":["https:\/\/wavexia.com\/wp-content\/uploads\/2025\/10\/375x500.93214.jpg",375,500,false],"large":["https:\/\/wavexia.com\/wp-content\/uploads\/2025\/10\/375x500.93214.jpg",375,500,false],"1536x1536":["https:\/\/wavexia.com\/wp-content\/uploads\/2025\/10\/375x500.93214.jpg",375,500,false],"2048x2048":["https:\/\/wavexia.com\/wp-content\/uploads\/2025\/10\/375x500.93214.jpg",375,500,false],"woocommerce_archive_thumbnail":["https:\/\/wavexia.com\/wp-content\/uploads\/2025\/10\/375x500.93214-300x400.jpg",300,400,true],"woocommerce_thumbnail":["https:\/\/wavexia.com\/wp-content\/uploads\/2025\/10\/375x500.93214-300x300.jpg",300,300,true],"woocommerce_single":["https:\/\/wavexia.com\/wp-content\/uploads\/2025\/10\/375x500.93214.jpg",375,500,false],"woocommerce_gallery_thumbnail":["https:\/\/wavexia.com\/wp-content\/uploads\/2025\/10\/375x500.93214-100x100.jpg",100,100,true]},"uagb_author_info":{"display_name":"zineddine.ayoub98@gmail.com","author_link":"https:\/\/wavexia.com\/?author=0"},"uagb_comment_info":0,"uagb_excerpt":"Description \u00c9vadez-vous dans un endroit lointain o\u00f9 les for\u00eats luxuriantes et les montagnes se confondent avec la mer. Des notes de fruits riches, de fleurs et de verdure fra\u00eeche vous guident dans votre voyage \u00e0 travers des paysages exotiques. Type&nbsp;: fruits chauds. Notes : mandarine, lait vanill\u00e9, frangipanier","brands":[],"_links":{"self":[{"href":"https:\/\/wavexia.com\/index.php?rest_route=\/wp\/v2\/product\/2928","targetHints":{"allow":["GET"]}}],"collection":[{"href":"https:\/\/wavexia.com\/index.php?rest_route=\/wp\/v2\/product"}],"about":[{"href":"https:\/\/wavexia.com\/index.php?rest_route=\/wp\/v2\/types\/product"}],"replies":[{"embeddable":true,"href":"https:\/\/wavexia.com\/index.php?rest_route=%2Fwp%2Fv2%2Fcomments&post=2928"}],"wp:featuredmedia":[{"embeddable":true,"href":"https:\/\/wavexia.com\/index.php?rest_route=\/wp\/v2\/media\/2762"}],"wp:attachment":[{"href":"https:\/\/wavexia.com\/index.php?rest_route=%2Fwp%2Fv2%2Fmedia&parent=2928"}],"wp:term":[{"taxonomy":"pwb-brand","embeddable":true,"href":"https:\/\/wavexia.com\/index.php?rest_route=%2Fwp%2Fv2%2Fpwb-brand&post=2928"},{"taxonomy":"product_brand","embeddable":true,"href":"https:\/\/wavexia.com\/index.php?rest_route=%2Fwp%2Fv2%2Fproduct_brand&post=2928"},{"taxonomy":"product_cat","embeddable":true,"href":"https:\/\/wavexia.com\/index.php?rest_route=%2Fwp%2Fv2%2Fproduct_cat&post=2928"},{"taxonomy":"product_tag","embeddable":true,"href":"https:\/\/wavexia.com\/index.php?rest_route=%2Fwp%2Fv2%2Fproduct_tag&post=2928"}],"curies":[{"name":"wp","href":"https:\/\/api.w.org\/{rel}","templated":true}]}}