{"id":2927,"date":"2025-10-18T22:09:14","date_gmt":"2025-10-18T22:09:14","guid":{"rendered":"https:\/\/wavexia.com\/product\/victorias-secret-vibrant-breeze-body-mist-250ml\/"},"modified":"2026-03-10T07:30:50","modified_gmt":"2026-03-10T07:30:50","slug":"victorias-secret-vibrant-breeze-body-mist-250ml","status":"publish","type":"product","link":"https:\/\/wavexia.com\/?product=victorias-secret-vibrant-breeze-body-mist-250ml","title":{"rendered":"Victoria\u2019s Secret Vibrant Breeze Body Mist 250ml"},"content":{"rendered":"<h2>Description<\/h2>\n<p>Illuminez chaque jour avec un parfum enchanteur \u2014 telle est la mission de la brume parfum\u00e9e \u00ab&nbsp;Vibrant Breeze&nbsp;\u00bb de Victoria\u2019s Secret. Imaginez un paradis nich\u00e9 au milieu de l\u2019oc\u00e9an, o\u00f9 des for\u00eats luxuriantes et des montagnes se m\u00ealent aux vagues d\u00e9ferlantes\u2026 Dans ce voyage olfactif, vous serez accompagn\u00e9(e) par des notes de fruits m\u00fbrs, de fleurs et de verdure fra\u00eeche, capturant tout le charme des paysages exotiques.<\/p>\n","protected":false},"excerpt":{"rendered":"<p>Description Illuminez chaque jour avec un parfum enchanteur \u2014 telle est la mission de la brume parfum\u00e9e \u00ab&nbsp;Vibrant Breeze&nbsp;\u00bb de Victoria\u2019s Secret. Imaginez un paradis nich\u00e9 au milieu de l\u2019oc\u00e9an, o\u00f9 des for\u00eats luxuriantes et des montagnes se m\u00ealent aux vagues d\u00e9ferlantes\u2026 Dans ce voyage olfactif, vous serez accompagn\u00e9(e) par des notes de fruits m\u00fbrs, [&hellip;]<\/p>\n","protected":false},"featured_media":2760,"comment_status":"open","ping_status":"closed","template":"","meta":{"content-type":"","_uag_custom_page_level_css":""},"pwb-brand":[],"product_brand":[],"product_cat":[329,362],"product_tag":[],"class_list":{"0":"post-2927","1":"product","2":"type-product","3":"status-publish","4":"has-post-thumbnail","6":"product_cat-produits-americains","7":"product_cat-victoria-secret","9":"first","10":"instock","11":"sale","12":"shipping-taxable","13":"purchasable","14":"product-type-simple"},"aioseo_notices":[],"uagb_featured_image_src":{"full":["https:\/\/wavexia.com\/wp-content\/uploads\/2025\/10\/375x500.93216.jpg",375,500,false],"thumbnail":["https:\/\/wavexia.com\/wp-content\/uploads\/2025\/10\/375x500.93216-150x150.jpg",150,150,true],"medium":["https:\/\/wavexia.com\/wp-content\/uploads\/2025\/10\/375x500.93216-225x300.jpg",225,300,true],"medium_large":["https:\/\/wavexia.com\/wp-content\/uploads\/2025\/10\/375x500.93216.jpg",375,500,false],"large":["https:\/\/wavexia.com\/wp-content\/uploads\/2025\/10\/375x500.93216.jpg",375,500,false],"1536x1536":["https:\/\/wavexia.com\/wp-content\/uploads\/2025\/10\/375x500.93216.jpg",375,500,false],"2048x2048":["https:\/\/wavexia.com\/wp-content\/uploads\/2025\/10\/375x500.93216.jpg",375,500,false],"woocommerce_archive_thumbnail":["https:\/\/wavexia.com\/wp-content\/uploads\/2025\/10\/375x500.93216-300x400.jpg",300,400,true],"woocommerce_thumbnail":["https:\/\/wavexia.com\/wp-content\/uploads\/2025\/10\/375x500.93216-300x300.jpg",300,300,true],"woocommerce_single":["https:\/\/wavexia.com\/wp-content\/uploads\/2025\/10\/375x500.93216.jpg",375,500,false],"woocommerce_gallery_thumbnail":["https:\/\/wavexia.com\/wp-content\/uploads\/2025\/10\/375x500.93216-100x100.jpg",100,100,true]},"uagb_author_info":{"display_name":"zineddine.ayoub98@gmail.com","author_link":"https:\/\/wavexia.com\/?author=0"},"uagb_comment_info":0,"uagb_excerpt":"Description Illuminez chaque jour avec un parfum enchanteur \u2014 telle est la mission de la brume parfum\u00e9e \u00ab&nbsp;Vibrant Breeze&nbsp;\u00bb de Victoria\u2019s Secret. Imaginez un paradis nich\u00e9 au milieu de l\u2019oc\u00e9an, o\u00f9 des for\u00eats luxuriantes et des montagnes se m\u00ealent aux vagues d\u00e9ferlantes\u2026 Dans ce voyage olfactif, vous serez accompagn\u00e9(e) par des notes de fruits m\u00fbrs,&hellip;","brands":[],"_links":{"self":[{"href":"https:\/\/wavexia.com\/index.php?rest_route=\/wp\/v2\/product\/2927","targetHints":{"allow":["GET"]}}],"collection":[{"href":"https:\/\/wavexia.com\/index.php?rest_route=\/wp\/v2\/product"}],"about":[{"href":"https:\/\/wavexia.com\/index.php?rest_route=\/wp\/v2\/types\/product"}],"replies":[{"embeddable":true,"href":"https:\/\/wavexia.com\/index.php?rest_route=%2Fwp%2Fv2%2Fcomments&post=2927"}],"wp:featuredmedia":[{"embeddable":true,"href":"https:\/\/wavexia.com\/index.php?rest_route=\/wp\/v2\/media\/2760"}],"wp:attachment":[{"href":"https:\/\/wavexia.com\/index.php?rest_route=%2Fwp%2Fv2%2Fmedia&parent=2927"}],"wp:term":[{"taxonomy":"pwb-brand","embeddable":true,"href":"https:\/\/wavexia.com\/index.php?rest_route=%2Fwp%2Fv2%2Fpwb-brand&post=2927"},{"taxonomy":"product_brand","embeddable":true,"href":"https:\/\/wavexia.com\/index.php?rest_route=%2Fwp%2Fv2%2Fproduct_brand&post=2927"},{"taxonomy":"product_cat","embeddable":true,"href":"https:\/\/wavexia.com\/index.php?rest_route=%2Fwp%2Fv2%2Fproduct_cat&post=2927"},{"taxonomy":"product_tag","embeddable":true,"href":"https:\/\/wavexia.com\/index.php?rest_route=%2Fwp%2Fv2%2Fproduct_tag&post=2927"}],"curies":[{"name":"wp","href":"https:\/\/api.w.org\/{rel}","templated":true}]}}