{"id":2926,"date":"2025-10-18T22:09:14","date_gmt":"2025-10-18T22:09:14","guid":{"rendered":"https:\/\/wavexia.com\/product\/victorias-secret-pure-seduction-sol-body-mist-250ml\/"},"modified":"2026-03-10T07:30:50","modified_gmt":"2026-03-10T07:30:50","slug":"victorias-secret-pure-seduction-sol-body-mist-250ml","status":"publish","type":"product","link":"https:\/\/wavexia.com\/?product=victorias-secret-pure-seduction-sol-body-mist-250ml","title":{"rendered":"Victoria\u2019s Secret Pure Seduction SOL Body Mist 250ml"},"content":{"rendered":"<h2>Description<\/h2>\n<p>Lorsque vous souhaitez vous rafra\u00eechir et vous immerger dans un parfum envo\u00fbtant, il est important de choisir un produit qui non seulement offre un parfum agr\u00e9able, mais prend \u00e9galement soin de votre peau. Le spray corporel parfum\u00e9 cr\u00e9e une aura subtile mais remarquable qui vous accompagne tout au long de la journ\u00e9e. Victoria\u2019s Secret est r\u00e9put\u00e9e pour ses produits luxueux, et le Pure Seduction SOL Fragrance Mist ne fait pas exception. Sa texture l\u00e9g\u00e8re vous permet de profiter de chaque goutte du parfum, offrant \u00e0 votre peau douceur et hydratation. Ce spray convient \u00e0 toutes les saisons et deviendra un accessoire favori pour ceux qui souhaitent se sentir envo\u00fbtants.<\/p>\n","protected":false},"excerpt":{"rendered":"<p>Description Lorsque vous souhaitez vous rafra\u00eechir et vous immerger dans un parfum envo\u00fbtant, il est important de choisir un produit qui non seulement offre un parfum agr\u00e9able, mais prend \u00e9galement soin de votre peau. Le spray corporel parfum\u00e9 cr\u00e9e une aura subtile mais remarquable qui vous accompagne tout au long de la journ\u00e9e. Victoria\u2019s Secret [&hellip;]<\/p>\n","protected":false},"featured_media":2758,"comment_status":"open","ping_status":"closed","template":"","meta":{"content-type":"","_uag_custom_page_level_css":""},"pwb-brand":[],"product_brand":[],"product_cat":[329,362],"product_tag":[],"class_list":{"0":"post-2926","1":"product","2":"type-product","3":"status-publish","4":"has-post-thumbnail","6":"product_cat-produits-americains","7":"product_cat-victoria-secret","9":"first","10":"instock","11":"sale","12":"shipping-taxable","13":"purchasable","14":"product-type-simple"},"aioseo_notices":[],"uagb_featured_image_src":{"full":["https:\/\/wavexia.com\/wp-content\/uploads\/2025\/10\/victoria-s-secret-pure-seduction-sol-fragrance-mist-250ml-huge.jpg",1500,1500,false],"thumbnail":["https:\/\/wavexia.com\/wp-content\/uploads\/2025\/10\/victoria-s-secret-pure-seduction-sol-fragrance-mist-250ml-huge-150x150.jpg",150,150,true],"medium":["https:\/\/wavexia.com\/wp-content\/uploads\/2025\/10\/victoria-s-secret-pure-seduction-sol-fragrance-mist-250ml-huge-300x300.jpg",300,300,true],"medium_large":["https:\/\/wavexia.com\/wp-content\/uploads\/2025\/10\/victoria-s-secret-pure-seduction-sol-fragrance-mist-250ml-huge-768x768.jpg",768,768,true],"large":["https:\/\/wavexia.com\/wp-content\/uploads\/2025\/10\/victoria-s-secret-pure-seduction-sol-fragrance-mist-250ml-huge-1024x1024.jpg",1024,1024,true],"1536x1536":["https:\/\/wavexia.com\/wp-content\/uploads\/2025\/10\/victoria-s-secret-pure-seduction-sol-fragrance-mist-250ml-huge.jpg",1500,1500,false],"2048x2048":["https:\/\/wavexia.com\/wp-content\/uploads\/2025\/10\/victoria-s-secret-pure-seduction-sol-fragrance-mist-250ml-huge.jpg",1500,1500,false],"woocommerce_archive_thumbnail":["https:\/\/wavexia.com\/wp-content\/uploads\/2025\/10\/victoria-s-secret-pure-seduction-sol-fragrance-mist-250ml-huge-300x300.jpg",300,300,true],"woocommerce_thumbnail":["https:\/\/wavexia.com\/wp-content\/uploads\/2025\/10\/victoria-s-secret-pure-seduction-sol-fragrance-mist-250ml-huge-300x300.jpg",300,300,true],"woocommerce_single":["https:\/\/wavexia.com\/wp-content\/uploads\/2025\/10\/victoria-s-secret-pure-seduction-sol-fragrance-mist-250ml-huge-600x600.jpg",600,600,true],"woocommerce_gallery_thumbnail":["https:\/\/wavexia.com\/wp-content\/uploads\/2025\/10\/victoria-s-secret-pure-seduction-sol-fragrance-mist-250ml-huge-100x100.jpg",100,100,true]},"uagb_author_info":{"display_name":"zineddine.ayoub98@gmail.com","author_link":"https:\/\/wavexia.com\/?author=0"},"uagb_comment_info":0,"uagb_excerpt":"Description Lorsque vous souhaitez vous rafra\u00eechir et vous immerger dans un parfum envo\u00fbtant, il est important de choisir un produit qui non seulement offre un parfum agr\u00e9able, mais prend \u00e9galement soin de votre peau. Le spray corporel parfum\u00e9 cr\u00e9e une aura subtile mais remarquable qui vous accompagne tout au long de la journ\u00e9e. Victoria\u2019s Secret&hellip;","brands":[],"_links":{"self":[{"href":"https:\/\/wavexia.com\/index.php?rest_route=\/wp\/v2\/product\/2926","targetHints":{"allow":["GET"]}}],"collection":[{"href":"https:\/\/wavexia.com\/index.php?rest_route=\/wp\/v2\/product"}],"about":[{"href":"https:\/\/wavexia.com\/index.php?rest_route=\/wp\/v2\/types\/product"}],"replies":[{"embeddable":true,"href":"https:\/\/wavexia.com\/index.php?rest_route=%2Fwp%2Fv2%2Fcomments&post=2926"}],"wp:featuredmedia":[{"embeddable":true,"href":"https:\/\/wavexia.com\/index.php?rest_route=\/wp\/v2\/media\/2758"}],"wp:attachment":[{"href":"https:\/\/wavexia.com\/index.php?rest_route=%2Fwp%2Fv2%2Fmedia&parent=2926"}],"wp:term":[{"taxonomy":"pwb-brand","embeddable":true,"href":"https:\/\/wavexia.com\/index.php?rest_route=%2Fwp%2Fv2%2Fpwb-brand&post=2926"},{"taxonomy":"product_brand","embeddable":true,"href":"https:\/\/wavexia.com\/index.php?rest_route=%2Fwp%2Fv2%2Fproduct_brand&post=2926"},{"taxonomy":"product_cat","embeddable":true,"href":"https:\/\/wavexia.com\/index.php?rest_route=%2Fwp%2Fv2%2Fproduct_cat&post=2926"},{"taxonomy":"product_tag","embeddable":true,"href":"https:\/\/wavexia.com\/index.php?rest_route=%2Fwp%2Fv2%2Fproduct_tag&post=2926"}],"curies":[{"name":"wp","href":"https:\/\/api.w.org\/{rel}","templated":true}]}}