{"id":2925,"date":"2025-10-18T22:09:14","date_gmt":"2025-10-18T22:09:14","guid":{"rendered":"https:\/\/wavexia.com\/product\/eqqualberry-hyaluron-flooding-serum-30ml\/"},"modified":"2026-03-10T07:30:50","modified_gmt":"2026-03-10T07:30:50","slug":"eqqualberry-hyaluron-flooding-serum-30ml","status":"publish","type":"product","link":"https:\/\/wavexia.com\/?product=eqqualberry-hyaluron-flooding-serum-30ml","title":{"rendered":"Eqqualberry Hyaluron Flooding Serum 30ml"},"content":{"rendered":"<h2>Description<\/h2>\n<p><strong>Hydratation et protection avec 50 000 ppm d\u2019acide hyaluronique hyalto\u00efne<\/strong><br \/>\u2714\ufe0freconstitue l\u2019hydratation \u00e0 la surface et en profondeur de la peau.<br \/>\u2714\ufe0fL\u2019ecto\u00efne emprisonne l\u2019hydratation, renforce et prot\u00e8ge la barri\u00e8re cutan\u00e9e contre les irritants.<\/p>\n<p><strong>Refroidissement instantan\u00e9 et hydratation en profondeur avec 100 000 ppm d\u2019eau<\/strong><br \/>\u2714\ufe0f de glacier Refroidit la peau pour pr\u00e9venir la perte d\u2019humidit\u00e9 et la garder hydrat\u00e9e plus longtemps<br \/>\u2714\ufe0f Stimule l\u2019absorption de l\u2019acide hyaluronique pour une hydratation rapide, profonde et durable<\/p>\n<p><strong>Renforce la barri\u00e8re cutan\u00e9e avec 5 c\u00e9ramides<\/strong><br \/>\u2714\ufe0f 5 c\u00e9ramides (NP, AP, AS, NS, EOP) restaurent le bouclier protecteur de la peau et emprisonnent l\u2019hydratation<br \/>\u2714\ufe0f en profondeur Maintient la peau forte contre la s\u00e9cheresse et les facteurs de stress externes<\/p>\n<p><strong>Frais, \u00e0 absorption<\/strong><br \/>\u2714\ufe0f rapide P\u00e9n\u00e8tre rapidement sans laisser de r\u00e9sidus lourds, laissant la peau rafra\u00eechie et hydrat\u00e9e<\/p>\n","protected":false},"excerpt":{"rendered":"<p>Description Hydratation et protection avec 50 000 ppm d\u2019acide hyaluronique hyalto\u00efne\u2714\ufe0freconstitue l\u2019hydratation \u00e0 la surface et en profondeur de la peau.\u2714\ufe0fL\u2019ecto\u00efne emprisonne l\u2019hydratation, renforce et prot\u00e8ge la barri\u00e8re cutan\u00e9e contre les irritants. Refroidissement instantan\u00e9 et hydratation en profondeur avec 100 000 ppm d\u2019eau\u2714\ufe0f de glacier Refroidit la peau pour pr\u00e9venir la perte d\u2019humidit\u00e9 et la [&hellip;]<\/p>\n","protected":false},"featured_media":2754,"comment_status":"open","ping_status":"closed","template":"","meta":{"content-type":"","_uag_custom_page_level_css":""},"pwb-brand":[],"product_brand":[],"product_cat":[337,328,334,338],"product_tag":[],"class_list":{"0":"post-2925","1":"product","2":"type-product","3":"status-publish","4":"has-post-thumbnail","6":"product_cat-eqqualberry","7":"product_cat-nouveautes","8":"product_cat-produits-coreens","9":"product_cat-serum-ampoule","11":"first","12":"instock","13":"sale","14":"shipping-taxable","15":"purchasable","16":"product-type-simple"},"aioseo_notices":[],"uagb_featured_image_src":{"full":["https:\/\/wavexia.com\/wp-content\/uploads\/2025\/10\/eqqualberry-hyaltoin-flooding-serum-30ml-1693.webp",854,934,false],"thumbnail":["https:\/\/wavexia.com\/wp-content\/uploads\/2025\/10\/eqqualberry-hyaltoin-flooding-serum-30ml-1693-150x150.webp",150,150,true],"medium":["https:\/\/wavexia.com\/wp-content\/uploads\/2025\/10\/eqqualberry-hyaltoin-flooding-serum-30ml-1693-274x300.webp",274,300,true],"medium_large":["https:\/\/wavexia.com\/wp-content\/uploads\/2025\/10\/eqqualberry-hyaltoin-flooding-serum-30ml-1693-768x840.webp",768,840,true],"large":["https:\/\/wavexia.com\/wp-content\/uploads\/2025\/10\/eqqualberry-hyaltoin-flooding-serum-30ml-1693.webp",854,934,false],"1536x1536":["https:\/\/wavexia.com\/wp-content\/uploads\/2025\/10\/eqqualberry-hyaltoin-flooding-serum-30ml-1693.webp",854,934,false],"2048x2048":["https:\/\/wavexia.com\/wp-content\/uploads\/2025\/10\/eqqualberry-hyaltoin-flooding-serum-30ml-1693.webp",854,934,false],"woocommerce_archive_thumbnail":["https:\/\/wavexia.com\/wp-content\/uploads\/2025\/10\/eqqualberry-hyaltoin-flooding-serum-30ml-1693-300x328.webp",300,328,true],"woocommerce_thumbnail":["https:\/\/wavexia.com\/wp-content\/uploads\/2025\/10\/eqqualberry-hyaltoin-flooding-serum-30ml-1693-300x300.webp",300,300,true],"woocommerce_single":["https:\/\/wavexia.com\/wp-content\/uploads\/2025\/10\/eqqualberry-hyaltoin-flooding-serum-30ml-1693-600x656.webp",600,656,true],"woocommerce_gallery_thumbnail":["https:\/\/wavexia.com\/wp-content\/uploads\/2025\/10\/eqqualberry-hyaltoin-flooding-serum-30ml-1693-100x100.webp",100,100,true]},"uagb_author_info":{"display_name":"zineddine.ayoub98@gmail.com","author_link":"https:\/\/wavexia.com\/?author=0"},"uagb_comment_info":0,"uagb_excerpt":"Description Hydratation et protection avec 50 000 ppm d\u2019acide hyaluronique hyalto\u00efne\u2714\ufe0freconstitue l\u2019hydratation \u00e0 la surface et en profondeur de la peau.\u2714\ufe0fL\u2019ecto\u00efne emprisonne l\u2019hydratation, renforce et prot\u00e8ge la barri\u00e8re cutan\u00e9e contre les irritants. Refroidissement instantan\u00e9 et hydratation en profondeur avec 100 000 ppm d\u2019eau\u2714\ufe0f de glacier Refroidit la peau pour pr\u00e9venir la perte d\u2019humidit\u00e9 et la&hellip;","brands":[],"_links":{"self":[{"href":"https:\/\/wavexia.com\/index.php?rest_route=\/wp\/v2\/product\/2925","targetHints":{"allow":["GET"]}}],"collection":[{"href":"https:\/\/wavexia.com\/index.php?rest_route=\/wp\/v2\/product"}],"about":[{"href":"https:\/\/wavexia.com\/index.php?rest_route=\/wp\/v2\/types\/product"}],"replies":[{"embeddable":true,"href":"https:\/\/wavexia.com\/index.php?rest_route=%2Fwp%2Fv2%2Fcomments&post=2925"}],"wp:featuredmedia":[{"embeddable":true,"href":"https:\/\/wavexia.com\/index.php?rest_route=\/wp\/v2\/media\/2754"}],"wp:attachment":[{"href":"https:\/\/wavexia.com\/index.php?rest_route=%2Fwp%2Fv2%2Fmedia&parent=2925"}],"wp:term":[{"taxonomy":"pwb-brand","embeddable":true,"href":"https:\/\/wavexia.com\/index.php?rest_route=%2Fwp%2Fv2%2Fpwb-brand&post=2925"},{"taxonomy":"product_brand","embeddable":true,"href":"https:\/\/wavexia.com\/index.php?rest_route=%2Fwp%2Fv2%2Fproduct_brand&post=2925"},{"taxonomy":"product_cat","embeddable":true,"href":"https:\/\/wavexia.com\/index.php?rest_route=%2Fwp%2Fv2%2Fproduct_cat&post=2925"},{"taxonomy":"product_tag","embeddable":true,"href":"https:\/\/wavexia.com\/index.php?rest_route=%2Fwp%2Fv2%2Fproduct_tag&post=2925"}],"curies":[{"name":"wp","href":"https:\/\/api.w.org\/{rel}","templated":true}]}}