{"id":2924,"date":"2025-10-18T22:09:14","date_gmt":"2025-10-18T22:09:14","guid":{"rendered":"https:\/\/wavexia.com\/product\/moms-bath-recipe-body-peeling-trouble-care-pad\/"},"modified":"2026-03-10T07:30:50","modified_gmt":"2026-03-10T07:30:50","slug":"moms-bath-recipe-body-peeling-trouble-care-pad","status":"publish","type":"product","link":"https:\/\/wavexia.com\/?product=moms-bath-recipe-body-peeling-trouble-care-pad","title":{"rendered":"Mom\u2019s Bath Recipe Body Peeling Trouble Care Pad"},"content":{"rendered":"<h2>Description<\/h2>\n<p>Le tampon exfoliant pour le corps Mom\u2019s Bath Recipe est un tampon exfoliant qui exfolie et nettoie efficacement tout le corps pendant la douche. Un c\u00f4t\u00e9 est plus doux et parfait pour \u00e9liminer les cellules mortes de la peau des zones s\u00e8ches comme les jambes, tandis que le c\u00f4t\u00e9 plus rugueux est id\u00e9al pour les peaux plus \u00e9paisses, comme sur les genoux et les coudes.<\/p>\n<p>Les coussinets sont enrichis d\u2019acides AHA et BHA ainsi que d\u2019ingr\u00e9dients nourrissants tels que le miel et les extraits de plantes ferment\u00e9es, qui exfolient et nourrissent la peau.<\/p>\n<ul>\n<li><span><strong>Trouble<\/strong>&nbsp;\u2013 pour les peaux \u00e0 tendance acn\u00e9ique<\/span><\/li>\n<\/ul>\n<h5>mode d\u2019emploi:<\/h5>\n<p>Placez votre main dans le&nbsp;et frottez sur la peau humide avec le c\u00f4t\u00e9 blanc pour faire mousser. Utilisez le c\u00f4t\u00e9 vert sur les zones les plus rugueuses telles que les coudes et les chevilles. Ensuite, rincez \u00e0 l\u2019eau ti\u00e8de.<\/p>\n<h5>ingr\u00e9dients:<\/h5>\n<p>eau, sulfonate d\u2019ol\u00e9fine de sodium C14-16, glyc\u00e9rine, lauryl hydroxysultaine, coco-b\u00e9ta\u00efne, cocoyl is\u00e9thionate de sodium, extrait de miel, citrate de sodium, chlorure de sodium, d\u00e9cyl glucoside, acide salicylique, parfum, dipropyl\u00e8ne glycol, dist\u00e9arate de glycol, pentyl\u00e8ne glycol, ol\u00e9ate de sorbitan, hexad\u00e9c\u00e8ne, t\u00e9trad\u00e9c\u00e8ne, Ethylhexylglyc\u00e9rine, caprylyl glycol, polyquaternium-10, o-cymen-5-ol, 1, 2-hexanediol, extrait de yogourt, propanediol, extrait de propolis, phytate de sodium, butyl\u00e8ne glycol, extrait de centella asiatica, mad\u00e9cassoside, extrait de feuille de Morus Alba, extrait de feuille de Camellia Sinensis, extrait de feuille de Diospyros Kaki, filtrat de ferment de graines de saccharomyces\/d\u2019orge, extrait de ferment de lactobacille\/soja, extrait de fruit de lactobacille\/punica granatum, filtrat de ferment de jus de poire, cyanocobalamine, Lysat de ferment de lactobacille, extrait de feuille de taraxacum officinale (pissenlit), ferment de saccharomyces, extrait de fleur de Nelumbo nucifera, extrait d\u2019Oryza sativa (riz), extrait d\u2019Artemisia annua, extrait d\u2019\u00e9corce de Salix Alba (saule), acide capryloylique salicylique, acide mand\u00e9lique, gluconolactone, acide citrique.<\/p>\n<h5><\/h5>\n","protected":false},"excerpt":{"rendered":"<p>Description Le tampon exfoliant pour le corps Mom\u2019s Bath Recipe est un tampon exfoliant qui exfolie et nettoie efficacement tout le corps pendant la douche. Un c\u00f4t\u00e9 est plus doux et parfait pour \u00e9liminer les cellules mortes de la peau des zones s\u00e8ches comme les jambes, tandis que le c\u00f4t\u00e9 plus rugueux est id\u00e9al pour [&hellip;]<\/p>\n","protected":false},"featured_media":2750,"comment_status":"open","ping_status":"closed","template":"","meta":{"content-type":"","_uag_custom_page_level_css":""},"pwb-brand":[],"product_brand":[],"product_cat":[322,327,380,328,334],"product_tag":[],"class_list":{"0":"post-2924","1":"product","2":"type-product","3":"status-publish","4":"has-post-thumbnail","6":"product_cat-corps-bain","7":"product_cat-hmizat","8":"product_cat-moms-bath-recipe","9":"product_cat-nouveautes","10":"product_cat-produits-coreens","12":"first","13":"instock","14":"sale","15":"shipping-taxable","16":"purchasable","17":"product-type-simple"},"aioseo_notices":[],"uagb_featured_image_src":{"full":["https:\/\/wavexia.com\/wp-content\/uploads\/2025\/10\/ec9df2bf-65dc-4087-abc4-676a12e3d681-1000x1000-pGLaLqmL0pGZAzYkcSoUy12gAud58zuzJwwBA7cZ.webp",1000,1000,false],"thumbnail":["https:\/\/wavexia.com\/wp-content\/uploads\/2025\/10\/ec9df2bf-65dc-4087-abc4-676a12e3d681-1000x1000-pGLaLqmL0pGZAzYkcSoUy12gAud58zuzJwwBA7cZ-150x150.webp",150,150,true],"medium":["https:\/\/wavexia.com\/wp-content\/uploads\/2025\/10\/ec9df2bf-65dc-4087-abc4-676a12e3d681-1000x1000-pGLaLqmL0pGZAzYkcSoUy12gAud58zuzJwwBA7cZ-300x300.webp",300,300,true],"medium_large":["https:\/\/wavexia.com\/wp-content\/uploads\/2025\/10\/ec9df2bf-65dc-4087-abc4-676a12e3d681-1000x1000-pGLaLqmL0pGZAzYkcSoUy12gAud58zuzJwwBA7cZ-768x768.webp",768,768,true],"large":["https:\/\/wavexia.com\/wp-content\/uploads\/2025\/10\/ec9df2bf-65dc-4087-abc4-676a12e3d681-1000x1000-pGLaLqmL0pGZAzYkcSoUy12gAud58zuzJwwBA7cZ.webp",1000,1000,false],"1536x1536":["https:\/\/wavexia.com\/wp-content\/uploads\/2025\/10\/ec9df2bf-65dc-4087-abc4-676a12e3d681-1000x1000-pGLaLqmL0pGZAzYkcSoUy12gAud58zuzJwwBA7cZ.webp",1000,1000,false],"2048x2048":["https:\/\/wavexia.com\/wp-content\/uploads\/2025\/10\/ec9df2bf-65dc-4087-abc4-676a12e3d681-1000x1000-pGLaLqmL0pGZAzYkcSoUy12gAud58zuzJwwBA7cZ.webp",1000,1000,false],"woocommerce_archive_thumbnail":["https:\/\/wavexia.com\/wp-content\/uploads\/2025\/10\/ec9df2bf-65dc-4087-abc4-676a12e3d681-1000x1000-pGLaLqmL0pGZAzYkcSoUy12gAud58zuzJwwBA7cZ-300x300.webp",300,300,true],"woocommerce_thumbnail":["https:\/\/wavexia.com\/wp-content\/uploads\/2025\/10\/ec9df2bf-65dc-4087-abc4-676a12e3d681-1000x1000-pGLaLqmL0pGZAzYkcSoUy12gAud58zuzJwwBA7cZ-300x300.webp",300,300,true],"woocommerce_single":["https:\/\/wavexia.com\/wp-content\/uploads\/2025\/10\/ec9df2bf-65dc-4087-abc4-676a12e3d681-1000x1000-pGLaLqmL0pGZAzYkcSoUy12gAud58zuzJwwBA7cZ-600x600.webp",600,600,true],"woocommerce_gallery_thumbnail":["https:\/\/wavexia.com\/wp-content\/uploads\/2025\/10\/ec9df2bf-65dc-4087-abc4-676a12e3d681-1000x1000-pGLaLqmL0pGZAzYkcSoUy12gAud58zuzJwwBA7cZ-100x100.webp",100,100,true]},"uagb_author_info":{"display_name":"zineddine.ayoub98@gmail.com","author_link":"https:\/\/wavexia.com\/?author=0"},"uagb_comment_info":0,"uagb_excerpt":"Description Le tampon exfoliant pour le corps Mom\u2019s Bath Recipe est un tampon exfoliant qui exfolie et nettoie efficacement tout le corps pendant la douche. Un c\u00f4t\u00e9 est plus doux et parfait pour \u00e9liminer les cellules mortes de la peau des zones s\u00e8ches comme les jambes, tandis que le c\u00f4t\u00e9 plus rugueux est id\u00e9al pour&hellip;","brands":[],"_links":{"self":[{"href":"https:\/\/wavexia.com\/index.php?rest_route=\/wp\/v2\/product\/2924","targetHints":{"allow":["GET"]}}],"collection":[{"href":"https:\/\/wavexia.com\/index.php?rest_route=\/wp\/v2\/product"}],"about":[{"href":"https:\/\/wavexia.com\/index.php?rest_route=\/wp\/v2\/types\/product"}],"replies":[{"embeddable":true,"href":"https:\/\/wavexia.com\/index.php?rest_route=%2Fwp%2Fv2%2Fcomments&post=2924"}],"wp:featuredmedia":[{"embeddable":true,"href":"https:\/\/wavexia.com\/index.php?rest_route=\/wp\/v2\/media\/2750"}],"wp:attachment":[{"href":"https:\/\/wavexia.com\/index.php?rest_route=%2Fwp%2Fv2%2Fmedia&parent=2924"}],"wp:term":[{"taxonomy":"pwb-brand","embeddable":true,"href":"https:\/\/wavexia.com\/index.php?rest_route=%2Fwp%2Fv2%2Fpwb-brand&post=2924"},{"taxonomy":"product_brand","embeddable":true,"href":"https:\/\/wavexia.com\/index.php?rest_route=%2Fwp%2Fv2%2Fproduct_brand&post=2924"},{"taxonomy":"product_cat","embeddable":true,"href":"https:\/\/wavexia.com\/index.php?rest_route=%2Fwp%2Fv2%2Fproduct_cat&post=2924"},{"taxonomy":"product_tag","embeddable":true,"href":"https:\/\/wavexia.com\/index.php?rest_route=%2Fwp%2Fv2%2Fproduct_tag&post=2924"}],"curies":[{"name":"wp","href":"https:\/\/api.w.org\/{rel}","templated":true}]}}