{"id":2923,"date":"2025-10-18T22:09:14","date_gmt":"2025-10-18T22:09:14","guid":{"rendered":"https:\/\/wavexia.com\/product\/seapuri-scalpy-hair-serum-20ml\/"},"modified":"2026-03-10T07:30:50","modified_gmt":"2026-03-10T07:30:50","slug":"seapuri-scalpy-hair-serum-20ml","status":"publish","type":"product","link":"https:\/\/wavexia.com\/?product=seapuri-scalpy-hair-serum-20ml","title":{"rendered":"SEAPURI SCALPY HAIR SERUM 20ML"},"content":{"rendered":"<h2>Description<\/h2>\n<p>seapuri Scalpy Hair Serum est une ampoule capillaire qui est un&nbsp;produit fonctionnel anti-chute de cheveux approuv\u00e9 par le minist\u00e8re cor\u00e9en de la s\u00e9curit\u00e9 alimentaire et pharmaceutique. Il est id\u00e9alpour ceux qui ont des probl\u00e8mes de cheveux\/cuir chevelu tels que la racine des cheveux en forme de M, l\u2019amincissement des cheveux sur la couronne\/la raie, la chute fr\u00e9quente des cheveux en raison de l\u2019amincissement, un cuir chevelu sensible qui devient facilement chaud ou qui d\u00e9mange.&nbsp;Le rouleau triple fin assure un refroidissement extr\u00eame du cuir chevelu.<\/p>\n<p>Ce s\u00e9rum capillaire contient le m\u00e9lange d\u2019acides amin\u00e9s sp\u00e9cialement formul\u00e9 par Dr. 33. Il contient 3 ingr\u00e9dients cl\u00e9s (Acide Salicylique, Dexpanth\u00e9nol et l-Menthol) qui aident \u00e0 lutter contre la chute des cheveux. Il est \u00e9galement formul\u00e9 avec des extraits de prot\u00e9ines v\u00e9g\u00e9tales (extrait de Saccharomyces Cerevisiae, extrait d\u2019Hordeum Vulgare), extrait de nourriture noire (extrait de graines de Glycine Max (soja), extrait de graines de Sesamum Indicum (s\u00e9same), extrait d\u2019Oryza Sativa (riz)).<\/p>\n<h5>&nbsp;ingr\u00e9dient:<\/h5>\n<p>Eau, \u00e9thanol, butyl\u00e8ne glycol, allanto\u00efne, L-menthol, acide salicylique, dexpanth\u00e9nol, k\u00e9ratine hydrolys\u00e9e, glycyrrhizate dipotassique, citrate de sodium, 1,2-hexanediol, caprylyl glycol, hydroxy\u00e9thylcellulose, gomme xanthane, extrait de graines de Glycine Max (soja), extrait de graines de Sesamum Indicum (s\u00e9same), extrait d\u2019Oryza Sativa (riz), extrait de germe de Glycine Max (soja), huile de Citrus Aurantium Dulcis (orange), huile de Lavandula Angustifolia (lavande), huile de Cymbopogon Schoenanthus, huile d\u2019Abies Sibirica, Huile d\u2019\u00e9corce d\u2019Amyris Balsamifera, Huile de Salvia Sclarea (Clary), Citral, Limon\u00e8ne, Linalol, Extrait de Saccharomyces Cerevisiae, Extrait de levure, Extrait d\u2019Hordeum Vulgare, Lysat de ferment de bifida, Filtrat de ferment de Lactobacillus, Extrait de propolis, Extrait de fruit de Diospyros Kaki, Extrait de feuille de Camellia Japonica, Extrait de fruit de Ceratonia Siliqua (caroube), Eau de glacier, Sodium PCA, Lactate de sodium, Arginine, Acide aspartique, PCA, Glycine, Alanine, S\u00e9rine, Valine, Proline, Thr\u00e9onine, Isoleucine, histidine, ph\u00e9nylalanine, polysorbate 20, huile de ricin hydrog\u00e9n\u00e9e PEG-60, EDTA disodique.<\/p>\n<h5><strong>MODE D\u2019EMPLOI:<\/strong><\/h5>\n<p>Apr\u00e8s avoir suffisamment secou\u00e9 le produit, appliquez uniform\u00e9ment une quantit\u00e9 ad\u00e9quate sur le cuir chevelu et massez la peau pour une meilleure absorption. Il peut \u00eatre utilis\u00e9 au quotidien.<\/p>\n","protected":false},"excerpt":{"rendered":"<p>Description seapuri Scalpy Hair Serum est une ampoule capillaire qui est un&nbsp;produit fonctionnel anti-chute de cheveux approuv\u00e9 par le minist\u00e8re cor\u00e9en de la s\u00e9curit\u00e9 alimentaire et pharmaceutique. Il est id\u00e9alpour ceux qui ont des probl\u00e8mes de cheveux\/cuir chevelu tels que la racine des cheveux en forme de M, l\u2019amincissement des cheveux sur la couronne\/la raie, [&hellip;]<\/p>\n","protected":false},"featured_media":2745,"comment_status":"open","ping_status":"closed","template":"","meta":{"content-type":"","_uag_custom_page_level_css":""},"pwb-brand":[],"product_brand":[],"product_cat":[377,327,339,378,328,379],"product_tag":[],"class_list":{"0":"post-2923","1":"product","2":"type-product","3":"status-publish","4":"has-post-thumbnail","6":"product_cat-cheveux","7":"product_cat-hmizat","8":"product_cat-meilleures-ventes","9":"product_cat-mercredeals","10":"product_cat-nouveautes","11":"product_cat-seapuri","13":"first","14":"instock","15":"sale","16":"shipping-taxable","17":"purchasable","18":"product-type-simple"},"aioseo_notices":[],"uagb_featured_image_src":{"full":["https:\/\/wavexia.com\/wp-content\/uploads\/2025\/10\/Seapuri_Amplue_Thumbnail-scaled.webp",2431,2560,false],"thumbnail":["https:\/\/wavexia.com\/wp-content\/uploads\/2025\/10\/Seapuri_Amplue_Thumbnail-150x150.webp",150,150,true],"medium":["https:\/\/wavexia.com\/wp-content\/uploads\/2025\/10\/Seapuri_Amplue_Thumbnail-285x300.webp",285,300,true],"medium_large":["https:\/\/wavexia.com\/wp-content\/uploads\/2025\/10\/Seapuri_Amplue_Thumbnail-768x809.webp",768,809,true],"large":["https:\/\/wavexia.com\/wp-content\/uploads\/2025\/10\/Seapuri_Amplue_Thumbnail-972x1024.webp",972,1024,true],"1536x1536":["https:\/\/wavexia.com\/wp-content\/uploads\/2025\/10\/Seapuri_Amplue_Thumbnail-1459x1536.webp",1459,1536,true],"2048x2048":["https:\/\/wavexia.com\/wp-content\/uploads\/2025\/10\/Seapuri_Amplue_Thumbnail-1945x2048.webp",1945,2048,true],"woocommerce_archive_thumbnail":["https:\/\/wavexia.com\/wp-content\/uploads\/2025\/10\/Seapuri_Amplue_Thumbnail-300x316.webp",300,316,true],"woocommerce_thumbnail":["https:\/\/wavexia.com\/wp-content\/uploads\/2025\/10\/Seapuri_Amplue_Thumbnail-300x300.webp",300,300,true],"woocommerce_single":["https:\/\/wavexia.com\/wp-content\/uploads\/2025\/10\/Seapuri_Amplue_Thumbnail-600x632.webp",600,632,true],"woocommerce_gallery_thumbnail":["https:\/\/wavexia.com\/wp-content\/uploads\/2025\/10\/Seapuri_Amplue_Thumbnail-100x100.webp",100,100,true]},"uagb_author_info":{"display_name":"zineddine.ayoub98@gmail.com","author_link":"https:\/\/wavexia.com\/?author=0"},"uagb_comment_info":0,"uagb_excerpt":"Description seapuri Scalpy Hair Serum est une ampoule capillaire qui est un&nbsp;produit fonctionnel anti-chute de cheveux approuv\u00e9 par le minist\u00e8re cor\u00e9en de la s\u00e9curit\u00e9 alimentaire et pharmaceutique. Il est id\u00e9alpour ceux qui ont des probl\u00e8mes de cheveux\/cuir chevelu tels que la racine des cheveux en forme de M, l\u2019amincissement des cheveux sur la couronne\/la raie,&hellip;","brands":[],"_links":{"self":[{"href":"https:\/\/wavexia.com\/index.php?rest_route=\/wp\/v2\/product\/2923","targetHints":{"allow":["GET"]}}],"collection":[{"href":"https:\/\/wavexia.com\/index.php?rest_route=\/wp\/v2\/product"}],"about":[{"href":"https:\/\/wavexia.com\/index.php?rest_route=\/wp\/v2\/types\/product"}],"replies":[{"embeddable":true,"href":"https:\/\/wavexia.com\/index.php?rest_route=%2Fwp%2Fv2%2Fcomments&post=2923"}],"wp:featuredmedia":[{"embeddable":true,"href":"https:\/\/wavexia.com\/index.php?rest_route=\/wp\/v2\/media\/2745"}],"wp:attachment":[{"href":"https:\/\/wavexia.com\/index.php?rest_route=%2Fwp%2Fv2%2Fmedia&parent=2923"}],"wp:term":[{"taxonomy":"pwb-brand","embeddable":true,"href":"https:\/\/wavexia.com\/index.php?rest_route=%2Fwp%2Fv2%2Fpwb-brand&post=2923"},{"taxonomy":"product_brand","embeddable":true,"href":"https:\/\/wavexia.com\/index.php?rest_route=%2Fwp%2Fv2%2Fproduct_brand&post=2923"},{"taxonomy":"product_cat","embeddable":true,"href":"https:\/\/wavexia.com\/index.php?rest_route=%2Fwp%2Fv2%2Fproduct_cat&post=2923"},{"taxonomy":"product_tag","embeddable":true,"href":"https:\/\/wavexia.com\/index.php?rest_route=%2Fwp%2Fv2%2Fproduct_tag&post=2923"}],"curies":[{"name":"wp","href":"https:\/\/api.w.org\/{rel}","templated":true}]}}