{"id":2922,"date":"2025-10-18T22:09:14","date_gmt":"2025-10-18T22:09:14","guid":{"rendered":"https:\/\/wavexia.com\/product\/gluta-frozen-collagen-2-in-1-whitening-x10-60-capsules\/"},"modified":"2026-03-10T07:30:50","modified_gmt":"2026-03-10T07:30:50","slug":"gluta-frozen-collagen-2-in-1-whitening-x10-60-capsules","status":"publish","type":"product","link":"https:\/\/wavexia.com\/?product=gluta-frozen-collagen-2-in-1-whitening-x10-60-capsules","title":{"rendered":"GLUTA FROZEN | COLLAGEN 2 IN 1 WHITENING X10 60 capsules"},"content":{"rendered":"<h2>Description<\/h2>\n<p>Frozen Collagen de Gluta Frozen est la r\u00e9volution pour une peau nette avec les bienfaits du nouveau collag\u00e8ne pour une peau naturellement radieuse et ros\u00e9e. Avec les 12 extraits soigneusement s\u00e9lectionn\u00e9s import\u00e9s du Japon, le produit peut nourrir la peau pour la rendre lumineuse, r\u00e9duire les m\u00e9lasmas, les taches de rousseur et les taches brunes sur le corps et sur le visage, nourrir les ongles et les cheveux pour les rendre plus forts, pr\u00e9venir la d\u00e9t\u00e9rioration de la peau et prot\u00e9ger la peau du soleil pour une peau d\u2019apparence saine \u00e0 tout moment.<\/p>\n","protected":false},"excerpt":{"rendered":"<p>Description Frozen Collagen de Gluta Frozen est la r\u00e9volution pour une peau nette avec les bienfaits du nouveau collag\u00e8ne pour une peau naturellement radieuse et ros\u00e9e. Avec les 12 extraits soigneusement s\u00e9lectionn\u00e9s import\u00e9s du Japon, le produit peut nourrir la peau pour la rendre lumineuse, r\u00e9duire les m\u00e9lasmas, les taches de rousseur et les taches [&hellip;]<\/p>\n","protected":false},"featured_media":2743,"comment_status":"open","ping_status":"closed","template":"","meta":{"content-type":"","_uag_custom_page_level_css":""},"pwb-brand":[],"product_brand":[],"product_cat":[330,327],"product_tag":[],"class_list":{"0":"post-2922","1":"product","2":"type-product","3":"status-publish","4":"has-post-thumbnail","6":"product_cat-complements-alimentaires","7":"product_cat-hmizat","9":"first","10":"instock","11":"sale","12":"shipping-taxable","13":"purchasable","14":"product-type-simple"},"aioseo_notices":[],"uagb_featured_image_src":{"full":["https:\/\/wavexia.com\/wp-content\/uploads\/2025\/10\/gluta-frozen-frozen-collagen-2-in-1-60-capsules.jpg",800,800,false],"thumbnail":["https:\/\/wavexia.com\/wp-content\/uploads\/2025\/10\/gluta-frozen-frozen-collagen-2-in-1-60-capsules-150x150.jpg",150,150,true],"medium":["https:\/\/wavexia.com\/wp-content\/uploads\/2025\/10\/gluta-frozen-frozen-collagen-2-in-1-60-capsules-300x300.jpg",300,300,true],"medium_large":["https:\/\/wavexia.com\/wp-content\/uploads\/2025\/10\/gluta-frozen-frozen-collagen-2-in-1-60-capsules-768x768.jpg",768,768,true],"large":["https:\/\/wavexia.com\/wp-content\/uploads\/2025\/10\/gluta-frozen-frozen-collagen-2-in-1-60-capsules.jpg",800,800,false],"1536x1536":["https:\/\/wavexia.com\/wp-content\/uploads\/2025\/10\/gluta-frozen-frozen-collagen-2-in-1-60-capsules.jpg",800,800,false],"2048x2048":["https:\/\/wavexia.com\/wp-content\/uploads\/2025\/10\/gluta-frozen-frozen-collagen-2-in-1-60-capsules.jpg",800,800,false],"woocommerce_archive_thumbnail":["https:\/\/wavexia.com\/wp-content\/uploads\/2025\/10\/gluta-frozen-frozen-collagen-2-in-1-60-capsules-300x300.jpg",300,300,true],"woocommerce_thumbnail":["https:\/\/wavexia.com\/wp-content\/uploads\/2025\/10\/gluta-frozen-frozen-collagen-2-in-1-60-capsules-300x300.jpg",300,300,true],"woocommerce_single":["https:\/\/wavexia.com\/wp-content\/uploads\/2025\/10\/gluta-frozen-frozen-collagen-2-in-1-60-capsules-600x600.jpg",600,600,true],"woocommerce_gallery_thumbnail":["https:\/\/wavexia.com\/wp-content\/uploads\/2025\/10\/gluta-frozen-frozen-collagen-2-in-1-60-capsules-100x100.jpg",100,100,true]},"uagb_author_info":{"display_name":"zineddine.ayoub98@gmail.com","author_link":"https:\/\/wavexia.com\/?author=0"},"uagb_comment_info":0,"uagb_excerpt":"Description Frozen Collagen de Gluta Frozen est la r\u00e9volution pour une peau nette avec les bienfaits du nouveau collag\u00e8ne pour une peau naturellement radieuse et ros\u00e9e. Avec les 12 extraits soigneusement s\u00e9lectionn\u00e9s import\u00e9s du Japon, le produit peut nourrir la peau pour la rendre lumineuse, r\u00e9duire les m\u00e9lasmas, les taches de rousseur et les taches&hellip;","brands":[],"_links":{"self":[{"href":"https:\/\/wavexia.com\/index.php?rest_route=\/wp\/v2\/product\/2922","targetHints":{"allow":["GET"]}}],"collection":[{"href":"https:\/\/wavexia.com\/index.php?rest_route=\/wp\/v2\/product"}],"about":[{"href":"https:\/\/wavexia.com\/index.php?rest_route=\/wp\/v2\/types\/product"}],"replies":[{"embeddable":true,"href":"https:\/\/wavexia.com\/index.php?rest_route=%2Fwp%2Fv2%2Fcomments&post=2922"}],"wp:featuredmedia":[{"embeddable":true,"href":"https:\/\/wavexia.com\/index.php?rest_route=\/wp\/v2\/media\/2743"}],"wp:attachment":[{"href":"https:\/\/wavexia.com\/index.php?rest_route=%2Fwp%2Fv2%2Fmedia&parent=2922"}],"wp:term":[{"taxonomy":"pwb-brand","embeddable":true,"href":"https:\/\/wavexia.com\/index.php?rest_route=%2Fwp%2Fv2%2Fpwb-brand&post=2922"},{"taxonomy":"product_brand","embeddable":true,"href":"https:\/\/wavexia.com\/index.php?rest_route=%2Fwp%2Fv2%2Fproduct_brand&post=2922"},{"taxonomy":"product_cat","embeddable":true,"href":"https:\/\/wavexia.com\/index.php?rest_route=%2Fwp%2Fv2%2Fproduct_cat&post=2922"},{"taxonomy":"product_tag","embeddable":true,"href":"https:\/\/wavexia.com\/index.php?rest_route=%2Fwp%2Fv2%2Fproduct_tag&post=2922"}],"curies":[{"name":"wp","href":"https:\/\/api.w.org\/{rel}","templated":true}]}}