{"id":2921,"date":"2025-10-18T22:09:13","date_gmt":"2025-10-18T22:09:13","guid":{"rendered":"https:\/\/wavexia.com\/product\/k-secret-collagen-boosting-secret-sun-lotion-spf-50-60ml\/"},"modified":"2026-03-10T07:30:50","modified_gmt":"2026-03-10T07:30:50","slug":"k-secret-collagen-boosting-secret-sun-lotion-spf-50-60ml","status":"publish","type":"product","link":"https:\/\/wavexia.com\/?product=k-secret-collagen-boosting-secret-sun-lotion-spf-50-60ml","title":{"rendered":"K-SECRET Collagen Boosting Secret Sun Lotion spf 50+ 60ml"},"content":{"rendered":"<h2>Description<\/h2>\n<p>La est une cr\u00e8me solaire multifonctionnelle offrant une haute protection SPF50+ PA++++ contre les rayons UVA et UVB tout en am\u00e9liorant l\u2019\u00e9lasticit\u00e9 et la fermet\u00e9 de la peau gr\u00e2ce \u00e0 sa formule enrichie en&nbsp;<strong>collag\u00e8ne<\/strong>. Cette lotion solaire l\u00e9g\u00e8re hydrate et nourrit la peau, tout en laissant un fini doux et naturel. Con\u00e7ue pour une utilisation quotidienne, elle convient \u00e0 tous les types de peau, y compris les peaux sensibles.<\/p>\n<h5><strong>Avantages :<\/strong><\/h5>\n<ul>\n<li>Protection solaire compl\u00e8te contre les rayons UV.<\/li>\n<li>Booste la fermet\u00e9 et l\u2019\u00e9lasticit\u00e9 gr\u00e2ce au collag\u00e8ne.<\/li>\n<li>Hydrate et nourrit en profondeur pour une peau douce et souple.<\/li>\n<li>Texture l\u00e9g\u00e8re et non grasse, id\u00e9ale pour un usage quotidien.<\/li>\n<\/ul>\n<h5><strong>Conseils d\u2019utilisation :<\/strong><\/h5>\n<ol>\n<li>Applique une quantit\u00e9 g\u00e9n\u00e9reuse sur le visage et les zones expos\u00e9es au soleil comme derni\u00e8re \u00e9tape de ta routine de soin.<\/li>\n<li>\u00c9tale uniform\u00e9ment jusqu\u2019\u00e0 absorption compl\u00e8te pour une protection optimale.<\/li>\n<li>R\u00e9applique toutes les 2 heures ou apr\u00e8s la baignade, la transpiration ou l\u2019essuyage pour maintenir une protection continue.<\/li>\n<\/ol>\n<h5><strong>Ingr\u00e9dients cl\u00e9s :<\/strong><\/h5>\n<ul>\n<li><strong>Collag\u00e8ne<\/strong>&nbsp;: Am\u00e9liore l\u2019\u00e9lasticit\u00e9 et la fermet\u00e9 de la peau.<\/li>\n<li><strong>Niacinamide<\/strong>&nbsp;: \u00c9claircit et unifie le teint.<\/li>\n<li><strong>Acide hyaluronique<\/strong>&nbsp;: Hydrate en profondeur et repulpe la peau.<\/li>\n<li><strong>Filtres solaires organiques<\/strong>&nbsp;: Prot\u00e8gent efficacement contre les rayons UVA et UVB.<\/li>\n<\/ul>\n","protected":false},"excerpt":{"rendered":"<p>Description La est une cr\u00e8me solaire multifonctionnelle offrant une haute protection SPF50+ PA++++ contre les rayons UVA et UVB tout en am\u00e9liorant l\u2019\u00e9lasticit\u00e9 et la fermet\u00e9 de la peau gr\u00e2ce \u00e0 sa formule enrichie en&nbsp;collag\u00e8ne. Cette lotion solaire l\u00e9g\u00e8re hydrate et nourrit la peau, tout en laissant un fini doux et naturel. Con\u00e7ue pour une [&hellip;]<\/p>\n","protected":false},"featured_media":2739,"comment_status":"open","ping_status":"closed","template":"","meta":{"content-type":"","_uag_custom_page_level_css":""},"pwb-brand":[],"product_brand":[],"product_cat":[327,376,328,334,340],"product_tag":[],"class_list":{"0":"post-2921","1":"product","2":"type-product","3":"status-publish","4":"has-post-thumbnail","6":"product_cat-hmizat","7":"product_cat-k-secret","8":"product_cat-nouveautes","9":"product_cat-produits-coreens","10":"product_cat-protection-solaire","12":"first","13":"instock","14":"sale","15":"shipping-taxable","16":"purchasable","17":"product-type-simple"},"aioseo_notices":[],"uagb_featured_image_src":{"full":["https:\/\/wavexia.com\/wp-content\/uploads\/2025\/10\/29_5f6fd893-fdf9-4b7b-9e3f-c5ec0372ba17.webp",1000,1000,false],"thumbnail":["https:\/\/wavexia.com\/wp-content\/uploads\/2025\/10\/29_5f6fd893-fdf9-4b7b-9e3f-c5ec0372ba17-150x150.webp",150,150,true],"medium":["https:\/\/wavexia.com\/wp-content\/uploads\/2025\/10\/29_5f6fd893-fdf9-4b7b-9e3f-c5ec0372ba17-300x300.webp",300,300,true],"medium_large":["https:\/\/wavexia.com\/wp-content\/uploads\/2025\/10\/29_5f6fd893-fdf9-4b7b-9e3f-c5ec0372ba17-768x768.webp",768,768,true],"large":["https:\/\/wavexia.com\/wp-content\/uploads\/2025\/10\/29_5f6fd893-fdf9-4b7b-9e3f-c5ec0372ba17.webp",1000,1000,false],"1536x1536":["https:\/\/wavexia.com\/wp-content\/uploads\/2025\/10\/29_5f6fd893-fdf9-4b7b-9e3f-c5ec0372ba17.webp",1000,1000,false],"2048x2048":["https:\/\/wavexia.com\/wp-content\/uploads\/2025\/10\/29_5f6fd893-fdf9-4b7b-9e3f-c5ec0372ba17.webp",1000,1000,false],"woocommerce_archive_thumbnail":["https:\/\/wavexia.com\/wp-content\/uploads\/2025\/10\/29_5f6fd893-fdf9-4b7b-9e3f-c5ec0372ba17-300x300.webp",300,300,true],"woocommerce_thumbnail":["https:\/\/wavexia.com\/wp-content\/uploads\/2025\/10\/29_5f6fd893-fdf9-4b7b-9e3f-c5ec0372ba17-300x300.webp",300,300,true],"woocommerce_single":["https:\/\/wavexia.com\/wp-content\/uploads\/2025\/10\/29_5f6fd893-fdf9-4b7b-9e3f-c5ec0372ba17-600x600.webp",600,600,true],"woocommerce_gallery_thumbnail":["https:\/\/wavexia.com\/wp-content\/uploads\/2025\/10\/29_5f6fd893-fdf9-4b7b-9e3f-c5ec0372ba17-100x100.webp",100,100,true]},"uagb_author_info":{"display_name":"zineddine.ayoub98@gmail.com","author_link":"https:\/\/wavexia.com\/?author=0"},"uagb_comment_info":0,"uagb_excerpt":"Description La est une cr\u00e8me solaire multifonctionnelle offrant une haute protection SPF50+ PA++++ contre les rayons UVA et UVB tout en am\u00e9liorant l\u2019\u00e9lasticit\u00e9 et la fermet\u00e9 de la peau gr\u00e2ce \u00e0 sa formule enrichie en&nbsp;collag\u00e8ne. Cette lotion solaire l\u00e9g\u00e8re hydrate et nourrit la peau, tout en laissant un fini doux et naturel. Con\u00e7ue pour une&hellip;","brands":[],"_links":{"self":[{"href":"https:\/\/wavexia.com\/index.php?rest_route=\/wp\/v2\/product\/2921","targetHints":{"allow":["GET"]}}],"collection":[{"href":"https:\/\/wavexia.com\/index.php?rest_route=\/wp\/v2\/product"}],"about":[{"href":"https:\/\/wavexia.com\/index.php?rest_route=\/wp\/v2\/types\/product"}],"replies":[{"embeddable":true,"href":"https:\/\/wavexia.com\/index.php?rest_route=%2Fwp%2Fv2%2Fcomments&post=2921"}],"wp:featuredmedia":[{"embeddable":true,"href":"https:\/\/wavexia.com\/index.php?rest_route=\/wp\/v2\/media\/2739"}],"wp:attachment":[{"href":"https:\/\/wavexia.com\/index.php?rest_route=%2Fwp%2Fv2%2Fmedia&parent=2921"}],"wp:term":[{"taxonomy":"pwb-brand","embeddable":true,"href":"https:\/\/wavexia.com\/index.php?rest_route=%2Fwp%2Fv2%2Fpwb-brand&post=2921"},{"taxonomy":"product_brand","embeddable":true,"href":"https:\/\/wavexia.com\/index.php?rest_route=%2Fwp%2Fv2%2Fproduct_brand&post=2921"},{"taxonomy":"product_cat","embeddable":true,"href":"https:\/\/wavexia.com\/index.php?rest_route=%2Fwp%2Fv2%2Fproduct_cat&post=2921"},{"taxonomy":"product_tag","embeddable":true,"href":"https:\/\/wavexia.com\/index.php?rest_route=%2Fwp%2Fv2%2Fproduct_tag&post=2921"}],"curies":[{"name":"wp","href":"https:\/\/api.w.org\/{rel}","templated":true}]}}