{"id":2920,"date":"2025-10-18T22:09:13","date_gmt":"2025-10-18T22:09:13","guid":{"rendered":"https:\/\/wavexia.com\/product\/skin1004-madagascar-centella-cream-75ml\/"},"modified":"2026-03-10T07:30:50","modified_gmt":"2026-03-10T07:30:50","slug":"skin1004-madagascar-centella-cream-75ml","status":"publish","type":"product","link":"https:\/\/wavexia.com\/?product=skin1004-madagascar-centella-cream-75ml","title":{"rendered":"SKIN1004 \u2013 Madagascar Centella Cream \u2013 75ml"},"content":{"rendered":"<h2>Description<\/h2>\n<p><strong>La cr\u00e8me poss\u00e8de plusieurs atouts :<\/strong><\/p>\n<p>1. \u00c9claircissement du teint :&nbsp;Elle contient des capsules \u00e9claircissantes pour uniformiser le teint et r\u00e9duire les taches pigmentaires.<\/p>\n<p>2. Hydratation profonde :&nbsp;La Centella Asiatica et l\u2019acide hyaluronique offrent une hydratation durable pour une peau \u00e9clatante.<\/p>\n<p>3. Protection contre les radicaux libres :&nbsp;Les ingr\u00e9dients antioxydants aident \u00e0 prot\u00e9ger la peau contre les dommages caus\u00e9s par les radicaux libres et les agressions environnementales.<\/p>\n<p>4. R\u00e9g\u00e9n\u00e9ration cutan\u00e9e :&nbsp;La Centella Asiatica favorise la r\u00e9g\u00e9n\u00e9ration cellulaire, aidant \u00e0 r\u00e9parer les dommages cutan\u00e9s et \u00e0 revitaliser la peau.<\/p>\n<p>5. Texture l\u00e9g\u00e8re :&nbsp;Sa texture l\u00e9g\u00e8re permet une absorption rapide sans laisser de r\u00e9sidu gras, adapt\u00e9e \u00e0 tous les types de peau.<\/p>\n","protected":false},"excerpt":{"rendered":"<p>Description La cr\u00e8me poss\u00e8de plusieurs atouts : 1. \u00c9claircissement du teint :&nbsp;Elle contient des capsules \u00e9claircissantes pour uniformiser le teint et r\u00e9duire les taches pigmentaires. 2. Hydratation profonde :&nbsp;La Centella Asiatica et l\u2019acide hyaluronique offrent une hydratation durable pour une peau \u00e9clatante. 3. Protection contre les radicaux libres :&nbsp;Les ingr\u00e9dients antioxydants aident \u00e0 prot\u00e9ger la [&hellip;]<\/p>\n","protected":false},"featured_media":2735,"comment_status":"open","ping_status":"closed","template":"","meta":{"content-type":"","_uag_custom_page_level_css":""},"pwb-brand":[],"product_brand":[],"product_cat":[324,327,334,350],"product_tag":[],"class_list":{"0":"post-2920","1":"product","2":"type-product","3":"status-publish","4":"has-post-thumbnail","6":"product_cat-creme","7":"product_cat-hmizat","8":"product_cat-produits-coreens","9":"product_cat-skin1004","11":"first","12":"instock","13":"sale","14":"shipping-taxable","15":"purchasable","16":"product-type-simple"},"aioseo_notices":[],"uagb_featured_image_src":{"full":["https:\/\/wavexia.com\/wp-content\/uploads\/2025\/10\/Product-page-sizes_64b6add4-b2d1-49e9-a43d-488e927d41b6.webp",800,800,false],"thumbnail":["https:\/\/wavexia.com\/wp-content\/uploads\/2025\/10\/Product-page-sizes_64b6add4-b2d1-49e9-a43d-488e927d41b6-150x150.webp",150,150,true],"medium":["https:\/\/wavexia.com\/wp-content\/uploads\/2025\/10\/Product-page-sizes_64b6add4-b2d1-49e9-a43d-488e927d41b6-300x300.webp",300,300,true],"medium_large":["https:\/\/wavexia.com\/wp-content\/uploads\/2025\/10\/Product-page-sizes_64b6add4-b2d1-49e9-a43d-488e927d41b6-768x768.webp",768,768,true],"large":["https:\/\/wavexia.com\/wp-content\/uploads\/2025\/10\/Product-page-sizes_64b6add4-b2d1-49e9-a43d-488e927d41b6.webp",800,800,false],"1536x1536":["https:\/\/wavexia.com\/wp-content\/uploads\/2025\/10\/Product-page-sizes_64b6add4-b2d1-49e9-a43d-488e927d41b6.webp",800,800,false],"2048x2048":["https:\/\/wavexia.com\/wp-content\/uploads\/2025\/10\/Product-page-sizes_64b6add4-b2d1-49e9-a43d-488e927d41b6.webp",800,800,false],"woocommerce_archive_thumbnail":["https:\/\/wavexia.com\/wp-content\/uploads\/2025\/10\/Product-page-sizes_64b6add4-b2d1-49e9-a43d-488e927d41b6-300x300.webp",300,300,true],"woocommerce_thumbnail":["https:\/\/wavexia.com\/wp-content\/uploads\/2025\/10\/Product-page-sizes_64b6add4-b2d1-49e9-a43d-488e927d41b6-300x300.webp",300,300,true],"woocommerce_single":["https:\/\/wavexia.com\/wp-content\/uploads\/2025\/10\/Product-page-sizes_64b6add4-b2d1-49e9-a43d-488e927d41b6-600x600.webp",600,600,true],"woocommerce_gallery_thumbnail":["https:\/\/wavexia.com\/wp-content\/uploads\/2025\/10\/Product-page-sizes_64b6add4-b2d1-49e9-a43d-488e927d41b6-100x100.webp",100,100,true]},"uagb_author_info":{"display_name":"zineddine.ayoub98@gmail.com","author_link":"https:\/\/wavexia.com\/?author=0"},"uagb_comment_info":0,"uagb_excerpt":"Description La cr\u00e8me poss\u00e8de plusieurs atouts : 1. \u00c9claircissement du teint :&nbsp;Elle contient des capsules \u00e9claircissantes pour uniformiser le teint et r\u00e9duire les taches pigmentaires. 2. Hydratation profonde :&nbsp;La Centella Asiatica et l\u2019acide hyaluronique offrent une hydratation durable pour une peau \u00e9clatante. 3. Protection contre les radicaux libres :&nbsp;Les ingr\u00e9dients antioxydants aident \u00e0 prot\u00e9ger la&hellip;","brands":[],"_links":{"self":[{"href":"https:\/\/wavexia.com\/index.php?rest_route=\/wp\/v2\/product\/2920","targetHints":{"allow":["GET"]}}],"collection":[{"href":"https:\/\/wavexia.com\/index.php?rest_route=\/wp\/v2\/product"}],"about":[{"href":"https:\/\/wavexia.com\/index.php?rest_route=\/wp\/v2\/types\/product"}],"replies":[{"embeddable":true,"href":"https:\/\/wavexia.com\/index.php?rest_route=%2Fwp%2Fv2%2Fcomments&post=2920"}],"wp:featuredmedia":[{"embeddable":true,"href":"https:\/\/wavexia.com\/index.php?rest_route=\/wp\/v2\/media\/2735"}],"wp:attachment":[{"href":"https:\/\/wavexia.com\/index.php?rest_route=%2Fwp%2Fv2%2Fmedia&parent=2920"}],"wp:term":[{"taxonomy":"pwb-brand","embeddable":true,"href":"https:\/\/wavexia.com\/index.php?rest_route=%2Fwp%2Fv2%2Fpwb-brand&post=2920"},{"taxonomy":"product_brand","embeddable":true,"href":"https:\/\/wavexia.com\/index.php?rest_route=%2Fwp%2Fv2%2Fproduct_brand&post=2920"},{"taxonomy":"product_cat","embeddable":true,"href":"https:\/\/wavexia.com\/index.php?rest_route=%2Fwp%2Fv2%2Fproduct_cat&post=2920"},{"taxonomy":"product_tag","embeddable":true,"href":"https:\/\/wavexia.com\/index.php?rest_route=%2Fwp%2Fv2%2Fproduct_tag&post=2920"}],"curies":[{"name":"wp","href":"https:\/\/api.w.org\/{rel}","templated":true}]}}