{"id":2919,"date":"2025-10-18T22:09:13","date_gmt":"2025-10-18T22:09:13","guid":{"rendered":"https:\/\/wavexia.com\/product\/now-foods-quercetin-with-bromelain-120-veg-capsules\/"},"modified":"2026-03-10T07:30:50","modified_gmt":"2026-03-10T07:30:50","slug":"now-foods-quercetin-with-bromelain-120-veg-capsules","status":"publish","type":"product","link":"https:\/\/wavexia.com\/?product=now-foods-quercetin-with-bromelain-120-veg-capsules","title":{"rendered":"Now Foods Quercetin with Bromelain 120 veg capsules"},"content":{"rendered":"<h2>Description<\/h2>\n<p>La querc\u00e9tine est un pi\u00e9geur naturel de radicaux libres qui peut soutenir le bon fonctionnement saisonnier du syst\u00e8me immunitaire.* La brom\u00e9la\u00efne est utilis\u00e9e depuis longtemps par les herboristes et est connue pour aider \u00e0 soutenir une r\u00e9ponse \u00e9quilibr\u00e9e du syst\u00e8me immunitaire aux d\u00e9fis environnementaux.* Cette combinaison compl\u00e9mentaire peut ainsi favoriser la sant\u00e9 respiratoire tout au long de l\u2019ann\u00e9e et favoriser le confort saisonnier g\u00e9n\u00e9ral.*<\/p>\n<h5>mode d\u2019emploi:<\/h5>\n<p>Prendre 2 g\u00e9lules 20 minutes avant les repas, deux fois par jour. Les personnes ayant l\u2019estomac sensible peuvent pr\u00e9f\u00e9rer prendre des g\u00e9lules avec de la nourriture.<\/p>\n","protected":false},"excerpt":{"rendered":"<p>Description La querc\u00e9tine est un pi\u00e9geur naturel de radicaux libres qui peut soutenir le bon fonctionnement saisonnier du syst\u00e8me immunitaire.* La brom\u00e9la\u00efne est utilis\u00e9e depuis longtemps par les herboristes et est connue pour aider \u00e0 soutenir une r\u00e9ponse \u00e9quilibr\u00e9e du syst\u00e8me immunitaire aux d\u00e9fis environnementaux.* Cette combinaison compl\u00e9mentaire peut ainsi favoriser la sant\u00e9 respiratoire tout [&hellip;]<\/p>\n","protected":false},"featured_media":2733,"comment_status":"open","ping_status":"closed","template":"","meta":{"content-type":"","_uag_custom_page_level_css":""},"pwb-brand":[],"product_brand":[],"product_cat":[330,329],"product_tag":[],"class_list":{"0":"post-2919","1":"product","2":"type-product","3":"status-publish","4":"has-post-thumbnail","6":"product_cat-complements-alimentaires","7":"product_cat-produits-americains","9":"first","10":"instock","11":"sale","12":"shipping-taxable","13":"purchasable","14":"product-type-simple"},"aioseo_notices":[],"uagb_featured_image_src":{"full":["https:\/\/wavexia.com\/wp-content\/uploads\/2025\/10\/71TDbOLMHiL._UF8941000_QL80_.jpg",894,894,false],"thumbnail":["https:\/\/wavexia.com\/wp-content\/uploads\/2025\/10\/71TDbOLMHiL._UF8941000_QL80_-150x150.jpg",150,150,true],"medium":["https:\/\/wavexia.com\/wp-content\/uploads\/2025\/10\/71TDbOLMHiL._UF8941000_QL80_-300x300.jpg",300,300,true],"medium_large":["https:\/\/wavexia.com\/wp-content\/uploads\/2025\/10\/71TDbOLMHiL._UF8941000_QL80_-768x768.jpg",768,768,true],"large":["https:\/\/wavexia.com\/wp-content\/uploads\/2025\/10\/71TDbOLMHiL._UF8941000_QL80_.jpg",894,894,false],"1536x1536":["https:\/\/wavexia.com\/wp-content\/uploads\/2025\/10\/71TDbOLMHiL._UF8941000_QL80_.jpg",894,894,false],"2048x2048":["https:\/\/wavexia.com\/wp-content\/uploads\/2025\/10\/71TDbOLMHiL._UF8941000_QL80_.jpg",894,894,false],"woocommerce_archive_thumbnail":["https:\/\/wavexia.com\/wp-content\/uploads\/2025\/10\/71TDbOLMHiL._UF8941000_QL80_-300x300.jpg",300,300,true],"woocommerce_thumbnail":["https:\/\/wavexia.com\/wp-content\/uploads\/2025\/10\/71TDbOLMHiL._UF8941000_QL80_-300x300.jpg",300,300,true],"woocommerce_single":["https:\/\/wavexia.com\/wp-content\/uploads\/2025\/10\/71TDbOLMHiL._UF8941000_QL80_-600x600.jpg",600,600,true],"woocommerce_gallery_thumbnail":["https:\/\/wavexia.com\/wp-content\/uploads\/2025\/10\/71TDbOLMHiL._UF8941000_QL80_-100x100.jpg",100,100,true]},"uagb_author_info":{"display_name":"zineddine.ayoub98@gmail.com","author_link":"https:\/\/wavexia.com\/?author=0"},"uagb_comment_info":0,"uagb_excerpt":"Description La querc\u00e9tine est un pi\u00e9geur naturel de radicaux libres qui peut soutenir le bon fonctionnement saisonnier du syst\u00e8me immunitaire.* La brom\u00e9la\u00efne est utilis\u00e9e depuis longtemps par les herboristes et est connue pour aider \u00e0 soutenir une r\u00e9ponse \u00e9quilibr\u00e9e du syst\u00e8me immunitaire aux d\u00e9fis environnementaux.* Cette combinaison compl\u00e9mentaire peut ainsi favoriser la sant\u00e9 respiratoire tout&hellip;","brands":[],"_links":{"self":[{"href":"https:\/\/wavexia.com\/index.php?rest_route=\/wp\/v2\/product\/2919","targetHints":{"allow":["GET"]}}],"collection":[{"href":"https:\/\/wavexia.com\/index.php?rest_route=\/wp\/v2\/product"}],"about":[{"href":"https:\/\/wavexia.com\/index.php?rest_route=\/wp\/v2\/types\/product"}],"replies":[{"embeddable":true,"href":"https:\/\/wavexia.com\/index.php?rest_route=%2Fwp%2Fv2%2Fcomments&post=2919"}],"wp:featuredmedia":[{"embeddable":true,"href":"https:\/\/wavexia.com\/index.php?rest_route=\/wp\/v2\/media\/2733"}],"wp:attachment":[{"href":"https:\/\/wavexia.com\/index.php?rest_route=%2Fwp%2Fv2%2Fmedia&parent=2919"}],"wp:term":[{"taxonomy":"pwb-brand","embeddable":true,"href":"https:\/\/wavexia.com\/index.php?rest_route=%2Fwp%2Fv2%2Fpwb-brand&post=2919"},{"taxonomy":"product_brand","embeddable":true,"href":"https:\/\/wavexia.com\/index.php?rest_route=%2Fwp%2Fv2%2Fproduct_brand&post=2919"},{"taxonomy":"product_cat","embeddable":true,"href":"https:\/\/wavexia.com\/index.php?rest_route=%2Fwp%2Fv2%2Fproduct_cat&post=2919"},{"taxonomy":"product_tag","embeddable":true,"href":"https:\/\/wavexia.com\/index.php?rest_route=%2Fwp%2Fv2%2Fproduct_tag&post=2919"}],"curies":[{"name":"wp","href":"https:\/\/api.w.org\/{rel}","templated":true}]}}