{"id":2918,"date":"2025-10-18T22:09:13","date_gmt":"2025-10-18T22:09:13","guid":{"rendered":"https:\/\/wavexia.com\/product\/beauty-of-joseon-apricot-blossom-peeling-gel-100ml\/"},"modified":"2026-03-10T07:30:50","modified_gmt":"2026-03-10T07:30:50","slug":"beauty-of-joseon-apricot-blossom-peeling-gel-100ml","status":"publish","type":"product","link":"https:\/\/wavexia.com\/?product=beauty-of-joseon-apricot-blossom-peeling-gel-100ml","title":{"rendered":"Beauty of Joseon \u2013 Apricot Blossom Peeling Gel 100ml"},"content":{"rendered":"<h2>Description<\/h2>\n<p>The Beauty of Joseon Apricot Blossom Peeling Gel est un gel exfoliant doux qui \u00e9limine en douceur les cellules mortes de la peau et les impuret\u00e9s de vos pores. Gr\u00e2ce \u00e0 sa formule douce, il convient \u00e9galement aux peaux sensibles.<\/p>\n<p>Ce gel exfoliant contient des enzymes naturelles d\u2019abricot pour exfolier votre peau en douceur. De plus, la formule \u00e9limine \u00e9galement l\u2019exc\u00e8s de s\u00e9bum de vos pores. Gr\u00e2ce \u00e0 toutes sortes d\u2019extraits de plantes, votre peau est \u00e9galement imm\u00e9diatement hydrat\u00e9e.<\/p>\n<p>Il en r\u00e9sulte une peau soyeuse et radieuse !<\/p>\n<p><strong>Ce gel exfoliant :<\/strong><\/p>\n<ul>\n<li>\u00e9limin\u00e9 les cellules mortes de la peau et les impuret\u00e9s de vos pores<\/li>\n<li>convient aussi aux peaux sensibles<\/li>\n<li>procure une exfoliation douce<\/li>\n<li>contient des enzymes naturelles d\u2019abricot<\/li>\n<li>\u00e9limine l\u2019exc\u00e8s de s\u00e9bum de vos pores<\/li>\n<li>contient des extraits de plantes pour l\u2019hydratation<\/li>\n<li>pour une peau soyeuse et \u00e9clatante<\/li>\n<li>v\u00e9g\u00e9talien<\/li>\n<li>sans cruaut\u00e9<\/li>\n<\/ul>\n<p><strong>Comment utiliser:<\/strong><\/p>\n<ul>\n<li>Assurez-vous que votre visage est bien nettoy\u00e9 avec votre nettoyant pr\u00e9f\u00e9r\u00e9.<\/li>\n<li>Appliquez une petite quantit\u00e9 du gel peeling sur peau s\u00e8che.<\/li>\n<li>Massez doucement votre peau du bout des doigts. \u00c9vitez la peau autour de vos yeux.<\/li>\n<li>Ensuite, rincez bien votre visage \u00e0 l\u2019eau ti\u00e8de et s\u00e9chez votre peau en tapotant.<\/li>\n<\/ul>\n<p><strong>Ingr\u00e9dients:<\/strong><br \/>Water, Prunus Mume Flower Water, Cellulose, Methypropandiol, 1,2-Hexandiol, Carbomer, Arginine, Ethylhexylglycerin, Allantoin, Sorbitol, Pyrus Malus (Apple) Fruit Extract, Camellia Sinensis Leaf Extract, Houttuynia Cordata Extract, Nelumbo Nucifera Flower Extract, Oryza Sativa (Rice) Extract, Prunus Mume Fruit Extract, Vaccinium Angustifolium (Blueberry) Fruit Extract, Butylene Glycol, Disodium EDTA<\/p>\n","protected":false},"excerpt":{"rendered":"<p>Description The Beauty of Joseon Apricot Blossom Peeling Gel est un gel exfoliant doux qui \u00e9limine en douceur les cellules mortes de la peau et les impuret\u00e9s de vos pores. Gr\u00e2ce \u00e0 sa formule douce, il convient \u00e9galement aux peaux sensibles. Ce gel exfoliant contient des enzymes naturelles d\u2019abricot pour exfolier votre peau en douceur. [&hellip;]<\/p>\n","protected":false},"featured_media":2730,"comment_status":"open","ping_status":"closed","template":"","meta":{"content-type":"","_uag_custom_page_level_css":""},"pwb-brand":[],"product_brand":[],"product_cat":[354,375,334],"product_tag":[],"class_list":{"0":"post-2918","1":"product","2":"type-product","3":"status-publish","4":"has-post-thumbnail","6":"product_cat-beauty-of-joseon","7":"product_cat-gommage-peeling","8":"product_cat-produits-coreens","10":"first","11":"instock","12":"sale","13":"shipping-taxable","14":"purchasable","15":"product-type-simple"},"aioseo_notices":[],"uagb_featured_image_src":{"full":["https:\/\/wavexia.com\/wp-content\/uploads\/2025\/10\/Product-page-sizes.webp",800,800,false],"thumbnail":["https:\/\/wavexia.com\/wp-content\/uploads\/2025\/10\/Product-page-sizes-150x150.webp",150,150,true],"medium":["https:\/\/wavexia.com\/wp-content\/uploads\/2025\/10\/Product-page-sizes-300x300.webp",300,300,true],"medium_large":["https:\/\/wavexia.com\/wp-content\/uploads\/2025\/10\/Product-page-sizes-768x768.webp",768,768,true],"large":["https:\/\/wavexia.com\/wp-content\/uploads\/2025\/10\/Product-page-sizes.webp",800,800,false],"1536x1536":["https:\/\/wavexia.com\/wp-content\/uploads\/2025\/10\/Product-page-sizes.webp",800,800,false],"2048x2048":["https:\/\/wavexia.com\/wp-content\/uploads\/2025\/10\/Product-page-sizes.webp",800,800,false],"woocommerce_archive_thumbnail":["https:\/\/wavexia.com\/wp-content\/uploads\/2025\/10\/Product-page-sizes-300x300.webp",300,300,true],"woocommerce_thumbnail":["https:\/\/wavexia.com\/wp-content\/uploads\/2025\/10\/Product-page-sizes-300x300.webp",300,300,true],"woocommerce_single":["https:\/\/wavexia.com\/wp-content\/uploads\/2025\/10\/Product-page-sizes-600x600.webp",600,600,true],"woocommerce_gallery_thumbnail":["https:\/\/wavexia.com\/wp-content\/uploads\/2025\/10\/Product-page-sizes-100x100.webp",100,100,true]},"uagb_author_info":{"display_name":"zineddine.ayoub98@gmail.com","author_link":"https:\/\/wavexia.com\/?author=0"},"uagb_comment_info":0,"uagb_excerpt":"Description The Beauty of Joseon Apricot Blossom Peeling Gel est un gel exfoliant doux qui \u00e9limine en douceur les cellules mortes de la peau et les impuret\u00e9s de vos pores. Gr\u00e2ce \u00e0 sa formule douce, il convient \u00e9galement aux peaux sensibles. Ce gel exfoliant contient des enzymes naturelles d\u2019abricot pour exfolier votre peau en douceur.&hellip;","brands":[],"_links":{"self":[{"href":"https:\/\/wavexia.com\/index.php?rest_route=\/wp\/v2\/product\/2918","targetHints":{"allow":["GET"]}}],"collection":[{"href":"https:\/\/wavexia.com\/index.php?rest_route=\/wp\/v2\/product"}],"about":[{"href":"https:\/\/wavexia.com\/index.php?rest_route=\/wp\/v2\/types\/product"}],"replies":[{"embeddable":true,"href":"https:\/\/wavexia.com\/index.php?rest_route=%2Fwp%2Fv2%2Fcomments&post=2918"}],"wp:featuredmedia":[{"embeddable":true,"href":"https:\/\/wavexia.com\/index.php?rest_route=\/wp\/v2\/media\/2730"}],"wp:attachment":[{"href":"https:\/\/wavexia.com\/index.php?rest_route=%2Fwp%2Fv2%2Fmedia&parent=2918"}],"wp:term":[{"taxonomy":"pwb-brand","embeddable":true,"href":"https:\/\/wavexia.com\/index.php?rest_route=%2Fwp%2Fv2%2Fpwb-brand&post=2918"},{"taxonomy":"product_brand","embeddable":true,"href":"https:\/\/wavexia.com\/index.php?rest_route=%2Fwp%2Fv2%2Fproduct_brand&post=2918"},{"taxonomy":"product_cat","embeddable":true,"href":"https:\/\/wavexia.com\/index.php?rest_route=%2Fwp%2Fv2%2Fproduct_cat&post=2918"},{"taxonomy":"product_tag","embeddable":true,"href":"https:\/\/wavexia.com\/index.php?rest_route=%2Fwp%2Fv2%2Fproduct_tag&post=2918"}],"curies":[{"name":"wp","href":"https:\/\/api.w.org\/{rel}","templated":true}]}}