{"id":2916,"date":"2025-10-18T22:09:13","date_gmt":"2025-10-18T22:09:13","guid":{"rendered":"https:\/\/wavexia.com\/product\/haruharu-wonder-black-rice-hyaluronic-toner-fragrance-free-150ml\/"},"modified":"2026-03-10T07:30:50","modified_gmt":"2026-03-10T07:30:50","slug":"haruharu-wonder-black-rice-hyaluronic-toner-fragrance-free-150ml","status":"publish","type":"product","link":"https:\/\/wavexia.com\/?product=haruharu-wonder-black-rice-hyaluronic-toner-fragrance-free-150ml","title":{"rendered":"Haruharu Wonder Black Rice Hyaluronic Toner Fragrance Free 150ml"},"content":{"rendered":"<h2>Description<\/h2>\n<p>Dites adieu aux imperfections avec le Haruharu Wonder Black Rice Hyaluronic Toner Fragrance Free ! Ce toner \u00e9limine les autres bact\u00e9ries et salet\u00e9s qui ne se sont pas retir\u00e9es avec le nettoyant sans ass\u00e9cher la peau. Le toner est exempt de parfum et d\u2019huiles essentielles et est donc parfait pour les peaux sensibles !<\/p>\n<p>La formule contient du riz noir ferment\u00e9, cet ingr\u00e9dient nourrissant est riche en antioxydants et contient des propri\u00e9t\u00e9s nourrissantes. Le toner au riz noir et \u00e0 l\u2019acide hyaluronique prot\u00e9gera \u00e9galement votre peau contre les radicaux libres, ce qui stimulera la croissance de nouvelles cellules cutan\u00e9es, ce qui r\u00e9duira visiblement les rides et ridules !<\/p>\n<p>De plus, le toner de riz nourrissant va \u00e9galement apaiser la peau et la remplir d\u2019humidit\u00e9 pour prot\u00e9ger la barri\u00e8re cutan\u00e9e contre les irritations telles que l\u2019acn\u00e9 et les rougeurs !<\/p>\n<p><strong>Ce tonique&nbsp;:<\/strong><\/p>\n<ul>\n<li>\u00e9limine l\u2019exc\u00e8s de salet\u00e9<\/li>\n<li>convient \u00e0 tous les types de peau<\/li>\n<li>extr\u00eamement adapt\u00e9 aux peaux sensibles<\/li>\n<li>\u00e9limine les cellules mortes de la peau<\/li>\n<li>donne \u00e0 votre peau un aspect brillant<\/li>\n<li>am\u00e9liore la texture de la peau<\/li>\n<li>prot\u00e8ge la barri\u00e8re cutan\u00e9e<\/li>\n<li>apaise votre peau<\/li>\n<li>contient de l\u2019acide hyaluronique et du riz noir<\/li>\n<li>sans parfum<\/li>\n<li>sans cruaut\u00e9<\/li>\n<li>v\u00e9g\u00e9talien<\/li>\n<\/ul>\n<p><strong>Comment utiliser:<\/strong><\/p>\n<ul>\n<li>Nettoyez votre peau avec un nettoyant.<\/li>\n<li>Prenez une petite quantit\u00e9 sur un coton et tamponnez doucement sur la peau jusqu\u2019\u00e0 ce que le produit soit absorb\u00e9.<\/li>\n<\/ul>\n<p><strong>Ingr\u00e9dients:<br \/><\/strong>Water, Betaine, Glycerin, Propanediol, Oryza Sativa (Rice) Extract, Phyllostachys Pubescens Shoot Bark Extract, Aspergillus Ferment, Panax Ginseng Root Extract, Cyclodextrin, Scutellaria Baicalensis Root Extract, Hyaluronic Acid, Beta-Glucan, Cellulose Gum, Xanthan Gum, Butylene Glycol, Usnea Barbata (Lichen) Extract, Zanthoxylum Piperitum Fruit Extract, Pulsatilla Koreana Extract, Sodium Phytate, Tamarindus Indica Seed Gum, Polyglyceryl 10 Laurate, Polyglyceryl 10 Myristate, Glucose, 1,2-Hexanediol<\/p>\n<p><strong>Contenu :<\/strong>&nbsp;150 ml.<\/p>\n","protected":false},"excerpt":{"rendered":"<p>Description Dites adieu aux imperfections avec le Haruharu Wonder Black Rice Hyaluronic Toner Fragrance Free ! Ce toner \u00e9limine les autres bact\u00e9ries et salet\u00e9s qui ne se sont pas retir\u00e9es avec le nettoyant sans ass\u00e9cher la peau. Le toner est exempt de parfum et d\u2019huiles essentielles et est donc parfait pour les peaux sensibles ! [&hellip;]<\/p>\n","protected":false},"featured_media":2721,"comment_status":"open","ping_status":"closed","template":"","meta":{"content-type":"","_uag_custom_page_level_css":""},"pwb-brand":[],"product_brand":[],"product_cat":[372,327,334,345],"product_tag":[],"class_list":{"0":"post-2916","1":"product","2":"type-product","3":"status-publish","4":"has-post-thumbnail","6":"product_cat-haruharu-wonder","7":"product_cat-hmizat","8":"product_cat-produits-coreens","9":"product_cat-toner-pads","11":"first","12":"instock","13":"sale","14":"shipping-taxable","15":"purchasable","16":"product-type-simple"},"aioseo_notices":[],"uagb_featured_image_src":{"full":["https:\/\/wavexia.com\/wp-content\/uploads\/2025\/10\/Product-page-sizes_afde43a7-d25b-434c-ad14-7156dfa18527.webp",800,800,false],"thumbnail":["https:\/\/wavexia.com\/wp-content\/uploads\/2025\/10\/Product-page-sizes_afde43a7-d25b-434c-ad14-7156dfa18527-150x150.webp",150,150,true],"medium":["https:\/\/wavexia.com\/wp-content\/uploads\/2025\/10\/Product-page-sizes_afde43a7-d25b-434c-ad14-7156dfa18527-300x300.webp",300,300,true],"medium_large":["https:\/\/wavexia.com\/wp-content\/uploads\/2025\/10\/Product-page-sizes_afde43a7-d25b-434c-ad14-7156dfa18527-768x768.webp",768,768,true],"large":["https:\/\/wavexia.com\/wp-content\/uploads\/2025\/10\/Product-page-sizes_afde43a7-d25b-434c-ad14-7156dfa18527.webp",800,800,false],"1536x1536":["https:\/\/wavexia.com\/wp-content\/uploads\/2025\/10\/Product-page-sizes_afde43a7-d25b-434c-ad14-7156dfa18527.webp",800,800,false],"2048x2048":["https:\/\/wavexia.com\/wp-content\/uploads\/2025\/10\/Product-page-sizes_afde43a7-d25b-434c-ad14-7156dfa18527.webp",800,800,false],"woocommerce_archive_thumbnail":["https:\/\/wavexia.com\/wp-content\/uploads\/2025\/10\/Product-page-sizes_afde43a7-d25b-434c-ad14-7156dfa18527-300x300.webp",300,300,true],"woocommerce_thumbnail":["https:\/\/wavexia.com\/wp-content\/uploads\/2025\/10\/Product-page-sizes_afde43a7-d25b-434c-ad14-7156dfa18527-300x300.webp",300,300,true],"woocommerce_single":["https:\/\/wavexia.com\/wp-content\/uploads\/2025\/10\/Product-page-sizes_afde43a7-d25b-434c-ad14-7156dfa18527-600x600.webp",600,600,true],"woocommerce_gallery_thumbnail":["https:\/\/wavexia.com\/wp-content\/uploads\/2025\/10\/Product-page-sizes_afde43a7-d25b-434c-ad14-7156dfa18527-100x100.webp",100,100,true]},"uagb_author_info":{"display_name":"zineddine.ayoub98@gmail.com","author_link":"https:\/\/wavexia.com\/?author=0"},"uagb_comment_info":0,"uagb_excerpt":"Description Dites adieu aux imperfections avec le Haruharu Wonder Black Rice Hyaluronic Toner Fragrance Free ! Ce toner \u00e9limine les autres bact\u00e9ries et salet\u00e9s qui ne se sont pas retir\u00e9es avec le nettoyant sans ass\u00e9cher la peau. Le toner est exempt de parfum et d\u2019huiles essentielles et est donc parfait pour les peaux sensibles !&hellip;","brands":[],"_links":{"self":[{"href":"https:\/\/wavexia.com\/index.php?rest_route=\/wp\/v2\/product\/2916","targetHints":{"allow":["GET"]}}],"collection":[{"href":"https:\/\/wavexia.com\/index.php?rest_route=\/wp\/v2\/product"}],"about":[{"href":"https:\/\/wavexia.com\/index.php?rest_route=\/wp\/v2\/types\/product"}],"replies":[{"embeddable":true,"href":"https:\/\/wavexia.com\/index.php?rest_route=%2Fwp%2Fv2%2Fcomments&post=2916"}],"wp:featuredmedia":[{"embeddable":true,"href":"https:\/\/wavexia.com\/index.php?rest_route=\/wp\/v2\/media\/2721"}],"wp:attachment":[{"href":"https:\/\/wavexia.com\/index.php?rest_route=%2Fwp%2Fv2%2Fmedia&parent=2916"}],"wp:term":[{"taxonomy":"pwb-brand","embeddable":true,"href":"https:\/\/wavexia.com\/index.php?rest_route=%2Fwp%2Fv2%2Fpwb-brand&post=2916"},{"taxonomy":"product_brand","embeddable":true,"href":"https:\/\/wavexia.com\/index.php?rest_route=%2Fwp%2Fv2%2Fproduct_brand&post=2916"},{"taxonomy":"product_cat","embeddable":true,"href":"https:\/\/wavexia.com\/index.php?rest_route=%2Fwp%2Fv2%2Fproduct_cat&post=2916"},{"taxonomy":"product_tag","embeddable":true,"href":"https:\/\/wavexia.com\/index.php?rest_route=%2Fwp%2Fv2%2Fproduct_tag&post=2916"}],"curies":[{"name":"wp","href":"https:\/\/api.w.org\/{rel}","templated":true}]}}