{"id":2914,"date":"2025-10-18T22:09:13","date_gmt":"2025-10-18T22:09:13","guid":{"rendered":"https:\/\/wavexia.com\/product\/lion-pair-acne-cream-w\/"},"modified":"2026-03-10T07:30:50","modified_gmt":"2026-03-10T07:30:50","slug":"lion-pair-acne-cream-w","status":"publish","type":"product","link":"https:\/\/wavexia.com\/?product=lion-pair-acne-cream-w","title":{"rendered":"Lion- Pair Acne Cream W"},"content":{"rendered":"<h2>Description<\/h2>\n<p>Lion Pair Acne Cream W traite efficacement les peaux \u00e0 probl\u00e8mes avec l\u2019agent anti-inflammatoire IPPN (ibuprof\u00e8ne piconol) et l\u2019agent antibact\u00e9rien IPMP (isopropylm\u00e9thylph\u00e9nol). Cette cr\u00e8me devient transparente d\u00e8s l\u2019application sur le bouton. Il se pr\u00e9sente dans un parfum botanique rafra\u00eechissant.<\/p>\n<p><strong>Mode d\u2019emploi :<\/strong><\/p>\n<p>Pr\u00e9lever une quantit\u00e9 appropri\u00e9e et appliquer sur la zone touch\u00e9e.<\/p>\n<p><strong>Ingr\u00e9dients : <\/strong><\/p>\n<p>Ibuprof\u00e8ne piconol (IPPN) : 3,0 % Isopropylm\u00e9thylph\u00e9nol (IPMP) : 0,3 % Additifs : alcool st\u00e9arylique, polysorbate 60, \u00e9d\u00e9tate de sodium, paraben, diisopropanolamine, octyldod\u00e9canol, 1,3-butyl\u00e8ne glycol, polym\u00e8re carboxyvinylique, parfum<\/p>\n","protected":false},"excerpt":{"rendered":"<p>Description Lion Pair Acne Cream W traite efficacement les peaux \u00e0 probl\u00e8mes avec l\u2019agent anti-inflammatoire IPPN (ibuprof\u00e8ne piconol) et l\u2019agent antibact\u00e9rien IPMP (isopropylm\u00e9thylph\u00e9nol). Cette cr\u00e8me devient transparente d\u00e8s l\u2019application sur le bouton. Il se pr\u00e9sente dans un parfum botanique rafra\u00eechissant. Mode d\u2019emploi : Pr\u00e9lever une quantit\u00e9 appropri\u00e9e et appliquer sur la zone touch\u00e9e. Ingr\u00e9dients : [&hellip;]<\/p>\n","protected":false},"featured_media":2712,"comment_status":"open","ping_status":"closed","template":"","meta":{"content-type":"","_uag_custom_page_level_css":""},"pwb-brand":[],"product_brand":[],"product_cat":[327,334],"product_tag":[],"class_list":{"0":"post-2914","1":"product","2":"type-product","3":"status-publish","4":"has-post-thumbnail","6":"product_cat-hmizat","7":"product_cat-produits-coreens","9":"first","10":"instock","11":"sale","12":"shipping-taxable","13":"purchasable","14":"product-type-simple"},"aioseo_notices":[],"uagb_featured_image_src":{"full":["https:\/\/wavexia.com\/wp-content\/uploads\/2025\/10\/4903301025726_a1.jpg",1024,1024,false],"thumbnail":["https:\/\/wavexia.com\/wp-content\/uploads\/2025\/10\/4903301025726_a1-150x150.jpg",150,150,true],"medium":["https:\/\/wavexia.com\/wp-content\/uploads\/2025\/10\/4903301025726_a1-300x300.jpg",300,300,true],"medium_large":["https:\/\/wavexia.com\/wp-content\/uploads\/2025\/10\/4903301025726_a1-768x768.jpg",768,768,true],"large":["https:\/\/wavexia.com\/wp-content\/uploads\/2025\/10\/4903301025726_a1.jpg",1024,1024,false],"1536x1536":["https:\/\/wavexia.com\/wp-content\/uploads\/2025\/10\/4903301025726_a1.jpg",1024,1024,false],"2048x2048":["https:\/\/wavexia.com\/wp-content\/uploads\/2025\/10\/4903301025726_a1.jpg",1024,1024,false],"woocommerce_archive_thumbnail":["https:\/\/wavexia.com\/wp-content\/uploads\/2025\/10\/4903301025726_a1-300x300.jpg",300,300,true],"woocommerce_thumbnail":["https:\/\/wavexia.com\/wp-content\/uploads\/2025\/10\/4903301025726_a1-300x300.jpg",300,300,true],"woocommerce_single":["https:\/\/wavexia.com\/wp-content\/uploads\/2025\/10\/4903301025726_a1-600x600.jpg",600,600,true],"woocommerce_gallery_thumbnail":["https:\/\/wavexia.com\/wp-content\/uploads\/2025\/10\/4903301025726_a1-100x100.jpg",100,100,true]},"uagb_author_info":{"display_name":"zineddine.ayoub98@gmail.com","author_link":"https:\/\/wavexia.com\/?author=0"},"uagb_comment_info":0,"uagb_excerpt":"Description Lion Pair Acne Cream W traite efficacement les peaux \u00e0 probl\u00e8mes avec l\u2019agent anti-inflammatoire IPPN (ibuprof\u00e8ne piconol) et l\u2019agent antibact\u00e9rien IPMP (isopropylm\u00e9thylph\u00e9nol). Cette cr\u00e8me devient transparente d\u00e8s l\u2019application sur le bouton. Il se pr\u00e9sente dans un parfum botanique rafra\u00eechissant. Mode d\u2019emploi : Pr\u00e9lever une quantit\u00e9 appropri\u00e9e et appliquer sur la zone touch\u00e9e. Ingr\u00e9dients :&hellip;","brands":[],"_links":{"self":[{"href":"https:\/\/wavexia.com\/index.php?rest_route=\/wp\/v2\/product\/2914","targetHints":{"allow":["GET"]}}],"collection":[{"href":"https:\/\/wavexia.com\/index.php?rest_route=\/wp\/v2\/product"}],"about":[{"href":"https:\/\/wavexia.com\/index.php?rest_route=\/wp\/v2\/types\/product"}],"replies":[{"embeddable":true,"href":"https:\/\/wavexia.com\/index.php?rest_route=%2Fwp%2Fv2%2Fcomments&post=2914"}],"wp:featuredmedia":[{"embeddable":true,"href":"https:\/\/wavexia.com\/index.php?rest_route=\/wp\/v2\/media\/2712"}],"wp:attachment":[{"href":"https:\/\/wavexia.com\/index.php?rest_route=%2Fwp%2Fv2%2Fmedia&parent=2914"}],"wp:term":[{"taxonomy":"pwb-brand","embeddable":true,"href":"https:\/\/wavexia.com\/index.php?rest_route=%2Fwp%2Fv2%2Fpwb-brand&post=2914"},{"taxonomy":"product_brand","embeddable":true,"href":"https:\/\/wavexia.com\/index.php?rest_route=%2Fwp%2Fv2%2Fproduct_brand&post=2914"},{"taxonomy":"product_cat","embeddable":true,"href":"https:\/\/wavexia.com\/index.php?rest_route=%2Fwp%2Fv2%2Fproduct_cat&post=2914"},{"taxonomy":"product_tag","embeddable":true,"href":"https:\/\/wavexia.com\/index.php?rest_route=%2Fwp%2Fv2%2Fproduct_tag&post=2914"}],"curies":[{"name":"wp","href":"https:\/\/api.w.org\/{rel}","templated":true}]}}