{"id":2913,"date":"2025-10-18T22:09:13","date_gmt":"2025-10-18T22:09:13","guid":{"rendered":"https:\/\/wavexia.com\/product\/rituals-coffret-homme-m\/"},"modified":"2026-03-10T07:30:50","modified_gmt":"2026-03-10T07:30:50","slug":"rituals-coffret-homme-m","status":"publish","type":"product","link":"https:\/\/wavexia.com\/?product=rituals-coffret-homme-m","title":{"rendered":"RITUALS Coffret Homme M"},"content":{"rendered":"<h2>Description<\/h2>\n<p>Ce tr\u00e8s beau coffret bien-\u00eatre est une id\u00e9e cadeau id\u00e9ale pour un ami, un membre de votre famille ou pour vous faire plaisir !<\/p>\n<p>Commencez une journ\u00e9e empreinte de fra\u00eecheur et d\u2019assurance avec ces essentiels bien-\u00eatre formul\u00e9s \u00e0 partir de bambou, de menthe japonaise et de bois de c\u00e8dre.<\/p>\n<p>&nbsp;<\/p>\n<p>&nbsp;<\/p>\n<p>Ce coffret contient :<\/p>\n<p>\u2013 Une mousse de douche (200 ml \u2013 format vente) : Le gel douche Homme est une mousse de douche puissamment nettoyante qui se transforme en mousse nettoyante onctueuse pour le corps. La formule contient un complexe revigorant de bois de c\u00e8dre + vitamine E.<\/p>\n<p>&nbsp;<\/p>\n<p>\u2013 Un gel douche 2-en-1 corps et cheveux (200 ml \u2013 format vente) : Le gel 2-en-1 corps et cheveux nettoie la peau et apporte un effet rafra\u00eechissant d\u00e9licat. Le complexe menthe et charbon actif associ\u00e9 \u00e0 la provitamine B5 procure \u00e0 vos cheveux et \u00e0 votre corps une sensation de fra\u00eecheur, d\u2019hydratation et de vitalit\u00e9.<\/p>\n<p>&nbsp;<\/p>\n<p>\u2013 Une lotion hydratante pour le corps (70 ml \u2013 format d\u00e9couverte) : La lotion hydratante peau s\u00e8che Sport est comme un boost d\u2019hydratation pour le corps. Rapidement absorb\u00e9e, elle cible les peaux s\u00e8ches et inconfortables en leur offrant une hydratation g\u00e9n\u00e9reuse.<\/p>\n<p>&nbsp;<\/p>\n<p>\u2013 Une eau de parfum (15 ml \u2013 format d\u00e9couverte) : \u00c9veillez votre esprit et boostez votre motivation avec cette eau de parfum \u00e9pic\u00e9e et aromatique. La fra\u00eecheur \u00e9clatante de la cardamome rehausse la note r\u00e9confortante et \u00e9pic\u00e9e du patchouli et les notes onctueuses du bois de santal.<\/p>\n<p>&nbsp;<\/p>\n","protected":false},"excerpt":{"rendered":"<p>Description Ce tr\u00e8s beau coffret bien-\u00eatre est une id\u00e9e cadeau id\u00e9ale pour un ami, un membre de votre famille ou pour vous faire plaisir ! Commencez une journ\u00e9e empreinte de fra\u00eecheur et d\u2019assurance avec ces essentiels bien-\u00eatre formul\u00e9s \u00e0 partir de bambou, de menthe japonaise et de bois de c\u00e8dre. &nbsp; &nbsp; Ce coffret contient [&hellip;]<\/p>\n","protected":false},"featured_media":2709,"comment_status":"open","ping_status":"closed","template":"","meta":{"content-type":"","_uag_custom_page_level_css":""},"pwb-brand":[],"product_brand":[],"product_cat":[322,332],"product_tag":[],"class_list":{"0":"post-2913","1":"product","2":"type-product","3":"status-publish","4":"has-post-thumbnail","6":"product_cat-corps-bain","7":"product_cat-rituals","9":"first","10":"instock","11":"shipping-taxable","12":"purchasable","13":"product-type-simple"},"aioseo_notices":[],"uagb_featured_image_src":{"full":["https:\/\/wavexia.com\/wp-content\/uploads\/2025\/10\/1118450-rituals-homme-gift-set-m-pack-closed_4-by-3.webp",1688,1266,false],"thumbnail":["https:\/\/wavexia.com\/wp-content\/uploads\/2025\/10\/1118450-rituals-homme-gift-set-m-pack-closed_4-by-3-150x150.webp",150,150,true],"medium":["https:\/\/wavexia.com\/wp-content\/uploads\/2025\/10\/1118450-rituals-homme-gift-set-m-pack-closed_4-by-3-300x225.webp",300,225,true],"medium_large":["https:\/\/wavexia.com\/wp-content\/uploads\/2025\/10\/1118450-rituals-homme-gift-set-m-pack-closed_4-by-3-768x576.webp",768,576,true],"large":["https:\/\/wavexia.com\/wp-content\/uploads\/2025\/10\/1118450-rituals-homme-gift-set-m-pack-closed_4-by-3-1024x768.webp",1024,768,true],"1536x1536":["https:\/\/wavexia.com\/wp-content\/uploads\/2025\/10\/1118450-rituals-homme-gift-set-m-pack-closed_4-by-3-1536x1152.webp",1536,1152,true],"2048x2048":["https:\/\/wavexia.com\/wp-content\/uploads\/2025\/10\/1118450-rituals-homme-gift-set-m-pack-closed_4-by-3.webp",1688,1266,false],"woocommerce_archive_thumbnail":["https:\/\/wavexia.com\/wp-content\/uploads\/2025\/10\/1118450-rituals-homme-gift-set-m-pack-closed_4-by-3-300x225.webp",300,225,true],"woocommerce_thumbnail":["https:\/\/wavexia.com\/wp-content\/uploads\/2025\/10\/1118450-rituals-homme-gift-set-m-pack-closed_4-by-3-300x300.webp",300,300,true],"woocommerce_single":["https:\/\/wavexia.com\/wp-content\/uploads\/2025\/10\/1118450-rituals-homme-gift-set-m-pack-closed_4-by-3-600x450.webp",600,450,true],"woocommerce_gallery_thumbnail":["https:\/\/wavexia.com\/wp-content\/uploads\/2025\/10\/1118450-rituals-homme-gift-set-m-pack-closed_4-by-3-100x100.webp",100,100,true]},"uagb_author_info":{"display_name":"zineddine.ayoub98@gmail.com","author_link":"https:\/\/wavexia.com\/?author=0"},"uagb_comment_info":0,"uagb_excerpt":"Description Ce tr\u00e8s beau coffret bien-\u00eatre est une id\u00e9e cadeau id\u00e9ale pour un ami, un membre de votre famille ou pour vous faire plaisir ! Commencez une journ\u00e9e empreinte de fra\u00eecheur et d\u2019assurance avec ces essentiels bien-\u00eatre formul\u00e9s \u00e0 partir de bambou, de menthe japonaise et de bois de c\u00e8dre. &nbsp; &nbsp; Ce coffret contient&hellip;","brands":[],"_links":{"self":[{"href":"https:\/\/wavexia.com\/index.php?rest_route=\/wp\/v2\/product\/2913","targetHints":{"allow":["GET"]}}],"collection":[{"href":"https:\/\/wavexia.com\/index.php?rest_route=\/wp\/v2\/product"}],"about":[{"href":"https:\/\/wavexia.com\/index.php?rest_route=\/wp\/v2\/types\/product"}],"replies":[{"embeddable":true,"href":"https:\/\/wavexia.com\/index.php?rest_route=%2Fwp%2Fv2%2Fcomments&post=2913"}],"wp:featuredmedia":[{"embeddable":true,"href":"https:\/\/wavexia.com\/index.php?rest_route=\/wp\/v2\/media\/2709"}],"wp:attachment":[{"href":"https:\/\/wavexia.com\/index.php?rest_route=%2Fwp%2Fv2%2Fmedia&parent=2913"}],"wp:term":[{"taxonomy":"pwb-brand","embeddable":true,"href":"https:\/\/wavexia.com\/index.php?rest_route=%2Fwp%2Fv2%2Fpwb-brand&post=2913"},{"taxonomy":"product_brand","embeddable":true,"href":"https:\/\/wavexia.com\/index.php?rest_route=%2Fwp%2Fv2%2Fproduct_brand&post=2913"},{"taxonomy":"product_cat","embeddable":true,"href":"https:\/\/wavexia.com\/index.php?rest_route=%2Fwp%2Fv2%2Fproduct_cat&post=2913"},{"taxonomy":"product_tag","embeddable":true,"href":"https:\/\/wavexia.com\/index.php?rest_route=%2Fwp%2Fv2%2Fproduct_tag&post=2913"}],"curies":[{"name":"wp","href":"https:\/\/api.w.org\/{rel}","templated":true}]}}