{"id":2911,"date":"2025-10-18T22:09:13","date_gmt":"2025-10-18T22:09:13","guid":{"rendered":"https:\/\/wavexia.com\/product\/skin1004-madagascar-centella-ampoule-100ml\/"},"modified":"2026-03-10T07:30:50","modified_gmt":"2026-03-10T07:30:50","slug":"skin1004-madagascar-centella-ampoule-100ml","status":"publish","type":"product","link":"https:\/\/wavexia.com\/?product=skin1004-madagascar-centella-ampoule-100ml","title":{"rendered":"Skin1004 \u2013 Madagascar Centella Ampoule \u2013 100ml"},"content":{"rendered":"<h2>Description<\/h2>\n<p>Le SKIN1004 Madagascar Centella Ampoule est un s\u00e9rum apaisant pour un soin optimal de votre peau. Ce s\u00e9rum aide \u00e0 apaiser et \u00e0 r\u00e9parer la peau endommag\u00e9e par des influences ext\u00e9rieures nocives.<\/p>\n<p>Le s\u00e9rum est enrichi \u00e0 100% d\u2019extraits de Centella Asiatica de haute qualit\u00e9. Ces extraits hydratent intens\u00e9ment votre peau, pr\u00e9viennent les points secs et r\u00e9\u00e9quilibrent la teneur en s\u00e9bum. De plus, il r\u00e9duit \u00e9galement l\u2019acn\u00e9, les irritations cutan\u00e9es et pr\u00e9vient les premiers signes du vieillissement cutan\u00e9.<\/p>\n<p>La haute concentration d\u2019extraits purs procure une hydratation profonde et durable, donnant \u00e0 votre peau une sensation de souplesse tout au long de la journ\u00e9e.<\/p>\n<p><strong>Ce s\u00e9rum :<\/strong><\/p>\n<ul>\n<li>s\u00e9rum apaisant<\/li>\n<li>r\u00e9pare et apaise la peau ab\u00eem\u00e9e<\/li>\n<li>enrichi en extraits de Centella Asiatica<\/li>\n<li>hydratation profonde et durable<\/li>\n<li>\u00e9quilibre la teneur en s\u00e9bum<\/li>\n<li>pr\u00e9vient les taches s\u00e8ches, les irritations de la peau et l\u2019acn\u00e9<\/li>\n<li>pr\u00e9vient le vieillissement cutan\u00e9<\/li>\n<li>assure une peau lisse<\/li>\n<li>v\u00e9g\u00e9talien<\/li>\n<li>sans cruaut\u00e9<\/li>\n<\/ul>\n<p><strong>Comment utiliser:<\/strong><\/p>\n<ul>\n<li style=\"list-style-type: none\">\n<ul>\n<li>Pr\u00e9levez 2 \u00e0 3 gouttes de s\u00e9rum sur le bout des doigts.<\/li>\n<li>Massez le s\u00e9rum sur votre peau jusqu\u2019\u00e0 ce que tout soit absorb\u00e9.<\/li>\n<\/ul>\n<\/li>\n<\/ul>\n<p><strong>Ingr\u00e9dients:<\/strong><br \/>Water, Glycerin, Butylene Glycol, Centella Asiatica Extract, 1,2-Hexanediol, Cellulose Gum, Ethylhexylglycerin.<\/p>\n<p>&nbsp;<\/p>\n","protected":false},"excerpt":{"rendered":"<p>Description Le SKIN1004 Madagascar Centella Ampoule est un s\u00e9rum apaisant pour un soin optimal de votre peau. Ce s\u00e9rum aide \u00e0 apaiser et \u00e0 r\u00e9parer la peau endommag\u00e9e par des influences ext\u00e9rieures nocives. Le s\u00e9rum est enrichi \u00e0 100% d\u2019extraits de Centella Asiatica de haute qualit\u00e9. Ces extraits hydratent intens\u00e9ment votre peau, pr\u00e9viennent les points [&hellip;]<\/p>\n","protected":false},"featured_media":2703,"comment_status":"open","ping_status":"closed","template":"","meta":{"content-type":"","_uag_custom_page_level_css":""},"pwb-brand":[],"product_brand":[],"product_cat":[327,334,338,350],"product_tag":[],"class_list":{"0":"post-2911","1":"product","2":"type-product","3":"status-publish","4":"has-post-thumbnail","6":"product_cat-hmizat","7":"product_cat-produits-coreens","8":"product_cat-serum-ampoule","9":"product_cat-skin1004","11":"first","12":"instock","13":"sale","14":"shipping-taxable","15":"purchasable","16":"product-type-simple"},"aioseo_notices":[],"uagb_featured_image_src":{"full":["https:\/\/wavexia.com\/wp-content\/uploads\/2025\/10\/Product-page-sizes2_c3a2a40b-86e2-4ecb-825e-34a8a31206e5-1.webp",800,800,false],"thumbnail":["https:\/\/wavexia.com\/wp-content\/uploads\/2025\/10\/Product-page-sizes2_c3a2a40b-86e2-4ecb-825e-34a8a31206e5-1-150x150.webp",150,150,true],"medium":["https:\/\/wavexia.com\/wp-content\/uploads\/2025\/10\/Product-page-sizes2_c3a2a40b-86e2-4ecb-825e-34a8a31206e5-1-300x300.webp",300,300,true],"medium_large":["https:\/\/wavexia.com\/wp-content\/uploads\/2025\/10\/Product-page-sizes2_c3a2a40b-86e2-4ecb-825e-34a8a31206e5-1-768x768.webp",768,768,true],"large":["https:\/\/wavexia.com\/wp-content\/uploads\/2025\/10\/Product-page-sizes2_c3a2a40b-86e2-4ecb-825e-34a8a31206e5-1.webp",800,800,false],"1536x1536":["https:\/\/wavexia.com\/wp-content\/uploads\/2025\/10\/Product-page-sizes2_c3a2a40b-86e2-4ecb-825e-34a8a31206e5-1.webp",800,800,false],"2048x2048":["https:\/\/wavexia.com\/wp-content\/uploads\/2025\/10\/Product-page-sizes2_c3a2a40b-86e2-4ecb-825e-34a8a31206e5-1.webp",800,800,false],"woocommerce_archive_thumbnail":["https:\/\/wavexia.com\/wp-content\/uploads\/2025\/10\/Product-page-sizes2_c3a2a40b-86e2-4ecb-825e-34a8a31206e5-1-300x300.webp",300,300,true],"woocommerce_thumbnail":["https:\/\/wavexia.com\/wp-content\/uploads\/2025\/10\/Product-page-sizes2_c3a2a40b-86e2-4ecb-825e-34a8a31206e5-1-300x300.webp",300,300,true],"woocommerce_single":["https:\/\/wavexia.com\/wp-content\/uploads\/2025\/10\/Product-page-sizes2_c3a2a40b-86e2-4ecb-825e-34a8a31206e5-1-600x600.webp",600,600,true],"woocommerce_gallery_thumbnail":["https:\/\/wavexia.com\/wp-content\/uploads\/2025\/10\/Product-page-sizes2_c3a2a40b-86e2-4ecb-825e-34a8a31206e5-1-100x100.webp",100,100,true]},"uagb_author_info":{"display_name":"zineddine.ayoub98@gmail.com","author_link":"https:\/\/wavexia.com\/?author=0"},"uagb_comment_info":0,"uagb_excerpt":"Description Le SKIN1004 Madagascar Centella Ampoule est un s\u00e9rum apaisant pour un soin optimal de votre peau. Ce s\u00e9rum aide \u00e0 apaiser et \u00e0 r\u00e9parer la peau endommag\u00e9e par des influences ext\u00e9rieures nocives. Le s\u00e9rum est enrichi \u00e0 100% d\u2019extraits de Centella Asiatica de haute qualit\u00e9. Ces extraits hydratent intens\u00e9ment votre peau, pr\u00e9viennent les points&hellip;","brands":[],"_links":{"self":[{"href":"https:\/\/wavexia.com\/index.php?rest_route=\/wp\/v2\/product\/2911","targetHints":{"allow":["GET"]}}],"collection":[{"href":"https:\/\/wavexia.com\/index.php?rest_route=\/wp\/v2\/product"}],"about":[{"href":"https:\/\/wavexia.com\/index.php?rest_route=\/wp\/v2\/types\/product"}],"replies":[{"embeddable":true,"href":"https:\/\/wavexia.com\/index.php?rest_route=%2Fwp%2Fv2%2Fcomments&post=2911"}],"wp:featuredmedia":[{"embeddable":true,"href":"https:\/\/wavexia.com\/index.php?rest_route=\/wp\/v2\/media\/2703"}],"wp:attachment":[{"href":"https:\/\/wavexia.com\/index.php?rest_route=%2Fwp%2Fv2%2Fmedia&parent=2911"}],"wp:term":[{"taxonomy":"pwb-brand","embeddable":true,"href":"https:\/\/wavexia.com\/index.php?rest_route=%2Fwp%2Fv2%2Fpwb-brand&post=2911"},{"taxonomy":"product_brand","embeddable":true,"href":"https:\/\/wavexia.com\/index.php?rest_route=%2Fwp%2Fv2%2Fproduct_brand&post=2911"},{"taxonomy":"product_cat","embeddable":true,"href":"https:\/\/wavexia.com\/index.php?rest_route=%2Fwp%2Fv2%2Fproduct_cat&post=2911"},{"taxonomy":"product_tag","embeddable":true,"href":"https:\/\/wavexia.com\/index.php?rest_route=%2Fwp%2Fv2%2Fproduct_tag&post=2911"}],"curies":[{"name":"wp","href":"https:\/\/api.w.org\/{rel}","templated":true}]}}