{"id":2910,"date":"2025-10-18T22:09:13","date_gmt":"2025-10-18T22:09:13","guid":{"rendered":"https:\/\/wavexia.com\/product\/mixsoon-bean-essence-30ml\/"},"modified":"2026-03-10T07:30:50","modified_gmt":"2026-03-10T07:30:50","slug":"mixsoon-bean-essence-30ml","status":"publish","type":"product","link":"https:\/\/wavexia.com\/?product=mixsoon-bean-essence-30ml","title":{"rendered":"MIXSOON Bean Essence 30ml"},"content":{"rendered":"<h2>Description<\/h2>\n<p>La Bean Essence MIXSOON est une essence purifiante infus\u00e9e de haricot qui aide \u00e0 am\u00e9liorer et \u00e0 affiner la texture de la peau pour un r\u00e9sultat lisse et sans tache. L\u2019extrait de haricot contenu dans la formule \u00e9limine en douceur les impuret\u00e9s, contr\u00f4le l\u2019exc\u00e8s de s\u00e9bum, nettoie les pores obstru\u00e9s et minimise leur apparence pour une texture lisse et affin\u00e9e. L\u2019essence est \u00e9galement riche en plusieurs types de vitamines, en calcium et en acides amin\u00e9s qui nourrissent et conditionnent la peau pour un teint sain et \u00e9clatant.<\/p>\n<p><strong>Conseils d\u2019utilisation :<\/strong><\/p>\n<ul>\n<li>Applique une quantit\u00e9 suffisante et masse d\u00e9licatement pour une meilleure absorption.<\/li>\n<\/ul>\n<p><strong>Ingr\u00e9dients :<\/strong><\/p>\n<p>Lactobacillus\/Extrait de Ferment de Soja, Lactobacillus\/Extrait de Ferment de Fruit de Punica Granatum, Filtrat de Ferment de Graines d\u2019Orge\/Saccharomyces, Lactobacillus\/Filtrat de Ferment de Jus de Poire.<\/p>\n","protected":false},"excerpt":{"rendered":"<p>Description La Bean Essence MIXSOON est une essence purifiante infus\u00e9e de haricot qui aide \u00e0 am\u00e9liorer et \u00e0 affiner la texture de la peau pour un r\u00e9sultat lisse et sans tache. L\u2019extrait de haricot contenu dans la formule \u00e9limine en douceur les impuret\u00e9s, contr\u00f4le l\u2019exc\u00e8s de s\u00e9bum, nettoie les pores obstru\u00e9s et minimise leur apparence [&hellip;]<\/p>\n","protected":false},"featured_media":2699,"comment_status":"open","ping_status":"closed","template":"","meta":{"content-type":"","_uag_custom_page_level_css":""},"pwb-brand":[],"product_brand":[],"product_cat":[371,335,334],"product_tag":[],"class_list":{"0":"post-2910","1":"product","2":"type-product","3":"status-publish","4":"has-post-thumbnail","6":"product_cat-essence","7":"product_cat-mixsoon","8":"product_cat-produits-coreens","10":"first","11":"instock","12":"sale","13":"shipping-taxable","14":"purchasable","15":"product-type-simple"},"aioseo_notices":[],"uagb_featured_image_src":{"full":["https:\/\/wavexia.com\/wp-content\/uploads\/2025\/10\/BeanEssence30ml.webp",1000,1000,false],"thumbnail":["https:\/\/wavexia.com\/wp-content\/uploads\/2025\/10\/BeanEssence30ml-150x150.webp",150,150,true],"medium":["https:\/\/wavexia.com\/wp-content\/uploads\/2025\/10\/BeanEssence30ml-300x300.webp",300,300,true],"medium_large":["https:\/\/wavexia.com\/wp-content\/uploads\/2025\/10\/BeanEssence30ml-768x768.webp",768,768,true],"large":["https:\/\/wavexia.com\/wp-content\/uploads\/2025\/10\/BeanEssence30ml.webp",1000,1000,false],"1536x1536":["https:\/\/wavexia.com\/wp-content\/uploads\/2025\/10\/BeanEssence30ml.webp",1000,1000,false],"2048x2048":["https:\/\/wavexia.com\/wp-content\/uploads\/2025\/10\/BeanEssence30ml.webp",1000,1000,false],"woocommerce_archive_thumbnail":["https:\/\/wavexia.com\/wp-content\/uploads\/2025\/10\/BeanEssence30ml-300x300.webp",300,300,true],"woocommerce_thumbnail":["https:\/\/wavexia.com\/wp-content\/uploads\/2025\/10\/BeanEssence30ml-300x300.webp",300,300,true],"woocommerce_single":["https:\/\/wavexia.com\/wp-content\/uploads\/2025\/10\/BeanEssence30ml-600x600.webp",600,600,true],"woocommerce_gallery_thumbnail":["https:\/\/wavexia.com\/wp-content\/uploads\/2025\/10\/BeanEssence30ml-100x100.webp",100,100,true]},"uagb_author_info":{"display_name":"zineddine.ayoub98@gmail.com","author_link":"https:\/\/wavexia.com\/?author=0"},"uagb_comment_info":0,"uagb_excerpt":"Description La Bean Essence MIXSOON est une essence purifiante infus\u00e9e de haricot qui aide \u00e0 am\u00e9liorer et \u00e0 affiner la texture de la peau pour un r\u00e9sultat lisse et sans tache. L\u2019extrait de haricot contenu dans la formule \u00e9limine en douceur les impuret\u00e9s, contr\u00f4le l\u2019exc\u00e8s de s\u00e9bum, nettoie les pores obstru\u00e9s et minimise leur apparence&hellip;","brands":[],"_links":{"self":[{"href":"https:\/\/wavexia.com\/index.php?rest_route=\/wp\/v2\/product\/2910","targetHints":{"allow":["GET"]}}],"collection":[{"href":"https:\/\/wavexia.com\/index.php?rest_route=\/wp\/v2\/product"}],"about":[{"href":"https:\/\/wavexia.com\/index.php?rest_route=\/wp\/v2\/types\/product"}],"replies":[{"embeddable":true,"href":"https:\/\/wavexia.com\/index.php?rest_route=%2Fwp%2Fv2%2Fcomments&post=2910"}],"wp:featuredmedia":[{"embeddable":true,"href":"https:\/\/wavexia.com\/index.php?rest_route=\/wp\/v2\/media\/2699"}],"wp:attachment":[{"href":"https:\/\/wavexia.com\/index.php?rest_route=%2Fwp%2Fv2%2Fmedia&parent=2910"}],"wp:term":[{"taxonomy":"pwb-brand","embeddable":true,"href":"https:\/\/wavexia.com\/index.php?rest_route=%2Fwp%2Fv2%2Fpwb-brand&post=2910"},{"taxonomy":"product_brand","embeddable":true,"href":"https:\/\/wavexia.com\/index.php?rest_route=%2Fwp%2Fv2%2Fproduct_brand&post=2910"},{"taxonomy":"product_cat","embeddable":true,"href":"https:\/\/wavexia.com\/index.php?rest_route=%2Fwp%2Fv2%2Fproduct_cat&post=2910"},{"taxonomy":"product_tag","embeddable":true,"href":"https:\/\/wavexia.com\/index.php?rest_route=%2Fwp%2Fv2%2Fproduct_tag&post=2910"}],"curies":[{"name":"wp","href":"https:\/\/api.w.org\/{rel}","templated":true}]}}