{"id":2908,"date":"2025-10-18T22:09:13","date_gmt":"2025-10-18T22:09:13","guid":{"rendered":"https:\/\/wavexia.com\/product\/skin-1004-madagascar-centella-double-cleansing-duo\/"},"modified":"2026-03-10T07:30:50","modified_gmt":"2026-03-10T07:30:50","slug":"skin-1004-madagascar-centella-double-cleansing-duo","status":"publish","type":"product","link":"https:\/\/wavexia.com\/?product=skin-1004-madagascar-centella-double-cleansing-duo","title":{"rendered":"SKIN 1004 MADAGASCAR CENTELLA DOUBLE CLEANSING DUO"},"content":{"rendered":"<h2>Description<\/h2>\n<p>Le SKIN1004 Madagascar Centella Double Cleansing Set est un ensemble soigneusement formul\u00e9 qui offre un syst\u00e8me de nettoyage en deux \u00e9tapes. Essentiel \u00e0 toute routine de soins de la peau car il cible efficacement les impuret\u00e9s et \u00e9limine l\u2019exc\u00e8s de s\u00e9bum.<\/p>\n<p>Avec le pouvoir de la Centella Asiatica de Madagascar, connue pour ses propri\u00e9t\u00e9s apaisantes et cicatrisantes, cet ensemble est con\u00e7u pour nettoyer en profondeur votre peau tout en maintenant son \u00e9quilibre naturel. Un must-have pour celles qui recherchent une peau claire, hydrat\u00e9e et d\u2019apparence saine.<\/p>\n<p>La Mousse Ampoule Centella de SKIN1004 Madagascar est une mousse nettoyante micellaire riche qui combine l\u2019action puissante d\u2019une ampoule avec la douceur d\u2019une mousse pour nettoyer la peau en profondeur sans la dess\u00e9cher. Il \u00e9limine efficacement la salet\u00e9, le s\u00e9bum et le maquillage, tandis que les extraits de Centella Asiatica aident \u00e0 apaiser et \u00e0 restaurer la peau. Id\u00e9al pour un usage quotidien, il laisse votre peau fra\u00eeche, propre et confortable.<\/p>\n<p>L\u2019huile d\u00e9maquillante l\u00e9g\u00e8re SKIN1004 Madagascar Centella est une huile nettoyante l\u00e9g\u00e8re et non grasse qui agit rapidement pour dissoudre le maquillage tenace et les impuret\u00e9s, tout en laissant la peau douce et hydrat\u00e9e. Enrichi en extrait de Centella Asiatica, il soutient la fonction barri\u00e8re de la peau et favorise un processus de r\u00e9paration sain. La formule est con\u00e7ue pour se rincer sans laisser de r\u00e9sidus, laissant votre peau propre, souple et \u00e9clatante.<\/p>\n<p><strong>Cet ensemble :<\/strong><\/p>\n<ul>\n<li>Nettoyage en deux \u00e9tapes<\/li>\n<li>\u00e9limine les impuret\u00e9s<\/li>\n<li>s\u2019attaque \u00e0 l\u2019exc\u00e8s de s\u00e9bum<\/li>\n<li>Contient de la Centella Asiatica<\/li>\n<li>pour un \u00e9quilibre naturel<\/li>\n<li>Pour une peau pure, hydrat\u00e9e et saine<\/li>\n<li>nettoie en profondeur<\/li>\n<li>enl\u00e8ve la salet\u00e9 et le maquillage<\/li>\n<li>calme et peut \u00eatre utilis\u00e9 quotidiennement<\/li>\n<li>pour une sensation de fra\u00eecheur<\/li>\n<li>Sans parfum<\/li>\n<li>sans cruaut\u00e9<\/li>\n<li>v\u00e9g\u00e9talien<\/li>\n<\/ul>\n<p><strong>Comment:<\/strong><\/p>\n<p><strong>\u00c9tape 1 :<\/strong><\/p>\n<ul>\n<li>Commencez avec les mains s\u00e8ches et le visage sec.<\/li>\n<li>Appliquez une quantit\u00e9 appropri\u00e9e d\u2019huile d\u00e9maquillante l\u00e9g\u00e8re SKIN1004 Centella de Madagascar sur votre visage.<\/li>\n<li>Massez doucement l\u2019huile en mouvements circulaires sur tout votre visage pour dissoudre le maquillage et les impuret\u00e9s.<\/li>\n<li>Ajoutez un peu d\u2019eau pour \u00e9mulsionner l\u2019huile en une texture l\u00e9g\u00e8rement laiteuse, puis rincez abondamment \u00e0 l\u2019eau ti\u00e8de.<\/li>\n<\/ul>\n<p><strong>\u00c9tape 2 :<\/strong><\/p>\n<ul>\n<li>Mouillez votre visage avec de l\u2019eau ti\u00e8de.<\/li>\n<li>Prenez une petite quantit\u00e9 de SKIN1004 mousse d\u2019ampoule Centella de Madagascar dans vos paumes et faites mousser richement.<\/li>\n<li>Appliquez la mousse sur votre visage et massez doucement dans un mouvement circulaire vers le haut, en accordant une attention particuli\u00e8re \u00e0 votre front, votre nez et votre menton.<\/li>\n<li>Rincez abondamment \u00e0 l\u2019eau ti\u00e8de et s\u00e9chez doucement votre visage avec une serviette propre.<\/li>\n<\/ul>\n<p>Pour de meilleurs r\u00e9sultats, effectuez cette routine matin et soir. En suivant ces \u00e9tapes simples, vous obtiendrez une peau parfaitement nettoy\u00e9e qui sera douce, souple et \u00e9clatante. Profitez des propri\u00e9t\u00e9s cicatrisantes et apaisantes de la Centella Asiatica avec le coffret SKIN1004 Madagascar Centella Double Nettoyage.<\/p>\n<p><strong>Ingr\u00e9dients&nbsp;:<br \/>SKIN1004 Madagascar Centella Ampoule Mousse 150 ml.&nbsp;:&nbsp;<\/strong>Eau, Cocoyl Isethionate de sodium, Glyc\u00e9rine, M\u00e9thyl Cocoyl Taurate de sodium, Coco-b\u00e9ta\u00efne, Extrait de Centella Asiatica, Cocoyl glycinate de potassium, 1,2-Hexanediol, Cocoate de potassium, Benzoate de potassium, Polyquaternium-67, Acide citrique, Chlorure de sodium, Butyl\u00e8ne glycol, Dextrine, Extrait de Theobroma Cacao (cacao), EDTA disodique, Ac\u00e9tate de sodium, Bicarbonate de sodium, Extrait de racine de Coptis Chinensis, Hyaluronate de sodium, Extrait de fruit de Coccinia Indica, Extrait d\u2019Eclipta Prostrata.<strong><br \/><\/strong><\/p>\n<p><strong>SKIN1004 Madagascar Huile D\u00e9maquillante L\u00e9g\u00e8re Centella 200 ml.&nbsp;:<\/strong>&nbsp;St\u00e9arate d\u2019\u00e9thylhexyle, \u00e9thylhexanoate de c\u00e9tyle, t\u00e9traol\u00e9ate de Sorbeth-30, extrait de Centella Asiatica (10 000 ppm), huile de graines d\u2019Helianthus Annuus (tournesol), huile de fruit de Citrus Aurantium Bergamia (bergamote), huile de fruit d\u2019Olea Europaea (olive), huile de graines de Simmondsia Chinensis (jojoba), \u00e9thylhexylglyc\u00e9rine, huile de fleur de Pelargonium Graveolens, huile de fleur de Rosa Damascena, limon\u00e8ne, linalol<\/p>\n","protected":false},"excerpt":{"rendered":"<p>Description Le SKIN1004 Madagascar Centella Double Cleansing Set est un ensemble soigneusement formul\u00e9 qui offre un syst\u00e8me de nettoyage en deux \u00e9tapes. Essentiel \u00e0 toute routine de soins de la peau car il cible efficacement les impuret\u00e9s et \u00e9limine l\u2019exc\u00e8s de s\u00e9bum. Avec le pouvoir de la Centella Asiatica de Madagascar, connue pour ses propri\u00e9t\u00e9s [&hellip;]<\/p>\n","protected":false},"featured_media":2690,"comment_status":"open","ping_status":"closed","template":"","meta":{"content-type":"","_uag_custom_page_level_css":""},"pwb-brand":[],"product_brand":[],"product_cat":[367,336,334,350,323],"product_tag":[],"class_list":{"0":"post-2908","1":"product","2":"type-product","3":"status-publish","4":"has-post-thumbnail","6":"product_cat-huile-baume-nettoyante","7":"product_cat-nettoyant","8":"product_cat-produits-coreens","9":"product_cat-skin1004","10":"product_cat-skincare","12":"first","13":"instock","14":"sale","15":"shipping-taxable","16":"purchasable","17":"product-type-simple"},"aioseo_notices":[],"uagb_featured_image_src":{"full":["https:\/\/wavexia.com\/wp-content\/uploads\/2025\/10\/madagascar-centella-double-cleansing-duo-skin1004-1.webp",1080,1080,false],"thumbnail":["https:\/\/wavexia.com\/wp-content\/uploads\/2025\/10\/madagascar-centella-double-cleansing-duo-skin1004-1-150x150.webp",150,150,true],"medium":["https:\/\/wavexia.com\/wp-content\/uploads\/2025\/10\/madagascar-centella-double-cleansing-duo-skin1004-1-300x300.webp",300,300,true],"medium_large":["https:\/\/wavexia.com\/wp-content\/uploads\/2025\/10\/madagascar-centella-double-cleansing-duo-skin1004-1-768x768.webp",768,768,true],"large":["https:\/\/wavexia.com\/wp-content\/uploads\/2025\/10\/madagascar-centella-double-cleansing-duo-skin1004-1-1024x1024.webp",1024,1024,true],"1536x1536":["https:\/\/wavexia.com\/wp-content\/uploads\/2025\/10\/madagascar-centella-double-cleansing-duo-skin1004-1.webp",1080,1080,false],"2048x2048":["https:\/\/wavexia.com\/wp-content\/uploads\/2025\/10\/madagascar-centella-double-cleansing-duo-skin1004-1.webp",1080,1080,false],"woocommerce_archive_thumbnail":["https:\/\/wavexia.com\/wp-content\/uploads\/2025\/10\/madagascar-centella-double-cleansing-duo-skin1004-1-300x300.webp",300,300,true],"woocommerce_thumbnail":["https:\/\/wavexia.com\/wp-content\/uploads\/2025\/10\/madagascar-centella-double-cleansing-duo-skin1004-1-300x300.webp",300,300,true],"woocommerce_single":["https:\/\/wavexia.com\/wp-content\/uploads\/2025\/10\/madagascar-centella-double-cleansing-duo-skin1004-1-600x600.webp",600,600,true],"woocommerce_gallery_thumbnail":["https:\/\/wavexia.com\/wp-content\/uploads\/2025\/10\/madagascar-centella-double-cleansing-duo-skin1004-1-100x100.webp",100,100,true]},"uagb_author_info":{"display_name":"zineddine.ayoub98@gmail.com","author_link":"https:\/\/wavexia.com\/?author=0"},"uagb_comment_info":0,"uagb_excerpt":"Description Le SKIN1004 Madagascar Centella Double Cleansing Set est un ensemble soigneusement formul\u00e9 qui offre un syst\u00e8me de nettoyage en deux \u00e9tapes. Essentiel \u00e0 toute routine de soins de la peau car il cible efficacement les impuret\u00e9s et \u00e9limine l\u2019exc\u00e8s de s\u00e9bum. Avec le pouvoir de la Centella Asiatica de Madagascar, connue pour ses propri\u00e9t\u00e9s&hellip;","brands":[],"_links":{"self":[{"href":"https:\/\/wavexia.com\/index.php?rest_route=\/wp\/v2\/product\/2908","targetHints":{"allow":["GET"]}}],"collection":[{"href":"https:\/\/wavexia.com\/index.php?rest_route=\/wp\/v2\/product"}],"about":[{"href":"https:\/\/wavexia.com\/index.php?rest_route=\/wp\/v2\/types\/product"}],"replies":[{"embeddable":true,"href":"https:\/\/wavexia.com\/index.php?rest_route=%2Fwp%2Fv2%2Fcomments&post=2908"}],"wp:featuredmedia":[{"embeddable":true,"href":"https:\/\/wavexia.com\/index.php?rest_route=\/wp\/v2\/media\/2690"}],"wp:attachment":[{"href":"https:\/\/wavexia.com\/index.php?rest_route=%2Fwp%2Fv2%2Fmedia&parent=2908"}],"wp:term":[{"taxonomy":"pwb-brand","embeddable":true,"href":"https:\/\/wavexia.com\/index.php?rest_route=%2Fwp%2Fv2%2Fpwb-brand&post=2908"},{"taxonomy":"product_brand","embeddable":true,"href":"https:\/\/wavexia.com\/index.php?rest_route=%2Fwp%2Fv2%2Fproduct_brand&post=2908"},{"taxonomy":"product_cat","embeddable":true,"href":"https:\/\/wavexia.com\/index.php?rest_route=%2Fwp%2Fv2%2Fproduct_cat&post=2908"},{"taxonomy":"product_tag","embeddable":true,"href":"https:\/\/wavexia.com\/index.php?rest_route=%2Fwp%2Fv2%2Fproduct_tag&post=2908"}],"curies":[{"name":"wp","href":"https:\/\/api.w.org\/{rel}","templated":true}]}}