{"id":2907,"date":"2025-10-18T22:09:13","date_gmt":"2025-10-18T22:09:13","guid":{"rendered":"https:\/\/wavexia.com\/product\/rituals-the-ritual-of-sakura-coffret-s\/"},"modified":"2026-03-10T07:30:50","modified_gmt":"2026-03-10T07:30:50","slug":"rituals-the-ritual-of-sakura-coffret-s","status":"publish","type":"product","link":"https:\/\/wavexia.com\/?product=rituals-the-ritual-of-sakura-coffret-s","title":{"rendered":"RITUALS \u2013 The Ritual Of SAKURA Coffret S"},"content":{"rendered":"<h2>Description<\/h2>\n<p>Ce magnifique coffret cadeau est le cadeau parfait pour un ami, un membre de la famille ou pour se faire plaisir.<\/p>\n<p><strong>Contient:<\/strong><\/p>\n<ul>\n<li>une mousse de douche<\/li>\n<li>Une bougie parfum\u00e9e<\/li>\n<li>une cr\u00e8me pour le corps<\/li>\n<li>un gommage corporel.<\/li>\n<\/ul>\n<p>C\u00e9l\u00e9brez chaque jour comme un nouvel \u00e9veil avec ces<strong>&nbsp;produits aux ar\u00f4mes luxueux de fleur de cerisier et de lait de riz.<\/strong><\/p>\n<p>Le design de l\u2019origami s\u2019inspire de l\u2019art japonais du cadeau. Dans la culture japonaise, l\u2019emballage peut \u00eatre tout aussi important que le cadeau lui-m\u00eame, car il s\u2019agit d\u2019une forme de communication entre le donateur et le destinataire.<\/p>\n<p>Vous pouvez donner une seconde vie \u00e0 la bo\u00eete-cadeau r\u00e9utilisable en gardant des photos, des lettres ou d\u2019autres objets \u00e0 l\u2019int\u00e9rieur.<\/p>\n","protected":false},"excerpt":{"rendered":"<p>Description Ce magnifique coffret cadeau est le cadeau parfait pour un ami, un membre de la famille ou pour se faire plaisir. Contient: une mousse de douche Une bougie parfum\u00e9e une cr\u00e8me pour le corps un gommage corporel. C\u00e9l\u00e9brez chaque jour comme un nouvel \u00e9veil avec ces&nbsp;produits aux ar\u00f4mes luxueux de fleur de cerisier et [&hellip;]<\/p>\n","protected":false},"featured_media":2687,"comment_status":"open","ping_status":"closed","template":"","meta":{"content-type":"","_uag_custom_page_level_css":""},"pwb-brand":[],"product_brand":[],"product_cat":[322,327,331,339,332],"product_tag":[],"class_list":{"0":"post-2907","1":"product","2":"type-product","3":"status-publish","4":"has-post-thumbnail","6":"product_cat-corps-bain","7":"product_cat-hmizat","8":"product_cat-idees-cadeaux","9":"product_cat-meilleures-ventes","10":"product_cat-rituals","12":"first","13":"instock","14":"sale","15":"shipping-taxable","16":"purchasable","17":"product-type-simple"},"aioseo_notices":[],"uagb_featured_image_src":{"full":["https:\/\/wavexia.com\/wp-content\/uploads\/2025\/10\/1118447-rituals-sakura-gift-set-s-pack-closed_4-by-3.webp",1688,1266,false],"thumbnail":["https:\/\/wavexia.com\/wp-content\/uploads\/2025\/10\/1118447-rituals-sakura-gift-set-s-pack-closed_4-by-3-150x150.webp",150,150,true],"medium":["https:\/\/wavexia.com\/wp-content\/uploads\/2025\/10\/1118447-rituals-sakura-gift-set-s-pack-closed_4-by-3-300x225.webp",300,225,true],"medium_large":["https:\/\/wavexia.com\/wp-content\/uploads\/2025\/10\/1118447-rituals-sakura-gift-set-s-pack-closed_4-by-3-768x576.webp",768,576,true],"large":["https:\/\/wavexia.com\/wp-content\/uploads\/2025\/10\/1118447-rituals-sakura-gift-set-s-pack-closed_4-by-3-1024x768.webp",1024,768,true],"1536x1536":["https:\/\/wavexia.com\/wp-content\/uploads\/2025\/10\/1118447-rituals-sakura-gift-set-s-pack-closed_4-by-3-1536x1152.webp",1536,1152,true],"2048x2048":["https:\/\/wavexia.com\/wp-content\/uploads\/2025\/10\/1118447-rituals-sakura-gift-set-s-pack-closed_4-by-3.webp",1688,1266,false],"woocommerce_archive_thumbnail":["https:\/\/wavexia.com\/wp-content\/uploads\/2025\/10\/1118447-rituals-sakura-gift-set-s-pack-closed_4-by-3-300x225.webp",300,225,true],"woocommerce_thumbnail":["https:\/\/wavexia.com\/wp-content\/uploads\/2025\/10\/1118447-rituals-sakura-gift-set-s-pack-closed_4-by-3-300x300.webp",300,300,true],"woocommerce_single":["https:\/\/wavexia.com\/wp-content\/uploads\/2025\/10\/1118447-rituals-sakura-gift-set-s-pack-closed_4-by-3-600x450.webp",600,450,true],"woocommerce_gallery_thumbnail":["https:\/\/wavexia.com\/wp-content\/uploads\/2025\/10\/1118447-rituals-sakura-gift-set-s-pack-closed_4-by-3-100x100.webp",100,100,true]},"uagb_author_info":{"display_name":"zineddine.ayoub98@gmail.com","author_link":"https:\/\/wavexia.com\/?author=0"},"uagb_comment_info":0,"uagb_excerpt":"Description Ce magnifique coffret cadeau est le cadeau parfait pour un ami, un membre de la famille ou pour se faire plaisir. Contient: une mousse de douche Une bougie parfum\u00e9e une cr\u00e8me pour le corps un gommage corporel. C\u00e9l\u00e9brez chaque jour comme un nouvel \u00e9veil avec ces&nbsp;produits aux ar\u00f4mes luxueux de fleur de cerisier et&hellip;","brands":[],"_links":{"self":[{"href":"https:\/\/wavexia.com\/index.php?rest_route=\/wp\/v2\/product\/2907","targetHints":{"allow":["GET"]}}],"collection":[{"href":"https:\/\/wavexia.com\/index.php?rest_route=\/wp\/v2\/product"}],"about":[{"href":"https:\/\/wavexia.com\/index.php?rest_route=\/wp\/v2\/types\/product"}],"replies":[{"embeddable":true,"href":"https:\/\/wavexia.com\/index.php?rest_route=%2Fwp%2Fv2%2Fcomments&post=2907"}],"wp:featuredmedia":[{"embeddable":true,"href":"https:\/\/wavexia.com\/index.php?rest_route=\/wp\/v2\/media\/2687"}],"wp:attachment":[{"href":"https:\/\/wavexia.com\/index.php?rest_route=%2Fwp%2Fv2%2Fmedia&parent=2907"}],"wp:term":[{"taxonomy":"pwb-brand","embeddable":true,"href":"https:\/\/wavexia.com\/index.php?rest_route=%2Fwp%2Fv2%2Fpwb-brand&post=2907"},{"taxonomy":"product_brand","embeddable":true,"href":"https:\/\/wavexia.com\/index.php?rest_route=%2Fwp%2Fv2%2Fproduct_brand&post=2907"},{"taxonomy":"product_cat","embeddable":true,"href":"https:\/\/wavexia.com\/index.php?rest_route=%2Fwp%2Fv2%2Fproduct_cat&post=2907"},{"taxonomy":"product_tag","embeddable":true,"href":"https:\/\/wavexia.com\/index.php?rest_route=%2Fwp%2Fv2%2Fproduct_tag&post=2907"}],"curies":[{"name":"wp","href":"https:\/\/api.w.org\/{rel}","templated":true}]}}