{"id":2906,"date":"2025-10-18T22:09:12","date_gmt":"2025-10-18T22:09:12","guid":{"rendered":"https:\/\/wavexia.com\/product\/anua-heartleaf-77-soothing-toner-250ml\/"},"modified":"2026-03-10T07:30:50","modified_gmt":"2026-03-10T07:30:50","slug":"anua-heartleaf-77-soothing-toner-250ml","status":"publish","type":"product","link":"https:\/\/wavexia.com\/?product=anua-heartleaf-77-soothing-toner-250ml","title":{"rendered":"Anua \u2013 Heartleaf 77% Soothing Toner 250ml"},"content":{"rendered":"<h2>Description<\/h2>\n<p>Le Anua Heartleaf 77% Soothing Toner est un toner qui va donner un coup de boost \u00e0 votre peau ! Le toner convient \u00e0 tous les types de peau, m\u00eame les peaux sensibles et irrit\u00e9es.<\/p>\n<p>Ce toner est compos\u00e9 \u00e0 77% de Houttuynia Cordata, \u00e9galement connu sous le nom de Heartleaf. Cet ingr\u00e9dient est connu pour ses propri\u00e9t\u00e9s anti-inflammatoires, antioxydantes et antibact\u00e9riennes. La formule p\u00e9n\u00e8tre profond\u00e9ment dans votre peau et procure une hydratation et une exfoliation intenses et durables.<\/p>\n<p>Gr\u00e2ce \u00e0 cet ingr\u00e9dient, le toner neutralise \u00e9galement efficacement l\u2019inflammation et convient donc parfaitement aux peaux sensibles \u00e0 l\u2019acn\u00e9. De plus, ce toner a un effet calmant, hydratant et garantit que la teneur en humidit\u00e9 et en huile de votre peau est r\u00e9tablie&nbsp;!<\/p>\n<p><strong>Ce tonique&nbsp;:<\/strong><\/p>\n<ul>\n<li>hydratation intense et longue dur\u00e9e<\/li>\n<li>anti-inflammatoire<\/li>\n<li>id\u00e9al pour les peaux sensibles et \u00e0 probl\u00e8mes<\/li>\n<li>a un effet calmant<\/li>\n<li>antibact\u00e9rien et antioxydant<\/li>\n<li>convient \u00e0 tous les types de peau<\/li>\n<li>se compose de 77% de Heartleaf<\/li>\n<li>hypoallerg\u00e9nique<\/li>\n<li>sans parfum<\/li>\n<li>sans cruaut\u00e9<\/li>\n<li>v\u00e9g\u00e9talien<\/li>\n<\/ul>\n<p><strong>Comment utiliser:<\/strong><\/p>\n<ul>\n<li>Appliquer 2 \u00e0 3 gouttes matin et soir sur une peau nettoy\u00e9e.<\/li>\n<li>Tamponnez le toner dans la peau avec un coton jusqu\u2019\u00e0 ce qu\u2019il soit compl\u00e8tement absorb\u00e9.<\/li>\n<\/ul>\n<p><strong>Ingr\u00e9dients:<br \/><\/strong>Houttuynia Cordata Extract, Aqua, 1,2-Hexanediol, Glycerin, Betaine, Acrylates\/C10-30 Alkyl Acrylate Crosspolymer, Arctium Lappa Root Extract, Butylene Glycol, Centella Asiatica Extract, Chamomilla Recutita Flower Extract, Disodium Edta, Isopentyldiol, Methylpropanediol, Panthenol , Phellinus Linteus Extract, Portulaca Oleracea Extract, Pyrus Malus Fruit Extract, Saccharum Officinarum Extract, Tromethamine, Vitex Agnus Castus Extract, Vitis Vinifera Fruit Extract<\/p>\n","protected":false},"excerpt":{"rendered":"<p>Description Le Anua Heartleaf 77% Soothing Toner est un toner qui va donner un coup de boost \u00e0 votre peau ! Le toner convient \u00e0 tous les types de peau, m\u00eame les peaux sensibles et irrit\u00e9es. Ce toner est compos\u00e9 \u00e0 77% de Houttuynia Cordata, \u00e9galement connu sous le nom de Heartleaf. Cet ingr\u00e9dient est [&hellip;]<\/p>\n","protected":false},"featured_media":2683,"comment_status":"open","ping_status":"closed","template":"","meta":{"content-type":"","_uag_custom_page_level_css":""},"pwb-brand":[],"product_brand":[],"product_cat":[344,334,323,345],"product_tag":[],"class_list":{"0":"post-2906","1":"product","2":"type-product","3":"status-publish","4":"has-post-thumbnail","6":"product_cat-anua","7":"product_cat-produits-coreens","8":"product_cat-skincare","9":"product_cat-toner-pads","11":"first","12":"instock","13":"sale","14":"shipping-taxable","15":"purchasable","16":"product-type-simple"},"aioseo_notices":[],"uagb_featured_image_src":{"full":["https:\/\/wavexia.com\/wp-content\/uploads\/2025\/10\/Product-page-sizes_491c8c6a-a10f-4e9d-8305-bc88979616ab.webp",800,800,false],"thumbnail":["https:\/\/wavexia.com\/wp-content\/uploads\/2025\/10\/Product-page-sizes_491c8c6a-a10f-4e9d-8305-bc88979616ab-150x150.webp",150,150,true],"medium":["https:\/\/wavexia.com\/wp-content\/uploads\/2025\/10\/Product-page-sizes_491c8c6a-a10f-4e9d-8305-bc88979616ab-300x300.webp",300,300,true],"medium_large":["https:\/\/wavexia.com\/wp-content\/uploads\/2025\/10\/Product-page-sizes_491c8c6a-a10f-4e9d-8305-bc88979616ab-768x768.webp",768,768,true],"large":["https:\/\/wavexia.com\/wp-content\/uploads\/2025\/10\/Product-page-sizes_491c8c6a-a10f-4e9d-8305-bc88979616ab.webp",800,800,false],"1536x1536":["https:\/\/wavexia.com\/wp-content\/uploads\/2025\/10\/Product-page-sizes_491c8c6a-a10f-4e9d-8305-bc88979616ab.webp",800,800,false],"2048x2048":["https:\/\/wavexia.com\/wp-content\/uploads\/2025\/10\/Product-page-sizes_491c8c6a-a10f-4e9d-8305-bc88979616ab.webp",800,800,false],"woocommerce_archive_thumbnail":["https:\/\/wavexia.com\/wp-content\/uploads\/2025\/10\/Product-page-sizes_491c8c6a-a10f-4e9d-8305-bc88979616ab-300x300.webp",300,300,true],"woocommerce_thumbnail":["https:\/\/wavexia.com\/wp-content\/uploads\/2025\/10\/Product-page-sizes_491c8c6a-a10f-4e9d-8305-bc88979616ab-300x300.webp",300,300,true],"woocommerce_single":["https:\/\/wavexia.com\/wp-content\/uploads\/2025\/10\/Product-page-sizes_491c8c6a-a10f-4e9d-8305-bc88979616ab-600x600.webp",600,600,true],"woocommerce_gallery_thumbnail":["https:\/\/wavexia.com\/wp-content\/uploads\/2025\/10\/Product-page-sizes_491c8c6a-a10f-4e9d-8305-bc88979616ab-100x100.webp",100,100,true]},"uagb_author_info":{"display_name":"zineddine.ayoub98@gmail.com","author_link":"https:\/\/wavexia.com\/?author=0"},"uagb_comment_info":0,"uagb_excerpt":"Description Le Anua Heartleaf 77% Soothing Toner est un toner qui va donner un coup de boost \u00e0 votre peau ! Le toner convient \u00e0 tous les types de peau, m\u00eame les peaux sensibles et irrit\u00e9es. Ce toner est compos\u00e9 \u00e0 77% de Houttuynia Cordata, \u00e9galement connu sous le nom de Heartleaf. Cet ingr\u00e9dient est&hellip;","brands":[],"_links":{"self":[{"href":"https:\/\/wavexia.com\/index.php?rest_route=\/wp\/v2\/product\/2906","targetHints":{"allow":["GET"]}}],"collection":[{"href":"https:\/\/wavexia.com\/index.php?rest_route=\/wp\/v2\/product"}],"about":[{"href":"https:\/\/wavexia.com\/index.php?rest_route=\/wp\/v2\/types\/product"}],"replies":[{"embeddable":true,"href":"https:\/\/wavexia.com\/index.php?rest_route=%2Fwp%2Fv2%2Fcomments&post=2906"}],"wp:featuredmedia":[{"embeddable":true,"href":"https:\/\/wavexia.com\/index.php?rest_route=\/wp\/v2\/media\/2683"}],"wp:attachment":[{"href":"https:\/\/wavexia.com\/index.php?rest_route=%2Fwp%2Fv2%2Fmedia&parent=2906"}],"wp:term":[{"taxonomy":"pwb-brand","embeddable":true,"href":"https:\/\/wavexia.com\/index.php?rest_route=%2Fwp%2Fv2%2Fpwb-brand&post=2906"},{"taxonomy":"product_brand","embeddable":true,"href":"https:\/\/wavexia.com\/index.php?rest_route=%2Fwp%2Fv2%2Fproduct_brand&post=2906"},{"taxonomy":"product_cat","embeddable":true,"href":"https:\/\/wavexia.com\/index.php?rest_route=%2Fwp%2Fv2%2Fproduct_cat&post=2906"},{"taxonomy":"product_tag","embeddable":true,"href":"https:\/\/wavexia.com\/index.php?rest_route=%2Fwp%2Fv2%2Fproduct_tag&post=2906"}],"curies":[{"name":"wp","href":"https:\/\/api.w.org\/{rel}","templated":true}]}}