{"id":2904,"date":"2025-10-18T22:09:12","date_gmt":"2025-10-18T22:09:12","guid":{"rendered":"https:\/\/wavexia.com\/product\/skin1004-madagascar-centella-ampoule-kit\/"},"modified":"2026-03-10T07:30:50","modified_gmt":"2026-03-10T07:30:50","slug":"skin1004-madagascar-centella-ampoule-kit","status":"publish","type":"product","link":"https:\/\/wavexia.com\/?product=skin1004-madagascar-centella-ampoule-kit","title":{"rendered":"SKIN1004 \u2013 MADAGASCAR CENTELLA AMPOULE KIT"},"content":{"rendered":"<h2>Description<\/h2>\n<p>Faites le plein de s\u00e9rums qui laisseront votre peau douce et revitalis\u00e9e gr\u00e2ce \u00e0 des ingr\u00e9dients d\u2019origine naturelle. Variez les produits en fonction des besoins de votre peau pour la journ\u00e9e et profitez d\u2019une hydratation rafra\u00eechissante.<\/p>\n<p><strong>Avantages :<\/strong><\/p>\n<ul>\n<li>L\u2019extrait de centella asiatica laisse la peau douce, souple et profond\u00e9ment hydrat\u00e9e.<\/li>\n<li>Le mad\u00e9cassoside \u00e9claircit la peau et lui donne un aspect radieux.<\/li>\n<li>L\u2019eau de cypr\u00e8s, l\u2019extrait de feuille de pin royal et le tea tree de feuilles r\u00e9duisent les rougeurs visibles tout en procurant une sensation d\u2019apaisement.<\/li>\n<\/ul>\n<p><strong>Madagascar Centella Ampoule Kit Contient :<\/strong><\/p>\n<ul>\n<li>Madagascar Centella Ampoule 30ml<\/li>\n<li>Madagascar Centella Tone Brightening Capsule Ampoule 30ml<\/li>\n<li>Madagascar Centella Poremizing Fresh Ampoule 30ml<\/li>\n<li>Madagascar Centella Tea-Trica Relief Ampoule 30ml<\/li>\n<\/ul>\n<p><strong>Utilisation<\/strong><\/p>\n<p>Apr\u00e8s avoir nettoy\u00e9 et tonifi\u00e9 le visage, appliquez le s\u00e9rum de votre choix dans des mains propres et faites-le p\u00e9n\u00e9trer en tapotant d\u00e9licatement.<\/p>\n<h4>Ingredients<\/h4>\n<p><strong>SKIN1004 Madagascar Centella Ampoule:&nbsp;<\/strong>Centella Asiatica Extract(100%)<\/p>\n<p><strong>SKIN1004 Madagascar Centella Poremizing Fresh Ampoule:&nbsp;<\/strong>Centella Asiatica Extract(50.47%), Aqua(Water), Butylene Glycol, Propanediol, 1,2-Hexanediol, Aloe Barbadensis Leaf Extract, Glycereth-26, Hydroxyacetophenone, Glycerin, Carbomer, Tromethamine, Panthenol, Ethylhexylglycerin, Disodium EDTA, Dipotassium Glycyrrhizate, Ammonium Polyacryloyldimethyl Taurate, Biosaccharide Gum-1, Hyaluronic Acid, Hydrolyzed Hyaluronic Acid, Sodium Hyaluronate, Hydroxyethylcellulose, Chamomilla Recutita (Matricaria) Flower Extract, Mineral Salts, Tripeptide-3, Acetyl Hexapeptide-8, Acetyl Octapeptide-3, Copper Tripeptide-1, Palmitoyl Pentapeptide-4, Palmitoyl Tetrapeptide-7, Palmitoyl Tripeptide-1, Tripeptide-1, Tripeptide-2<\/p>\n<div class=\"Rte\">\n<p><strong>SKIN1004&nbsp;Madagascar Centella Tone&nbsp;Brightening Capsule Ampoule:<\/strong>&nbsp;Centella Asiatica Extract(77%), Butylene Glycol, Glycerin, Niacinamide, Tranexamic Acid, 1,2-Hexanediol, Water, Betaine, Madecassoside, Hydrogenated Lecithin, Xylitylglucoside, Anhydroxylitol, Xylitol, Panthenol, Zea Mays (Corn) Starch, Arginine, Mannitol, 3-O-Ethyl Ascorbic Acid, Microcrystalline Cellulose, Lactobacillus Ferment, Hydroxyethylcellulose, Pentylene Glycol, Glucose, Ethylhexylglycerin, Acrylates\/C10-30 Alkyl Acrylate Crosspolymer, Xanthan Gum<\/p>\n<div class=\"Rte\">\n<p><strong>SKIN1004&nbsp;Madagascar Centella&nbsp;Tea-Trica&nbsp;Relief&nbsp;<\/strong><strong>Ampoule:&nbsp;<\/strong>Centella Asiatica Extract(55%), Chamaecyparis Obtusa Water, Melaleuca Alternifolia (Tea Tree) Leaf Water(9.4%), Pinus Palustris Leaf Extract, Glycerin, Butylene Glycol, Methyl Gluceth-20, Dipropylene Glycol, Glycereth-26, 1,2-Hexanediol, Water, Hydroxyacetophenone, Ammonium Acryloyldimethyltaurate\/VP Copolymer, Propanediol, Polyglyceryl-10 Laurate, Ethylhexylglycerin, Pentylene Glycol, Caprylyl Glycol, Disodium EDTA, Melaleuca Alternifolia (Tea Tree) Leaf Oil(200ppm), Oenothera Biennis (Evening Primrose) Flower Extract, Pueraria Lobata Root Extract, Ulmus Davidiana Root Extract<\/p>\n<\/div>\n<p><em>Disclaimer: While we strive to ensure the accuracy of all our product information, please note that sometimes products are&nbsp;updated or changed without notice.&nbsp;Before use, we recommend referring to the item\u2019s packaging for the most up to date ingredients list, warnings and directions.&nbsp;<\/em><\/p>\n<p>&nbsp;<\/p>\n<\/div>\n","protected":false},"excerpt":{"rendered":"<p>Description Faites le plein de s\u00e9rums qui laisseront votre peau douce et revitalis\u00e9e gr\u00e2ce \u00e0 des ingr\u00e9dients d\u2019origine naturelle. Variez les produits en fonction des besoins de votre peau pour la journ\u00e9e et profitez d\u2019une hydratation rafra\u00eechissante. Avantages : L\u2019extrait de centella asiatica laisse la peau douce, souple et profond\u00e9ment hydrat\u00e9e. Le mad\u00e9cassoside \u00e9claircit la [&hellip;]<\/p>\n","protected":false},"featured_media":2673,"comment_status":"open","ping_status":"closed","template":"","meta":{"content-type":"","_uag_custom_page_level_css":""},"pwb-brand":[],"product_brand":[],"product_cat":[327,334,338,350],"product_tag":[],"class_list":{"0":"post-2904","1":"product","2":"type-product","3":"status-publish","4":"has-post-thumbnail","6":"product_cat-hmizat","7":"product_cat-produits-coreens","8":"product_cat-serum-ampoule","9":"product_cat-skin1004","11":"first","12":"instock","13":"sale","14":"shipping-taxable","15":"purchasable","16":"product-type-simple"},"aioseo_notices":[],"uagb_featured_image_src":{"full":["https:\/\/wavexia.com\/wp-content\/uploads\/2025\/10\/SKIN1004-Madagascar-Centella-Ampoule-Kit.webp",900,900,false],"thumbnail":["https:\/\/wavexia.com\/wp-content\/uploads\/2025\/10\/SKIN1004-Madagascar-Centella-Ampoule-Kit-150x150.webp",150,150,true],"medium":["https:\/\/wavexia.com\/wp-content\/uploads\/2025\/10\/SKIN1004-Madagascar-Centella-Ampoule-Kit-300x300.webp",300,300,true],"medium_large":["https:\/\/wavexia.com\/wp-content\/uploads\/2025\/10\/SKIN1004-Madagascar-Centella-Ampoule-Kit-768x768.webp",768,768,true],"large":["https:\/\/wavexia.com\/wp-content\/uploads\/2025\/10\/SKIN1004-Madagascar-Centella-Ampoule-Kit.webp",900,900,false],"1536x1536":["https:\/\/wavexia.com\/wp-content\/uploads\/2025\/10\/SKIN1004-Madagascar-Centella-Ampoule-Kit.webp",900,900,false],"2048x2048":["https:\/\/wavexia.com\/wp-content\/uploads\/2025\/10\/SKIN1004-Madagascar-Centella-Ampoule-Kit.webp",900,900,false],"woocommerce_archive_thumbnail":["https:\/\/wavexia.com\/wp-content\/uploads\/2025\/10\/SKIN1004-Madagascar-Centella-Ampoule-Kit-300x300.webp",300,300,true],"woocommerce_thumbnail":["https:\/\/wavexia.com\/wp-content\/uploads\/2025\/10\/SKIN1004-Madagascar-Centella-Ampoule-Kit-300x300.webp",300,300,true],"woocommerce_single":["https:\/\/wavexia.com\/wp-content\/uploads\/2025\/10\/SKIN1004-Madagascar-Centella-Ampoule-Kit-600x600.webp",600,600,true],"woocommerce_gallery_thumbnail":["https:\/\/wavexia.com\/wp-content\/uploads\/2025\/10\/SKIN1004-Madagascar-Centella-Ampoule-Kit-100x100.webp",100,100,true]},"uagb_author_info":{"display_name":"zineddine.ayoub98@gmail.com","author_link":"https:\/\/wavexia.com\/?author=0"},"uagb_comment_info":0,"uagb_excerpt":"Description Faites le plein de s\u00e9rums qui laisseront votre peau douce et revitalis\u00e9e gr\u00e2ce \u00e0 des ingr\u00e9dients d\u2019origine naturelle. Variez les produits en fonction des besoins de votre peau pour la journ\u00e9e et profitez d\u2019une hydratation rafra\u00eechissante. Avantages : L\u2019extrait de centella asiatica laisse la peau douce, souple et profond\u00e9ment hydrat\u00e9e. Le mad\u00e9cassoside \u00e9claircit la&hellip;","brands":[],"_links":{"self":[{"href":"https:\/\/wavexia.com\/index.php?rest_route=\/wp\/v2\/product\/2904","targetHints":{"allow":["GET"]}}],"collection":[{"href":"https:\/\/wavexia.com\/index.php?rest_route=\/wp\/v2\/product"}],"about":[{"href":"https:\/\/wavexia.com\/index.php?rest_route=\/wp\/v2\/types\/product"}],"replies":[{"embeddable":true,"href":"https:\/\/wavexia.com\/index.php?rest_route=%2Fwp%2Fv2%2Fcomments&post=2904"}],"wp:featuredmedia":[{"embeddable":true,"href":"https:\/\/wavexia.com\/index.php?rest_route=\/wp\/v2\/media\/2673"}],"wp:attachment":[{"href":"https:\/\/wavexia.com\/index.php?rest_route=%2Fwp%2Fv2%2Fmedia&parent=2904"}],"wp:term":[{"taxonomy":"pwb-brand","embeddable":true,"href":"https:\/\/wavexia.com\/index.php?rest_route=%2Fwp%2Fv2%2Fpwb-brand&post=2904"},{"taxonomy":"product_brand","embeddable":true,"href":"https:\/\/wavexia.com\/index.php?rest_route=%2Fwp%2Fv2%2Fproduct_brand&post=2904"},{"taxonomy":"product_cat","embeddable":true,"href":"https:\/\/wavexia.com\/index.php?rest_route=%2Fwp%2Fv2%2Fproduct_cat&post=2904"},{"taxonomy":"product_tag","embeddable":true,"href":"https:\/\/wavexia.com\/index.php?rest_route=%2Fwp%2Fv2%2Fproduct_tag&post=2904"}],"curies":[{"name":"wp","href":"https:\/\/api.w.org\/{rel}","templated":true}]}}