{"id":2903,"date":"2025-10-18T22:09:12","date_gmt":"2025-10-18T22:09:12","guid":{"rendered":"https:\/\/wavexia.com\/product\/arm-and-hammer-essentials-deodorant-stick-rose-lavander-71g\/"},"modified":"2026-03-10T07:30:50","modified_gmt":"2026-03-10T07:30:50","slug":"arm-and-hammer-essentials-deodorant-stick-rose-lavander-71g","status":"publish","type":"product","link":"https:\/\/wavexia.com\/?product=arm-and-hammer-essentials-deodorant-stick-rose-lavander-71g","title":{"rendered":"ARM AND HAMMER Essentials Deodorant Stick Rose Lavander 71g"},"content":{"rendered":"<h2>Description<\/h2>\n<p>Protection 24h contre les odeurs The Standard of Purity\u2122 Sans aluminium, sans parab\u00e8nes et sans phtalates Sans parfum artificiel Contient du bicarbonate de soude Arm &amp; Hammer et des extraits naturels de plante pour absorber et combattre les odeurs<\/p>\n<p><strong>COMPOSITION :<\/strong><\/p>\n<p>Dipropyl\u00e8ne glycol, eau, propyl\u00e8ne glycol, st\u00e9arate de sodium, bicarbonate de sodium, ethylene brassylate, huile essentielle de bois de Palo Santo, huile de gen\u00e9vrier de Virginie, ethylhexyglycerin, oct\u00e9nidine HCl, \u00e9d\u00e9tate de sodium, allanto\u00efne.<\/p>\n<p><strong>CONSEILS D\u2019UTILISATION:<\/strong><\/p>\n<p>Appliquez uniquement sous les aisselles.<\/p>\n","protected":false},"excerpt":{"rendered":"<p>Description Protection 24h contre les odeurs The Standard of Purity\u2122 Sans aluminium, sans parab\u00e8nes et sans phtalates Sans parfum artificiel Contient du bicarbonate de soude Arm &amp; Hammer et des extraits naturels de plante pour absorber et combattre les odeurs COMPOSITION : Dipropyl\u00e8ne glycol, eau, propyl\u00e8ne glycol, st\u00e9arate de sodium, bicarbonate de sodium, ethylene brassylate, [&hellip;]<\/p>\n","protected":false},"featured_media":2671,"comment_status":"open","ping_status":"closed","template":"","meta":{"content-type":"","_uag_custom_page_level_css":""},"pwb-brand":[],"product_brand":[],"product_cat":[322,327,329],"product_tag":[],"class_list":{"0":"post-2903","1":"product","2":"type-product","3":"status-publish","4":"has-post-thumbnail","6":"product_cat-corps-bain","7":"product_cat-hmizat","8":"product_cat-produits-americains","10":"first","11":"instock","12":"sale","13":"shipping-taxable","14":"purchasable","15":"product-type-simple"},"aioseo_notices":[],"uagb_featured_image_src":{"full":["https:\/\/wavexia.com\/wp-content\/uploads\/2025\/10\/9d7089c9-1fd1-45b8-9762-deb674eaafca-1000x1000-bBVf742Svksc6KTevUqlhGQ0Wv1pSiYyTe5S2EAm.webp",1000,1000,false],"thumbnail":["https:\/\/wavexia.com\/wp-content\/uploads\/2025\/10\/9d7089c9-1fd1-45b8-9762-deb674eaafca-1000x1000-bBVf742Svksc6KTevUqlhGQ0Wv1pSiYyTe5S2EAm-150x150.webp",150,150,true],"medium":["https:\/\/wavexia.com\/wp-content\/uploads\/2025\/10\/9d7089c9-1fd1-45b8-9762-deb674eaafca-1000x1000-bBVf742Svksc6KTevUqlhGQ0Wv1pSiYyTe5S2EAm-300x300.webp",300,300,true],"medium_large":["https:\/\/wavexia.com\/wp-content\/uploads\/2025\/10\/9d7089c9-1fd1-45b8-9762-deb674eaafca-1000x1000-bBVf742Svksc6KTevUqlhGQ0Wv1pSiYyTe5S2EAm-768x768.webp",768,768,true],"large":["https:\/\/wavexia.com\/wp-content\/uploads\/2025\/10\/9d7089c9-1fd1-45b8-9762-deb674eaafca-1000x1000-bBVf742Svksc6KTevUqlhGQ0Wv1pSiYyTe5S2EAm.webp",1000,1000,false],"1536x1536":["https:\/\/wavexia.com\/wp-content\/uploads\/2025\/10\/9d7089c9-1fd1-45b8-9762-deb674eaafca-1000x1000-bBVf742Svksc6KTevUqlhGQ0Wv1pSiYyTe5S2EAm.webp",1000,1000,false],"2048x2048":["https:\/\/wavexia.com\/wp-content\/uploads\/2025\/10\/9d7089c9-1fd1-45b8-9762-deb674eaafca-1000x1000-bBVf742Svksc6KTevUqlhGQ0Wv1pSiYyTe5S2EAm.webp",1000,1000,false],"woocommerce_archive_thumbnail":["https:\/\/wavexia.com\/wp-content\/uploads\/2025\/10\/9d7089c9-1fd1-45b8-9762-deb674eaafca-1000x1000-bBVf742Svksc6KTevUqlhGQ0Wv1pSiYyTe5S2EAm-300x300.webp",300,300,true],"woocommerce_thumbnail":["https:\/\/wavexia.com\/wp-content\/uploads\/2025\/10\/9d7089c9-1fd1-45b8-9762-deb674eaafca-1000x1000-bBVf742Svksc6KTevUqlhGQ0Wv1pSiYyTe5S2EAm-300x300.webp",300,300,true],"woocommerce_single":["https:\/\/wavexia.com\/wp-content\/uploads\/2025\/10\/9d7089c9-1fd1-45b8-9762-deb674eaafca-1000x1000-bBVf742Svksc6KTevUqlhGQ0Wv1pSiYyTe5S2EAm-600x600.webp",600,600,true],"woocommerce_gallery_thumbnail":["https:\/\/wavexia.com\/wp-content\/uploads\/2025\/10\/9d7089c9-1fd1-45b8-9762-deb674eaafca-1000x1000-bBVf742Svksc6KTevUqlhGQ0Wv1pSiYyTe5S2EAm-100x100.webp",100,100,true]},"uagb_author_info":{"display_name":"zineddine.ayoub98@gmail.com","author_link":"https:\/\/wavexia.com\/?author=0"},"uagb_comment_info":0,"uagb_excerpt":"Description Protection 24h contre les odeurs The Standard of Purity\u2122 Sans aluminium, sans parab\u00e8nes et sans phtalates Sans parfum artificiel Contient du bicarbonate de soude Arm &amp; Hammer et des extraits naturels de plante pour absorber et combattre les odeurs COMPOSITION : Dipropyl\u00e8ne glycol, eau, propyl\u00e8ne glycol, st\u00e9arate de sodium, bicarbonate de sodium, ethylene brassylate,&hellip;","brands":[],"_links":{"self":[{"href":"https:\/\/wavexia.com\/index.php?rest_route=\/wp\/v2\/product\/2903","targetHints":{"allow":["GET"]}}],"collection":[{"href":"https:\/\/wavexia.com\/index.php?rest_route=\/wp\/v2\/product"}],"about":[{"href":"https:\/\/wavexia.com\/index.php?rest_route=\/wp\/v2\/types\/product"}],"replies":[{"embeddable":true,"href":"https:\/\/wavexia.com\/index.php?rest_route=%2Fwp%2Fv2%2Fcomments&post=2903"}],"wp:featuredmedia":[{"embeddable":true,"href":"https:\/\/wavexia.com\/index.php?rest_route=\/wp\/v2\/media\/2671"}],"wp:attachment":[{"href":"https:\/\/wavexia.com\/index.php?rest_route=%2Fwp%2Fv2%2Fmedia&parent=2903"}],"wp:term":[{"taxonomy":"pwb-brand","embeddable":true,"href":"https:\/\/wavexia.com\/index.php?rest_route=%2Fwp%2Fv2%2Fpwb-brand&post=2903"},{"taxonomy":"product_brand","embeddable":true,"href":"https:\/\/wavexia.com\/index.php?rest_route=%2Fwp%2Fv2%2Fproduct_brand&post=2903"},{"taxonomy":"product_cat","embeddable":true,"href":"https:\/\/wavexia.com\/index.php?rest_route=%2Fwp%2Fv2%2Fproduct_cat&post=2903"},{"taxonomy":"product_tag","embeddable":true,"href":"https:\/\/wavexia.com\/index.php?rest_route=%2Fwp%2Fv2%2Fproduct_tag&post=2903"}],"curies":[{"name":"wp","href":"https:\/\/api.w.org\/{rel}","templated":true}]}}