{"id":2902,"date":"2025-10-18T22:09:12","date_gmt":"2025-10-18T22:09:12","guid":{"rendered":"https:\/\/wavexia.com\/product\/anua-heartleaf-quercetinol-pore-deep-cleansing-foam-150ml\/"},"modified":"2026-03-10T07:30:50","modified_gmt":"2026-03-10T07:30:50","slug":"anua-heartleaf-quercetinol-pore-deep-cleansing-foam-150ml","status":"publish","type":"product","link":"https:\/\/wavexia.com\/?product=anua-heartleaf-quercetinol-pore-deep-cleansing-foam-150ml","title":{"rendered":"Anua \u2013 Heartleaf Quercetinol Pore Deep Cleansing Foam 150ml"},"content":{"rendered":"<h2>Description<\/h2>\n<p>La Anua Heartleaf Quercetinol Pore Deep Cleansing Foam est une mousse nettoyante remplie de poudre de Houttuynia Cordata pour \u00e9liminer sans piti\u00e9 les cellules mortes de la peau et les impuret\u00e9s obstruant les pores.<\/p>\n<p>Gr\u00e2ce \u00e0 l\u2019effet apaisant de la querc\u00e9tine, les irritations cutan\u00e9es caus\u00e9es par le nettoyage sont efficacement soulag\u00e9es. Le m\u00e9lange brevet\u00e9 Anti-Sebum P garantit que l\u2019exc\u00e8s de s\u00e9bum n\u2019a aucune chance. Parfait pour les peaux \u00e0 tendance acn\u00e9ique, ce nettoyant offre une solution globale pour un teint radieux et plus calme.<\/p>\n<p>L\u2019acide salicylique, un exfoliant nettoyant en profondeur, et l\u2019acide hyaluronique, qui hydrate intens\u00e9ment votre peau, font de ce nettoyage un \u00e9l\u00e9ment indispensable de votre routine de soins de la peau. Dorlotez votre peau et r\u00e9v\u00e9lez une beaut\u00e9 radieuse avec la mousse nettoyante en profondeur pour les pores Anua Heartleaf Quercetinol&nbsp;!<\/p>\n<p><strong>Ce nettoyant :<\/strong><\/p>\n<ul>\n<li>\u00e9limine les impuret\u00e9s et les cellules mortes de la peau<\/li>\n<li>apaise, nettoie et illumine<\/li>\n<li>r\u00e9duit l\u2019exc\u00e8s de s\u00e9bum<\/li>\n<li>convient aux peaux \u00e0 tendance acn\u00e9ique<\/li>\n<li>exfolie et hydrate<\/li>\n<li>facile \u00e0 utiliser<\/li>\n<li>adapt\u00e9 \u00e0 un usage quotidien<\/li>\n<li>v\u00e9g\u00e9talien<\/li>\n<li>sans cruaut\u00e9<\/li>\n<\/ul>\n<p><strong>Comment utiliser:<\/strong><\/p>\n<ul>\n<li>Prenez une petite quantit\u00e9 dans votre main et buvez un peu d\u2019eau.<\/li>\n<li>Frottez-vous les mains jusqu\u2019\u00e0 obtenir une substance mousseuse.<\/li>\n<li>Massez votre peau en effectuant des mouvements circulaires.<\/li>\n<li>Rincer \u00e0 l\u2019eau ti\u00e8de.<\/li>\n<\/ul>\n<p><b>Ingr\u00e9dients<\/b>&nbsp;<strong>:<\/strong><br \/>Houttuynia Cordata Extract (33.4%), Quercetin (10,000 ppb), Houttuynia Cordata Extract, Glycerin, Sodium Cocoyl Glycinate, Water, Sodium Lauroyl Glutamate, Coco-Glucoside, Sodium Cocoamphoacetate, Sodium Chloride, 1,2-Hexanediol, Salicylic Acid, Butylene Glycol, Lecithin, Glyceryl Stearate SE, Hydroxypropyl Starch Phosphate, Potassium Benzoate, Polyquaternium-67, Houttuynia Cordata Powder, Quercetin, Oenothera Biennis (Evening Primrose) Flower Extract, Ulmus Davidiana Root Extract, Pinus Palustris Leaf Extract, Pueraria Lobata Root Extract, Capryloyl Salicylic Acid, Tocopherol, Sodium Hyaluronate, Hydroxypropyltrimonium Hyaluronate, Sodium Acetylated Hyaluronate, Hydrolyzed Hyaluronic Acid, Hyaluronic Acid, Sodium Hyaluronate Crosspolymer, Hydrolyzed Sodium Hyaluronate, Potassium Hyaluronate, Dextrin, Gardenia Florida Fruit Extract, Fragrance, Ethylhexylglycerin, Disodium EDTA<\/p>\n","protected":false},"excerpt":{"rendered":"<p>Description La Anua Heartleaf Quercetinol Pore Deep Cleansing Foam est une mousse nettoyante remplie de poudre de Houttuynia Cordata pour \u00e9liminer sans piti\u00e9 les cellules mortes de la peau et les impuret\u00e9s obstruant les pores. Gr\u00e2ce \u00e0 l\u2019effet apaisant de la querc\u00e9tine, les irritations cutan\u00e9es caus\u00e9es par le nettoyage sont efficacement soulag\u00e9es. Le m\u00e9lange brevet\u00e9 [&hellip;]<\/p>\n","protected":false},"featured_media":2667,"comment_status":"open","ping_status":"closed","template":"","meta":{"content-type":"","_uag_custom_page_level_css":""},"pwb-brand":[],"product_brand":[],"product_cat":[344,327,339,336,334,323],"product_tag":[],"class_list":{"0":"post-2902","1":"product","2":"type-product","3":"status-publish","4":"has-post-thumbnail","6":"product_cat-anua","7":"product_cat-hmizat","8":"product_cat-meilleures-ventes","9":"product_cat-nettoyant","10":"product_cat-produits-coreens","11":"product_cat-skincare","13":"first","14":"instock","15":"sale","16":"shipping-taxable","17":"purchasable","18":"product-type-simple"},"aioseo_notices":[],"uagb_featured_image_src":{"full":["https:\/\/wavexia.com\/wp-content\/uploads\/2025\/10\/IMG_8644.png",1000,1000,false],"thumbnail":["https:\/\/wavexia.com\/wp-content\/uploads\/2025\/10\/IMG_8644-150x150.png",150,150,true],"medium":["https:\/\/wavexia.com\/wp-content\/uploads\/2025\/10\/IMG_8644-300x300.png",300,300,true],"medium_large":["https:\/\/wavexia.com\/wp-content\/uploads\/2025\/10\/IMG_8644-768x768.png",768,768,true],"large":["https:\/\/wavexia.com\/wp-content\/uploads\/2025\/10\/IMG_8644.png",1000,1000,false],"1536x1536":["https:\/\/wavexia.com\/wp-content\/uploads\/2025\/10\/IMG_8644.png",1000,1000,false],"2048x2048":["https:\/\/wavexia.com\/wp-content\/uploads\/2025\/10\/IMG_8644.png",1000,1000,false],"woocommerce_archive_thumbnail":["https:\/\/wavexia.com\/wp-content\/uploads\/2025\/10\/IMG_8644-300x300.png",300,300,true],"woocommerce_thumbnail":["https:\/\/wavexia.com\/wp-content\/uploads\/2025\/10\/IMG_8644-300x300.png",300,300,true],"woocommerce_single":["https:\/\/wavexia.com\/wp-content\/uploads\/2025\/10\/IMG_8644-600x600.png",600,600,true],"woocommerce_gallery_thumbnail":["https:\/\/wavexia.com\/wp-content\/uploads\/2025\/10\/IMG_8644-100x100.png",100,100,true]},"uagb_author_info":{"display_name":"zineddine.ayoub98@gmail.com","author_link":"https:\/\/wavexia.com\/?author=0"},"uagb_comment_info":0,"uagb_excerpt":"Description La Anua Heartleaf Quercetinol Pore Deep Cleansing Foam est une mousse nettoyante remplie de poudre de Houttuynia Cordata pour \u00e9liminer sans piti\u00e9 les cellules mortes de la peau et les impuret\u00e9s obstruant les pores. Gr\u00e2ce \u00e0 l\u2019effet apaisant de la querc\u00e9tine, les irritations cutan\u00e9es caus\u00e9es par le nettoyage sont efficacement soulag\u00e9es. Le m\u00e9lange brevet\u00e9&hellip;","brands":[],"_links":{"self":[{"href":"https:\/\/wavexia.com\/index.php?rest_route=\/wp\/v2\/product\/2902","targetHints":{"allow":["GET"]}}],"collection":[{"href":"https:\/\/wavexia.com\/index.php?rest_route=\/wp\/v2\/product"}],"about":[{"href":"https:\/\/wavexia.com\/index.php?rest_route=\/wp\/v2\/types\/product"}],"replies":[{"embeddable":true,"href":"https:\/\/wavexia.com\/index.php?rest_route=%2Fwp%2Fv2%2Fcomments&post=2902"}],"wp:featuredmedia":[{"embeddable":true,"href":"https:\/\/wavexia.com\/index.php?rest_route=\/wp\/v2\/media\/2667"}],"wp:attachment":[{"href":"https:\/\/wavexia.com\/index.php?rest_route=%2Fwp%2Fv2%2Fmedia&parent=2902"}],"wp:term":[{"taxonomy":"pwb-brand","embeddable":true,"href":"https:\/\/wavexia.com\/index.php?rest_route=%2Fwp%2Fv2%2Fpwb-brand&post=2902"},{"taxonomy":"product_brand","embeddable":true,"href":"https:\/\/wavexia.com\/index.php?rest_route=%2Fwp%2Fv2%2Fproduct_brand&post=2902"},{"taxonomy":"product_cat","embeddable":true,"href":"https:\/\/wavexia.com\/index.php?rest_route=%2Fwp%2Fv2%2Fproduct_cat&post=2902"},{"taxonomy":"product_tag","embeddable":true,"href":"https:\/\/wavexia.com\/index.php?rest_route=%2Fwp%2Fv2%2Fproduct_tag&post=2902"}],"curies":[{"name":"wp","href":"https:\/\/api.w.org\/{rel}","templated":true}]}}