{"id":2901,"date":"2025-10-18T22:09:12","date_gmt":"2025-10-18T22:09:12","guid":{"rendered":"https:\/\/wavexia.com\/product\/anua-heartleaf-pore-control-cleansing-oil-200ml\/"},"modified":"2026-03-10T07:30:50","modified_gmt":"2026-03-10T07:30:50","slug":"anua-heartleaf-pore-control-cleansing-oil-200ml","status":"publish","type":"product","link":"https:\/\/wavexia.com\/?product=anua-heartleaf-pore-control-cleansing-oil-200ml","title":{"rendered":"Anua \u2013 Heartleaf Pore Control Cleansing Oil 200ml"},"content":{"rendered":"<h2>Description<\/h2>\n<p>Le Anua Heartleaf Pore Control Cleansing Oil vous ne pouvez tout simplement pas manquer dans votre routine de soins du visage ! Cette huile nettoyante aide \u00e0 lutter contre les impuret\u00e9s, afin que vous ayez un teint plus clair et plus sain.<\/p>\n<p>Le nettoyant a une formule douce mais puissante. Il est compos\u00e9 d\u2019huiles v\u00e9g\u00e9tales telles que l\u2019huile de jojoba, d\u2019olive et de p\u00e9pins de raisin. De plus, il contient \u00e9galement de l\u2019extrait de feuille de c\u0153ur pour \u00e9loigner les irritations.<\/p>\n<p><strong>Ce nettoyant :<\/strong><\/p>\n<ul>\n<li>convient aux peaux normales et mixtes<\/li>\n<li>formule douce mais puissante<\/li>\n<li>aide \u00e0 lutter contre les impuret\u00e9s<\/li>\n<li>assure un teint clair et sain<\/li>\n<li>tient les irritations \u00e0 distance<\/li>\n<li>enrichi en huile de jojoba, d\u2019olive et de p\u00e9pins de raisin<\/li>\n<li>contient de l\u2019extrait de feuille de c\u0153ur<\/li>\n<li>sans cruaut\u00e9<\/li>\n<li>v\u00e9g\u00e9talien<\/li>\n<\/ul>\n<p><strong>Comment utiliser:<\/strong><\/p>\n<ul>\n<li>Distribuer 2-3 pompes dans des mains s\u00e8ches.<\/li>\n<li>Massez doucement sur un visage sec.<\/li>\n<li>Ajouter une petite quantit\u00e9 d\u2019eau ti\u00e8de.<\/li>\n<li>Continuez \u00e0 masser jusqu\u2019\u00e0 ce que l\u2019huile se transforme en lait.<\/li>\n<li>Rincez abondamment \u00e0 l\u2019eau ti\u00e8de.<\/li>\n<\/ul>\n<p><strong>Ingr\u00e9dients:<br \/><\/strong>Ethylhexyl Palmitate, Sorbeth-30 Tetraoleate, Sorbitan Sesquioleate, Caprylic\/capric Triglyceride, Butyl Avocadate, Fragrance, Helianthus Annuus Seed Oil, Macadamia Ternifolia Seed Oil, Olea Europaea Fruit Oil, Simmondsia Chinensis Seed Oil, Vitis Vinifera Seed Oil, Caprylyl Glycol, Ethylhexylglycerin, Curcuma Longa Root Extract, Melia Azadirachta Flower Extract, Tocopherol, Melia Azadirachta Leaf Extract, Houttuynia Cordata Extract, Corallina Officinalis Extract, Melia Azadirachta Bark Extract, Moringa Oleifera Seed Oil, Ocimum Sanctum Leaf Extract.<\/p>\n","protected":false},"excerpt":{"rendered":"<p>Description Le Anua Heartleaf Pore Control Cleansing Oil vous ne pouvez tout simplement pas manquer dans votre routine de soins du visage ! Cette huile nettoyante aide \u00e0 lutter contre les impuret\u00e9s, afin que vous ayez un teint plus clair et plus sain. Le nettoyant a une formule douce mais puissante. Il est compos\u00e9 d\u2019huiles [&hellip;]<\/p>\n","protected":false},"featured_media":2663,"comment_status":"open","ping_status":"closed","template":"","meta":{"content-type":"","_uag_custom_page_level_css":""},"pwb-brand":[],"product_brand":[],"product_cat":[344,327,367,334,323],"product_tag":[],"class_list":{"0":"post-2901","1":"product","2":"type-product","3":"status-publish","4":"has-post-thumbnail","6":"product_cat-anua","7":"product_cat-hmizat","8":"product_cat-huile-baume-nettoyante","9":"product_cat-produits-coreens","10":"product_cat-skincare","12":"first","13":"instock","14":"sale","15":"shipping-taxable","16":"purchasable","17":"product-type-simple"},"aioseo_notices":[],"uagb_featured_image_src":{"full":["https:\/\/wavexia.com\/wp-content\/uploads\/2025\/10\/Product-page-sizes_e2273918-fa3a-43c1-92df-6aa26085569c.webp",800,800,false],"thumbnail":["https:\/\/wavexia.com\/wp-content\/uploads\/2025\/10\/Product-page-sizes_e2273918-fa3a-43c1-92df-6aa26085569c-150x150.webp",150,150,true],"medium":["https:\/\/wavexia.com\/wp-content\/uploads\/2025\/10\/Product-page-sizes_e2273918-fa3a-43c1-92df-6aa26085569c-300x300.webp",300,300,true],"medium_large":["https:\/\/wavexia.com\/wp-content\/uploads\/2025\/10\/Product-page-sizes_e2273918-fa3a-43c1-92df-6aa26085569c-768x768.webp",768,768,true],"large":["https:\/\/wavexia.com\/wp-content\/uploads\/2025\/10\/Product-page-sizes_e2273918-fa3a-43c1-92df-6aa26085569c.webp",800,800,false],"1536x1536":["https:\/\/wavexia.com\/wp-content\/uploads\/2025\/10\/Product-page-sizes_e2273918-fa3a-43c1-92df-6aa26085569c.webp",800,800,false],"2048x2048":["https:\/\/wavexia.com\/wp-content\/uploads\/2025\/10\/Product-page-sizes_e2273918-fa3a-43c1-92df-6aa26085569c.webp",800,800,false],"woocommerce_archive_thumbnail":["https:\/\/wavexia.com\/wp-content\/uploads\/2025\/10\/Product-page-sizes_e2273918-fa3a-43c1-92df-6aa26085569c-300x300.webp",300,300,true],"woocommerce_thumbnail":["https:\/\/wavexia.com\/wp-content\/uploads\/2025\/10\/Product-page-sizes_e2273918-fa3a-43c1-92df-6aa26085569c-300x300.webp",300,300,true],"woocommerce_single":["https:\/\/wavexia.com\/wp-content\/uploads\/2025\/10\/Product-page-sizes_e2273918-fa3a-43c1-92df-6aa26085569c-600x600.webp",600,600,true],"woocommerce_gallery_thumbnail":["https:\/\/wavexia.com\/wp-content\/uploads\/2025\/10\/Product-page-sizes_e2273918-fa3a-43c1-92df-6aa26085569c-100x100.webp",100,100,true]},"uagb_author_info":{"display_name":"zineddine.ayoub98@gmail.com","author_link":"https:\/\/wavexia.com\/?author=0"},"uagb_comment_info":0,"uagb_excerpt":"Description Le Anua Heartleaf Pore Control Cleansing Oil vous ne pouvez tout simplement pas manquer dans votre routine de soins du visage ! Cette huile nettoyante aide \u00e0 lutter contre les impuret\u00e9s, afin que vous ayez un teint plus clair et plus sain. Le nettoyant a une formule douce mais puissante. Il est compos\u00e9 d\u2019huiles&hellip;","brands":[],"_links":{"self":[{"href":"https:\/\/wavexia.com\/index.php?rest_route=\/wp\/v2\/product\/2901","targetHints":{"allow":["GET"]}}],"collection":[{"href":"https:\/\/wavexia.com\/index.php?rest_route=\/wp\/v2\/product"}],"about":[{"href":"https:\/\/wavexia.com\/index.php?rest_route=\/wp\/v2\/types\/product"}],"replies":[{"embeddable":true,"href":"https:\/\/wavexia.com\/index.php?rest_route=%2Fwp%2Fv2%2Fcomments&post=2901"}],"wp:featuredmedia":[{"embeddable":true,"href":"https:\/\/wavexia.com\/index.php?rest_route=\/wp\/v2\/media\/2663"}],"wp:attachment":[{"href":"https:\/\/wavexia.com\/index.php?rest_route=%2Fwp%2Fv2%2Fmedia&parent=2901"}],"wp:term":[{"taxonomy":"pwb-brand","embeddable":true,"href":"https:\/\/wavexia.com\/index.php?rest_route=%2Fwp%2Fv2%2Fpwb-brand&post=2901"},{"taxonomy":"product_brand","embeddable":true,"href":"https:\/\/wavexia.com\/index.php?rest_route=%2Fwp%2Fv2%2Fproduct_brand&post=2901"},{"taxonomy":"product_cat","embeddable":true,"href":"https:\/\/wavexia.com\/index.php?rest_route=%2Fwp%2Fv2%2Fproduct_cat&post=2901"},{"taxonomy":"product_tag","embeddable":true,"href":"https:\/\/wavexia.com\/index.php?rest_route=%2Fwp%2Fv2%2Fproduct_tag&post=2901"}],"curies":[{"name":"wp","href":"https:\/\/api.w.org\/{rel}","templated":true}]}}