{"id":2900,"date":"2025-10-18T22:09:12","date_gmt":"2025-10-18T22:09:12","guid":{"rendered":"https:\/\/wavexia.com\/product\/bath-body-works-tropidelic-fine-fragrance-mist-236ml\/"},"modified":"2026-03-10T07:30:50","modified_gmt":"2026-03-10T07:30:50","slug":"bath-body-works-tropidelic-fine-fragrance-mist-236ml","status":"publish","type":"product","link":"https:\/\/wavexia.com\/?product=bath-body-works-tropidelic-fine-fragrance-mist-236ml","title":{"rendered":"Bath &#038; BODY WORKS Tropidelic Fine Fragrance Mist 236ml"},"content":{"rendered":"<h2>Description<\/h2>\n<div class=\"card border-left-0 border-right-0 border-bottom-0 mb-0\">\n<div id=\"pdp-fragrance\" class=\"fragrance card-head\">\n<div id=\"collapse-fragrance\" class=\"value content collapse show\" aria-labelledby=\"pdp-fragrance\" data-parent=\"#pdp-accordion\">\n<p>Ce que \u00e7a sent : une exp\u00e9dition \u00e9lectrisante \u00e0 travers une for\u00eat tropicale luxuriante.<\/p>\n<p>Notes parfum\u00e9es : passiflore, ylang ylang et for\u00eat tropicale brumeuse.<\/p>\n<p>&nbsp;<\/p>\n<\/div>\n<\/div>\n<div class=\"card border-left-0 border-right-0 border-bottom-0 mb-0\">\n<div id=\"details\" class=\"details card-head\"><\/div>\n<\/div>\n<\/div>\n","protected":false},"excerpt":{"rendered":"<p>Description Ce que \u00e7a sent : une exp\u00e9dition \u00e9lectrisante \u00e0 travers une for\u00eat tropicale luxuriante. Notes parfum\u00e9es : passiflore, ylang ylang et for\u00eat tropicale brumeuse. &nbsp;<\/p>\n","protected":false},"featured_media":2661,"comment_status":"open","ping_status":"closed","template":"","meta":{"content-type":"","_uag_custom_page_level_css":""},"pwb-brand":[],"product_brand":[],"product_cat":[369,329],"product_tag":[],"class_list":{"0":"post-2900","1":"product","2":"type-product","3":"status-publish","4":"has-post-thumbnail","6":"product_cat-bath-body-works","7":"product_cat-produits-americains","9":"first","10":"instock","11":"sale","12":"shipping-taxable","13":"purchasable","14":"product-type-simple"},"aioseo_notices":[],"uagb_featured_image_src":{"full":["https:\/\/wavexia.com\/wp-content\/uploads\/2025\/10\/026758594.webp",742,1000,false],"thumbnail":["https:\/\/wavexia.com\/wp-content\/uploads\/2025\/10\/026758594-150x150.webp",150,150,true],"medium":["https:\/\/wavexia.com\/wp-content\/uploads\/2025\/10\/026758594-223x300.webp",223,300,true],"medium_large":["https:\/\/wavexia.com\/wp-content\/uploads\/2025\/10\/026758594.webp",742,1000,false],"large":["https:\/\/wavexia.com\/wp-content\/uploads\/2025\/10\/026758594.webp",742,1000,false],"1536x1536":["https:\/\/wavexia.com\/wp-content\/uploads\/2025\/10\/026758594.webp",742,1000,false],"2048x2048":["https:\/\/wavexia.com\/wp-content\/uploads\/2025\/10\/026758594.webp",742,1000,false],"woocommerce_archive_thumbnail":["https:\/\/wavexia.com\/wp-content\/uploads\/2025\/10\/026758594-300x404.webp",300,404,true],"woocommerce_thumbnail":["https:\/\/wavexia.com\/wp-content\/uploads\/2025\/10\/026758594-300x300.webp",300,300,true],"woocommerce_single":["https:\/\/wavexia.com\/wp-content\/uploads\/2025\/10\/026758594-600x809.webp",600,809,true],"woocommerce_gallery_thumbnail":["https:\/\/wavexia.com\/wp-content\/uploads\/2025\/10\/026758594-100x100.webp",100,100,true]},"uagb_author_info":{"display_name":"zineddine.ayoub98@gmail.com","author_link":"https:\/\/wavexia.com\/?author=0"},"uagb_comment_info":0,"uagb_excerpt":"Description Ce que \u00e7a sent : une exp\u00e9dition \u00e9lectrisante \u00e0 travers une for\u00eat tropicale luxuriante. Notes parfum\u00e9es : passiflore, ylang ylang et for\u00eat tropicale brumeuse. &nbsp;","brands":[],"_links":{"self":[{"href":"https:\/\/wavexia.com\/index.php?rest_route=\/wp\/v2\/product\/2900","targetHints":{"allow":["GET"]}}],"collection":[{"href":"https:\/\/wavexia.com\/index.php?rest_route=\/wp\/v2\/product"}],"about":[{"href":"https:\/\/wavexia.com\/index.php?rest_route=\/wp\/v2\/types\/product"}],"replies":[{"embeddable":true,"href":"https:\/\/wavexia.com\/index.php?rest_route=%2Fwp%2Fv2%2Fcomments&post=2900"}],"wp:featuredmedia":[{"embeddable":true,"href":"https:\/\/wavexia.com\/index.php?rest_route=\/wp\/v2\/media\/2661"}],"wp:attachment":[{"href":"https:\/\/wavexia.com\/index.php?rest_route=%2Fwp%2Fv2%2Fmedia&parent=2900"}],"wp:term":[{"taxonomy":"pwb-brand","embeddable":true,"href":"https:\/\/wavexia.com\/index.php?rest_route=%2Fwp%2Fv2%2Fpwb-brand&post=2900"},{"taxonomy":"product_brand","embeddable":true,"href":"https:\/\/wavexia.com\/index.php?rest_route=%2Fwp%2Fv2%2Fproduct_brand&post=2900"},{"taxonomy":"product_cat","embeddable":true,"href":"https:\/\/wavexia.com\/index.php?rest_route=%2Fwp%2Fv2%2Fproduct_cat&post=2900"},{"taxonomy":"product_tag","embeddable":true,"href":"https:\/\/wavexia.com\/index.php?rest_route=%2Fwp%2Fv2%2Fproduct_tag&post=2900"}],"curies":[{"name":"wp","href":"https:\/\/api.w.org\/{rel}","templated":true}]}}