{"id":2897,"date":"2025-10-18T22:09:10","date_gmt":"2025-10-18T22:09:10","guid":{"rendered":"https:\/\/wavexia.com\/product\/medicube-one-day-exosome-shot-pore-ampoule-2000-30ml\/"},"modified":"2026-03-10T07:30:50","modified_gmt":"2026-03-10T07:30:50","slug":"medicube-one-day-exosome-shot-pore-ampoule-2000-30ml","status":"publish","type":"product","link":"https:\/\/wavexia.com\/?product=medicube-one-day-exosome-shot-pore-ampoule-2000-30ml","title":{"rendered":"MEDICUBE \u2013 One-Day Exosome Shot Pore Ampoule 2000 30ml"},"content":{"rendered":"<h2>Description<\/h2>\n<p>La sensation de picotement est naturelle. Vous pouvez ressentir une sensation de picotement, qui peut durer un certain temps, mais soyez assur\u00e9 qu\u2019il s\u2019agit d\u2019une r\u00e9action naturelle au Zero Exosome Shot.<br \/>En nous appuyant sur les principes du microneedling, nous avons con\u00e7u un booster de taille microscopique en forme d\u2019aiguille pour cibler une gamme de probl\u00e8mes de peau. Enrichie de 15 millions de doses brevet\u00e9es d\u2019Exosome, cette formule d\u00e9livre physiquement des ingr\u00e9dients actifs aux pores, offrant des traitements intensifs quotidiens \u00e0 usage domestique. Cliniquement valid\u00e9 pour prendre soin de la taille des pores, lisser la texture de la peau, renforcer la barri\u00e8re cutan\u00e9e et favoriser un teint \u00e9clatant.<\/p>\n<div>\n<div class=\"pro_infor_title_style\">Mode d\u2019emploi<\/p>\n<p>D\u00c9BUTANT<br \/>Si vous n\u2019\u00eates pas familier avec les produits de soin contenant des spicules, nous vous d\u00e9conseillons de les utiliser avec nos appareils AGE-R.<br \/>\u00c9tape 1. Apr\u00e8s le nettoyage, pr\u00e9parez votre peau avec les coussinets Zero Pore de Meicube (ou d\u2019autres toniques hydratants).<br \/>\u00c9tape 2. Appliquez le Zero One Day Exosome Shot sur la zone souhait\u00e9e (par exemple, les zones \u00e0 texture in\u00e9gale, aux pores dilat\u00e9s, etc.) et frottez doucement et appuyez pour faciliter l\u2019absorption.<br \/>\u00c9tape 3. Terminez avec la cr\u00e8me gel\u00e9e au collag\u00e8ne de Medicube (ou votre hydratant quotidien \u00e0 base d\u2019eau).<\/p>\n<p>NORME<br \/>\u00c9tape 1. Apr\u00e8s le nettoyage, appliquez le Zero One Day Exosome Shot sur l\u2019ensemble de votre visage, en \u00e9vitant la zone pr\u00e8s de vos yeux et de vos l\u00e8vres. Pour de meilleurs r\u00e9sultats, nous vous recommandons d\u2019utiliser l\u2019Exosome Shot comme premi\u00e8re \u00e9tape de votre routine de soins de la peau.<br \/>\u00c9tape 2. Frottez doucement et appuyez avec vos mains pour vous assurer que la formule en forme d\u2019aiguille est absorb\u00e9e profond\u00e9ment dans votre peau.<br \/>\u00c9tape 3. Terminez avec la cr\u00e8me gel\u00e9e au collag\u00e8ne de Medicube (ou votre hydratant quotidien \u00e0 base d\u2019eau).<br \/>Conseil de pro ! Pour maximiser l\u2019effet, appliquez le s\u00e9rum d\u2019exosome Zero One Day apr\u00e8s avoir utilis\u00e9 le \u00ab&nbsp;Air Shot Mode&nbsp;\u00bb de l\u2019AGE-R Booster Pro.<\/p>\n<div>\n<div class=\"pro_infor_title_style\">Ingr\u00e9dients cl\u00e9s<\/div>\n<p>Eau, dipropyl\u00e8ne glycol, glyc\u00e9rine, butyl\u00e8ne glycol, 1,2-hexanediol, niacinamide, polyacrylate de sodium, palmitate d\u2019\u00e9thylhexyle, alketh-12 en C12-14, polyd\u00e9c\u00e8ne hydrog\u00e9n\u00e9, \u00e9ponge hydrolys\u00e9e, \u00e9thylhexylglyc\u00e9rine, ad\u00e9nosine, caprylyl\/capryl glucoside, EDTA disodique, panth\u00e9nol, v\u00e9sicules extracellulaires de lactobacillus, extrait de fleur de Campsis grandiflora, extrait de racine de Pueraria lobata, extrait de feuille de Pinus Palustris, extrait de fleur d\u2019Oenothera Biennis (onagre), extrait de racine d\u2019Ulmus Davidiana, calcium Silicate, silicate de sodium, salicylate de b\u00e9ta\u00efne, acide citrique, gluconolactone<\/p>\n<\/div>\n<\/div>\n<\/div>\n","protected":false},"excerpt":{"rendered":"<p>Description La sensation de picotement est naturelle. Vous pouvez ressentir une sensation de picotement, qui peut durer un certain temps, mais soyez assur\u00e9 qu\u2019il s\u2019agit d\u2019une r\u00e9action naturelle au Zero Exosome Shot.En nous appuyant sur les principes du microneedling, nous avons con\u00e7u un booster de taille microscopique en forme d\u2019aiguille pour cibler une gamme de [&hellip;]<\/p>\n","protected":false},"featured_media":2651,"comment_status":"open","ping_status":"closed","template":"","meta":{"content-type":"","_uag_custom_page_level_css":""},"pwb-brand":[],"product_brand":[],"product_cat":[327,349,338],"product_tag":[],"class_list":{"0":"post-2897","1":"product","2":"type-product","3":"status-publish","4":"has-post-thumbnail","6":"product_cat-hmizat","7":"product_cat-medicube","8":"product_cat-serum-ampoule","10":"first","11":"instock","12":"sale","13":"shipping-taxable","14":"purchasable","15":"product-type-simple"},"aioseo_notices":[],"uagb_featured_image_src":{"full":["https:\/\/wavexia.com\/wp-content\/uploads\/2025\/10\/thumb-medicubezeroexosomeshot_405x405.jpg",405,405,false],"thumbnail":["https:\/\/wavexia.com\/wp-content\/uploads\/2025\/10\/thumb-medicubezeroexosomeshot_405x405-150x150.jpg",150,150,true],"medium":["https:\/\/wavexia.com\/wp-content\/uploads\/2025\/10\/thumb-medicubezeroexosomeshot_405x405-300x300.jpg",300,300,true],"medium_large":["https:\/\/wavexia.com\/wp-content\/uploads\/2025\/10\/thumb-medicubezeroexosomeshot_405x405.jpg",405,405,false],"large":["https:\/\/wavexia.com\/wp-content\/uploads\/2025\/10\/thumb-medicubezeroexosomeshot_405x405.jpg",405,405,false],"1536x1536":["https:\/\/wavexia.com\/wp-content\/uploads\/2025\/10\/thumb-medicubezeroexosomeshot_405x405.jpg",405,405,false],"2048x2048":["https:\/\/wavexia.com\/wp-content\/uploads\/2025\/10\/thumb-medicubezeroexosomeshot_405x405.jpg",405,405,false],"woocommerce_archive_thumbnail":["https:\/\/wavexia.com\/wp-content\/uploads\/2025\/10\/thumb-medicubezeroexosomeshot_405x405-300x300.jpg",300,300,true],"woocommerce_thumbnail":["https:\/\/wavexia.com\/wp-content\/uploads\/2025\/10\/thumb-medicubezeroexosomeshot_405x405-300x300.jpg",300,300,true],"woocommerce_single":["https:\/\/wavexia.com\/wp-content\/uploads\/2025\/10\/thumb-medicubezeroexosomeshot_405x405.jpg",405,405,false],"woocommerce_gallery_thumbnail":["https:\/\/wavexia.com\/wp-content\/uploads\/2025\/10\/thumb-medicubezeroexosomeshot_405x405-100x100.jpg",100,100,true]},"uagb_author_info":{"display_name":"zineddine.ayoub98@gmail.com","author_link":"https:\/\/wavexia.com\/?author=0"},"uagb_comment_info":0,"uagb_excerpt":"Description La sensation de picotement est naturelle. Vous pouvez ressentir une sensation de picotement, qui peut durer un certain temps, mais soyez assur\u00e9 qu\u2019il s\u2019agit d\u2019une r\u00e9action naturelle au Zero Exosome Shot.En nous appuyant sur les principes du microneedling, nous avons con\u00e7u un booster de taille microscopique en forme d\u2019aiguille pour cibler une gamme de&hellip;","brands":[],"_links":{"self":[{"href":"https:\/\/wavexia.com\/index.php?rest_route=\/wp\/v2\/product\/2897","targetHints":{"allow":["GET"]}}],"collection":[{"href":"https:\/\/wavexia.com\/index.php?rest_route=\/wp\/v2\/product"}],"about":[{"href":"https:\/\/wavexia.com\/index.php?rest_route=\/wp\/v2\/types\/product"}],"replies":[{"embeddable":true,"href":"https:\/\/wavexia.com\/index.php?rest_route=%2Fwp%2Fv2%2Fcomments&post=2897"}],"wp:featuredmedia":[{"embeddable":true,"href":"https:\/\/wavexia.com\/index.php?rest_route=\/wp\/v2\/media\/2651"}],"wp:attachment":[{"href":"https:\/\/wavexia.com\/index.php?rest_route=%2Fwp%2Fv2%2Fmedia&parent=2897"}],"wp:term":[{"taxonomy":"pwb-brand","embeddable":true,"href":"https:\/\/wavexia.com\/index.php?rest_route=%2Fwp%2Fv2%2Fpwb-brand&post=2897"},{"taxonomy":"product_brand","embeddable":true,"href":"https:\/\/wavexia.com\/index.php?rest_route=%2Fwp%2Fv2%2Fproduct_brand&post=2897"},{"taxonomy":"product_cat","embeddable":true,"href":"https:\/\/wavexia.com\/index.php?rest_route=%2Fwp%2Fv2%2Fproduct_cat&post=2897"},{"taxonomy":"product_tag","embeddable":true,"href":"https:\/\/wavexia.com\/index.php?rest_route=%2Fwp%2Fv2%2Fproduct_tag&post=2897"}],"curies":[{"name":"wp","href":"https:\/\/api.w.org\/{rel}","templated":true}]}}