{"id":2896,"date":"2025-10-18T22:09:10","date_gmt":"2025-10-18T22:09:10","guid":{"rendered":"https:\/\/wavexia.com\/product\/dr-althea-pure-grinding-cleansing-balm\/"},"modified":"2026-03-10T07:30:50","modified_gmt":"2026-03-10T07:30:50","slug":"dr-althea-pure-grinding-cleansing-balm","status":"publish","type":"product","link":"https:\/\/wavexia.com\/?product=dr-althea-pure-grinding-cleansing-balm","title":{"rendered":"Dr. Althea \u2013 Pure Grinding Cleansing Balm"},"content":{"rendered":"<h2>Description<\/h2>\n<p>Le Althea Pure Grinding Cleansing Balm est le nettoyant viral qui a captiv\u00e9 tout le monde, gr\u00e2ce \u00e0 ses ingr\u00e9dients doux mais puissants et son emballage intelligent. Ce baume est enrichi en huile de graines de Camellia Sinensis et en huile de p\u00e9pins de raisin, qui nettoient en douceur mais en profondeur le maquillage, le s\u00e9bum, la salet\u00e9 et autres impuret\u00e9s. L\u2019ajout de mad\u00e9cassoside dans la formule procure un effet calmant et apaisant, laissant votre peau fra\u00eeche et soign\u00e9e.<\/p>\n<p>Plus de soucis pour ramasser : gr\u00e2ce \u00e0 l\u2019emballage innovant, il vous suffit de tourner le pot pour obtenir la quantit\u00e9 exacte de baume dont vous avez besoin pour un nettoyage en profondeur, et c\u2019est aussi beaucoup plus hygi\u00e9nique. Adapt\u00e9 \u00e0 tous les types de peau, ce baume est parfait pour toutes celles qui recherchent un nettoyant doux et efficace.<\/p>\n<p><strong>Ce nettoyant&nbsp;:<\/strong><\/p>\n<ul>\n<li>procure un nettoyage doux mais en profondeur<\/li>\n<li>enrichi en huile de graines de Camellia Sinensis et en huile de p\u00e9pins de raisin<\/li>\n<li>contient du mad\u00e9cassoside pour un effet calmant<\/li>\n<li>packaging innovant pour un dosage facile<\/li>\n<li>convient \u00e0 tous les types de peau<\/li>\n<li>sans parfum<\/li>\n<li>sans colorants<\/li>\n<li>v\u00e9g\u00e9talien<\/li>\n<li>sans cruaut\u00e9<\/li>\n<\/ul>\n<p><strong>Ingr\u00e9dients:<\/strong><br \/>Cetyl Ethylhexanoate, Caprylic\/Capric Triglyceride, PEG-20 Glyceryl Triisostearate, Synthetic Wax, PEG-10 Isostearate, Sorbitan Sesquioleate, Camellia Sinensis Seed Oil, Vitis Vinifera (Grape) Seed Oil, Madecassoside, Centella Asiatica Extract, Asiaticoside, Water, Caprylyl Glycol, Ethylhexylglycerin<\/p>\n","protected":false},"excerpt":{"rendered":"<p>Description Le Althea Pure Grinding Cleansing Balm est le nettoyant viral qui a captiv\u00e9 tout le monde, gr\u00e2ce \u00e0 ses ingr\u00e9dients doux mais puissants et son emballage intelligent. Ce baume est enrichi en huile de graines de Camellia Sinensis et en huile de p\u00e9pins de raisin, qui nettoient en douceur mais en profondeur le maquillage, [&hellip;]<\/p>\n","protected":false},"featured_media":2647,"comment_status":"open","ping_status":"closed","template":"","meta":{"content-type":"","_uag_custom_page_level_css":""},"pwb-brand":[],"product_brand":[],"product_cat":[366,367,334],"product_tag":[],"class_list":{"0":"post-2896","1":"product","2":"type-product","3":"status-publish","4":"has-post-thumbnail","6":"product_cat-dr-althea","7":"product_cat-huile-baume-nettoyante","8":"product_cat-produits-coreens","10":"first","11":"instock","12":"sale","13":"shipping-taxable","14":"purchasable","15":"product-type-simple"},"aioseo_notices":[],"uagb_featured_image_src":{"full":["https:\/\/wavexia.com\/wp-content\/uploads\/2025\/10\/Product-page-sizes2_d610ca22-0536-44db-b3cd-5db4fde85fa5.webp",800,800,false],"thumbnail":["https:\/\/wavexia.com\/wp-content\/uploads\/2025\/10\/Product-page-sizes2_d610ca22-0536-44db-b3cd-5db4fde85fa5-150x150.webp",150,150,true],"medium":["https:\/\/wavexia.com\/wp-content\/uploads\/2025\/10\/Product-page-sizes2_d610ca22-0536-44db-b3cd-5db4fde85fa5-300x300.webp",300,300,true],"medium_large":["https:\/\/wavexia.com\/wp-content\/uploads\/2025\/10\/Product-page-sizes2_d610ca22-0536-44db-b3cd-5db4fde85fa5-768x768.webp",768,768,true],"large":["https:\/\/wavexia.com\/wp-content\/uploads\/2025\/10\/Product-page-sizes2_d610ca22-0536-44db-b3cd-5db4fde85fa5.webp",800,800,false],"1536x1536":["https:\/\/wavexia.com\/wp-content\/uploads\/2025\/10\/Product-page-sizes2_d610ca22-0536-44db-b3cd-5db4fde85fa5.webp",800,800,false],"2048x2048":["https:\/\/wavexia.com\/wp-content\/uploads\/2025\/10\/Product-page-sizes2_d610ca22-0536-44db-b3cd-5db4fde85fa5.webp",800,800,false],"woocommerce_archive_thumbnail":["https:\/\/wavexia.com\/wp-content\/uploads\/2025\/10\/Product-page-sizes2_d610ca22-0536-44db-b3cd-5db4fde85fa5-300x300.webp",300,300,true],"woocommerce_thumbnail":["https:\/\/wavexia.com\/wp-content\/uploads\/2025\/10\/Product-page-sizes2_d610ca22-0536-44db-b3cd-5db4fde85fa5-300x300.webp",300,300,true],"woocommerce_single":["https:\/\/wavexia.com\/wp-content\/uploads\/2025\/10\/Product-page-sizes2_d610ca22-0536-44db-b3cd-5db4fde85fa5-600x600.webp",600,600,true],"woocommerce_gallery_thumbnail":["https:\/\/wavexia.com\/wp-content\/uploads\/2025\/10\/Product-page-sizes2_d610ca22-0536-44db-b3cd-5db4fde85fa5-100x100.webp",100,100,true]},"uagb_author_info":{"display_name":"zineddine.ayoub98@gmail.com","author_link":"https:\/\/wavexia.com\/?author=0"},"uagb_comment_info":0,"uagb_excerpt":"Description Le Althea Pure Grinding Cleansing Balm est le nettoyant viral qui a captiv\u00e9 tout le monde, gr\u00e2ce \u00e0 ses ingr\u00e9dients doux mais puissants et son emballage intelligent. Ce baume est enrichi en huile de graines de Camellia Sinensis et en huile de p\u00e9pins de raisin, qui nettoient en douceur mais en profondeur le maquillage,&hellip;","brands":[],"_links":{"self":[{"href":"https:\/\/wavexia.com\/index.php?rest_route=\/wp\/v2\/product\/2896","targetHints":{"allow":["GET"]}}],"collection":[{"href":"https:\/\/wavexia.com\/index.php?rest_route=\/wp\/v2\/product"}],"about":[{"href":"https:\/\/wavexia.com\/index.php?rest_route=\/wp\/v2\/types\/product"}],"replies":[{"embeddable":true,"href":"https:\/\/wavexia.com\/index.php?rest_route=%2Fwp%2Fv2%2Fcomments&post=2896"}],"wp:featuredmedia":[{"embeddable":true,"href":"https:\/\/wavexia.com\/index.php?rest_route=\/wp\/v2\/media\/2647"}],"wp:attachment":[{"href":"https:\/\/wavexia.com\/index.php?rest_route=%2Fwp%2Fv2%2Fmedia&parent=2896"}],"wp:term":[{"taxonomy":"pwb-brand","embeddable":true,"href":"https:\/\/wavexia.com\/index.php?rest_route=%2Fwp%2Fv2%2Fpwb-brand&post=2896"},{"taxonomy":"product_brand","embeddable":true,"href":"https:\/\/wavexia.com\/index.php?rest_route=%2Fwp%2Fv2%2Fproduct_brand&post=2896"},{"taxonomy":"product_cat","embeddable":true,"href":"https:\/\/wavexia.com\/index.php?rest_route=%2Fwp%2Fv2%2Fproduct_cat&post=2896"},{"taxonomy":"product_tag","embeddable":true,"href":"https:\/\/wavexia.com\/index.php?rest_route=%2Fwp%2Fv2%2Fproduct_tag&post=2896"}],"curies":[{"name":"wp","href":"https:\/\/api.w.org\/{rel}","templated":true}]}}