{"id":2895,"date":"2025-10-18T22:09:10","date_gmt":"2025-10-18T22:09:10","guid":{"rendered":"https:\/\/wavexia.com\/product\/nyx-the-brow-glue-instant-brow-styler\/"},"modified":"2026-03-10T07:30:50","modified_gmt":"2026-03-10T07:30:50","slug":"nyx-the-brow-glue-instant-brow-styler","status":"publish","type":"product","link":"https:\/\/wavexia.com\/?product=nyx-the-brow-glue-instant-brow-styler","title":{"rendered":"NYX THE BROW GLUE INSTANT BROW STYLER"},"content":{"rendered":"<h2>Description<\/h2>\n<p>Notre nouveau mascara \u00e0 sourcils vegan* en 8 teintes inclusives pour teinter, discipliner et \u00e9paissir tous les types de sourcils pour un fini naturel qui dure jusqu\u2019\u00e0 16 heures.<\/p>\n<p style=\"text-align: right;\">Les fibres teint\u00e9es et ultra-modulables d\u2019origine v\u00e9g\u00e9tale vous permettent de faire rayonner vos sourcils. Avec une couvrance modulable, upgradez vos sourcils pour un fini naturel comme XTRA dense ! Un mascara \u00e0 sourcils qui apporte instantan\u00e9ment du style et de l\u2019\u00e9paisseur gr\u00e2ce \u00e0 une application pr\u00e9cise, facile et longue tenue. Sublimez vos sourcils gr\u00e2ce \u00e0 des teintes naturelles et des fibres tr\u00e8s r\u00e9alistes. Avec sa formule qui ne s\u2019\u00e9caille pas et sans transfert il vous suffit de l\u2019appliquer et de l\u2019oublier !<br \/>* sans ingr\u00e9dient d\u2019origine animale ou d\u00e9riv\u00e9e<\/p>\n","protected":false},"excerpt":{"rendered":"<p>Description Notre nouveau mascara \u00e0 sourcils vegan* en 8 teintes inclusives pour teinter, discipliner et \u00e9paissir tous les types de sourcils pour un fini naturel qui dure jusqu\u2019\u00e0 16 heures. Les fibres teint\u00e9es et ultra-modulables d\u2019origine v\u00e9g\u00e9tale vous permettent de faire rayonner vos sourcils. Avec une couvrance modulable, upgradez vos sourcils pour un fini naturel [&hellip;]<\/p>\n","protected":false},"featured_media":2642,"comment_status":"open","ping_status":"closed","template":"","meta":{"content-type":"","_uag_custom_page_level_css":""},"pwb-brand":[],"product_brand":[],"product_cat":[360,365],"product_tag":[],"class_list":{"0":"post-2895","1":"product","2":"type-product","3":"status-publish","4":"has-post-thumbnail","6":"product_cat-maquillage","7":"product_cat-nyx","9":"first","10":"instock","11":"sale","12":"shipping-taxable","13":"purchasable","14":"product-type-simple"},"aioseo_notices":[],"uagb_featured_image_src":{"full":["https:\/\/wavexia.com\/wp-content\/uploads\/2025\/10\/IMG_1232.jpeg",930,930,false],"thumbnail":["https:\/\/wavexia.com\/wp-content\/uploads\/2025\/10\/IMG_1232-150x150.jpeg",150,150,true],"medium":["https:\/\/wavexia.com\/wp-content\/uploads\/2025\/10\/IMG_1232-300x300.jpeg",300,300,true],"medium_large":["https:\/\/wavexia.com\/wp-content\/uploads\/2025\/10\/IMG_1232-768x768.jpeg",768,768,true],"large":["https:\/\/wavexia.com\/wp-content\/uploads\/2025\/10\/IMG_1232.jpeg",930,930,false],"1536x1536":["https:\/\/wavexia.com\/wp-content\/uploads\/2025\/10\/IMG_1232.jpeg",930,930,false],"2048x2048":["https:\/\/wavexia.com\/wp-content\/uploads\/2025\/10\/IMG_1232.jpeg",930,930,false],"woocommerce_archive_thumbnail":["https:\/\/wavexia.com\/wp-content\/uploads\/2025\/10\/IMG_1232-300x300.jpeg",300,300,true],"woocommerce_thumbnail":["https:\/\/wavexia.com\/wp-content\/uploads\/2025\/10\/IMG_1232-300x300.jpeg",300,300,true],"woocommerce_single":["https:\/\/wavexia.com\/wp-content\/uploads\/2025\/10\/IMG_1232-600x600.jpeg",600,600,true],"woocommerce_gallery_thumbnail":["https:\/\/wavexia.com\/wp-content\/uploads\/2025\/10\/IMG_1232-100x100.jpeg",100,100,true]},"uagb_author_info":{"display_name":"zineddine.ayoub98@gmail.com","author_link":"https:\/\/wavexia.com\/?author=0"},"uagb_comment_info":0,"uagb_excerpt":"Description Notre nouveau mascara \u00e0 sourcils vegan* en 8 teintes inclusives pour teinter, discipliner et \u00e9paissir tous les types de sourcils pour un fini naturel qui dure jusqu\u2019\u00e0 16 heures. Les fibres teint\u00e9es et ultra-modulables d\u2019origine v\u00e9g\u00e9tale vous permettent de faire rayonner vos sourcils. Avec une couvrance modulable, upgradez vos sourcils pour un fini naturel&hellip;","brands":[],"_links":{"self":[{"href":"https:\/\/wavexia.com\/index.php?rest_route=\/wp\/v2\/product\/2895","targetHints":{"allow":["GET"]}}],"collection":[{"href":"https:\/\/wavexia.com\/index.php?rest_route=\/wp\/v2\/product"}],"about":[{"href":"https:\/\/wavexia.com\/index.php?rest_route=\/wp\/v2\/types\/product"}],"replies":[{"embeddable":true,"href":"https:\/\/wavexia.com\/index.php?rest_route=%2Fwp%2Fv2%2Fcomments&post=2895"}],"wp:featuredmedia":[{"embeddable":true,"href":"https:\/\/wavexia.com\/index.php?rest_route=\/wp\/v2\/media\/2642"}],"wp:attachment":[{"href":"https:\/\/wavexia.com\/index.php?rest_route=%2Fwp%2Fv2%2Fmedia&parent=2895"}],"wp:term":[{"taxonomy":"pwb-brand","embeddable":true,"href":"https:\/\/wavexia.com\/index.php?rest_route=%2Fwp%2Fv2%2Fpwb-brand&post=2895"},{"taxonomy":"product_brand","embeddable":true,"href":"https:\/\/wavexia.com\/index.php?rest_route=%2Fwp%2Fv2%2Fproduct_brand&post=2895"},{"taxonomy":"product_cat","embeddable":true,"href":"https:\/\/wavexia.com\/index.php?rest_route=%2Fwp%2Fv2%2Fproduct_cat&post=2895"},{"taxonomy":"product_tag","embeddable":true,"href":"https:\/\/wavexia.com\/index.php?rest_route=%2Fwp%2Fv2%2Fproduct_tag&post=2895"}],"curies":[{"name":"wp","href":"https:\/\/api.w.org\/{rel}","templated":true}]}}